{"id":39521,"date":"2025-10-23T18:47:36","date_gmt":"2025-10-23T16:47:36","guid":{"rendered":"https:\/\/laq.pl\/?post_type=product&#038;p=39521"},"modified":"2026-04-07T13:40:22","modified_gmt":"2026-04-07T11:40:22","slug":"zestaw-jedwabista-siersc-bad-boy","status":"publish","type":"product","link":"https:\/\/laq.pl\/en\/product\/zestaw-jedwabista-siersc-bad-boy\/","title":{"rendered":"Zestaw dla Brodacza Jedwabista Sier\u015b\u0107 BAD BOY &#8211; \u017bel pod pysznic, Szampon + Olejek do brody LaQ"},"content":{"rendered":"<h2 style=\"text-align: center;\"><strong>Spraw, by Tw\u00f3j zarost przesta\u0142 k\u0142u\u0107, a zacz\u0105\u0142 przyci\u0105ga\u0107 \u2013 bez zb\u0119dnego mruczenia<\/strong><\/h2>\n<p>&nbsp;<\/p>\n<p>\ud83d\udc3a <a href=\"https:\/\/laq.pl\/produkt\/zel-pod-prysznic-8-w-1-bad-boy-500-ml-dark\/\"><strong>\u017bel pod prysznic 8 w 1 BAD BOY 500 ml<\/strong><\/a> &#8211; kawa\u0142 ze mnie drania, ale takiego do kochania. Ci\u0105gnie mnie czasem do lasu, z kt\u00f3rego wracam g\u0142odny jak wilk i brudny jak&#8230; jak to facet.<\/p>\n<p>\ud83d\udc3a <a href=\"https:\/\/laq.pl\/produkt\/szampon-dla-facetow-1-w-1-bad-boy-300-ml-dark\/\"><strong>Szampon dla facet\u00f3w 1 w 1 BAD BOY 300 ml<\/strong><\/a> &#8211; o dzia\u0142aniu regeneruj\u0105cym, by Twoje w\u0142osy by\u0142y tak silne, jak Twoja osobowo\u015b\u0107.<\/p>\n<p>\ud83d\udc3a <a href=\"https:\/\/laq.pl\/produkt\/olej-po-goleniu-i-do-brody-bad-boy-black-30-ml\/\"><strong>Olej po goleniu i do brody BAD BOY 30 ml<\/strong><\/a> &#8211; doskona\u0142y olejek do brody i na pysk? Ca\u0142y ja! Jestem naturalny oraz wega\u0144ski, bo zwierz\u0119cy to ja mam magnetyzm i to w zupe\u0142no\u015bci wystarczy. Powiedzie\u0107 o mnie dobry kosmetyk, to jak nic nie powiedzie\u0107. Piel\u0119gnuj\u0119, nawil\u017cam i nab\u0142yszczam. Doceni mnie bad boy z s\u0105siedztwa i ka\u017cdy zawodowy lowelas.<br \/>\n<strong>\ud83c\udf81 Zapakowany w kartonik z okienkiem wype\u0142niony siankiem<\/strong><\/p>\n<p>&nbsp;<\/p>\n<h3><strong>KIM JESTEM?<\/strong><\/h3>\n<p>Oto ja, czyli wega\u0144ski zestaw kosmetyk\u00f3w naturalnych dla m\u0119\u017cczyzny, sk\u0142adaj\u0105cy si\u0119 z \u017celu pod prysznic, szamponu do w\u0142os\u00f3w oraz oleju do twarzy i do brody. <span style=\"font-weight: 400;\">Bad Boy to seria o zapachu drania (ale takiego do kochania), kt\u00f3ry to pachnie ekskluzywnymi m\u0119skimi perfumami. Ci\u0105gnie go czasem do lasu, z kt\u00f3rego wraca g\u0142odny jak wilk i brudny jak&#8230; jak to facet. Wi\u0119c kiedy idzie si\u0119 wreszcie umy\u0107, nie wywo\u0142uj wilka z \u0142azienki. <\/span>Receptury \u017celu i szamponu bazuj\u0105 na delikatnych substancjach myj\u0105cych. Zawieraj\u0105 one r\u00f3wnie\u017c nawil\u017caj\u0105c\u0105 gliceryn\u0119, a tak\u017ce ekstrakt z li\u015bci tytoniu szlachetnego oraz kompleks dobroczynnych aminokwas\u00f3w (arginina, alanina, seryna, walina, prolina i treonina).<\/p>\n<p>&nbsp;<\/p>\n<h3><strong>CO MOG\u0118 DLA CIEBIE ZROBI\u0106?<\/strong><\/h3>\n<p>Szukasz prezentu dla faceta na urodziny? A mo\u017ce interesuje Ci\u0119 pomys\u0142 na niebanalny prezent dla kumpla na imieniny? Upominek na Dzie\u0144 Ch\u0142opaka, podarunek na \u015bwi\u0119ta? Jeste\u015b we w\u0142a\u015bciwym miejscu, bowiem na prezent dla m\u0119\u017cczyzny nadaj\u0119 si\u0119 idealnie! W szczeg\u00f3lno\u015bci dlatego, \u017ce jestem zapakowany w gustowne pude\u0142ko prezentowe z okienkiem i wygodnym siankiem. Zapewniam Ci\u0119, \u017ce dzika rado\u015b\u0107 i szcz\u0119\u015bcie obdarowanego murowane!<\/p>\n<p>&nbsp;<\/p>\n<h3><strong>PYTASZ KOTKU, CO MAM W \u015aRODKU?<\/strong><\/h3>\n<p>\ud83d\udc3a <a href=\"https:\/\/laq.pl\/produkt\/zel-pod-prysznic-8-w-1-bad-boy-500-ml-dark\/\"><strong>\u017bel pod prysznic 8 w 1 BAD BOY 500 ml<\/strong><\/a> &#8211; sk\u0142ad opiera si\u0119 na delikatnych substancjach myj\u0105cych. Znajdziesz tu nawil\u017caj\u0105c\u0105 gliceryn\u0119 pochodzenia ro\u015blinnego oraz kompleks dobroczynnych aminokwas\u00f3w, w sk\u0142ad kt\u00f3rego wchodzi arginina, alanina, seryna, walina, prolina i treonina.<\/p>\n<p>\ud83d\udc3a <a href=\"https:\/\/laq.pl\/produkt\/szampon-dla-facetow-1-w-1-bad-boy-300-ml-dark\/\"><strong>Szampon dla facet\u00f3w 1 w 1 BAD BOY 300 ml<\/strong><\/a> &#8211; kompleks dobroczynnych aminokwas\u00f3w, w sk\u0142ad kt\u00f3rego wchodzi arginina, alanina, seryna, walina, prolina i treonina &#8211; to one zregeneruj\u0105 i wzmocni\u0105 Twoje w\u0142osy.<\/p>\n<p>\ud83d\udc3a <a href=\"https:\/\/laq.pl\/produkt\/olej-po-goleniu-i-do-brody-bad-boy-black-30-ml\/\"><strong>Olej po goleniu i do brody BAD BOY 30 ml<\/strong><\/a> &#8211; mam taki sk\u0142ad, \u017ce zawyjesz z zachwytu. Ten produkt to nie tylko naturalne sk\u0142adniki do codziennej piel\u0119gnacji, to naprawd\u0119 \u015bwietna formu\u0142a. Po pierwsze oleje! Olej ze s\u0142odkich migda\u0142\u00f3w intensywnie nawil\u017ca, od\u017cywia i \u0142agodzi sk\u00f3r\u0119. Oleje z pestek arbuza oraz pestek malin dzia\u0142aj\u0105 antyoksydacyjnie, a olej z pestek winogron przeciwstarzeniowo. Za \u0142agodzenie podra\u017cnie\u0144, nawil\u017cenie i regeneracj\u0119 odpowiada olej z konopi, a za zmi\u0119kczenie, regeneracj\u0119 i nawil\u017cenie \u2013 oliwa z oliwek. Dzia\u0142anie przeciwzapalne i antybakteryjne zapewnia \u017cywica drzewa Copaiba, a dodatkowe dzia\u0142anie piel\u0119gnacyjne zawdzi\u0119czam witaminie E, alantoinie i pantenolowi.<\/p>\n<p>(dok\u0142adne sk\u0142ady INCI poszczeg\u00f3lnych produkt\u00f3w znajdziesz pod powy\u017cszymi linkami)<\/p>\n<p>&nbsp;<\/p>\n<h3><strong>POZNAJ MOJE NUTY ZAPACHOWE:<\/strong><\/h3>\n<ul>\n<li><strong>g\u0142owy: <\/strong>kardamon, bergamotka<\/li>\n<li><strong>serca: <\/strong>lawenda, kwiat pomara\u0144czy, r\u00f3\u017ca<\/li>\n<li><strong>podstawy: <\/strong>fasola tonka, wanilia, pi\u017cmo<\/li>\n<\/ul>\n<h3><strong>A CO M\u00d3WI\u0104 NA MIE\u015aCIE?<\/strong><\/h3>\n<p><em>S\u0142ycha\u0107 wycie? <\/em><br \/>\n<em>Znakomicie! <\/em><br \/>\n<em>L\u015bni\u0105ce futro, dobry zegarek, niezgorsza bajera, broda od barbera.<br \/>\nTo oznacza tylko jedno &#8211; polowanie na \u0142anie. <\/em><br \/>\n<em>Wilku, a dlaczego Ty masz takie du\u017ce oczy? <\/em><br \/>\n<em>\u017beby Ci\u0119 lepiej widzie\u0107, male\u0144ka. <\/em><br \/>\n<em>Wilk wywo\u0142any z lasu oczaruje ka\u017cd\u0105 sztuk\u0119. <\/em><br \/>\n<em>Z jego zwierz\u0119cym magnetyzmem nie maj\u0105 szans singielki, m\u0119\u017catki i wdowy, \u0142adne, \u015brednie i takie do podrywania w ciemno\u015bci. <\/em><br \/>\n<em>Ale nie oszukujmy si\u0119, gdy nad ranem wilk jest syty, a samica ca\u0142a, pami\u0105tki nocy wypada zmy\u0107.<br \/>\nTen \u017cel nie przywraca godno\u015bci. <\/em><br \/>\n<em>Nie zrobi z \u0142ajdaka dobrego ch\u0142opaka. <\/em><br \/>\n<em>Nie leczy kaca.<br \/>\nAle pysk i cohones b\u0119d\u0105 pachnie\u0107 ob\u0142\u0119dnie.<\/em><\/p>\n<p>&nbsp;<\/p>\n<p><img loading=\"lazy\" decoding=\"async\" class=\"alignnone wp-image-49200 size-medium\" src=\"https:\/\/laq.pl\/wp-content\/uploads\/2026\/02\/uniwersalny-300x177.jpg\" alt=\"piktogram znaku testowanie dermatologicznie oraz znak produktu wega\u0144skiego\" width=\"300\" height=\"177\" srcset=\"https:\/\/laq.pl\/wp-content\/uploads\/2026\/02\/uniwersalny-300x177.jpg 300w, https:\/\/laq.pl\/wp-content\/uploads\/2026\/02\/uniwersalny-726x429.jpg 726w, https:\/\/laq.pl\/wp-content\/uploads\/2026\/02\/uniwersalny.jpg 769w\" sizes=\"auto, (max-width: 300px) 100vw, 300px\" \/><\/p>\n","protected":false},"excerpt":{"rendered":"<p><strong>Kartonik z siankiem, a w nim:<\/strong><\/p>\n<p>\ud83d\udc3a <a href=\"https:\/\/laq.pl\/produkt\/zel-pod-prysznic-8-w-1-bad-boy-500-ml-dark\/\"><strong>\u017bel pod prysznic 8 w 1 BAD BOY 500 ml<\/strong><\/a><\/p>\n<p>\ud83d\udc3a <a href=\"https:\/\/laq.pl\/produkt\/szampon-dla-facetow-1-w-1-bad-boy-300-ml-dark\/\"><strong>Szampon dla facet\u00f3w 1 w 1 BAD BOY 300 ml<\/strong><\/a><\/p>\n<p>\ud83d\udc3a <a href=\"https:\/\/laq.pl\/produkt\/olej-po-goleniu-i-do-brody-bad-boy-black-30-ml\/\"><strong>Olej po goleniu i do brody BAD BOY 30 ml<\/strong><\/a><\/p>\n","protected":false},"featured_media":39538,"template":"","meta":{"_acf_changed":false},"product_brand":[],"product_cat":[282,229,233,90],"product_tag":[285,387,839],"class_list":{"0":"post-39521","1":"product","2":"type-product","3":"status-publish","4":"has-post-thumbnail","6":"product_cat-bad-boy","7":"product_cat-dla-prawdziwego-mezczyzny","8":"product_cat-meskie","9":"product_cat-serie","10":"product_tag-bad-boy","11":"product_tag-dla-niego","12":"product_tag-idealny-prezent","15":"first","16":"instock","17":"taxable","18":"shipping-taxable","19":"purchasable","20":"product-type-simple"},"acf":[],"_links":{"self":[{"href":"https:\/\/laq.pl\/en\/wp-json\/wp\/v2\/product\/39521","targetHints":{"allow":["GET"]}}],"collection":[{"href":"https:\/\/laq.pl\/en\/wp-json\/wp\/v2\/product"}],"about":[{"href":"https:\/\/laq.pl\/en\/wp-json\/wp\/v2\/types\/product"}],"wp:featuredmedia":[{"embeddable":true,"href":"https:\/\/laq.pl\/en\/wp-json\/wp\/v2\/media\/39538"}],"wp:attachment":[{"href":"https:\/\/laq.pl\/en\/wp-json\/wp\/v2\/media?parent=39521"}],"wp:term":[{"taxonomy":"product_brand","embeddable":true,"href":"https:\/\/laq.pl\/en\/wp-json\/wp\/v2\/product_brand?post=39521"},{"taxonomy":"product_cat","embeddable":true,"href":"https:\/\/laq.pl\/en\/wp-json\/wp\/v2\/product_cat?post=39521"},{"taxonomy":"product_tag","embeddable":true,"href":"https:\/\/laq.pl\/en\/wp-json\/wp\/v2\/product_tag?post=39521"}],"curies":[{"name":"wp","href":"https:\/\/api.w.org\/{rel}","templated":true}]}}