{"id":39681,"date":"2025-10-27T09:50:44","date_gmt":"2025-10-27T08:50:44","guid":{"rendered":"https:\/\/laq.pl\/?post_type=product&#038;p=39681"},"modified":"2026-04-15T06:54:24","modified_gmt":"2026-04-15T04:54:24","slug":"zel-pod-prysznic-rekin-biznesu-premium","status":"publish","type":"product","link":"https:\/\/laq.pl\/en\/product\/zel-pod-prysznic-rekin-biznesu-premium\/","title":{"rendered":"\u017bel pod prysznic REKIN BIZNESU &#8211; PREMIUM"},"content":{"rendered":"<h2 style=\"text-align: center;\"><strong>\u017bel pod prysznic REKIN BIZNESU PREMIUM 500 ml<\/strong><\/h2>\n<h3><strong>KIM JESTEM?<\/strong><\/h3>\n<p>Jestem naturalny, wega\u0144ski i idealny pod prysznic. Wiadomo, \u017ce rybka lubi p\u0142ywa\u0107, a ja myj\u0119, od\u015bwie\u017cam, nawil\u017cam i pachn\u0119 i jak milion dolc\u00f3w. Mam rozmach!<\/p>\n<h3><\/h3>\n<h3><strong>CO MOG\u0118 DLA CIEBIE ZROBI\u0106?<\/strong><\/h3>\n<p>My\u0107 to mo\u017ce szare myd\u0142o. Ja \u015bwiadcz\u0119 us\u0142ug\u0119 profesjonalnego oczyszczania i nawil\u017canie sk\u00f3ry. Czujesz ten zapach z\u0142otego interesu? To dobrze, bo interes te\u017c Ci ogarn\u0119.<\/p>\n<h3><\/h3>\n<h3><strong>PYTASZ KOTKU, CO MAM W \u015aRODKU?<\/strong><\/h3>\n<p>Ten sk\u0142ad to morze korzy\u015bci! Ekstrakt z czarnego pieprzu pobudza mikrokr\u0105\u017cenie i dzia\u0142a rozgrzewaj\u0105co. Ostry i gor\u0105cy? Ca\u0142y Ty (nie tylko w biznesie!). Ekstrakt z pio\u0142unu tonizuje i od\u015bwie\u017ca sk\u00f3r\u0119, a z \u017ce\u0144-szenia \u2013 rewitalizuje, dodaje jej energii i kondycjonuje. Gliceryna pochodzenia ro\u015blinnego wi\u0105\u017ce wod\u0119 w nask\u00f3rku i nie dopuszcza do jego przesuszania, podczas gdy za oczyszczanie odpowiadaj\u0105 substancje pochodz\u0105ce z oleju kokosowego. To nie jest \u017cel dla byle p\u0142otki, to must have dla grubych ryb.<\/p>\n<p><em><strong>Sk\u0142ad: <\/strong>Aqua, Sodium Coco-Sulfate, Coco-Glucoside, Cocamidopropyl Betaine, Glycerin, Glyceryl Oleate, Piper Nigrum Fruit Extract, Artemisia Absinthium Extract, Panax Ginseng Root Extract, Sodium Gluconate, Citric Acid, Sodium Chloride, Sodium Benzoate, Potassium Sorbate, Parfum, Limonene, Linalool, Hexamethylindanopyran, Linalyl Acetate, Tetramethyl Acetyloctahydronaphthalenes, Citrus Aurantium Bergamia Peel Oil. <\/em><\/p>\n<h3><\/h3>\n<h3><strong>POZNAJ MOJE NUTY ZAPACHOWE:<\/strong><\/h3>\n<ul>\n<li><strong>g\u0142owy:<\/strong>\u00a0lawenda, bergamotka, \u015bwie\u017ce, cytrusowe<\/li>\n<li><strong>serca:<\/strong>\u00a0kwiatowe (fio\u0142ek, lilia), zielone<\/li>\n<li><strong>podstawy:<\/strong>\u00a0pi\u017cmo, drzewo sanda\u0142owe, ambra, fasola Tonka<\/li>\n<\/ul>\n<h3><\/h3>\n<h3><strong>SPOS\u00d3B U\u017bYCIA \u017bELU POD PRYSZNIC:<\/strong><\/h3>\n<p>Niewielk\u0105 ilo\u015b\u0107 \u017celu rozprowad\u017a na sk\u00f3rze i zr\u00f3b z nim co chcesz, byle by\u015b potem sp\u0142uka\u0142. Masz \u0142eb do interes\u00f3w, sam najlepiej wymy\u015blisz co si\u0119 najbardziej op\u0142aca.<\/p>\n<h3><strong>A CO M\u00d3WI\u0104 NA MIE\u015aCIE?<\/strong><\/h3>\n<p><em>Gruba ryba na dzielni, urodzony byznesmen i szanowany w kr\u0119gach rekin finansjery. \u201ePremia, panie Areczku, to jest dla zarz\u0105du. Dla pana jest bombonierka.\u201d \u2013 tak za\u0142atwiasz tematy. Nazywaj\u0105 Ci\u0119 &#8220;rekinem premiojadem&#8221;? Nonsens! Przecie\u017c dajesz tylko wzorowy przyk\u0142ad rozs\u0105dnego zarz\u0105dzania benefitami pracowniczymi. Im mniej zarobi\u0105, tym mniej wydadz\u0105, a im mniej wydadz\u0105, tym szybciej stan\u0105 si\u0119 bogaci!<br \/>\nJak m\u00f3wi Klasyk: \u201eW \u017cyciu musisz by\u0107 rekinem, je\u015bli nie chcesz, \u017ceby dopad\u0142y ci\u0119 inne rekiny.\u201d No i wiadomo: kto nie ryzykuje, ten nie pije szampana. A w biznesie za ko\u0142nierz si\u0119 nie wylewa.<br \/>\n<\/em><\/p>\n<p><img loading=\"lazy\" decoding=\"async\" class=\"alignnone wp-image-49197 size-medium\" src=\"https:\/\/laq.pl\/wp-content\/uploads\/2026\/02\/97-300x120.jpg\" alt=\"piktogramy zank\u00f3w: testowane dermatologicznie, produkt wega\u0144ski oraz 97 procent sk\u0142adnik\u00f3w pochodzenia naturalnego\" width=\"300\" height=\"120\" srcset=\"https:\/\/laq.pl\/wp-content\/uploads\/2026\/02\/97-300x120.jpg 300w, https:\/\/laq.pl\/wp-content\/uploads\/2026\/02\/97-1024x410.jpg 1024w, https:\/\/laq.pl\/wp-content\/uploads\/2026\/02\/97-768x307.jpg 768w, https:\/\/laq.pl\/wp-content\/uploads\/2026\/02\/97-726x290.jpg 726w, https:\/\/laq.pl\/wp-content\/uploads\/2026\/02\/97.jpg 1135w\" sizes=\"auto, (max-width: 300px) 100vw, 300px\" \/><\/p>\n","protected":false},"excerpt":{"rendered":"<p><strong>Ten \u017cel to cacuszko<\/strong> \u2013 grube ryby nie \u0142api\u0105 si\u0119 na byle przyn\u0119t\u0119. <strong>To jest wersja REKIN PREMIUM!<\/strong> Nie zawiera diamentowego py\u0142u i nie ma z\u0142otej pompki, ale daje +10 do presti\u017cu. Postawiony go na p\u00f3\u0142ce wygl\u0105da co najmniej tak godnie jak Oscar, Nobel albo Puchar Stanleya.<\/p>\n","protected":false},"featured_media":39766,"template":"","meta":{"_acf_changed":false},"product_brand":[],"product_cat":[109,233,858,105,841],"product_tag":[],"class_list":{"0":"post-39681","1":"product","2":"type-product","3":"status-publish","4":"has-post-thumbnail","6":"product_cat-duzy-zel-pod-prysznic-500-ml","7":"product_cat-meskie","8":"product_cat-nowosci","9":"product_cat-zele","10":"product_cat-zele-meskie","13":"first","14":"instock","15":"taxable","16":"shipping-taxable","17":"purchasable","18":"product-type-simple"},"acf":[],"_links":{"self":[{"href":"https:\/\/laq.pl\/en\/wp-json\/wp\/v2\/product\/39681","targetHints":{"allow":["GET"]}}],"collection":[{"href":"https:\/\/laq.pl\/en\/wp-json\/wp\/v2\/product"}],"about":[{"href":"https:\/\/laq.pl\/en\/wp-json\/wp\/v2\/types\/product"}],"wp:featuredmedia":[{"embeddable":true,"href":"https:\/\/laq.pl\/en\/wp-json\/wp\/v2\/media\/39766"}],"wp:attachment":[{"href":"https:\/\/laq.pl\/en\/wp-json\/wp\/v2\/media?parent=39681"}],"wp:term":[{"taxonomy":"product_brand","embeddable":true,"href":"https:\/\/laq.pl\/en\/wp-json\/wp\/v2\/product_brand?post=39681"},{"taxonomy":"product_cat","embeddable":true,"href":"https:\/\/laq.pl\/en\/wp-json\/wp\/v2\/product_cat?post=39681"},{"taxonomy":"product_tag","embeddable":true,"href":"https:\/\/laq.pl\/en\/wp-json\/wp\/v2\/product_tag?post=39681"}],"curies":[{"name":"wp","href":"https:\/\/api.w.org\/{rel}","templated":true}]}}