{"id":39684,"date":"2025-10-27T09:51:17","date_gmt":"2025-10-27T08:51:17","guid":{"rendered":"https:\/\/laq.pl\/?post_type=product&#038;p=39684"},"modified":"2026-04-04T23:02:12","modified_gmt":"2026-04-04T21:02:12","slug":"zel-pod-prysznic-8-w-1-lew-szef-wszystkich-szefowlew-premium","status":"publish","type":"product","link":"https:\/\/laq.pl\/en\/product\/zel-pod-prysznic-8-w-1-lew-szef-wszystkich-szefowlew-premium\/","title":{"rendered":"\u017bel pod prysznic 8 w 1 SZEF WSZYSTKICH SZEF\u00d3W &#8211; PREMIUM"},"content":{"rendered":"<h2 style=\"text-align: center;\"><strong>\u017bel pod prysznic SZEF WSZYSTKICH SZEF\u00d3W 500 ml<\/strong><\/h2>\n<h3><strong>KIM JESTEM?<\/strong><\/h3>\n<p>Jestem naturalnym, wega\u0144skim \u017celem pod prysznic. Robi\u0119 to, czego ode mnie oczekujesz, a nawet co\u015b ekstra \u2013 myj\u0119, piel\u0119gnuj\u0119 i pozostawiam zapach lo\u017cy gentleman\u00f3w. Bez dw\u00f3ch zda\u0144 jestem w tym \u015bwietny, bo SZEF WSZYSTKICH SZEF\u00d3W nie chodzi na kompromisy i zawsze dostaje to, co chce.<\/p>\n<h3><\/h3>\n<h3><strong>CO MOG\u0118 DLA CIEBIE ZROBI\u0106?<\/strong><\/h3>\n<p>Ten \u017cel Ci\u0119 umyje, od\u015bwie\u017cy i utwierdzi w przekonaniu, \u017ce kr\u00f3l jest tylko jeden i jeste\u015b nim Ty! Mo\u017cesz nim my\u0107 to, na co masz ochot\u0119: pysk, cia\u0142o i rodowe klejnoty. Od biedy wyczy\u015bcisz nawet kuwet\u0119. Wa\u017cne, \u017ceby\u015b sp\u0142uka\u0142. Zobaczysz, b\u0119dziesz rycze\u0107 z wra\u017cenia.<\/p>\n<h3><\/h3>\n<h3><strong>PYTASZ KOTKU, CO MAM W \u015aRODKU?<\/strong><\/h3>\n<p>M\u00f3j sk\u0142ad to pasmo nieko\u0144cz\u0105cych si\u0119 sukces\u00f3w! Ekstrakt z szafranu dzia\u0142a przeciwutleniaj\u0105co i dodaje sk\u00f3rze blasku. Ekstrakt z kardamonu delikatnie rozgrzewa, od\u015bwie\u017ca i nadaje luksusowego, korzennego aromatu. Ekstrakt z li\u015bci tytoniu ma dzia\u0142anie antyoksydacyjne i pog\u0142\u0119bia aromat. Za oczyszczanie odpowiadaj\u0105 substancje pochodz\u0105ce z oleju kokosowego, a za nawil\u017canie \u2013 gliceryna ro\u015blinna.<\/p>\n<p><em><strong>Sk\u0142ad: <\/strong>Aqua, Sodium Coco-Sulfate, Coco-Glucoside, Cocamidopropyl Betaine, Glycerin, Glyceryl Oleate, Piper Nigrum Fruit Extract, Artemisia Absinthium Extract, Panax Ginseng Root Extract, Sodium Gluconate, Citric Acid, Sodium Chloride, Sodium Benzoate, Potassium Sorbate, Parfum, Limonene, Linalool, Hexamethylindanopyran, Linalyl Acetate, Tetramethyl Acetyloctahydronaphthalenes, Citrus Aurantium Bergamia Peel Oil. <\/em><\/p>\n<h3><\/h3>\n<h3><strong>POZNAJ MOJE NUTY ZAPACHOWE:<\/strong><\/h3>\n<ul>\n<li><strong>g\u0142owy:<\/strong>\u00a0s\u0142odkie, czyste<\/li>\n<li><strong>serca:<\/strong>\u00a0korzenne, przyprawowe, zielone, owocowe<\/li>\n<li><strong>podstawy:<\/strong>\u00a0wanilia, drzewo cedrowe, paczula, fasola tonka<\/li>\n<\/ul>\n<h3><\/h3>\n<h3><strong>SPOS\u00d3B U\u017bYCIA M\u0118SKIEGO \u017bELU POD PRYSZNIC:<\/strong><\/h3>\n<p>W tej robocie nie ma miejsca na pomy\u0142ki: na\u0142\u00f3\u017c na wilgotne w\u0142osy, wmasuj i sp\u0142ucz. Gwarantujemy, \u017ce nie pozostawisz \u017cadnych \u015blad\u00f3w.<\/p>\n<h3><strong>A CO M\u00d3WI\u0104 NA MIE\u015aCIE?<\/strong><\/h3>\n<p><em>Kr\u00f3l jest tylko jeden i jeste\u015b to Ty! <\/em><em>Jak wiadomo, lew to urodzony szef i lepiej nie drze\u0107 z nim kot\u00f3w. Znasz ludzi, kt\u00f3rzy znaj\u0105 ludzi i sk\u0142adasz im propozycje nie do odrzucenia. Masz \u0142eb na karku, wzbudzasz respekt, a jak trzeba to g\u0142o\u015bno ryczysz, bo kto\u015b musi ogarnia\u0107 t\u0119 kuwet\u0119. Co widzisz gdy patrzysz w lustro? To nie jest odbicie byle sier\u015bciucha, ale prawdziwego sigmy! Krzysztof Jarzyna ze Szczecina mo\u017ce ponosi\u0107 Ci teczk\u0119. <\/em><em>Ten \u017cel nie zamieni Ci\u0119 w Ojca Chrzestnego, ale sprawi, \u017ce b\u0119dziesz pachnie\u0107 jak kr\u00f3l d\u017cungli i pan \u015bwiata! Umyjesz nim wszystkie cz\u0142onki, pysk, grzyw\u0119, a nawet kuwet\u0119.<\/em><\/p>\n<p><img loading=\"lazy\" decoding=\"async\" class=\"alignnone wp-image-49197 size-medium\" src=\"https:\/\/laq.pl\/wp-content\/uploads\/2026\/02\/97-300x120.jpg\" alt=\"piktogramy zank\u00f3w: testowane dermatologicznie, produkt wega\u0144ski oraz 97 procent sk\u0142adnik\u00f3w pochodzenia naturalnego\" width=\"300\" height=\"120\" srcset=\"https:\/\/laq.pl\/wp-content\/uploads\/2026\/02\/97-300x120.jpg 300w, https:\/\/laq.pl\/wp-content\/uploads\/2026\/02\/97-1024x410.jpg 1024w, https:\/\/laq.pl\/wp-content\/uploads\/2026\/02\/97-768x307.jpg 768w, https:\/\/laq.pl\/wp-content\/uploads\/2026\/02\/97-726x290.jpg 726w, https:\/\/laq.pl\/wp-content\/uploads\/2026\/02\/97.jpg 1135w\" sizes=\"auto, (max-width: 300px) 100vw, 300px\" \/><\/p>\n","protected":false},"excerpt":{"rendered":"<p>B\u0119dzie tak jak chce szef wszystkich szef\u00f3w:<strong> czysto, \u015bwie\u017co, luksusowo i bez dyskusji. <strong>To jest wersja LEW PREMIUM!<\/strong><\/strong>Nie zawiera diamentowego py\u0142u i nie ma z\u0142otej pompki, ale daje +10 do presti\u017cu. Postawiony go na p\u00f3\u0142ce wygl\u0105da co najmniej tak godnie jak Oscar, Nobel albo Puchar Stanleya.<\/p>\n","protected":false},"featured_media":40075,"template":"","meta":{"_acf_changed":false},"product_brand":[],"product_cat":[858,917,841,105,109,233],"product_tag":[908],"class_list":{"0":"post-39684","1":"product","2":"type-product","3":"status-publish","4":"has-post-thumbnail","6":"product_cat-nowosci","7":"product_cat-szef-wszystkich-szefow","8":"product_cat-zele-meskie","9":"product_cat-zele","10":"product_cat-duzy-zel-pod-prysznic-500-ml","11":"product_cat-meskie","12":"product_tag-szef-wszystkich-szefow","15":"first","16":"instock","17":"taxable","18":"shipping-taxable","19":"purchasable","20":"product-type-simple"},"acf":[],"_links":{"self":[{"href":"https:\/\/laq.pl\/en\/wp-json\/wp\/v2\/product\/39684","targetHints":{"allow":["GET"]}}],"collection":[{"href":"https:\/\/laq.pl\/en\/wp-json\/wp\/v2\/product"}],"about":[{"href":"https:\/\/laq.pl\/en\/wp-json\/wp\/v2\/types\/product"}],"wp:featuredmedia":[{"embeddable":true,"href":"https:\/\/laq.pl\/en\/wp-json\/wp\/v2\/media\/40075"}],"wp:attachment":[{"href":"https:\/\/laq.pl\/en\/wp-json\/wp\/v2\/media?parent=39684"}],"wp:term":[{"taxonomy":"product_brand","embeddable":true,"href":"https:\/\/laq.pl\/en\/wp-json\/wp\/v2\/product_brand?post=39684"},{"taxonomy":"product_cat","embeddable":true,"href":"https:\/\/laq.pl\/en\/wp-json\/wp\/v2\/product_cat?post=39684"},{"taxonomy":"product_tag","embeddable":true,"href":"https:\/\/laq.pl\/en\/wp-json\/wp\/v2\/product_tag?post=39684"}],"curies":[{"name":"wp","href":"https:\/\/api.w.org\/{rel}","templated":true}]}}