{"id":39760,"date":"2025-10-29T08:38:11","date_gmt":"2025-10-29T07:38:11","guid":{"rendered":"https:\/\/laq.pl\/?post_type=product&#038;p=39760"},"modified":"2026-04-06T19:42:27","modified_gmt":"2026-04-06T17:42:27","slug":"zel-pod-prysznic-8-w-1-zlota-raczka","status":"publish","type":"product","link":"https:\/\/laq.pl\/en\/product\/zel-pod-prysznic-8-w-1-zlota-raczka\/","title":{"rendered":"\u017bel pod prysznic 8 w 1 Z\u0141OTA R\u0104CZKA"},"content":{"rendered":"<h2 style=\"text-align: center;\"><strong>\u017bel pod prysznic Z\u0141OTA R\u0104CZKA 500 ml<\/strong><\/h2>\n<h3><strong>KIM JESTEM?<\/strong><\/h3>\n<p>Jestem Z\u0141OTA R\u0104CZKA, myj\u0119 dobrze, pachn\u0119 jakby luksusowo, ogarniam g\u00f3r\u0119, d\u00f3\u0142, a jak si\u0119 uprzesz, to i robot\u0119 nagram. B\u0119dzie pan zadowolony!<\/p>\n<h3><\/h3>\n<h3><strong>CO MOG\u0118 DLA CIEBIE ZROBI\u0106?<\/strong><\/h3>\n<p>Ma by\u0107 czyste, to b\u0119dzie, a reszt\u0119 si\u0119 zateguje. Powiedzmy to sobie szczerze, zlewu nie przepchn\u0119, gwo\u017adzia nie wbij\u0119, ale pod prysznicem jestem fachura. Myj\u0119, od\u015bwie\u017cam, nawil\u017cam i pozostawiam taki zapach, \u017ce nie op\u0119dzisz si\u0119 od s\u0105siadek, kt\u00f3rym pu\u015bci\u0142y uszczelki. Szykuj klucz francuski i pami\u0119taj: centymetr nie miara, milimetr nie szpara, a jak zrobisz za dobrze, to wi\u0119cej jej nie spotkasz!<\/p>\n<h3><\/h3>\n<h3><strong>PYTASZ KOTKU, CO MAM W \u015aRODKU?<\/strong><\/h3>\n<p>M\u00f3j sk\u0142ad jest jak instrukcja obs\u0142ugi \u2013 nie musisz czyta\u0107, \u017ceby widzie\u0107, \u017ce jest dobrze! Ekstrakt z kory d\u0119bu szypu\u0142kowego pomaga wzmacnia\u0107 sk\u00f3r\u0119, dzia\u0142a tonizuj\u0105co i \u015bci\u0105gaj\u0105co. Ekstraktu z szyszek chmielu omawia\u0107 chyba nie trzeba \u2013 wiadomo, niczym zimny kufelek, ma w\u0142a\u015bciwo\u015bci \u0142agodz\u0105ce, koj\u0105ce i antybakteryjne. Ekstrakt z drzewa cedrowego od\u015bwie\u017ca sk\u00f3r\u0119 i nadaje jej drzewnego aromatu. Dzia\u0142a przy tym delikatnie przeciw\u0142ojotokowo. O nawil\u017cenie sk\u00f3ry dba gliceryna ro\u015blinna, a za oczyszczanie odpowiada substancja pochodz\u0105ca z oleju kokosowego. Elegancko i wega\u0144sko! Tak jak m\u00f3wili\u015bmy: b\u0119dzie pan zadowolony!<\/p>\n<p><em><strong>Sk\u0142ad: <\/strong>Aqua, Sodium Coco-Sulfate, Coco-Glucoside, Cocamidopropyl Betaine, Glycerin, Glyceryl Oleate, Quercus Petraea Bark Extract, Humulus Lupulus Cone Extract, Cedrus Atlantica Wood Extract, Sodium Gluconate, Citric Acid, Sodium Chloride, Sodium Benzoate, Potassium Sorbate, Parfum, Citrus Aurantium Peel Oil, Limonene, Tetramethyl Acetyloctahydronaphthalenes. <\/em><\/p>\n<h3><\/h3>\n<h3><strong>POZNAJ MOJE NUTY ZAPACHOWE:<\/strong><\/h3>\n<ul>\n<li><strong>g\u0142owy:<\/strong>\u00a0mandarynka, grejpfrut, pomara\u0144cza, cytryna<\/li>\n<li><strong>serca:<\/strong>\u00a0bergamotka, gorzki migda\u0142, fio\u0142ek<\/li>\n<li><strong>podstawy:<\/strong>\u00a0galbanum, ambra, drzewo cedrowe<\/li>\n<\/ul>\n<h3><\/h3>\n<h3><strong>SPOS\u00d3B U\u017bYCIA M\u0118SKIEGO \u017bELU POD PRYSZNIC:<\/strong><\/h3>\n<p>Instrukcje s\u0105 dla leszczy!<\/p>\n<h3><strong>A CO M\u00d3WI\u0104 NA MIE\u015aCIE?<\/strong><\/h3>\n<p><em>\u017bycie to wielki warsztat, a instrukcje to tylko lu\u017ane sugestie dla \u017c\u00f3\u0142todziob\u00f3w! Kiedy inni spiesz\u0105 si\u0119 z robot\u0105, Ty ze stoickim spokojem rzucasz: &#8220;Prawdziwy fachowiec nie zaczyna pracy w poniedzia\u0142ek&#8221;.<br \/>\nKa\u017cdy szanuj\u0105cy si\u0119 ekspert najpierw komentuje robot\u0119 zasadniczym pytaniem: kto tu odwali\u0142 tak\u0105 manian\u0119? Gorzej je\u015bli odpowied\u017a brzmi, \u017ce ty sam dwa lata wcze\u015bniej.<br \/>\nNie ma si\u0119 co porywa\u0107 z samego rana, to trzeba wzi\u0105\u0107 spokojnie i zacz\u0105\u0107 od kawusi. A po sko\u0144czonej (lub nie) robocie umyj r\u0105czki, n\u00f3\u017cki, brzusio.<br \/>\n<\/em><\/p>\n<p><img loading=\"lazy\" decoding=\"async\" class=\"alignnone wp-image-49197 size-medium\" src=\"https:\/\/laq.pl\/wp-content\/uploads\/2026\/02\/97-300x120.jpg\" alt=\"piktogramy zank\u00f3w: testowane dermatologicznie, produkt wega\u0144ski oraz 97 procent sk\u0142adnik\u00f3w pochodzenia naturalnego\" width=\"300\" height=\"120\" srcset=\"https:\/\/laq.pl\/wp-content\/uploads\/2026\/02\/97-300x120.jpg 300w, https:\/\/laq.pl\/wp-content\/uploads\/2026\/02\/97-1024x410.jpg 1024w, https:\/\/laq.pl\/wp-content\/uploads\/2026\/02\/97-768x307.jpg 768w, https:\/\/laq.pl\/wp-content\/uploads\/2026\/02\/97-726x290.jpg 726w, https:\/\/laq.pl\/wp-content\/uploads\/2026\/02\/97.jpg 1135w\" sizes=\"auto, (max-width: 300px) 100vw, 300px\" \/><\/p>\n","protected":false},"excerpt":{"rendered":"<p><strong>Z\u0142ota R\u0105czka \u2013 <\/strong>\u017cel 8w1 dla faceta, co wkr\u0119ca \u015brubki i kobiety, a po prysznicu pachnie tak, \u017ce nawet zepsuty kran si\u0119 rumieni!<\/p>\n","protected":false},"featured_media":39801,"template":"","meta":{"_acf_changed":false},"product_brand":[],"product_cat":[109,233,858,105,841],"product_tag":[],"class_list":{"0":"post-39760","1":"product","2":"type-product","3":"status-publish","4":"has-post-thumbnail","6":"product_cat-duzy-zel-pod-prysznic-500-ml","7":"product_cat-meskie","8":"product_cat-nowosci","9":"product_cat-zele","10":"product_cat-zele-meskie","13":"first","14":"instock","15":"taxable","16":"shipping-taxable","17":"purchasable","18":"product-type-simple"},"acf":[],"_links":{"self":[{"href":"https:\/\/laq.pl\/en\/wp-json\/wp\/v2\/product\/39760","targetHints":{"allow":["GET"]}}],"collection":[{"href":"https:\/\/laq.pl\/en\/wp-json\/wp\/v2\/product"}],"about":[{"href":"https:\/\/laq.pl\/en\/wp-json\/wp\/v2\/types\/product"}],"wp:featuredmedia":[{"embeddable":true,"href":"https:\/\/laq.pl\/en\/wp-json\/wp\/v2\/media\/39801"}],"wp:attachment":[{"href":"https:\/\/laq.pl\/en\/wp-json\/wp\/v2\/media?parent=39760"}],"wp:term":[{"taxonomy":"product_brand","embeddable":true,"href":"https:\/\/laq.pl\/en\/wp-json\/wp\/v2\/product_brand?post=39760"},{"taxonomy":"product_cat","embeddable":true,"href":"https:\/\/laq.pl\/en\/wp-json\/wp\/v2\/product_cat?post=39760"},{"taxonomy":"product_tag","embeddable":true,"href":"https:\/\/laq.pl\/en\/wp-json\/wp\/v2\/product_tag?post=39760"}],"curies":[{"name":"wp","href":"https:\/\/api.w.org\/{rel}","templated":true}]}}