{"id":39762,"date":"2025-10-29T08:38:39","date_gmt":"2025-10-29T07:38:39","guid":{"rendered":"https:\/\/laq.pl\/?post_type=product&#038;p=39762"},"modified":"2026-04-05T18:35:21","modified_gmt":"2026-04-05T16:35:21","slug":"szampon-dla-facetow-1-w-1-zlota-raczka","status":"publish","type":"product","link":"https:\/\/laq.pl\/en\/product\/szampon-dla-facetow-1-w-1-zlota-raczka\/","title":{"rendered":"Oczyszczaj\u0105cy szampon do w\u0142os\u00f3w i sk\u00f3ry g\u0142owy Z\u0141OTA R\u0104CZKA 300 ml"},"content":{"rendered":"<h2 style=\"text-align: center;\"><strong>Idealnie czyste i \u015bwie\u017ce w\u0142osy \u2013 zmywa stylizacj\u0119 i zanieczyszczenia<\/strong><\/h2>\n<p>&nbsp;<\/p>\n<h3><strong>KIM JESTEM?<\/strong><\/h3>\n<p><span style=\"font-weight: 400;\">Jestem tym, po co si\u0119gasz, gdy potrzeba fachowca do wszystkiego. Myj\u0119, nawil\u017cam, wzmacniam i pachn\u0119 jak pragnienie milion\u00f3w. Naturalny i wega\u0144ski sk\u0142ad to tylko cz\u0119\u015b\u0107 moich zalet. Ale Ty to wiesz. \u017bycia nie zna, kto prawdziwej Z\u0141OTEJ R\u0104CZKI ze \u015bwiec\u0105 nie szuka\u0142!<\/span><\/p>\n<h3><strong>CO MOG\u0118 DLA CIEBIE ZROBI\u0106?<\/strong><\/h3>\n<p><span style=\"font-weight: 400;\">Akumulatora w aucie nie podepn\u0119, szafy z Ikei nie z\u0142o\u017c\u0119, ale o sk\u00f3r\u0119 g\u0142owy i wszystko co w\u0142ochate, dbam lepiej ni\u017c WD40 o zamki. Si\u0119gaj po mnie gdy masz tendencj\u0119 do przet\u0142uszczania si\u0119 w\u0142os\u00f3w\/sk\u00f3ry g\u0142owy i potrzebujesz ich gruntownego oczyszczenia. Myj\u0119, oczyszczam, wzmacniam, robi\u0119 pian\u0119 i wra\u017cenie na kobietach.\u00a0<\/span><\/p>\n<h3><strong>PYTASZ KOTKU, CO MAM W \u015aRODKU?<\/strong><\/h3>\n<p>M\u00f3j sk\u0142ad to z\u0142oto! Ekstrakt z kory d\u0119bu szypu\u0142kowego dzia\u0142a \u015bci\u0105gaj\u0105co, antyseptycznie i wzmacnia sk\u00f3r\u0119. W\u0142a\u015bciwo\u015bci \u0142agodz\u0105ce, antybakteryjne i kondycjonuj\u0105ce zapewnia ekstrakt z szyszek chmielu, a za mikrokr\u0105\u017cenie sk\u00f3ry g\u0142owy, pomocne w walce z wypadaniem w\u0142os\u00f3w i \u0142upie\u017cem, odpowiada ekstrakt z cedru atlaskiego. Moja g\u0142\u00f3wna si\u0142a oczyszczaj\u0105ca bazuje na substancji z oleju kokosowego, a nawil\u017canie i ochrona przed utrat\u0105 wilgoci to zadanie gliceryny. Sam by\u015b tego lepiej nie wykombinowa\u0142.<\/p>\n<p><em><strong>Sk\u0142ad:<\/strong> Aqua, Sodium Coco-Sulfate, Coco-Glucoside, Cocamidopropyl Betaine, Glycerin, Sodium Cocoyl Isethionate, Glyceryl Oleate, Quercus Petraea Bark Extract, Humulus Lupulus Cone Extract, Cedrus Atlantica Wood Extract, Sodium Gluconate, Citric Acid, Sodium Chloride, Sodium Benzoate, Potassium Sorbate, Parfum, Citrus Aurantium Peel Oil, Limonene, Tetramethyl Acetyloctahydronaphthalenes.<\/em><\/p>\n<h3><strong>POZNAJ MOJE NUTY ZAPACHOWE:<\/strong><\/h3>\n<ul>\n<li><strong>g\u0142owy: <\/strong>mandarynka, grejpfrut, pomara\u0144cza, cytryna<\/li>\n<li><strong>serca: <\/strong>bergamotka, gorzki migda\u0142, fio\u0142ek<\/li>\n<li><strong>podstawy: <\/strong>galbanum, ambra, drzewo cedrowe<\/li>\n<\/ul>\n<p>&nbsp;<\/p>\n<h3><strong>SPOS\u00d3B U\u017bYCIA M\u0118SKIEGO SZAMPONU DO W\u0141OS\u00d3W:<\/strong><\/h3>\n<p style=\"text-align: left;\">Mo\u017cesz pokombinowa\u0107, ale jak na\u0142o\u017cysz, zrobisz pian\u0119 i sp\u0142uczesz, to powinno by\u0107 elegancko i solidnie.<\/p>\n<p>&nbsp;<\/p>\n<h3><strong>A CO M\u00d3WI\u0104 NA MIE\u015aCIE?<\/strong><\/h3>\n<p><em>M\u00f3wi\u0105, \u017ce jak co\u015b jest do wszystkiego, to jest do niczego, ale to nie jest prawda. Oto 3 rzeczy, kt\u00f3re s\u0142u\u017c\u0105 do wszystkiego i s\u0105 rewelacyjne! Po pierwsze: dynks, po drugie: wihajster i po trzecie \u2013 ten szampon! Dwa pierwsze na pewno ju\u017c znasz, bo nie takie rzeczy ze szwagrem naprawiali\u015bcie, ale ten szampon to prawdziwa petarda. Umyjesz nim g\u0142ow\u0119, klat\u0119 i hydraulik\u0119. Oczyszcza tak dobrze, \u017ce nawet je\u015bli Twoje w\u0142osy s\u0105 jak paku\u0142y, to teraz b\u0119d\u0105 mi\u0119kkie jak kolana elektryka, gdy zapomni o uziemieniu i b\u0142yszcz\u0105ce jak halogeny, gdy po roku je w ko\u0144cu pod\u0142\u0105czysz. <\/em><\/p>\n<p><em>Ten szampon nie zast\u0105pi wago i nie uszczelnisz nim zlewu, ale z sier\u015bciuchy po k\u0105pieli b\u0119dzie pan zadowolony.<\/em><\/p>\n<p>&nbsp;<\/p>\n<p><img loading=\"lazy\" decoding=\"async\" class=\"alignnone wp-image-49197 size-medium\" src=\"https:\/\/laq.pl\/wp-content\/uploads\/2026\/02\/97-300x120.jpg\" alt=\"piktogramy zank\u00f3w: testowane dermatologicznie, produkt wega\u0144ski oraz 97 procent sk\u0142adnik\u00f3w pochodzenia naturalnego\" width=\"300\" height=\"120\" srcset=\"https:\/\/laq.pl\/wp-content\/uploads\/2026\/02\/97-300x120.jpg 300w, https:\/\/laq.pl\/wp-content\/uploads\/2026\/02\/97-1024x410.jpg 1024w, https:\/\/laq.pl\/wp-content\/uploads\/2026\/02\/97-768x307.jpg 768w, https:\/\/laq.pl\/wp-content\/uploads\/2026\/02\/97-726x290.jpg 726w, https:\/\/laq.pl\/wp-content\/uploads\/2026\/02\/97.jpg 1135w\" sizes=\"auto, (max-width: 300px) 100vw, 300px\" \/><\/p>\n","protected":false},"excerpt":{"rendered":"<p><strong>O dzia\u0142aniu oczyszczaj\u0105cym<\/strong> \u2013 zawiera ekstrakt z kory d\u0119bu szypu\u0142kowego, szyszek chmielu i cedru atlaskiego. <strong>Pieni si\u0119 jak facet, kiedy nie idzie robota.<\/strong><\/p>\n","protected":false},"featured_media":39828,"template":"","meta":{"_acf_changed":false},"product_brand":[],"product_cat":[283,233,858,843,113],"product_tag":[],"class_list":{"0":"post-39762","1":"product","2":"type-product","3":"status-publish","4":"has-post-thumbnail","6":"product_cat-300-ml","7":"product_cat-meskie","8":"product_cat-nowosci","9":"product_cat-szampony-meskie","10":"product_cat-szampony","13":"first","14":"instock","15":"taxable","16":"shipping-taxable","17":"purchasable","18":"product-type-simple"},"acf":[],"_links":{"self":[{"href":"https:\/\/laq.pl\/en\/wp-json\/wp\/v2\/product\/39762","targetHints":{"allow":["GET"]}}],"collection":[{"href":"https:\/\/laq.pl\/en\/wp-json\/wp\/v2\/product"}],"about":[{"href":"https:\/\/laq.pl\/en\/wp-json\/wp\/v2\/types\/product"}],"wp:featuredmedia":[{"embeddable":true,"href":"https:\/\/laq.pl\/en\/wp-json\/wp\/v2\/media\/39828"}],"wp:attachment":[{"href":"https:\/\/laq.pl\/en\/wp-json\/wp\/v2\/media?parent=39762"}],"wp:term":[{"taxonomy":"product_brand","embeddable":true,"href":"https:\/\/laq.pl\/en\/wp-json\/wp\/v2\/product_brand?post=39762"},{"taxonomy":"product_cat","embeddable":true,"href":"https:\/\/laq.pl\/en\/wp-json\/wp\/v2\/product_cat?post=39762"},{"taxonomy":"product_tag","embeddable":true,"href":"https:\/\/laq.pl\/en\/wp-json\/wp\/v2\/product_tag?post=39762"}],"curies":[{"name":"wp","href":"https:\/\/api.w.org\/{rel}","templated":true}]}}