{"id":39877,"date":"2026-01-12T10:54:20","date_gmt":"2026-01-12T09:54:20","guid":{"rendered":"https:\/\/laq.pl\/?post_type=product&#038;p=39877"},"modified":"2026-05-10T15:40:10","modified_gmt":"2026-05-10T13:40:10","slug":"zestaw-pan-zycia-i-mycia-dzikus-z-lasu-naklejka","status":"publish","type":"product","link":"https:\/\/laq.pl\/en\/product\/zestaw-pan-zycia-i-mycia-dzikus-z-lasu-naklejka\/","title":{"rendered":"Zestaw kosmetyk\u00f3w m\u0119skich Pan \u017bycia i Mycia DZIKUS Z LASU \u2013 \u017bel pod prysznic+ Peeling + Myd\u0142o w kostce LaQ + NAKLEJKA"},"content":{"rendered":"<h2 style=\"text-align: center;\"><strong>Praktyczny prezent dla faceta, kt\u00f3ry lubi konkretne rozwi\u0105zania :<\/strong><\/h2>\n<p>&nbsp;<\/p>\n<p>\ud83d\udc17 <a href=\"https:\/\/laq.pl\/produkt\/zel-pod-prysznic-8-w-1-dzikus-z-lasu-500-ml\/\"><strong>\u017bel pod prysznic 8 w 1 DZIKUS Z LASU 500 ml<\/strong><\/a> &#8211; naturalny i wega\u0144ski \u017cel pod prysznic dla m\u0119\u017cczyzn. Myj\u0119 ekspresowo, pachn\u0119 ekskluzywnymi perfumami, zawieram ekstrakt z d\u0119bu i jestem ekstremalnie dziki. Si\u0119gaj\u0105 po mnie nie tylko eksperci, ekscentrycy i ekspaci, ale r\u00f3wnie\u017c ekstrawertycy i eksperymentatorzy.<\/p>\n<p>\ud83d\udc17 <a href=\"https:\/\/laq.pl\/produkt\/peeling-cukrowy-myjacy-dzikus-z-lasu-220-g\/\"><strong>Peeling cukrowy myj\u0105cy DZIKUS Z LASU 220 g<\/strong><\/a> &#8211; naturalny i wega\u0144ski cukrowy peeling myj\u0105cy, firmowany twarz\u0105 (czy raczej ryjem) Dzikusa z Lasu. Og\u00f3lnie rzecz bior\u0105c mam komfortow\u0105 w u\u017cytkowaniu konsystencj\u0119 lekkiego musu. Dodatkowo nie\u017ale si\u0119 pieni\u0119, dzi\u0119ki czemu jestem \u015bwietn\u0105 alternatyw\u0105 dla \u017celu pod prysznic.<\/p>\n<p>\ud83d\udc17 <a href=\"https:\/\/laq.pl\/produkt\/mydlo-dla-facetow-w-kostce-dzikus-z-lasu-85-g\/\"><strong>Myd\u0142o dla facet\u00f3w w kostce DZIKUS Z LASU 85 g<\/strong><\/a> &#8211; glicerynowe myd\u0142o dla m\u0119\u017cczyzn w formie praktycznej i ponadczasowej kostki. R\u0119cznie robione, z czu\u0142o\u015bci\u0105 i mi\u0142o\u015bci\u0105, przy dobrej muzyce i z lampk\u0105&#8230; LED. Przyb\u0119d\u0119 do Ciebie ochoczo odziany jedynie w fiku\u015bny kartonik.<\/p>\n<p><strong>\ud83c\udf81 Zapakowany w kartonik z okienkiem wype\u0142niony siankiem<\/strong><\/p>\n<p>&nbsp;<\/p>\n<h3><strong>KIM JESTEM?<\/strong><\/h3>\n<p>Oto ja, czyli wega\u0144ski zestaw kosmetyk\u00f3w naturalnych dla m\u0119\u017cczyzny, sk\u0142adaj\u0105cy si\u0119 z \u017celu pod prysznic, peelingu myj\u0105cego oraz myd\u0142a w kostce. Legendarny Dzikus z Lasu ma oryginalny zapach walki o szyszki, kt\u00f3ry przenika si\u0119 z ekskluzywnymi m\u0119skimi perfumami. Seria ta jest idealna dla ekstremalnego dzika, ale tak\u017ce dla eksperta, ekscentryka i ekspata, jak r\u00f3wnie\u017c dla ekstrawertyka i eksperymentatora. Receptura \u017celu pod prysznic bazuje na delikatnych substancjach myj\u0105cych. Zawiera on nawil\u017caj\u0105c\u0105 gliceryn\u0119, a tak\u017ce koj\u0105cy ekstrakt z kory d\u0119bu bezszypu\u0142kowego. Z kolei cukrowy peeling myj\u0105cy skutecznie oczy\u015bci Twoj\u0105 sk\u00f3r\u0119 i usunie z niej martwy nask\u00f3rek. Myd\u0142o w kostce natomiast umyje Ci\u0119 \u0142agodnie, nawet je\u015bli Twoja sk\u00f3ra jest delikatna i wra\u017cliwa.<\/p>\n<p>&nbsp;<\/p>\n<h3><strong>CO MOG\u0118 DLA CIEBIE ZROBI\u0106?<\/strong><\/h3>\n<p>Szukasz prezentu dla faceta na urodziny? A mo\u017ce interesuje Ci\u0119 pomys\u0142 na niebanalny prezent dla kumpla na imieniny? Upominek na Dzie\u0144 Ch\u0142opaka, podarunek na \u015bwi\u0119ta? Jeste\u015b we w\u0142a\u015bciwym miejscu, bowiem na prezent dla m\u0119\u017cczyzny nadaj\u0119 si\u0119 idealnie! W szczeg\u00f3lno\u015bci dlatego, \u017ce jestem zapakowany w gustowne pude\u0142ko prezentowe z okienkiem i wygodnym siankiem. Zapewniam Ci\u0119, \u017ce dzika rado\u015b\u0107 i szcz\u0119\u015bcie obdarowanego murowane!<\/p>\n<p>&nbsp;<\/p>\n<h3><strong>PYTASZ KOTKU, CO MAM W \u015aRODKU?<\/strong><\/h3>\n<p>\ud83d\udc17 <a href=\"https:\/\/laq.pl\/produkt\/zel-pod-prysznic-8-w-1-dzikus-z-lasu-500-ml\/\"><strong>\u017bel pod prysznic 8 w 1 DZIKUS Z LASU 500 ml<\/strong><\/a> &#8211; <span style=\"font-weight: 400;\">Moja receptura bazuje bowiem na delikatnych substancjach myj\u0105cych. Ponadto zawieram w sobie nawil\u017caj\u0105c\u0105 gliceryn\u0119 pochodzenia ro\u015blinnego, a tak\u017ce koj\u0105cy ekstrakt z kory d\u0119bu bezszypu\u0142kowego. Jak widzisz, nie musisz przede mn\u0105 na drzewo pr\u0119dko zmyka\u0107!\u00a0<\/span><\/p>\n<p>\ud83d\udc17 <a href=\"https:\/\/laq.pl\/produkt\/peeling-cukrowy-myjacy-dzikus-z-lasu-220-g\/\"><strong>Peeling cukrowy myj\u0105cy DZIKUS Z LASU 220 g<\/strong><\/a> &#8211; Zawieram w sobie wspaniale \u0142agodz\u0105c\u0105 alantoin\u0119 oraz gliceryn\u0119 pochodzenia ro\u015blinnego o dzia\u0142aniu intensywnie nawil\u017caj\u0105cym. Dodatkowo mam dla Ciebie regeneruj\u0105cy ekstrakt z kakaowca oraz niezwykle od\u017cywczy olej z oliwek.<\/p>\n<p>\ud83d\udc17 <a href=\"https:\/\/laq.pl\/produkt\/mydlo-dla-facetow-w-kostce-dzikus-z-lasu-85-g\/\"><strong>Myd\u0142o dla facet\u00f3w w kostce DZIKUS Z LASU 85 g<\/strong><\/a> &#8211; mas\u0142a shea, kakaowe i mango. Jak wymawia si\u0119 &#8220;shea&#8221;, tego nie wie nikt (cho\u0107 i tak nikt si\u0119 nie przyzna). Kakaowe to praaawie czekolada, a jak co\u015b jest z czekolad\u0105, to musi by\u0107 dobre. Z kolei mango &#8211; jak sama jak\u017ce zagraniczna nazwa wskazuje &#8211; jest bardzo, ale to bardzo m\u0119skie.<\/p>\n<p>(dok\u0142adne sk\u0142ady INCI poszczeg\u00f3lnych produkt\u00f3w znajdziesz pod powy\u017cszymi linkami)<\/p>\n<p>&nbsp;<\/p>\n<h3><strong>POZNAJ MOJE NUTY ZAPACHOWE:<\/strong><\/h3>\n<ul>\n<li><strong>g\u0142owy:<\/strong> bergamotka, czarna porzeczka, ananas, kwiat pomara\u0144czy<\/li>\n<li><strong>serca:<\/strong> paczula, ja\u015bmin, zio\u0142a<\/li>\n<li><strong>podstawy:<\/strong> mech d\u0119bowy, pi\u017cmo, bursztyn<\/li>\n<\/ul>\n<p>&nbsp;<\/p>\n<h3><strong>A CO M\u00d3WI\u0104 NA MIE\u015aCIE?<\/strong><\/h3>\n<p><em>Nadaje si\u0119 tak\u017ce do golenia wszystkiego, co golisz, ale my niekoniecznie musimy o tym wiedzie\u0107.<\/em><br \/>\n<em>Co ciekawe \u2013 100% badanych m\u0119\u017cczyzn potwierdzi\u0142o, \u017ce po u\u017cyciu Ekstremalnie Dzikiego \u017belu nie maj\u0105 cellulitu.<\/em><br \/>\n<em>Brak negatywnych komentarzy.<\/em><br \/>\n<em>Ale szczerze, nawet gdyby si\u0119 pojawi\u0142y, to i tak zignorowaliby\u015bmy je, bo wszystkie loszki zgodnie twierdz\u0105, \u017ce \u017cel dziko pachnie.<\/em><br \/>\n<em>100% zadowolonych m\u0119\u017cczyzn*<\/em><\/p>\n<p><em>* Badanie przeprowadzone na celowo do tego wybranej grupie 2 m\u0119\u017cczyzn. Obydwaj o\u015bwiadczyli, \u017ce Ekstremalnie Dziki \u017bel myje.<\/em><\/p>\n<p>&nbsp;<\/p>\n<p><img loading=\"lazy\" decoding=\"async\" class=\"alignnone size-full wp-image-11144\" src=\"https:\/\/laq.pl\/wp-content\/uploads\/2024\/03\/weganski100.jpg\" alt=\"\" width=\"100\" height=\"100\" srcset=\"https:\/\/laq.pl\/wp-content\/uploads\/2024\/03\/weganski100.jpg 100w, https:\/\/laq.pl\/wp-content\/uploads\/2024\/03\/weganski100-50x50.jpg 50w\" sizes=\"auto, (max-width: 100px) 100vw, 100px\" \/> <img loading=\"lazy\" decoding=\"async\" class=\"alignnone size-full wp-image-11143\" src=\"https:\/\/laq.pl\/wp-content\/uploads\/2024\/03\/derma-100.jpg\" alt=\"\" width=\"100\" height=\"100\" srcset=\"https:\/\/laq.pl\/wp-content\/uploads\/2024\/03\/derma-100.jpg 100w, https:\/\/laq.pl\/wp-content\/uploads\/2024\/03\/derma-100-50x50.jpg 50w\" sizes=\"auto, (max-width: 100px) 100vw, 100px\" \/><\/p>\n","protected":false},"excerpt":{"rendered":"<p><strong>Kartonik prezentowy z naklejk\u0105, a w nim:<\/strong><\/p>\n<p>\ud83d\udc17 <a href=\"https:\/\/laq.pl\/produkt\/zel-pod-prysznic-8-w-1-dzikus-z-lasu-500-ml\/\"><strong>\u017bel pod prysznic 8 w 1 DZIKUS Z LASU 500 ml<\/strong><\/a><\/p>\n<p>\ud83d\udc17 <a href=\"https:\/\/laq.pl\/produkt\/peeling-cukrowy-myjacy-dzikus-z-lasu-220-g\/\"><strong>Peeling cukrowy myj\u0105cy DZIKUS Z LASU 220 g<\/strong><\/a><\/p>\n<p>\ud83d\udc17 <a href=\"https:\/\/laq.pl\/produkt\/mydlo-dla-facetow-w-kostce-dzikus-z-lasu-85-g\/\"><strong>Myd\u0142o dla facet\u00f3w w kostce DZIKUS Z LASU 85 g<\/strong><\/a><\/p>\n","protected":false},"featured_media":40116,"template":"","meta":{"_acf_changed":false},"product_brand":[],"product_cat":[229,91,233,103],"product_tag":[292,839],"class_list":{"0":"post-39877","1":"product","2":"type-product","3":"status-publish","4":"has-post-thumbnail","6":"product_cat-dla-prawdziwego-mezczyzny","7":"product_cat-dzikus-z-lasu","8":"product_cat-meskie","9":"product_cat-zestawy-na-prezent","10":"product_tag-dzikus-z-lasu","11":"product_tag-idealny-prezent","14":"first","15":"instock","16":"taxable","17":"shipping-taxable","18":"purchasable","19":"product-type-simple"},"acf":[],"_links":{"self":[{"href":"https:\/\/laq.pl\/en\/wp-json\/wp\/v2\/product\/39877","targetHints":{"allow":["GET"]}}],"collection":[{"href":"https:\/\/laq.pl\/en\/wp-json\/wp\/v2\/product"}],"about":[{"href":"https:\/\/laq.pl\/en\/wp-json\/wp\/v2\/types\/product"}],"wp:featuredmedia":[{"embeddable":true,"href":"https:\/\/laq.pl\/en\/wp-json\/wp\/v2\/media\/40116"}],"wp:attachment":[{"href":"https:\/\/laq.pl\/en\/wp-json\/wp\/v2\/media?parent=39877"}],"wp:term":[{"taxonomy":"product_brand","embeddable":true,"href":"https:\/\/laq.pl\/en\/wp-json\/wp\/v2\/product_brand?post=39877"},{"taxonomy":"product_cat","embeddable":true,"href":"https:\/\/laq.pl\/en\/wp-json\/wp\/v2\/product_cat?post=39877"},{"taxonomy":"product_tag","embeddable":true,"href":"https:\/\/laq.pl\/en\/wp-json\/wp\/v2\/product_tag?post=39877"}],"curies":[{"name":"wp","href":"https:\/\/api.w.org\/{rel}","templated":true}]}}