{"id":39891,"date":"2025-10-29T19:33:27","date_gmt":"2025-10-29T18:33:27","guid":{"rendered":"https:\/\/laq.pl\/?post_type=product&#038;p=39891"},"modified":"2026-05-06T09:23:04","modified_gmt":"2026-05-06T07:23:04","slug":"zestaw-pan-zycia-i-mycia-zapach-seksu-i-biznesu-naklejka","status":"publish","type":"product","link":"https:\/\/laq.pl\/en\/product\/zestaw-pan-zycia-i-mycia-zapach-seksu-i-biznesu-naklejka\/","title":{"rendered":"#Zestaw kosmetyk\u00f3w m\u0119skich Pan \u017bycia i Mycia ZAPACH SEKSU I BIZNESU \u2013 \u017bel pod prysznic+ Peeling + Myd\u0142o w kostce LaQ + NAKLEJKA"},"content":{"rendered":"<h2 style=\"text-align: center;\"><strong>Praktyczny prezent dla faceta, kt\u00f3ry lubi konkretne rozwi\u0105zania :<\/strong><\/h2>\n<p>&nbsp;<\/p>\n<p>\ud83d\udc15<a href=\"https:\/\/laq.pl\/produkt\/zel-pod-prysznic-8w1-SEKS I BIZNES-500-ml\/\"><strong> \u017bel pod prysznic 8 w 1 ZAPACH SEKSU I BIZNESU 500 ml<\/strong><\/a> &#8211; wega\u0144ski i niezwykle m\u0119ski \u017cel pod prysznic. Pachn\u0119 dobrym seksem i udanym biznesem, a odwracaj\u0105c psa ogonem &#8211; udanym seksem i dobrym biznesem. Sam nie wiem, czym bardziej. Dobry nos wyczuje te\u017c u mnie m\u0119skie perfumy z nut\u0105 kardamonu i czarnego pieprzu. Kto\u015b kiedy\u015b powiedzia\u0142 o mnie &#8220;najlepszy&#8221; i jak dot\u0105d tego nie odszczeka\u0142.<\/p>\n<p>\ud83d\udc15 <a href=\"https:\/\/laq.pl\/produkt\/peeling-cukrowy-myjacy-SEKS I BIZNES-220-g\/\"><strong>Peeling cukrowy myj\u0105cy ZAPACH SEKSU I BIZNESU 220 g<\/strong><\/a> &#8211; naturalny i wega\u0144ski cukrowy peeling myj\u0105cy, firmowany twarz\u0105 (czy raczej pyskiem) SEKS I BIZNESa. Og\u00f3lnie rzecz bior\u0105c mam komfortow\u0105 w u\u017cytkowaniu konsystencj\u0119 lekkiego musu. Dodatkowo nie\u017ale si\u0119 pieni\u0119, dzi\u0119ki czemu jestem \u015bwietn\u0105 alternatyw\u0105 dla \u017celu pod prysznic.<\/p>\n<p>\ud83d\udc15<a href=\"https:\/\/laq.pl\/produkt\/mydlo-dla-facetow-w-kostce-SEKS I BIZNES-85-g\/\"><strong> Myd\u0142o dla facet\u00f3w w kostce ZAPACH SEKSU I BIZNESU 85 g<\/strong><\/a> &#8211; glicerynowe myd\u0142o dla m\u0119\u017cczyzn w formie praktycznej i ponadczasowej kostki. R\u0119cznie robione, z czu\u0142o\u015bci\u0105 i mi\u0142o\u015bci\u0105, przy dobrej muzyce i z lampk\u0105&#8230; LED. Przyb\u0119d\u0119 do Ciebie ochoczo odziany jedynie w fiku\u015bny kartonik.<\/p>\n<p><strong>\ud83c\udf81 Zapakowany w kartonik z okienkiem wype\u0142niony siankiem<\/strong><\/p>\n<p>&nbsp;<\/p>\n<h3><strong>KIM JESTEM?<\/strong><\/h3>\n<p>Oto ja, czyli wega\u0144ski zestaw kosmetyk\u00f3w naturalnych dla m\u0119\u017cczyzny, sk\u0142adaj\u0105cy si\u0119 z \u017celu pod prysznic, peelingu myj\u0105cego oraz myd\u0142a w kostce. Kto\u015b kiedy\u015b powiedzia\u0142 o SEKS I BIZNESie &#8220;najlepszy&#8221; i jak dot\u0105d tego nie odszczeka\u0142. Dobry nos wyczuje w nim m\u0119skie perfumy z nut\u0105 kardamonu i czarnego pieprzu. Seria ta jest idealna dla tych, kt\u00f3rzy lubi\u0105 dobry seks i udany biznes, jak r\u00f3wnie\u017c udany seks i dobry biznes. Receptura \u017celu pod prysznic bazuje na delikatnych substancjach myj\u0105cych. Zawiera on nawil\u017caj\u0105c\u0105 gliceryn\u0119, a tak\u017ce ekstrakt z nasion kardamonu, mocznik oraz niacynamid.\u00a0Z kolei cukrowy peeling myj\u0105cy skutecznie oczy\u015bci Twoj\u0105 sk\u00f3r\u0119 i usunie z niej martwy nask\u00f3rek. Myd\u0142o w kostce natomiast umyje Ci\u0119 \u0142agodnie, nawet je\u015bli Twoja sk\u00f3ra jest delikatna i wra\u017cliwa.<\/p>\n<p>&nbsp;<\/p>\n<h3><strong>CO MOG\u0118 DLA CIEBIE ZROBI\u0106?<\/strong><\/h3>\n<p>Szukasz prezentu dla faceta na urodziny? A mo\u017ce interesuje Ci\u0119 pomys\u0142 na niebanalny prezent dla kumpla na imieniny? Upominek na Dzie\u0144 Ch\u0142opaka, podarunek na \u015bwi\u0119ta? Jeste\u015b we w\u0142a\u015bciwym miejscu, bowiem na prezent dla m\u0119\u017cczyzny nadaj\u0119 si\u0119 idealnie! W szczeg\u00f3lno\u015bci dlatego, \u017ce jestem zapakowany w gustowne pude\u0142ko prezentowe z okienkiem i wygodnym siankiem. Zapewniam Ci\u0119, \u017ce rado\u015b\u0107 i dzikie skoki obdarowanego murowane!<\/p>\n<p>&nbsp;<\/p>\n<h3><strong>PYTASZ KOTKU, CO MAM W \u015aRODKU?<\/strong><\/h3>\n<p>\ud83d\udc15<a href=\"https:\/\/laq.pl\/produkt\/zel-pod-prysznic-8w1-SEKS I BIZNES-500-ml\/\"><strong> \u017bel pod prysznic 8 w 1 ZAPACH SEKSU I BIZNESU 500 ml<\/strong><\/a> &#8211; Na zewn\u0105trz jestem twardy, zdecydowany i bezkompromisowy, jednak wewn\u0105trz skrywam prawdziw\u0105 natur\u0119, opart\u0105 na \u0142agodnych substancjach myj\u0105cych pochodzenia ro\u015blinnego. Zawieram gliceryn\u0119 (r\u00f3wnie\u017c pochodzenia ro\u015blinnego), ekstrakt z nasion kardamonu, mocznik oraz niacynamid.<\/p>\n<p>\ud83d\udc15 <strong><a href=\"https:\/\/laq.pl\/produkt\/peeling-cukrowy-myjacy-SEKS I BIZNES-220-g\/\">Peeling cukrowy myj\u0105cy ZAPACH SEKSU I BIZNESU 220 g<\/a> &#8211; <\/strong>Zawieram w sobie wspaniale \u0142agodz\u0105c\u0105 alantoin\u0119 oraz gliceryn\u0119 pochodzenia ro\u015blinnego o dzia\u0142aniu intensywnie nawil\u017caj\u0105cym. Dodatkowo mam dla Ciebie regeneruj\u0105cy ekstrakt z kakaowca oraz niezwykle od\u017cywczy olej z oliwek.<\/p>\n<p>\ud83d\udc15<a href=\"https:\/\/laq.pl\/produkt\/mydlo-dla-facetow-w-kostce-SEKS I BIZNES-85-g\/\"><strong> Myd\u0142o dla facet\u00f3w w kostce ZAPACH SEKSU I BIZNESU 85 g<\/strong><\/a> &#8211; szlachetne mas\u0142a, a mianowicie shea, kakaowe i mango. Jak wymawia si\u0119 &#8220;shea&#8221;, tego nie wie nikt (cho\u0107 i tak nikt si\u0119 nie przyzna). Kakaowe to praaawie czekolada, a jak co\u015b jest z czekolad\u0105, to musi by\u0107 dobre. Z kolei mango &#8211; jak sama jak\u017ce zagraniczna nazwa wskazuje &#8211; jest bardzo, ale to bardzo m\u0119skie.<\/p>\n<p>(dok\u0142adne sk\u0142ady INCI poszczeg\u00f3lnych produkt\u00f3w znajdziesz pod powy\u017cszymi linkami)<\/p>\n<p>&nbsp;<\/p>\n<h3><strong>POZNAJ MOJE NUTY ZAPACHOWE:<\/strong><\/h3>\n<ul>\n<li><strong>g\u0142owy:<\/strong> cytryna, grejpfrut, nuty wodne<\/li>\n<li><strong>serca:<\/strong> jab\u0142ko, mi\u0119ta, r\u00f3\u017cowy pieprz, r\u00f3\u017ca<\/li>\n<li><strong>podstawy:<\/strong> drzewo cedrowe, drzewo sanda\u0142owe, suche drewno, fasola tonka, pi\u017cmo<\/li>\n<\/ul>\n<p>&nbsp;<\/p>\n<h3><strong>A CO M\u00d3WI\u0104 NA MIE\u015aCIE?<\/strong><\/h3>\n<p><em>Pr\u00f3ba zarobienia pieni\u0119dzy, a mo\u017ce dziki seks sprawi\u0142y, \u017ce Twoja sk\u00f3ra pachnie niczym sier\u015b\u0107 mokrego psa?<\/em><br \/>\n<em>Taki jest zapach seksu i biznesu?!<\/em><br \/>\n<em>Panowie&#8230; Nie!<br \/>\nTo trzeba przecie\u017c zmy\u0107!<br \/>\nSEKS I BIZNES to klasa sama w sobie!<\/em><br \/>\n<em>Pozostawi na Tobie niesamowity zapach pieni\u0119dzy ju\u017c zarobionych i zadowoli Twoj\u0105 kobiet\u0119 jeszcze po stokro\u0107 bardziej!<\/em><br \/>\n<em>Nieokie\u0142znanym osobnikom pomo\u017ce usun\u0105\u0107 nut\u0119 wstydu, gdy zostan\u0105 przy\u0142apani na uganianiu si\u0119 za innymi suczkami,<br \/>\na co najwa\u017cniejsze zmyje nawet plam\u0119 z honoru i wyma\u017ce ka\u017cdy szczeni\u0119cy wybryk z pami\u0119ci.<\/em><\/p>\n<p>&nbsp;<\/p>\n<p><img loading=\"lazy\" decoding=\"async\" class=\"alignnone wp-image-49200 size-medium\" src=\"https:\/\/laq.pl\/wp-content\/uploads\/2026\/02\/uniwersalny-300x177.jpg\" alt=\"piktogram znaku testowanie dermatologicznie oraz znak produktu wega\u0144skiego\" width=\"300\" height=\"177\" srcset=\"https:\/\/laq.pl\/wp-content\/uploads\/2026\/02\/uniwersalny-300x177.jpg 300w, https:\/\/laq.pl\/wp-content\/uploads\/2026\/02\/uniwersalny-726x429.jpg 726w, https:\/\/laq.pl\/wp-content\/uploads\/2026\/02\/uniwersalny.jpg 769w\" sizes=\"auto, (max-width: 300px) 100vw, 300px\" \/><\/p>\n","protected":false},"excerpt":{"rendered":"<p><strong>kartonik prezentowy z naklejk\u0105, a w nim:<\/strong><\/p>\n<p>\ud83d\udc15<a href=\"https:\/\/laq.pl\/produkt\/zel-pod-prysznic-8w1-ZAPACH SEKSU I BIZNESU-500-ml\/\"><strong> \u017bel pod prysznic 8 w 1 ZAPACH SEKSU I BIZNESU 500 ml<\/strong><\/a><\/p>\n<p>\ud83d\udc15 <a href=\"https:\/\/laq.pl\/produkt\/peeling-cukrowy-myjacy-ZAPACH SEKSU I BIZNESU-220-g\/\"><strong>Peeling cukrowy myj\u0105cy ZAPACH SEKSU I BIZNESU 220 g<\/strong><\/a><\/p>\n<p>\ud83d\udc15<a href=\"https:\/\/laq.pl\/produkt\/mydlo-dla-facetow-w-kostce-ZAPACH SEKSU I BIZNESU-85-g\/\"><strong> Myd\u0142o dla facet\u00f3w w kostce ZAPACH SEKSU I BIZNESU 85 g<\/strong><\/a><\/p>\n","protected":false},"featured_media":40134,"template":"","meta":{"_acf_changed":false},"product_brand":[],"product_cat":[229,233,92,103],"product_tag":[839,893],"class_list":{"0":"post-39891","1":"product","2":"type-product","3":"status-publish","4":"has-post-thumbnail","6":"product_cat-dla-prawdziwego-mezczyzny","7":"product_cat-meskie","8":"product_cat-zapach-seksu-i-biznesu","9":"product_cat-zestawy-na-prezent","10":"product_tag-idealny-prezent","11":"product_tag-zapach-seksu-i-biznesu","14":"first","15":"instock","16":"taxable","17":"shipping-taxable","18":"purchasable","19":"product-type-simple"},"acf":[],"_links":{"self":[{"href":"https:\/\/laq.pl\/en\/wp-json\/wp\/v2\/product\/39891","targetHints":{"allow":["GET"]}}],"collection":[{"href":"https:\/\/laq.pl\/en\/wp-json\/wp\/v2\/product"}],"about":[{"href":"https:\/\/laq.pl\/en\/wp-json\/wp\/v2\/types\/product"}],"wp:featuredmedia":[{"embeddable":true,"href":"https:\/\/laq.pl\/en\/wp-json\/wp\/v2\/media\/40134"}],"wp:attachment":[{"href":"https:\/\/laq.pl\/en\/wp-json\/wp\/v2\/media?parent=39891"}],"wp:term":[{"taxonomy":"product_brand","embeddable":true,"href":"https:\/\/laq.pl\/en\/wp-json\/wp\/v2\/product_brand?post=39891"},{"taxonomy":"product_cat","embeddable":true,"href":"https:\/\/laq.pl\/en\/wp-json\/wp\/v2\/product_cat?post=39891"},{"taxonomy":"product_tag","embeddable":true,"href":"https:\/\/laq.pl\/en\/wp-json\/wp\/v2\/product_tag?post=39891"}],"curies":[{"name":"wp","href":"https:\/\/api.w.org\/{rel}","templated":true}]}}