{"id":39929,"date":"2025-10-30T08:33:58","date_gmt":"2025-10-30T07:33:58","guid":{"rendered":"https:\/\/laq.pl\/?post_type=product&#038;p=39929"},"modified":"2026-04-07T10:11:48","modified_gmt":"2026-04-07T08:11:48","slug":"zestaw-z-mycia-wziety-rekin-biznesu-2","status":"publish","type":"product","link":"https:\/\/laq.pl\/en\/product\/zestaw-z-mycia-wziety-rekin-biznesu-2\/","title":{"rendered":"M\u0119ski zestaw prezentowy Z Mycia Wzi\u0119ty REKIN BIZNESU \u2013 Szampon i \u017bel pod prysznic LaQ"},"content":{"rendered":"<h2 style=\"text-align: center;\"><strong>Legendarny duet dla m\u0119\u017cczyzn, kt\u00f3rzy sukces maj\u0105 we krwi, a zapach na sk\u00f3rze<\/strong><\/h2>\n<p>&nbsp;<\/p>\n<p>\ud83e\udd88 <a href=\"https:\/\/laq.pl\/produkt\/zel-pod-prysznic-rekin-biznesu-premium\/\"><strong>\u017bel pod prysznic 8 w 1 REKIN BIZNESU \u2013 PREMIUM 500 ml<\/strong><\/a> &#8211; Ten \u017cel to cacuszko \u2013 grube ryby nie \u0142api\u0105 si\u0119 na byle przyn\u0119t\u0119. To jest wersja REKIN PREMIUM! Nie zawiera diamentowego py\u0142u i nie ma z\u0142otej pompki, ale daje +10 do presti\u017cu. Postawiony go na p\u00f3\u0142ce wygl\u0105da co najmniej tak godnie jak Oscar, Nobel albo Puchar Stanleya.<br \/>\n\ud83e\udd88 <strong>Szampon dla facet\u00f3w 1 w 1 REKIN BIZNESU 300 ml<\/strong> &#8211; <span style=\"font-weight: 400;\">O dzia\u0142aniu regeneracyjnym \u2013 z ekstraktami z szafranu, kardamonu i tytoniu. Ekspert od mokrej roboty.<\/span><\/p>\n<p><strong>\ud83c\udf81 Zapakowany w kartonik z okienkiem wype\u0142niony wk\u0142adk\u0105<\/strong><\/p>\n<p>&nbsp;<\/p>\n<h3><strong>KIM JESTEM?<\/strong><\/h3>\n<p>Oto ja, czyli wega\u0144ski zestaw kosmetyk\u00f3w naturalnych dla m\u0119\u017cczyzny, sk\u0142adaj\u0105cy si\u0119 z \u017celu pod prysznic oraz szamponu do w\u0142os\u00f3w o dzia\u0142aniu wzmacniaj\u0105cym. Seria ta jest idealna dla facet\u00f3w z kreatywnym podej\u015bciem do ksi\u0119gowo\u015bci i finans\u00f3w, kt\u00f3rzy nawet po najci\u0119\u017cszym dniu wracaj\u0105 na aren\u0119 \u015bwie\u017cy, pachn\u0105cy i gotowi na nowe wyzwania bez kompromos\u00f3w! Receptura \u017celu pod prysznic bazuje na delikatnych substancjach myj\u0105cych. Zawiera on nawil\u017caj\u0105c\u0105 gliceryn\u0119, a tak\u017ce ekstrakty z czarnego pieprzu, pio\u0142unu oraz \u017ce\u0144-szenia. Z kolei szampon wzmacniaj\u0105cy zawiera ekstrakty ro\u015blinne, kt\u00f3re kondycjonuj\u0105 i wyg\u0142adzaj\u0105 niepokorne pasma w\u0142os\u00f3w.<\/p>\n<p>&nbsp;<\/p>\n<h3><strong>CO MOG\u0118 DLA CIEBIE ZROBI\u0106?<\/strong><\/h3>\n<p>Szukasz prezentu dla faceta na urodziny? A mo\u017ce interesuje Ci\u0119 pomys\u0142 na niebanalny prezent dla kumpla na imieniny? Upominek na Dzie\u0144 Ch\u0142opaka, podarunek na \u015bwi\u0119ta? Jeste\u015b we w\u0142a\u015bciwym miejscu, bowiem na prezent dla m\u0119\u017cczyzny nadaj\u0119 si\u0119 idealnie! W szczeg\u00f3lno\u015bci dlatego, \u017ce jestem zapakowany w gustowne pude\u0142ko prezentowe z okienkiem i siankiem. Zapewniam Ci\u0119, \u017ce bycza rado\u015b\u0107 i szcz\u0119\u015bcie obdarowanego murowane!<\/p>\n<p>&nbsp;<\/p>\n<h3><strong>PYTASZ KOTKU, CO MAM W \u015aRODKU?<\/strong><\/h3>\n<p>\ud83e\udd88 <a href=\"https:\/\/laq.pl\/produkt\/zel-pod-prysznic-rekin-biznesu-premium\/\"><strong>\u017bel pod prysznic 8 w 1 REKIN BIZNESU \u2013 PREMIUM 500 ml<\/strong><\/a> &#8211; sk\u0142ad to morze korzy\u015bci! Ekstrakt z czarnego pieprzu pobudza mikrokr\u0105\u017cenie i dzia\u0142a rozgrzewaj\u0105co. Ostry i gor\u0105cy? Ca\u0142y Ty (nie tylko w biznesie!). Ekstrakt z pio\u0142unu tonizuje i od\u015bwie\u017ca sk\u00f3r\u0119, a z \u017ce\u0144-szenia \u2013 rewitalizuje, dodaje jej energii i kondycjonuje. Gliceryna pochodzenia ro\u015blinnego wi\u0105\u017ce wod\u0119 w nask\u00f3rku i nie dopuszcza do jego przesuszania, podczas gdy za oczyszczanie odpowiadaj\u0105 substancje pochodz\u0105ce z oleju kokosowego. To nie jest \u017cel dla byle p\u0142otki, to must have dla grubych ryb.<\/p>\n<p>\ud83e\udd88 <strong>Szampon dla facet\u00f3w 1 w 1 REKIN BIZNESU 300 ml<\/strong> &#8211; Ty gwarantujesz kreatywn\u0105 ksi\u0119gowo\u015b\u0107, ja \u2013 bogactwo sk\u0142adnik\u00f3w ro\u015blinnych. Znajdziesz tu ekstrakt z \u017ce\u0144-szenia, kt\u00f3ry zapobiega wypadaniu w\u0142os\u00f3w, z pio\u0142unu \u2013 tonizuj\u0105cy i od\u015bwie\u017caj\u0105cy w\u0142osy oraz ekstrakt z czarnego pieprzu, kt\u00f3ry pobudza mikrokr\u0105\u017cenie sk\u00f3ry g\u0142owy i stymuluje cebulki. O nawil\u017cenie sk\u00f3ry g\u0142owy dba gliceryna pochodzenia ro\u015blinnego. Kontrola nad puszeniem w\u0142os\u00f3w \u2013 gratis!<\/p>\n<p><em><strong>Sk\u0142ad:<\/strong><\/em> <em>Aqua, Sodium Coco-Sulfate, Coco-Glucoside, Cocamidopropyl Betaine, Glycerin, Sodium Cocoyl Isethionate, Glyceryl Oleate, Piper Nigrum Fruit Extract, Artemisia Absinthium Extract, Panax Ginseng Root Extract, Sodium Gluconate, Citric Acid, Sodium Chloride, Sodium Benzoate, Potassium Sorbate, Parfum, Limonene, Linalool, Hexamethylindanopyran, Linalyl Acetate, Tetramethyl Acetyloctahydronaphthalenes, Citrus Aurantium Bergamia Peel Oil.<\/em><\/p>\n<p>(dok\u0142adne sk\u0142ady INCI poszczeg\u00f3lnych produkt\u00f3w znajdziesz pod powy\u017cszymi linkami)<\/p>\n<p>&nbsp;<\/p>\n<h3><strong>POZNAJ MOJE NUTY ZAPACHOWE:<\/strong><\/h3>\n<ul>\n<li><strong>g\u0142owy: <\/strong>lawenda, bergamotka, \u015bwie\u017ce, cytrusowe<\/li>\n<li><strong>serca: <\/strong>kwiatowe (fio\u0142ek, lilia), zielone<\/li>\n<li><strong>podstawy: <\/strong>pi\u017cmo, drzewo sanda\u0142owe, ambra, fasola Tonka<\/li>\n<\/ul>\n<p>&nbsp;<\/p>\n<h3><strong>A CO M\u00d3WI\u0104 NA MIE\u015aCIE?<\/strong><\/h3>\n<p><em>Gruba ryba na dzielni, urodzony byznesmen i szanowany w kr\u0119gach rekin finansjery. \u201ePremia, panie Areczku, to jest dla zarz\u0105du. Dla pana jest bombonierka.\u201d \u2013 tak za\u0142atwiasz tematy. Nazywaj\u0105 Ci\u0119 \u201erekinem premiojadem\u201d? Nonsens! Przecie\u017c dajesz tylko wzorowy przyk\u0142ad rozs\u0105dnego zarz\u0105dzania benefitami pracowniczymi. Im mniej zarobi\u0105, tym mniej wydadz\u0105, a im mniej wydadz\u0105, tym szybciej stan\u0105 si\u0119 bogaci!<br \/>\nJak m\u00f3wi Klasyk: \u201eW \u017cyciu musisz by\u0107 rekinem, je\u015bli nie chcesz, \u017ceby dopad\u0142y ci\u0119 inne rekiny.\u201d No i wiadomo: kto nie ryzykuje, ten nie pije szampana. A w biznesie za ko\u0142nierz si\u0119 nie wylewa.<\/em><\/p>\n<p>&nbsp;<\/p>\n<p><img loading=\"lazy\" decoding=\"async\" class=\"alignnone wp-image-49200 size-medium\" src=\"https:\/\/laq.pl\/wp-content\/uploads\/2026\/02\/uniwersalny-300x177.jpg\" alt=\"piktogram znaku testowanie dermatologicznie oraz znak produktu wega\u0144skiego\" width=\"300\" height=\"177\" srcset=\"https:\/\/laq.pl\/wp-content\/uploads\/2026\/02\/uniwersalny-300x177.jpg 300w, https:\/\/laq.pl\/wp-content\/uploads\/2026\/02\/uniwersalny-726x429.jpg 726w, https:\/\/laq.pl\/wp-content\/uploads\/2026\/02\/uniwersalny.jpg 769w\" sizes=\"auto, (max-width: 300px) 100vw, 300px\" \/><\/p>\n","protected":false},"excerpt":{"rendered":"<p><strong>Kartonik prezentowy, a w nim w czarnych etykietach:<\/strong><\/p>\n<p>\ud83e\udd88 <a href=\"https:\/\/laq.pl\/produkt\/zel-pod-prysznic-rekin-biznesu-premium\/\"><strong>\u017bel pod prysznic 8 w 1 REKIN BIZNESU \u2013 PREMIUM 500 ml<\/strong><\/a><\/p>\n<p>\ud83e\udd88 <strong>Szampon dla facet\u00f3w 1 w 1 REKIN BIZNESU 300 ml<\/strong><\/p>\n","protected":false},"featured_media":39853,"template":"","meta":{"_acf_changed":false},"product_brand":[],"product_cat":[229,233,858,103],"product_tag":[],"class_list":{"0":"post-39929","1":"product","2":"type-product","3":"status-publish","4":"has-post-thumbnail","6":"product_cat-dla-prawdziwego-mezczyzny","7":"product_cat-meskie","8":"product_cat-nowosci","9":"product_cat-zestawy-na-prezent","12":"first","13":"instock","14":"taxable","15":"shipping-taxable","16":"purchasable","17":"product-type-simple"},"acf":[],"_links":{"self":[{"href":"https:\/\/laq.pl\/en\/wp-json\/wp\/v2\/product\/39929","targetHints":{"allow":["GET"]}}],"collection":[{"href":"https:\/\/laq.pl\/en\/wp-json\/wp\/v2\/product"}],"about":[{"href":"https:\/\/laq.pl\/en\/wp-json\/wp\/v2\/types\/product"}],"wp:featuredmedia":[{"embeddable":true,"href":"https:\/\/laq.pl\/en\/wp-json\/wp\/v2\/media\/39853"}],"wp:attachment":[{"href":"https:\/\/laq.pl\/en\/wp-json\/wp\/v2\/media?parent=39929"}],"wp:term":[{"taxonomy":"product_brand","embeddable":true,"href":"https:\/\/laq.pl\/en\/wp-json\/wp\/v2\/product_brand?post=39929"},{"taxonomy":"product_cat","embeddable":true,"href":"https:\/\/laq.pl\/en\/wp-json\/wp\/v2\/product_cat?post=39929"},{"taxonomy":"product_tag","embeddable":true,"href":"https:\/\/laq.pl\/en\/wp-json\/wp\/v2\/product_tag?post=39929"}],"curies":[{"name":"wp","href":"https:\/\/api.w.org\/{rel}","templated":true}]}}