{"id":40456,"date":"2026-01-12T10:54:24","date_gmt":"2026-01-12T09:54:24","guid":{"rendered":"https:\/\/laq.pl\/?post_type=product&#038;p=40456"},"modified":"2026-04-05T19:21:11","modified_gmt":"2026-04-05T17:21:11","slug":"zestaw-ich-troje-mokra-korporacja-2-0","status":"publish","type":"product","link":"https:\/\/laq.pl\/en\/product\/zestaw-ich-troje-mokra-korporacja-2-0\/","title":{"rendered":"Zestaw prezentowy dla m\u0119\u017cczyzn Ich Troje MOKRA KORPORACJA 2.0 \u2013 3 \u017cele pod prysznic"},"content":{"rendered":"<h2 style=\"text-align: center;\"><strong>M\u0119ski zestaw prezentowy Ich Troje \u2013 3 \u017cele pod prysznic z serii LaQ<\/strong><\/h2>\n<p>&nbsp;<\/p>\n<p>\ud83e\udd81<a href=\"https:\/\/laq.pl\/produkt\/zel-pod-prysznic-8-w-1-lew-szef-wszystkich-szefowlew-premium\/\"><strong>\u017bel pod prysznic SZEF WSZYSTKICH SZEF\u00d3W 500 ml<\/strong><\/a> &#8211; <span style=\"font-weight: 400;\">naturalny i wega\u0144ski \u017celem pod prysznic. Robi\u0119 to, czego ode mnie oczekujesz, a nawet co\u015b ekstra \u2013 myj\u0119, piel\u0119gnuj\u0119 i pozostawiam zapach lo\u017cy gentleman\u00f3w. Bez dw\u00f3ch zda\u0144 jestem w tym \u015bwietny, bo SZEF WSZYSTKICH SZEF\u00d3W nie chodzi na kompromisy i zawsze dostaje to, co chce\u00a0<\/span><\/p>\n<p>\ud83e\udd88<a href=\"https:\/\/laq.pl\/produkt\/zel-pod-prysznic-rekin-biznesu-premium\/\"><strong> \u017bel pod prysznic REKIN BIZNESU 500 ml<\/strong><\/a> &#8211; wega\u0144ski i niezwykle m\u0119ski \u017cel pod prysznic. Ten \u017cel to cacuszko \u2013 grube ryby nie \u0142api\u0105 si\u0119 na byle przyn\u0119t\u0119. To jest wersja REKIN PREMIUM! Nie zawiera diamentowego py\u0142u i nie ma z\u0142otej pompki, ale daje +10 do presti\u017cu. Postawiony go na p\u00f3\u0142ce wygl\u0105da co najmniej tak godnie jak Oscar, Nobel albo Puchar Stanleya.<\/p>\n<p>\ud83d\udc15 <a href=\"https:\/\/laq.pl\/produkt\/zel-pod-prysznic-8-w-1-zapach-seksu-i-biznesu-premium\/\"><strong>\u017bel pod prysznic ZAPACH SEKSU I BIZNESU 500 ml<\/strong><\/a> &#8211; <span style=\"font-weight: 400;\">\u017cel pod prysznic dla m\u0119\u017cczyzn, w eleganckiej etykiecie w ciep\u0142ych barwach z stylizowanym Dobermanem w garniturze \u2013 symbol klasy, si\u0142y i elegancji. Pachnie dobrym seksem i udanym biznesem, a mo\u017ce na odwr\u00f3t\u2026? To jest wersja ZAPACH SEKSU I BIZNESU PREMIUM! Nie zawiera diamentowego py\u0142u i nie ma z\u0142otej pompki, ale daje +10 do presti\u017cu.\u00a0<\/span><\/p>\n<p><strong>\ud83c\udf81 Zapakowany w kartonik z por\u0119czn\u0105 r\u0105czk\u0105<\/strong><\/p>\n<p>&nbsp;<\/p>\n<h3><strong>KIM JESTEM?<\/strong><\/h3>\n<p>Oto ja, zestaw 3 naturalnych i wega\u0144skich \u017celi pod prysznic. jak wida\u0107, znajdziesz we mnie \u017cele z naszych 3 linii zapachowych dla m\u0119\u017cczyzn. przede wszystkim genialnie sprawdz\u0119 si\u0119 wi\u0119c w roli prezentu dla prawdziwego faceta! W szczeg\u00f3lno\u015bci dla tego, kt\u00f3ry robi biznesy w wielkim mie\u015bcie a jak wchodzi do windy to nawet powietrze nabiera presti\u017cu.<br \/>\nJe\u015bli jeszcze nie znasz naszych linii zapachowych, to wiedz, \u017ce w zestawie ich troje pierwsze skrzypce gra <strong>SZEF WSZYSTKICH SZEF\u00d3W<\/strong> o zapachu w\u0142adzy aboslutnej, wt\u00f3ruje mu <strong>REKIN BIZNESU<\/strong> , a g\u00f3rn\u0105 p\u00f3\u0142k\u0119 zamyka <strong>ZAPACH SEKSU I BIZNESU<\/strong>, kt\u00f3ry pachnie dobrym seksem i udanym biznesem. Prysznic z Dominacj\u0105. Trzy \u017cele, zero lito\u015bci, 100% KPI.<\/p>\n<p>&nbsp;<\/p>\n<h3><strong>CO MOG\u0118 DLA CIEBIE ZROBI\u0106?<\/strong><\/h3>\n<p>Co jest lepsze na prezent ni\u017c p\u00f3\u0142 litra? P\u00f3\u0142tora litra! szukasz prezentu dla faceta na urodziny? A mo\u017ce interesuje ci\u0119 pomys\u0142 na niebanalny prezent dla kumpla na imieniny? Upominek na dzie\u0144 ch\u0142opaka, podarunek na \u015bwi\u0119ta? Jeste\u015b we w\u0142a\u015bciwym miejscu, bowiem na prezent dla m\u0119\u017cczyzny nadaj\u0119 si\u0119 idealnie! W szczeg\u00f3lno\u015bci dlatego, \u017ce jestem zapakowany w efektowne pude\u0142ko prezentowe z okienkami i wygodnym uchwytem. Poza tym, z uwagi na r\u00f3\u017cnorodno\u015b\u0107 zapachow\u0105 i zabawne etykiety mog\u0119 \u015bmia\u0142o zapewni\u0107 ci\u0119, \u017ce szale\u0144stwo zmys\u0142\u00f3w i zadowolenie obdarowanego masz murowane!<\/p>\n<p>&nbsp;<\/p>\n<h3><strong>PYTASZ KOTKU, CO MAM W \u015aRODKU?<\/strong><\/h3>\n<p>\ud83e\udd81<a href=\"https:\/\/laq.pl\/produkt\/zel-pod-prysznic-8-w-1-lew-szef-wszystkich-szefowlew-premium\/\"><strong>\u017bel pod prysznic SZEF WSZYSTKICH SZEF\u00d3W 500 ml<\/strong><\/a> &#8211; <span style=\"font-weight: 400;\">znajdziesz u mnie \u0142agodne substancje myj\u0105ce, pochodz\u0105ce z kokosa i kilka smaczk\u00f3w kondycjonuj\u0105cych twoj\u0105 drogocenn\u0105 sk\u00f3r\u0119. Po pierwsze gliceryna, kt\u00f3ra zmi\u0119kcza sk\u00f3r\u0119 i chroni j\u0105 przed przesuszeniem. Po drugie emolient, kt\u00f3ry eliminuje uczucie \u015bci\u0105gni\u0119cia sk\u00f3ry po myciu. Po trzecie, kompleks cukr\u00f3w nawil\u017caj\u0105cych aquaxyl, kt\u00f3ry wspiera barier\u0119 hydrolipidow\u0105 twojej sk\u00f3ry oraz sk\u0142adniki nawil\u017caj\u0105ce i zapewniaj\u0105ce jej mi\u0119kko\u015b\u0107. Jednak tym, co ka\u017cdy habibi lubi najbardziej, jest ekstrakt z pistacji, kt\u00f3ry ma dzia\u0142anie od\u017cywcze, przeciwutleniaj\u0105ce i ochronne.\u00a0<\/span><\/p>\n<p>\ud83e\udd88<a href=\"https:\/\/laq.pl\/produkt\/zel-pod-prysznic-rekin-biznesu-premium\/\"><strong> \u017bel pod prysznic REKIN BIZNESU 500 ml<\/strong><\/a> &#8211; Ten sk\u0142ad to morze korzy\u015bci! Ekstrakt z czarnego pieprzu pobudza mikrokr\u0105\u017cenie i dzia\u0142a rozgrzewaj\u0105co. Ostry i gor\u0105cy? Ca\u0142y Ty (nie tylko w biznesie!). Ekstrakt z pio\u0142unu tonizuje i od\u015bwie\u017ca sk\u00f3r\u0119, a z \u017ce\u0144-szenia \u2013 rewitalizuje, dodaje jej energii i kondycjonuje. Gliceryna pochodzenia ro\u015blinnego wi\u0105\u017ce wod\u0119 w nask\u00f3rku i nie dopuszcza do jego przesuszania, podczas gdy za oczyszczanie odpowiadaj\u0105 substancje pochodz\u0105ce z oleju kokosowego. To nie jest \u017cel dla byle p\u0142otki, to must have dla grubych ryb.<\/p>\n<p>\ud83d\udc15 <a href=\"https:\/\/laq.pl\/produkt\/zel-pod-prysznic-8-w-1-zapach-seksu-i-biznesu-premium\/\"><strong>\u017bel pod prysznic ZAPACH SEKSU I BIZNESU 500 ml<\/strong><\/a> &#8211; Na zewn\u0105trz jestem twardy, zdecydowany i bezkompromisowy, jednak wewn\u0105trz skrywam prawdziw\u0105 natur\u0119, opart\u0105 na \u0142agodnych substancjach myj\u0105cych pochodzenia ro\u015blinnego. Zawieram gliceryn\u0119 (r\u00f3wnie\u017c pochodzenia ro\u015blinnego), ekstrakt z nasion kardamonu, mocznik oraz niacynamid.<\/p>\n<p>(dok\u0142adne sk\u0142ady INCI poszczeg\u00f3lnych produkt\u00f3w znajdziesz pod powy\u017cszymi linkami)<\/p>\n<h3><strong>POZNAJ MOJE NUTY ZAPACHOWE:<\/strong><\/h3>\n<p><strong>SZEF WSZYSTKICH SZEF\u00d3W &#8211; nuty zapachowe:\u00a0<\/strong><\/p>\n<ul>\n<li><strong>g\u0142owy: <\/strong>s\u0142odkie, czyste<\/li>\n<li><strong>serca: <\/strong>korzenne, przyprawowe, zielone, owocowe<\/li>\n<li><strong>podstawy: <\/strong>wanilia, drzewo cedrowe, paczula, fasola tonka<\/li>\n<\/ul>\n<p><strong>REKIN BIZNESU &#8211; nuty zapachowe:\u00a0<\/strong><\/p>\n<ul>\n<li><strong>g\u0142owy:<\/strong> lawenda, bergamotka, \u015bwie\u017ce, cytrusowe<\/li>\n<li><strong>serca:<\/strong> kwiatowe (fio\u0142ek, lilia), zielone<\/li>\n<li><strong>podstawy:<\/strong> pi\u017cmo, drzewo sanda\u0142owe, ambra, fasola Tonka<\/li>\n<\/ul>\n<p><strong>ZAPACH SEKSU I BIZNESU- nuty zapachowe:\u00a0<\/strong><\/p>\n<ul>\n<li><strong>g\u0142owy:<\/strong> cytryna, grejpfrut, nuty wodne<\/li>\n<li><strong>serca:<\/strong> jab\u0142ko, mi\u0119ta, r\u00f3\u017cowy pieprz, r\u00f3\u017ca<\/li>\n<li><strong>podstawy:<\/strong> drzewo cedrowe, drzewo sanda\u0142owe, suche drewno, fasola tonka, pi\u017cmo<\/li>\n<\/ul>\n<p>&nbsp;<\/p>\n<h3><strong>A co m\u00f3wi\u0105 na mie\u015bcie?<\/strong><\/h3>\n<p><em>P\u00f3\u0142tora litra szcz\u0119\u015bcia!<\/em><br \/>\n<em>Z pewno\u015bci\u0105 lepsze na prezent ni\u017c p\u00f3\u0142 litra!<\/em><\/p>\n<p><img loading=\"lazy\" decoding=\"async\" class=\"alignnone wp-image-49200 size-medium\" src=\"https:\/\/laq.pl\/wp-content\/uploads\/2026\/02\/uniwersalny-300x177.jpg\" alt=\"piktogram znaku testowanie dermatologicznie oraz znak produktu wega\u0144skiego\" width=\"300\" height=\"177\" srcset=\"https:\/\/laq.pl\/wp-content\/uploads\/2026\/02\/uniwersalny-300x177.jpg 300w, https:\/\/laq.pl\/wp-content\/uploads\/2026\/02\/uniwersalny-726x429.jpg 726w, https:\/\/laq.pl\/wp-content\/uploads\/2026\/02\/uniwersalny.jpg 769w\" sizes=\"auto, (max-width: 300px) 100vw, 300px\" \/><\/p>\n","protected":false},"excerpt":{"rendered":"<p><strong>Kartonik prezentowy z por\u0119czn\u0105 r\u0105czk\u0105, a w nim:<\/strong><\/p>\n<p>\ud83e\udd81<a href=\"https:\/\/laq.pl\/produkt\/zel-pod-prysznic-8-w-1-lew-szef-wszystkich-szefowlew-premium\/\"><strong> \u017bel pod prysznic SZEF WSZYSTKICH SZEF\u00d3W 500 ml<\/strong><\/a><\/p>\n<p>\ud83e\udd88 <a href=\"https:\/\/laq.pl\/produkt\/zel-pod-prysznic-rekin-biznesu-premium\/\"><strong>\u017bel pod prysznic REKIN BIZNESU 500 ml<\/strong><\/a><\/p>\n<p>\ud83d\udc15 <a href=\"https:\/\/laq.pl\/produkt\/zel-pod-prysznic-8-w-1-zapach-seksu-i-biznesu-premium\/\"><strong>\u017bel pod prysznic ZAPACH SEKSU I BIZNESU 500 ml<\/strong><\/a><\/p>\n","protected":false},"featured_media":41634,"template":"","meta":{"_acf_changed":false},"product_brand":[],"product_cat":[858,841,103,229,233],"product_tag":[353,909,908,893],"class_list":{"0":"post-40456","1":"product","2":"type-product","3":"status-publish","4":"has-post-thumbnail","6":"product_cat-nowosci","7":"product_cat-zele-meskie","8":"product_cat-zestawy-na-prezent","9":"product_cat-dla-prawdziwego-mezczyzny","10":"product_cat-meskie","11":"product_tag-czysciopak","12":"product_tag-rekin-biznesu","13":"product_tag-szef-wszystkich-szefow","14":"product_tag-zapach-seksu-i-biznesu","17":"first","18":"instock","19":"taxable","20":"shipping-taxable","21":"purchasable","22":"product-type-simple"},"acf":[],"_links":{"self":[{"href":"https:\/\/laq.pl\/en\/wp-json\/wp\/v2\/product\/40456","targetHints":{"allow":["GET"]}}],"collection":[{"href":"https:\/\/laq.pl\/en\/wp-json\/wp\/v2\/product"}],"about":[{"href":"https:\/\/laq.pl\/en\/wp-json\/wp\/v2\/types\/product"}],"wp:featuredmedia":[{"embeddable":true,"href":"https:\/\/laq.pl\/en\/wp-json\/wp\/v2\/media\/41634"}],"wp:attachment":[{"href":"https:\/\/laq.pl\/en\/wp-json\/wp\/v2\/media?parent=40456"}],"wp:term":[{"taxonomy":"product_brand","embeddable":true,"href":"https:\/\/laq.pl\/en\/wp-json\/wp\/v2\/product_brand?post=40456"},{"taxonomy":"product_cat","embeddable":true,"href":"https:\/\/laq.pl\/en\/wp-json\/wp\/v2\/product_cat?post=40456"},{"taxonomy":"product_tag","embeddable":true,"href":"https:\/\/laq.pl\/en\/wp-json\/wp\/v2\/product_tag?post=40456"}],"curies":[{"name":"wp","href":"https:\/\/api.w.org\/{rel}","templated":true}]}}