{"id":40462,"date":"2025-11-08T20:25:46","date_gmt":"2025-11-08T19:25:46","guid":{"rendered":"https:\/\/laq.pl\/?post_type=product&#038;p=40462"},"modified":"2026-04-08T20:16:20","modified_gmt":"2026-04-08T18:16:20","slug":"zestaw-ich-troje-typy-nie-do-zdarcia","status":"publish","type":"product","link":"https:\/\/laq.pl\/en\/product\/zestaw-ich-troje-typy-nie-do-zdarcia\/","title":{"rendered":"Zestaw prezentowy dla m\u0119\u017cczyzn Ich Troje TYPY NIE DO ZDARCIA \u2013 3 \u017cele pod prysznic"},"content":{"rendered":"<h2 style=\"text-align: center;\">M\u0119ski zestaw prezentowy Ich Troje \u2013 3 \u017cele pod prysznic z serii LaQ<\/h2>\n<p>&nbsp;<\/p>\n<p>\ud83e\uddac <a href=\"https:\/\/laq.pl\/produkt\/zel-pod-prysznic-niezle-ciacho\/\"><strong>\u017bel pod prysznic NIEZ\u0141E CIACHO 500 ml<\/strong><\/a> &#8211; <span style=\"font-weight: 400;\">-si\u0142a natury w ka\u017cdej kropli- Apeayczna propozycja dla m\u0119\u017cczyzn, kt\u00f3rzy lubi\u0105 kusi\u0107 stylem. Zapach kusi jak \u015bwie\u017co upieczone ciastko, a \u0142agodna formu\u0142a oczyszcza i nawil\u017ca sk\u00f3r\u0119. Uwa\u017caj, bo po prysznicu mo\u017cesz by\u0107 zbyt apetyczny!\u00a0<\/span><\/p>\n<p>\ud83d\udc3a<a href=\"https:\/\/laq.pl\/produkt\/zel-pod-prysznic-lobuz-kocha-najmocniej\/\"><strong> \u017bel pod prysznic \u0141OBUZ KOCHA NAJMOCNIEJ 500 ml<\/strong><\/a> &#8211;<span style=\"font-weight: 400;\">-\u017cel pod prysznic, kt\u00f3ry powoduje \u017ce kiedy idzie pod prysznic, niech \u015bwiat wstrzyma oddech. Ten \u017cel pod prysznic to esencja m\u0119sko\u015bci z nut\u0105 buntu i czu\u0142o\u015bci.\u00a0<\/span><\/p>\n<p>\ud83d\udc3b <a href=\"https:\/\/laq.pl\/produkt\/zel-pod-prysznic-ekspert-zaraz-zaraz\/\"><strong>\u017bel pod prysznic EKSPERT ZARAZ ZARAZ 500 ml<\/strong><\/a> &#8211;<span style=\"font-weight: 400;\">-to must-have dla mistrz\u00f3w od zada\u0144 specjalnych! Idealny dla z\u0142otych r\u0105czek, kt\u00f3re po robocie chc\u0105 by\u0107 ekspertami od relaksu \u2013 bez op\u00f3\u017anie\u0144!\u00a0<\/span><\/p>\n<p><strong>\ud83c\udf81 Zapakowany w kartonik z por\u0119czn\u0105 r\u0105czk\u0105<\/strong><\/p>\n<p>&nbsp;<\/p>\n<h3><strong>KIM JESTEM?<\/strong><\/h3>\n<p>Oto ja, zestaw 3 naturalnych i wega\u0144skich \u017celi pod prysznic. Jak wida\u0107, znajdziesz we mnie \u017cele z naszych 3 kompozycjach zapachowych dla m\u0119\u017cczyzn. Przede wszystkim genialnie sprawdz\u0119 si\u0119 wi\u0119c w roli prezentu dla prawdziwego faceta! W szczeg\u00f3lno\u015bci dla wykwalifikowanych ekspert\u00f3w, kt\u00f3rzy maj\u0105 w r\u0119ku pilota, \u015brubokr\u0119t albo szczypce do kark\u00f3wki!<br \/>\nJe\u015bli jeszcze nie znasz naszych linii zapachowych, to wiedz, \u017ce w Zestawie Ich Troje pierwsze skrzypce gra <strong>NIEZ\u0141E CIACHO<\/strong>, kt\u00f3ry jako jedyny z wie jak wyliza\u0107 wide\u0142ki, wt\u00f3ruje mu odrobin\u0119 <strong>\u0141OBUZ KOCHA NAJMOCNIEJ <\/strong>dla facet\u00f3w kt\u00f3rzy umiej\u0105 przyspieszy\u0107 puls , a sztafet\u0119 zamyka <strong>EKSPERT ZARAZ ZARAZ<\/strong> kt\u00f3ry ma wszystko pod kontrol\u0105 i nie trzeba mu dwa razy powtarza\u0107.<\/p>\n<p>&nbsp;<\/p>\n<h3><strong>CO MOG\u0118 DLA CIEBIE ZROBI\u0106?<\/strong><\/h3>\n<p>Co jest lepsze na prezent ni\u017c p\u00f3\u0142 litra? P\u00f3\u0142tora litra! Szukasz prezentu dla faceta na urodziny? A mo\u017ce interesuje Ci\u0119 pomys\u0142 na niebanalny prezent dla taty lub kumpla na imieniny? Upominek na Dzie\u0144 Ch\u0142opaka, podarunek na \u015bwi\u0119ta? Jeste\u015b we w\u0142a\u015bciwym miejscu, bowiem na prezent dla m\u0119\u017cczyzny nadaj\u0119 si\u0119 idealnie! W szczeg\u00f3lno\u015bci dlatego, \u017ce jestem zapakowany w efektowne pude\u0142ko prezentowe z okienkami i wygodnym uchwytem. Poza tym, z uwagi na r\u00f3\u017cnorodno\u015b\u0107 zapachow\u0105 i zabawne etykiety mog\u0119 \u015bmia\u0142o zapewni\u0107 Ci\u0119, \u017ce szale\u0144stwo zmys\u0142\u00f3w i zadowolenie obdarowanego masz murowane!<\/p>\n<p>&nbsp;<\/p>\n<h3><strong>PYTASZ KOTKU, CO MAM W \u015aRODKU?<\/strong><\/h3>\n<p>\ud83e\uddac <a href=\"https:\/\/laq.pl\/produkt\/zel-pod-prysznic-niezle-ciacho\/\"><strong>\u017bel pod prysznic NIEZ\u0141E CIACHO 500 ml<\/strong><\/a> &#8211; <strong><span style=\"font-weight: 400;\">Wiadomo, \u017ce wygl\u0105d to nie wszystko. Liczy si\u0119 bogate wn\u0119trze. Cukier, mas\u0142o \u2013 to wszystko kosztuje! Ale do\u015b\u0107 o Tobie, porozmawiajmy o mnie. Czy kto\u015b ci ju\u017c m\u00f3wi\u0142, \u017ce zawieram nawil\u017caj\u0105c\u0105 gliceryn\u0119 ro\u015blinn\u0105? A mo\u017ce s\u0142ysza\u0142e\u015b, \u017ce dzia\u0142am tak dobrze dzi\u0119ki delikatnym substancjom myj\u0105cym? C\u00f3\u017c, je\u015bli doda\u0107, \u017ce w moim sk\u0142adzie znajdziesz te\u017c kompleks ekstrakt\u00f3w ro\u015blinnych, to chyba rozumiesz, dlaczego jestem \u0142akomym k\u0105skiem, nie tylko dla \u0142asuch\u00f3w. Mimo wszystko nie pr\u00f3buj mnie smakowa\u0107, bo \u2013 um\u00f3wmy si\u0119 \u2013 jestem \u015bwietny i pachn\u0119 bosko, ale z naszej dw\u00f3jki tylko ty nadajesz si\u0119 na deser.<\/span><\/strong><\/p>\n<p>\ud83d\udc3a<a href=\"https:\/\/laq.pl\/produkt\/zel-pod-prysznic-lobuz-kocha-najmocniej\/\"><strong> \u017bel pod prysznic \u0141OBUZ KOCHA NAJMOCNIEJ 500 ml<\/strong><\/a> -W \u015brodku znajdziesz 97% sk\u0142adnik\u00f3w pochodzenia naturalnego. \u0141agodne substancje myj\u0105ce, rozprawiaj\u0105 si\u0119 z brudem bez lito\u015bci. O nawil\u017cenie sk\u00f3ry dba gliceryna ro\u015blinna. Ekstrakty z papryki, lubczyku i granatu to ju\u017c sama natura! Kr\u00f3tko m\u00f3wi\u0105c, moje wn\u0119trze to przepis na pomruk zadowolenia.<\/p>\n<p>\ud83d\udc3b <a href=\"https:\/\/laq.pl\/produkt\/zel-pod-prysznic-ekspert-zaraz-zaraz\/\"><strong>\u017bel pod prysznic EKSPERT ZARAZ ZARAZ 500 ml<\/strong><\/a> &#8211; Jestem niepozorny i delikatny, ale skuteczny jak diabli. Znajdziesz u mnie \u0142agodne substancje myj\u0105ce oraz kilka dobrych sk\u0142adnik\u00f3w, po\u017c\u0105danych jak komplet porz\u0105dnych kluczy w warsztacie. Gliceryna pochodzenia ro\u015blinnego zapobiega uczuciu przesuszenia po myciu i \u017ceby pozostawi\u0107 jeszcze lepszy efekt, mam dla ciebie zestaw pre- i postbiotyk\u00f3w, korzystnie wp\u0142ywaj\u0105cych na sk\u00f3r\u0119. Zapach perfum gratis. Ten \u017cel zrobi z tob\u0105 to, co cola z rdz\u0105 i mo\u017ce rdzy nie usunie, tam gdzie zardzewia\u0142e\u015b, ale fuszerki na pewno nie odstawi.<\/p>\n<p>(dok\u0142adne sk\u0142ady INCI poszczeg\u00f3lnych produkt\u00f3w znajdziesz pod powy\u017cszymi linkami)<\/p>\n<p>&nbsp;<\/p>\n<h3><strong>POZNAJ MOJE NUTY ZAPACHOWE:<\/strong><\/h3>\n<p><strong>NIEZ\u0141E CIACHO &#8211; nuty zapachowe:\u00a0<\/strong><\/p>\n<ul>\n<li><strong>g\u0142owy:<\/strong> kolendra, bergamotka, mandarynka<\/li>\n<li><strong>serca: <\/strong>lawenda, nuta \u015bwie\u017cego powietrza<\/li>\n<li><strong>podstawy: <\/strong>paczula, cedr, drzewo sanda\u0142owe<\/li>\n<\/ul>\n<p><strong>\u0141OBUZ KOCHA NAJMOCNIEJ &#8211; nuty zapachowe:\u00a0<\/strong><\/p>\n<ul>\n<li><strong>g\u0142owy:<\/strong> \u015bwie\u017ce, wodne, zio\u0142owe<\/li>\n<li><strong>serca:<\/strong> zielone, kwiatowe<\/li>\n<li><strong>podstawy:<\/strong> drzewo cedrowe, ambra, nuty drzewne<\/li>\n<\/ul>\n<p><strong>EKSPERT ZARAZ ZARAZ &#8211; nuty zapachowe:\u00a0<\/strong><\/p>\n<ul>\n<li><strong>g\u0142owy: <\/strong>bergamotka, mandarynka, kardamon, pieprz<\/li>\n<li><strong>serca: <\/strong>lawenda, jab\u0142ko, Tonka<\/li>\n<li><strong>podstawy: <\/strong>mech d\u0119bowy, drzewo sanda\u0142owe, cedr, ambra<\/li>\n<\/ul>\n<p>&nbsp;<\/p>\n<h3><strong>A CO M\u00d3WI\u0104 NA MIE\u015aCIE?<\/strong><\/h3>\n<p><em>P\u00f3\u0142tora litra szcz\u0119\u015bcia!<\/em><br \/>\n<em>Z pewno\u015bci\u0105 lepsze na prezent ni\u017c p\u00f3\u0142 litra!<\/em><\/p>\n<p>&nbsp;<\/p>\n<p><img loading=\"lazy\" decoding=\"async\" class=\"alignnone wp-image-49200 size-medium\" src=\"https:\/\/laq.pl\/wp-content\/uploads\/2026\/02\/uniwersalny-300x177.jpg\" alt=\"piktogram znaku testowanie dermatologicznie oraz znak produktu wega\u0144skiego\" width=\"300\" height=\"177\" srcset=\"https:\/\/laq.pl\/wp-content\/uploads\/2026\/02\/uniwersalny-300x177.jpg 300w, https:\/\/laq.pl\/wp-content\/uploads\/2026\/02\/uniwersalny-726x429.jpg 726w, https:\/\/laq.pl\/wp-content\/uploads\/2026\/02\/uniwersalny.jpg 769w\" sizes=\"auto, (max-width: 300px) 100vw, 300px\" \/><\/p>\n","protected":false},"excerpt":{"rendered":"<p><strong>Por\u0119czny kartonik z r\u0105czk\u0105, a w nim:<\/strong><\/p>\n<p>\ud83e\uddac <a href=\"https:\/\/laq.pl\/produkt\/zel-pod-prysznic-niezle-ciacho\/\"><strong>\u017bel pod prysznic NIEZ\u0141E CIACHO 500 ml<\/strong><\/a><\/p>\n<p>\ud83d\udc3a<a href=\"https:\/\/laq.pl\/produkt\/zel-pod-prysznic-lobuz-kocha-najmocniej\/\"><strong>\u017bel pod prysznic \u0141OBUZ KOCHA NAJMOCNIEJ 500 ml<\/strong><\/a><\/p>\n<p>\ud83d\udc3b <a href=\"https:\/\/laq.pl\/produkt\/zel-pod-prysznic-ekspert-zaraz-zaraz\/\"><strong>\u017bel pod prysznic EKSPERT ZARAZ ZARAZ 500 ml<\/strong><\/a><\/p>\n","protected":false},"featured_media":41317,"template":"","meta":{"_acf_changed":false},"product_brand":[],"product_cat":[229,233,858],"product_tag":[353,387,839],"class_list":{"0":"post-40462","1":"product","2":"type-product","3":"status-publish","4":"has-post-thumbnail","6":"product_cat-dla-prawdziwego-mezczyzny","7":"product_cat-meskie","8":"product_cat-nowosci","9":"product_tag-czysciopak","10":"product_tag-dla-niego","11":"product_tag-idealny-prezent","14":"first","15":"instock","16":"taxable","17":"shipping-taxable","18":"purchasable","19":"product-type-simple"},"acf":[],"_links":{"self":[{"href":"https:\/\/laq.pl\/en\/wp-json\/wp\/v2\/product\/40462","targetHints":{"allow":["GET"]}}],"collection":[{"href":"https:\/\/laq.pl\/en\/wp-json\/wp\/v2\/product"}],"about":[{"href":"https:\/\/laq.pl\/en\/wp-json\/wp\/v2\/types\/product"}],"wp:featuredmedia":[{"embeddable":true,"href":"https:\/\/laq.pl\/en\/wp-json\/wp\/v2\/media\/41317"}],"wp:attachment":[{"href":"https:\/\/laq.pl\/en\/wp-json\/wp\/v2\/media?parent=40462"}],"wp:term":[{"taxonomy":"product_brand","embeddable":true,"href":"https:\/\/laq.pl\/en\/wp-json\/wp\/v2\/product_brand?post=40462"},{"taxonomy":"product_cat","embeddable":true,"href":"https:\/\/laq.pl\/en\/wp-json\/wp\/v2\/product_cat?post=40462"},{"taxonomy":"product_tag","embeddable":true,"href":"https:\/\/laq.pl\/en\/wp-json\/wp\/v2\/product_tag?post=40462"}],"curies":[{"name":"wp","href":"https:\/\/api.w.org\/{rel}","templated":true}]}}