{"id":41597,"date":"2025-11-29T23:06:45","date_gmt":"2025-11-29T22:06:45","guid":{"rendered":"https:\/\/laq.pl\/?post_type=product&#038;p=41597"},"modified":"2026-04-20T22:41:57","modified_gmt":"2026-04-20T20:41:57","slug":"zel-pod-prysznic-8-w-1-kawal-byka","status":"publish","type":"product","link":"https:\/\/laq.pl\/en\/product\/zel-pod-prysznic-8-w-1-kawal-byka\/","title":{"rendered":"\u017bel pod prysznic 8 w 1 KAWA\u0141 BYKA"},"content":{"rendered":"<h2 style=\"text-align: center;\">\u017bel pod prysznic KAWA\u0141 BYKA 5000 ml<\/h2>\n<p>&nbsp;<\/p>\n<h3><strong>KIM JESTEM?<\/strong><\/h3>\n<p>Oto ja, naturalny i wega\u0144ski \u017cel pod prysznic <span style=\"font-weight: 400;\">dla m\u0119\u017cczyzn<\/span>, w szczeg\u00f3lno\u015bci dla niez\u0142ych byk\u00f3w. Dzi\u0119ki mojej formule nawet po najci\u0119\u017cszym dniu wr\u00f3cisz na aren\u0119 \u015bwie\u017cy, pachn\u0105cy i gotowy do dzia\u0142ania! To co, gotowy na bycze wyzwania?<\/p>\n<p>&nbsp;<\/p>\n<h3><strong>CO MOG\u0118 DLA CIEBIE ZROBI\u0106?<\/strong><\/h3>\n<p>Zmyj\u0119 z Twojego cia\u0142a wszystkie zanieczyszczenia, pozostawiaj\u0105c je od\u015bwie\u017cone i gotowe na kolejne wyzwania. Dzi\u0119ki ro\u015blinnym proteinom oraz ekstraktowi z \u017ce\u0144-szenia Twoja sk\u00f3ra b\u0119dzie nawil\u017cona i zregenerowana, a Ty pe\u0142en energii do dzia\u0142ania.<\/p>\n<p>&nbsp;<\/p>\n<h3><strong>PYTASZ KOTKU, CO MAM W \u015aRODKU?<\/strong><\/h3>\n<p>W moim sk\u0142adzie znajdziesz ekstrakty z korzenia \u017ce\u0144-szenia syberyjskiego, skrzypu polnego oraz \u0142opianu, kt\u00f3re wzmocni\u0105 i od\u017cywi\u0105 Twoj\u0105 sk\u00f3r\u0119. Ponadto zawieram proteiny ro\u015blinne (z kukurydzy, pszenicy i soi), kt\u00f3re odbuduj\u0105 j\u0105 i nawil\u017c\u0105, natomiast gliceryna pochodzenia ro\u015blinnego zapewni jej mi\u0119kko\u015b\u0107 i g\u0142adko\u015b\u0107.<\/p>\n<p><em><strong>Sk\u0142ad:<\/strong> Aqua, Sodium Coco-Sulfate, Coco-Glucoside, Cocamidopropyl Betaine, Glycerin, Glyceryl Oleate, Hydrolyzed Corn Protein, Hydrolyzed Wheat Protein, Hydrolyzed Soy Protein, Eleutherococcus Senticosus Root Extract, Equisetum Arvense Leaf Extract, Arctium Lappa Root Extract, Galium Aparine Extract, Leuconostoc\/Radish Root Ferment Filtrate, Sodium Gluconate, Sodium Chloride, Sodium Benzoate, Potassium Sorbate, Citric Acid, Parfum, Hexamethylindanopyran, Isoeugenyl Acetate, Linalyl Acetate, Pinene, Tetramethyl Acetyloctahydronaphthalenes.<\/em><\/p>\n<p>&nbsp;<\/p>\n<h3><strong>POZNAJ MOJE NUTY ZAPACHOWE:<\/strong><\/h3>\n<ul>\n<li><strong>g\u0142owy: <\/strong>czarny pieprz, drzewo cedrowe, piment, bergamotka<\/li>\n<li><strong>serca: <\/strong>lawenda, go\u017adzik, paczula, werbena<\/li>\n<li><strong>podstawy: <\/strong>drzewo cedrowe, drzewo gwajakowe, kadzid\u0142o, fasola tonka, ambra<\/li>\n<\/ul>\n<p>&nbsp;<\/p>\n<h3><strong>SPOS\u00d3B U\u017bYCIA M\u0118SKIEGO \u017bELU POD PRYSZNIC:<\/strong><\/h3>\n<p>Niewielk\u0105 ilo\u015b\u0107 \u017celu rozprowad\u017a na sk\u00f3rze do uzyskania piany, a nast\u0119pnie zr\u00f3b szuru-buru i sp\u0142ucz.<\/p>\n<p>&nbsp;<\/p>\n<h3><strong>A CO M\u00d3WI\u0104 NA MIE\u015aCIE?<\/strong><\/h3>\n<p><em>Chcia\u0142by\u015b by\u0107 silny jak byk, mie\u0107 golenie jak Lewy, a antrykot jak delfinista? Bicki wielko\u015bci arbuz\u00f3w pokryte tatua\u017cami? Chcia\u0142by\u015b budzi\u0107 podziw w\u015br\u00f3d samc\u00f3w beta, gamma, a nawet omega? Bo w \u017cyciu chodzi o to, by wyzwoli\u0107 w sobie zwierz\u0119, \u0142apa\u0107 \u017cycie za rogi i dokarmia\u0107 swojego wewn\u0119trznego skurczybyka! Tymczasem ten \u017cel myje ka\u017cde cia\u0142o, niezale\u017cnie od zawarto\u015bci mi\u0119cha i t\u0142uszczyku. Od rogu, przez g\u0142ow\u0119, a\u017c po racice. Idealny dla du\u017cych facet\u00f3w*.<\/em><br \/>\n<em>*m\u00f3wi\u0105, \u017ce rozmiar nie ma znaczenia, ale wiemy, jak jest&#8230;<\/em><\/p>\n<p>&nbsp;<\/p>\n<p><img loading=\"lazy\" decoding=\"async\" class=\"alignnone wp-image-49197 size-medium\" src=\"https:\/\/laq.pl\/wp-content\/uploads\/2026\/02\/97-300x120.jpg\" alt=\"piktogramy zank\u00f3w: testowane dermatologicznie, produkt wega\u0144ski oraz 97 procent sk\u0142adnik\u00f3w pochodzenia naturalnego\" width=\"300\" height=\"120\" srcset=\"https:\/\/laq.pl\/wp-content\/uploads\/2026\/02\/97-300x120.jpg 300w, https:\/\/laq.pl\/wp-content\/uploads\/2026\/02\/97-1024x410.jpg 1024w, https:\/\/laq.pl\/wp-content\/uploads\/2026\/02\/97-768x307.jpg 768w, https:\/\/laq.pl\/wp-content\/uploads\/2026\/02\/97-726x290.jpg 726w, https:\/\/laq.pl\/wp-content\/uploads\/2026\/02\/97.jpg 1135w\" sizes=\"auto, (max-width: 300px) 100vw, 300px\" \/><\/p>\n","protected":false},"excerpt":{"rendered":"<p>Dla niez\u0142ych byk\u00f3w, <strong>nawet po najci\u0119\u017cszym dniu wr\u00f3cisz na aren\u0119 \u015bwie\u017cy, pachn\u0105cy i gotowy do dzia\u0142ania!<\/strong> To co, gotowy na bycze wyzwania w <strong>wersji wilkogabarytowej<\/strong>?<\/p>\n","protected":false},"featured_media":41596,"template":"","meta":{"_acf_changed":false},"product_brand":[],"product_cat":[110,279,233,90,105,841],"product_tag":[810,289],"class_list":{"0":"post-41597","1":"product","2":"type-product","3":"status-publish","4":"has-post-thumbnail","6":"product_cat-zapas-zelu-pod-prysznic-5000-ml","7":"product_cat-kawal-byka","8":"product_cat-meskie","9":"product_cat-serie","10":"product_cat-zele","11":"product_cat-zele-meskie","12":"product_tag-5l","13":"product_tag-kawal-byka","16":"first","17":"outofstock","18":"taxable","19":"shipping-taxable","20":"purchasable","21":"product-type-simple"},"acf":[],"_links":{"self":[{"href":"https:\/\/laq.pl\/en\/wp-json\/wp\/v2\/product\/41597","targetHints":{"allow":["GET"]}}],"collection":[{"href":"https:\/\/laq.pl\/en\/wp-json\/wp\/v2\/product"}],"about":[{"href":"https:\/\/laq.pl\/en\/wp-json\/wp\/v2\/types\/product"}],"wp:featuredmedia":[{"embeddable":true,"href":"https:\/\/laq.pl\/en\/wp-json\/wp\/v2\/media\/41596"}],"wp:attachment":[{"href":"https:\/\/laq.pl\/en\/wp-json\/wp\/v2\/media?parent=41597"}],"wp:term":[{"taxonomy":"product_brand","embeddable":true,"href":"https:\/\/laq.pl\/en\/wp-json\/wp\/v2\/product_brand?post=41597"},{"taxonomy":"product_cat","embeddable":true,"href":"https:\/\/laq.pl\/en\/wp-json\/wp\/v2\/product_cat?post=41597"},{"taxonomy":"product_tag","embeddable":true,"href":"https:\/\/laq.pl\/en\/wp-json\/wp\/v2\/product_tag?post=41597"}],"curies":[{"name":"wp","href":"https:\/\/api.w.org\/{rel}","templated":true}]}}