{"id":41599,"date":"2025-11-29T23:06:45","date_gmt":"2025-11-29T22:06:45","guid":{"rendered":"https:\/\/laq.pl\/?post_type=product&#038;p=41599"},"modified":"2026-03-30T12:08:41","modified_gmt":"2026-03-30T10:08:41","slug":"zel-pod-prysznic-habibi-z-dubaju-3","status":"publish","type":"product","link":"https:\/\/laq.pl\/en\/product\/zel-pod-prysznic-habibi-z-dubaju-3\/","title":{"rendered":"\u017bel pod prysznic HABIBI Z DUBAJU"},"content":{"rendered":"<h2 style=\"text-align: center;\">\u017bel pod prysznic 8 w 1 HABIBI Z DUBAJU 5000 ml<\/h2>\n<p>&nbsp;<\/p>\n<h3><strong>KIM JESTEM?<\/strong><\/h3>\n<p>Jestem naturalny, wega\u0144ski i po\u017c\u0105dany jak wyp\u0142ata. Niewa\u017cne, czy pokry\u0142 Ci\u0119 pustynny py\u0142, czy odczuwasz skutki s\u0142o\u0144ca nad Radomiem \u2013 od\u015bwie\u017c\u0119 Twoje cia\u0142o, w\u0142osy, a je\u015bli trzeba \u2013 nawet wielb\u0142\u0105da. Pachn\u0119 cytrusami, s\u0142odkimi przyprawami, cedrem i pi\u017cmem \u2013 kr\u00f3tko m\u00f3wi\u0105c: czu\u0107 pini\u0105dz.<\/p>\n<h3><strong>CO MOG\u0118 DLA CIEBIE ZROBI\u0106?<\/strong><\/h3>\n<p>Nie spe\u0142ni\u0119 Twojego marzenia o z\u0142otym deszczu, ale pod deszczownic\u0105 jestem niezast\u0105piony. Mam bogate, cho\u0107 nieskomplikowane wn\u0119trze. Dzia\u0142am delikatnie, lecz stanowczo! Oczyszczam skutecznie, mimo \u017ce \u0142agodny ze mnie s\u0142odziak. Mo\u017cesz czy\u015bci\u0107 mn\u0105 swoje z\u0142ota, albo k\u0105pa\u0107 ze swoim z\u0142otkiem. Mo\u017cesz te\u017c liczy\u0107 na moje dzia\u0142anie nawil\u017caj\u0105ce, koj\u0105ce i antyoksydacyjne. Ale najlepsze jest to, \u017ce b\u0119dziesz pachnie\u0107 jak milioner i nikt Ci ju\u017c nigdy nie powie, \u017ce jedziesz wielb\u0142\u0105dem.<\/p>\n<p>&nbsp;<\/p>\n<h3><strong>PYTASZ KOTKU, CO MAM W \u015aRODKU?<\/strong><\/h3>\n<p>C\u00f3\u017c, jestem Habibi z Dubaju \u2013 to oczywiste, \u017ce mam bogate wn\u0119trze. Znajdziesz u mnie \u0142agodne substancje myj\u0105ce, pochodz\u0105ce z kokosa i kilka smaczk\u00f3w kondycjonuj\u0105cych Twoj\u0105 drogocenn\u0105 sk\u00f3r\u0119. Po pierwsze gliceryna, kt\u00f3ra zmi\u0119kcza sk\u00f3r\u0119 i chroni j\u0105 przed przesuszeniem. Po drugie emolient, kt\u00f3ry eliminuje uczucie \u015bci\u0105gni\u0119cia sk\u00f3ry po myciu. Po trzecie, kompleks cukr\u00f3w nawil\u017caj\u0105cych aquaxyl, kt\u00f3ry wspiera barier\u0119 hydrolipidow\u0105 Twojej sk\u00f3ry oraz sk\u0142adniki nawil\u017caj\u0105ce i zapewniaj\u0105ce jej mi\u0119kko\u015b\u0107. Jednak tym, co ka\u017cdy habibi lubi najbardziej, jest ekstrakt z pistacji, kt\u00f3ry ma dzia\u0142anie od\u017cywcze, przeciwutleniaj\u0105ce i ochronne. Wspiera kondycj\u0119 sk\u00f3ry i w\u0142os\u00f3w, a przecie\u017c o to w\u0142a\u015bnie chodzi, \u017ceby k\u0105piel rozpieszcza\u0142a.<\/p>\n<p><em><strong>Sk\u0142ad:<\/strong> Aqua, Sodium Coco-Sulfate, Coco-Glucoside, Cocamidopropyl Betaine, Glycerin, Glyceryl Oleate, Pistacia Vera Seed Extract, Xylitylglucoside, Anhydroxylitol, Xylitol, Polyglyceryl-3 PCA, Sodium Gluconate, Sodium Chloride, Sodium Benzoate, Potassium Sorbate, Sodium Sulfate, Citric Acid, Parfum, Coumarin, Limonene, Tetramethyl Acetyloctahydronaphthalenes, Vanillin, CI 19140, CI 42090<br \/>\n<\/em><\/p>\n<p>&nbsp;<\/p>\n<h3><strong>POZNAJ MOJE NUTY ZAPACHOWE:<\/strong><\/h3>\n<ul>\n<li><strong>g\u0142owy: <\/strong>\u015bwie\u017ce cytrusy, owocowe, kremowe<\/li>\n<li><strong>serca: <\/strong>s\u0142odkie przyprawy, ja\u015bmin, r\u00f3\u017ca<\/li>\n<li><strong>podstawy: <\/strong>wanilia, fasola Tonka, pi\u017cmo, mech d\u0119bowy, paczula, bursztyn, drzewo cedrowe<\/li>\n<\/ul>\n<p>&nbsp;<\/p>\n<h3><strong>SPOS\u00d3B U\u017bYCIA M\u0118SKIEGO \u017bELU POD PRYSZNIC:<\/strong><\/h3>\n<p>Wmasuj w mokr\u0105 sk\u00f3r\u0119 sam, albo ze swoim z\u0142otkiem. Nie zapomnij sp\u0142uka\u0107. Po wyj\u015bciu z wanny musi Wam wystarczy\u0107 piana z szampana!<\/p>\n<h3><strong>\u00a0A CO M\u00d3WI\u0104 NA MIE\u015aCIE?<\/strong><\/h3>\n<p><em>Pieni\u0105dze szcz\u0119\u015bcia nie daj\u0105, dopiero zakupy, a tak si\u0119 sk\u0142ada, \u017ce masz gest! <\/em><br \/>\n<em>I cho\u0107 wiadomo, \u017ce najlepszymi przyjaci\u00f3\u0142mi kobiet s\u0105 diamenty, to potrafisz sprawi\u0107, \u017ce szalej\u0105 na punkcie Twoich klejnot\u00f3w. <\/em><br \/>\n<em>Jak karta kredytowa, to tylko z\u0142ota. <\/em><br \/>\n<em>Jak status zwi\u0105zku, to tylko \u201eto skomplikowane\u201d. <\/em><br \/>\n<em>Kim jeste\u015b? <\/em><br \/>\n<em>Kobiety m\u00f3wi\u0105 Ci habibi, a tubylcy spod monopolowego \u201ekr\u00f3lu z\u0142oty\u201d.<\/em><br \/>\n<em> Jedno jest pewne: nie wa\u017cne ile masz na koncie, wa\u017cne, na ile si\u0119 czujesz!<\/em><br \/>\n<em>Ten \u017cel nie pieni si\u0119 na z\u0142oto i nie sprawi, \u017ce spadnie z nieba z\u0142oty deszcz. <\/em><br \/>\n<em>Ale je\u015bli Tw\u00f3j nadgarstek zdobi z\u0142oty sikor, a w passacie wozisz si\u0119 jak szejk, to jest idealny dla Ciebie!<\/em><\/p>\n<p>&nbsp;<\/p>\n<p><img loading=\"lazy\" decoding=\"async\" class=\"alignnone wp-image-49197 size-medium\" src=\"https:\/\/laq.pl\/wp-content\/uploads\/2026\/02\/97-300x120.jpg\" alt=\"piktogramy zank\u00f3w: testowane dermatologicznie, produkt wega\u0144ski oraz 97 procent sk\u0142adnik\u00f3w pochodzenia naturalnego\" width=\"300\" height=\"120\" srcset=\"https:\/\/laq.pl\/wp-content\/uploads\/2026\/02\/97-300x120.jpg 300w, https:\/\/laq.pl\/wp-content\/uploads\/2026\/02\/97-1024x410.jpg 1024w, https:\/\/laq.pl\/wp-content\/uploads\/2026\/02\/97-768x307.jpg 768w, https:\/\/laq.pl\/wp-content\/uploads\/2026\/02\/97-726x290.jpg 726w, https:\/\/laq.pl\/wp-content\/uploads\/2026\/02\/97.jpg 1135w\" sizes=\"auto, (max-width: 300px) 100vw, 300px\" \/><\/p>\n","protected":false},"excerpt":{"rendered":"<p><strong>Wakacje w Dubaju i zapach z\u0142otej karty kredytowej <\/strong>&#8211; czego chcie\u0107 wi\u0119cej! <strong>Wielkogabarytowa wersja<\/strong> \u017celu pod prysznic.<\/p>\n","protected":false},"featured_media":41612,"template":"","meta":{"_acf_changed":false},"product_brand":[],"product_cat":[916,858,841,90,105,110,233],"product_tag":[810,582],"class_list":{"0":"post-41599","1":"product","2":"type-product","3":"status-publish","4":"has-post-thumbnail","6":"product_cat-habibi","7":"product_cat-nowosci","8":"product_cat-zele-meskie","9":"product_cat-serie","10":"product_cat-zele","11":"product_cat-zapas-zelu-pod-prysznic-5000-ml","12":"product_cat-meskie","13":"product_tag-5l","14":"product_tag-habibi","17":"first","18":"instock","19":"taxable","20":"shipping-taxable","21":"purchasable","22":"product-type-simple"},"acf":[],"_links":{"self":[{"href":"https:\/\/laq.pl\/en\/wp-json\/wp\/v2\/product\/41599","targetHints":{"allow":["GET"]}}],"collection":[{"href":"https:\/\/laq.pl\/en\/wp-json\/wp\/v2\/product"}],"about":[{"href":"https:\/\/laq.pl\/en\/wp-json\/wp\/v2\/types\/product"}],"wp:featuredmedia":[{"embeddable":true,"href":"https:\/\/laq.pl\/en\/wp-json\/wp\/v2\/media\/41612"}],"wp:attachment":[{"href":"https:\/\/laq.pl\/en\/wp-json\/wp\/v2\/media?parent=41599"}],"wp:term":[{"taxonomy":"product_brand","embeddable":true,"href":"https:\/\/laq.pl\/en\/wp-json\/wp\/v2\/product_brand?post=41599"},{"taxonomy":"product_cat","embeddable":true,"href":"https:\/\/laq.pl\/en\/wp-json\/wp\/v2\/product_cat?post=41599"},{"taxonomy":"product_tag","embeddable":true,"href":"https:\/\/laq.pl\/en\/wp-json\/wp\/v2\/product_tag?post=41599"}],"curies":[{"name":"wp","href":"https:\/\/api.w.org\/{rel}","templated":true}]}}