{"id":43267,"date":"2025-12-03T07:55:56","date_gmt":"2025-12-03T06:55:56","guid":{"rendered":"https:\/\/laq.pl\/?post_type=product&#038;p=43267"},"modified":"2026-04-21T18:43:22","modified_gmt":"2026-04-21T16:43:22","slug":"karton-prezentowy-z-wypelniaczem-22x20x75cm-laq","status":"publish","type":"product","link":"https:\/\/laq.pl\/en\/product\/karton-prezentowy-z-wypelniaczem-22x20x75cm-laq\/","title":{"rendered":"Karton prezentowy z okienkiem i wype\u0142niaczem 22,8&#215;20,2&#215;7,7cm LaQ"},"content":{"rendered":"<section class=\"section\">\n<div class=\"item item-12\">\n<p>Wymiary kartonu: 22,8 x 20,2 x7,7cm<\/p>\n<p>Wymiary okienka: 15 x 13cm<\/p>\n<p>Karton zawiera wype\u0142niacz.<\/p>\n<p>\u017bele 500ml marki Shots! nie pasuj\u0105 do kartonu.<\/p>\n<\/div>\n<\/section>\n","protected":false},"excerpt":{"rendered":"<p>Wymiary kartonu: 22,8 x 20,2 x7,7cm Wymiary okienka: 15 x 13cm Karton zawiera wype\u0142niacz. \u017bele 500ml marki Shots! nie pasuj\u0105 do kartonu.<\/p>\n","protected":false},"featured_media":43266,"template":"","meta":{"_acf_changed":false},"product_brand":[],"product_cat":[103],"product_tag":[],"class_list":{"0":"post-43267","1":"product","2":"type-product","3":"status-publish","4":"has-post-thumbnail","6":"product_cat-zestawy-na-prezent","9":"first","10":"instock","11":"taxable","12":"shipping-taxable","13":"purchasable","14":"product-type-simple"},"acf":[],"_links":{"self":[{"href":"https:\/\/laq.pl\/en\/wp-json\/wp\/v2\/product\/43267","targetHints":{"allow":["GET"]}}],"collection":[{"href":"https:\/\/laq.pl\/en\/wp-json\/wp\/v2\/product"}],"about":[{"href":"https:\/\/laq.pl\/en\/wp-json\/wp\/v2\/types\/product"}],"wp:featuredmedia":[{"embeddable":true,"href":"https:\/\/laq.pl\/en\/wp-json\/wp\/v2\/media\/43266"}],"wp:attachment":[{"href":"https:\/\/laq.pl\/en\/wp-json\/wp\/v2\/media?parent=43267"}],"wp:term":[{"taxonomy":"product_brand","embeddable":true,"href":"https:\/\/laq.pl\/en\/wp-json\/wp\/v2\/product_brand?post=43267"},{"taxonomy":"product_cat","embeddable":true,"href":"https:\/\/laq.pl\/en\/wp-json\/wp\/v2\/product_cat?post=43267"},{"taxonomy":"product_tag","embeddable":true,"href":"https:\/\/laq.pl\/en\/wp-json\/wp\/v2\/product_tag?post=43267"}],"curies":[{"name":"wp","href":"https:\/\/api.w.org\/{rel}","templated":true}]}}