{"id":43269,"date":"2025-12-03T07:56:04","date_gmt":"2025-12-03T06:56:04","guid":{"rendered":"https:\/\/laq.pl\/?post_type=product&#038;p=43269"},"modified":"2026-04-21T19:56:20","modified_gmt":"2026-04-21T17:56:20","slug":"karton-prezentowy-z-wkladka-na-zel-zel-500ml-szampon-300ml-laq","status":"publish","type":"product","link":"https:\/\/laq.pl\/en\/product\/karton-prezentowy-z-wkladka-na-zel-zel-500ml-szampon-300ml-laq\/","title":{"rendered":"Karton prezentowy z wk\u0142adk\u0105 na \u017cel 500ml\/szampon 300ml LaQ"},"content":{"rendered":"<p>Wymiary kartonu: 22,8 x 20,2 x 7,7cm<\/p>\n<p>Wymiary okienka: 15 x 13cm<\/p>\n<p>Karton zawiera wk\u0142adk\u0119 na \u017cel 500ml oraz szampon 300ml LaQ.<\/p>\n<p>Inne pojemno\u015bci \u017celi oraz produkty marki Shots! nie pasuj\u0105 do kartonu.<\/p>\n","protected":false},"excerpt":{"rendered":"<p>Wymiary kartonu: 22,8 x 20,2 x 7,7cm Wymiary okienka: 15 x 13cm Karton zawiera wk\u0142adk\u0119 na \u017cel 500ml oraz szampon 300ml LaQ. Inne pojemno\u015bci \u017celi oraz produkty marki Shots! nie pasuj\u0105 do kartonu.<\/p>\n","protected":false},"featured_media":43268,"template":"","meta":{"_acf_changed":false},"product_brand":[],"product_cat":[103],"product_tag":[],"class_list":{"0":"post-43269","1":"product","2":"type-product","3":"status-publish","4":"has-post-thumbnail","6":"product_cat-zestawy-na-prezent","9":"first","10":"instock","11":"taxable","12":"shipping-taxable","13":"purchasable","14":"product-type-simple"},"acf":[],"_links":{"self":[{"href":"https:\/\/laq.pl\/en\/wp-json\/wp\/v2\/product\/43269","targetHints":{"allow":["GET"]}}],"collection":[{"href":"https:\/\/laq.pl\/en\/wp-json\/wp\/v2\/product"}],"about":[{"href":"https:\/\/laq.pl\/en\/wp-json\/wp\/v2\/types\/product"}],"wp:featuredmedia":[{"embeddable":true,"href":"https:\/\/laq.pl\/en\/wp-json\/wp\/v2\/media\/43268"}],"wp:attachment":[{"href":"https:\/\/laq.pl\/en\/wp-json\/wp\/v2\/media?parent=43269"}],"wp:term":[{"taxonomy":"product_brand","embeddable":true,"href":"https:\/\/laq.pl\/en\/wp-json\/wp\/v2\/product_brand?post=43269"},{"taxonomy":"product_cat","embeddable":true,"href":"https:\/\/laq.pl\/en\/wp-json\/wp\/v2\/product_cat?post=43269"},{"taxonomy":"product_tag","embeddable":true,"href":"https:\/\/laq.pl\/en\/wp-json\/wp\/v2\/product_tag?post=43269"}],"curies":[{"name":"wp","href":"https:\/\/api.w.org\/{rel}","templated":true}]}}