{"id":48287,"date":"2026-01-26T11:55:56","date_gmt":"2026-01-26T10:55:56","guid":{"rendered":"https:\/\/laq.pl\/?post_type=product&#038;p=48287"},"modified":"2026-04-20T12:07:14","modified_gmt":"2026-04-20T10:07:14","slug":"zestaw-prezentowy-discovery-box-laq-damski-silver-niezapomniana-niezapominajka-6-zeli-pod-prysznic-po-100-ml","status":"publish","type":"product","link":"https:\/\/laq.pl\/en\/product\/zestaw-prezentowy-discovery-box-laq-damski-silver-niezapomniana-niezapominajka-6-zeli-pod-prysznic-po-100-ml\/","title":{"rendered":"Zestaw prezentowy LaQ dla kobiet Niepokorna Niezapominajka \u2013 Mix 6 \u017celi pod prysznic (6 x 100 ml)"},"content":{"rendered":"<h2 style=\"text-align: center;\"><strong>Sze\u015b\u0107 powod\u00f3w, dla kt\u00f3rych Twoja k\u0105piel nigdy nie b\u0119dzie nudna \u2013 testuj, mieszaj, wybieraj!<\/strong><\/h2>\n<p>&nbsp;<\/p>\n<p>\ud83c\udf38<strong> 2 x <a href=\"https:\/\/laq.pl\/produkt\/zel-pod-prysznic-piwonia-zapach-subtelnej-dominacji-2\/\">\u017bel pod prysznic PIWONIA ZAPACH SUBTELNEJ DOMINACJI 100 ml<\/a><\/strong> &#8211; naturalny i wega\u0144ski \u017cel pod prysznic o sensualnym zapachu ekskluzywnych perfum z uwodzicielsk\u0105 nut\u0105 piwonii. Stworzono mnie dla kobiet silnych i zdecydowanych, znaj\u0105cych swoj\u0105 warto\u015b\u0107 i potrafi\u0105cych wykorzysta\u0107 swoje atuty.<\/p>\n<p>\ud83c\udf3c<strong>2 x <a href=\"https:\/\/laq.pl\/produkt\/zel-pod-prysznic-niezapominajka-krolowa-zycia-2\/\">\u017bel pod prysznic NIEZAPOMINAJKA KR\u00d3LOWA \u017bYCIA 100 ml<\/a><\/strong> &#8211; naturalny i wega\u0144ski \u017cel pod prysznic o subtelnym zapachu ekskluzywnych perfum ze zmys\u0142ow\u0105 nut\u0105 niezapominajki. Stworzono mnie dla kobiet przebojowych i kusz\u0105co powabnych, a tak\u017ce dla tych pozornie nie\u015bmia\u0142ych, kt\u00f3re lubi\u0105 zaskakiwa\u0107 i &#8211; gdy mo\u017cna &#8211; potrafi\u0105 te\u017c da\u0107 czadu.<\/p>\n<p>\ud83d\udcae<strong>2 x <a href=\"https:\/\/laq.pl\/produkt\/zel-pod-prysznic-magnolia-zapach-klasy-i-sukcesu-2\/\">\u017bel pod prysznic MAGNOLIA ZAPACH KLASY I SUKCESU 100 ml<\/a><\/strong> &#8211; naturalny i wega\u0144ski \u017cel pod prysznic o sensualnym zapachu ekskluzywnych perfum z uwodzicielsk\u0105 nut\u0105 piwonii. Stworzono mnie dla kobiet silnych i zdecydowanych, znaj\u0105cych swoj\u0105 warto\u015b\u0107 i potrafi\u0105cych wykorzysta\u0107 swoje atuty.<\/p>\n<p><strong>\ud83c\udf81 Zapakowany w kartonik sze\u015bciopak<\/strong><\/p>\n<p>&nbsp;<\/p>\n<h3><strong>KIM JESTEM?<\/strong><\/h3>\n<p>Oto ja, zestaw 6 naturalnych i wega\u0144skich \u017celi pod prysznic w wersji mini. Jak wida\u0107, znajdziesz we mnie \u017cele z naszych 3 linii zapachowych dla kobiet, po 2 sztuki z ka\u017cdej z nich. Przede wszystkim \u015bwietnie sprawdz\u0119 si\u0119 wi\u0119c w roli prezentu! Dodatkowo buteleczki maj\u0105 bardzo praktyczn\u0105 pojemno\u015b\u0107 (100 ml). Dzi\u0119ki temu b\u0119d\u0105 idealne na podr\u00f3\u017c, si\u0142owni\u0119 czy basen.<\/p>\n<p>W Szcz\u0119\u015bciopaku znajdziesz \u017cel <strong>NIEZAPOMINAJKA KR\u00d3LOWA \u017bYCIA<\/strong>kt\u00f3ra ma subtelny zapach ekskluzywnych perfum ze zmys\u0142ow\u0105 nut\u0105&#8230; Brawo, niezapominajki. Zosta\u0142a ona stworzona dla kobiet przebojowych i kusz\u0105co powabnych, a tak\u017ce dla tych pozornie nie\u015bmia\u0142ych, kt\u00f3re lubi\u0105 zaskakiwa\u0107 i &#8211; gdy mo\u017cna &#8211; potrafi\u0105 te\u017c da\u0107 czadu.\u00a0\u00a0Natomiast linia <strong>PIWONIA ZAPACH SUBTELNEJ DOMINACJI<\/strong> ma zmys\u0142owy zapach ekskluzywnych perfum z sensualnymi nutami piwonii. Powsta\u0142a ona dla kobiet silnych i zdecydowanych. Tych, kt\u00f3re znaj\u0105cych swoj\u0105 warto\u015b\u0107 i potrafi\u0105cych wykorzysta\u0107 swoje atuty. Z kolei seria <strong>MAGNOLIA ZAPACH KLASY I SUKCESU<\/strong>ma zmys\u0142owy zapach ekskluzywnych perfum z eleganckimi nutami magnolii i r\u00f3\u017cowego pieprzu. Powsta\u0142a ona dla kobiety emanuj\u0105cej klas\u0105 i sukcesem. Tych, kt\u00f3re s\u0105 pewne siebie i charyzmatyczne.<\/p>\n<p>&nbsp;<\/p>\n<h3><strong>CO MOG\u0118 DLA CIEBIE ZROBI\u0106?<\/strong><\/h3>\n<p>Szukasz prezentu dla kobiety na urodziny? A mo\u017ce interesuje Ci\u0119 pomys\u0142 na niebanalny prezent dla dziewczyny na imieniny? Upominek na Dzie\u0144 Kobiet, podarunek na \u015bwi\u0119ta? Jeste\u015b we w\u0142a\u015bciwym miejscu, bowiem na prezent dla kobiety nadaj\u0119 si\u0119 idealnie! W szczeg\u00f3lno\u015bci dlatego, \u017ce jestem zapakowany w efektowne pude\u0142ko prezentowe z okienkami i wygodnym uchwytem. Poza tym, z uwagi na r\u00f3\u017cnorodno\u015b\u0107 zapachow\u0105 i praktyczn\u0105 pojemno\u015b\u0107 butelek mog\u0119 \u015bmia\u0142o zapewni\u0107 Ci\u0119, \u017ce szale\u0144stwo zmys\u0142\u00f3w i zadowolenie obdarowanej masz murowane!<\/p>\n<p>&nbsp;<\/p>\n<h3><strong>PYTASZ KOTKU, CO MAM W \u015aRODKU?<\/strong><\/h3>\n<p>\ud83c\udf38<strong>\u00a0<a href=\"https:\/\/laq.pl\/produkt\/zel-pod-prysznic-piwonia-100ml\/\">\u017bel pod prysznic PIWONIA ZAPACH SUBTELNEJ DOMINACJI 100 ml<\/a><\/strong> &#8211; sk\u0142ad oparty jest na \u0142agodnych substancjach myj\u0105cych. Ponadto zawieram w sobie gliceryn\u0119 pochodzenia ro\u015blinnego oraz unikalny kompleks sk\u0142adnik\u00f3w nawil\u017caj\u0105cych, kwas hialuronowy i ekstrakty ro\u015blinne, kt\u00f3re nawil\u017c\u0105 i wzmocni\u0105 barier\u0119 ochronn\u0105 Twojej sk\u00f3ry.<\/p>\n<p>\ud83c\udf3c<strong><a href=\"https:\/\/laq.pl\/produkt\/zel-pod-prysznic-niezapominajka-krolowa-zycia-2\/\"> \u017bel pod prysznic NIEZAPOMINAJKA KR\u00d3LOWA \u017bYCIA 100 ml<\/a><\/strong> &#8211; Zawieram w sobie gliceryn\u0119 pochodzenia ro\u015blinnego oraz wspaniale \u0142agodz\u0105cy pantenol. Ponadto znajdziesz we mnie ekstrakt z niezapominajki i postbiotyk (wyci\u0105g z fermentacji bakterii Lactobacillus). To on zachowuje r\u00f3wnowag\u0119 mikrobiomu sk\u00f3ry i poprawia szczelno\u015b\u0107 jej bariery.<\/p>\n<p>\ud83d\udcae<strong><a href=\"https:\/\/laq.pl\/produkt\/zel-pod-prysznic-magnolia-zapach-klasy-i-sukcesu-2\/\"> \u017bel pod prysznic MAGNOLIA ZAPACH KLASY I SUKCESU 100 ml<\/a><\/strong> &#8211; sk\u0142ad oparty jest na \u0142agodnych substancjach myj\u0105cych. Ponadto zawieram w sobie gliceryn\u0119 pochodzenia ro\u015blinnego oraz unikalny kompleks sk\u0142adnik\u00f3w nawil\u017caj\u0105cych, kwas hialuronowy i ekstrakty ro\u015blinne, kt\u00f3re nawil\u017c\u0105 i wzmocni\u0105 barier\u0119 ochronn\u0105 Twojej sk\u00f3ry.<\/p>\n<p>(dok\u0142adne sk\u0142ady INCI poszczeg\u00f3lnych produkt\u00f3w znajdziesz pod powy\u017cszymi linkami)<\/p>\n<p>&nbsp;<\/p>\n<h3><strong>POZNAJ MOJE NUTY ZAPACHOWE:<\/strong><\/h3>\n<p><strong>Piwonia &#8211; nuty zapachowe:<\/strong><\/p>\n<ul>\n<li><b>g\u0142owy:<\/b> pomara\u0144cza, nerola<\/li>\n<li><b>serca:<\/b> kwiat piwonii, kwiat pomara\u0144czy, ja\u015bmin, gardenia<\/li>\n<li><b>podstawy:<\/b> paczula, wanilia, fasola tonka<\/li>\n<\/ul>\n<p><strong>Niezapominajka &#8211; nuty zapachowe:<\/strong><\/p>\n<ul>\n<li><b>g\u0142owy:<\/b> mandarynka<\/li>\n<li><b>serca:<\/b> niezapominajka, brzoskwinia, go\u017adzik, ja\u015bmin, kwiat pomara\u0144czy<\/li>\n<li><b>podstawy:<\/b> wanilia, drzewo sanda\u0142owe, drzewo cedrowe, bursztyn<\/li>\n<\/ul>\n<p><strong>Magnolia &#8211; nuty zapachowe:<\/strong><\/p>\n<ul>\n<li><b>g\u0142owy:<\/b> pomara\u0144cza, cytryna, bergamotka<\/li>\n<li><b>serca:<\/b> r\u00f3\u017ca, konwalia, kwiat pomara\u0144czy, fio\u0142ek, paczula<\/li>\n<li><b>podstawy:<\/b> drzewo sanda\u0142owe, wanilia, karmel, fasola tonka, drzewo cedrowe<\/li>\n<\/ul>\n<h3><strong>A CO M\u00d3WI\u0104 NA MIE\u015aCIE?<\/strong><\/h3>\n<p><em>Sze\u015bciopak zawsze jest dobrym pomys\u0142em na prezent!<\/em><\/p>\n<p>&nbsp;<\/p>\n<p><img loading=\"lazy\" decoding=\"async\" class=\"alignnone wp-image-49200 size-medium\" src=\"https:\/\/laq.pl\/wp-content\/uploads\/2026\/02\/uniwersalny-300x177.jpg\" alt=\"piktogram znaku testowanie dermatologicznie oraz znak produktu wega\u0144skiego\" width=\"300\" height=\"177\" srcset=\"https:\/\/laq.pl\/wp-content\/uploads\/2026\/02\/uniwersalny-300x177.jpg 300w, https:\/\/laq.pl\/wp-content\/uploads\/2026\/02\/uniwersalny-726x429.jpg 726w, https:\/\/laq.pl\/wp-content\/uploads\/2026\/02\/uniwersalny.jpg 769w\" sizes=\"auto, (max-width: 300px) 100vw, 300px\" \/><\/p>\n","protected":false},"excerpt":{"rendered":"<p><strong>Kartonik z por\u0119czn\u0105 r\u0105czk\u0105, a w nim:<\/strong><\/p>\n<p>\ud83c\udf38<strong>2 x <a href=\"https:\/\/laq.pl\/produkt\/zel-pod-prysznic-piwonia-zapach-subtelnej-dominacji-2\/\">\u017bel pod prysznic PIWONIA ZAPACH SUBTELNEJ DOMINACJI 100 ml<\/a><\/strong><\/p>\n<p>\ud83c\udf3c<strong>2 x\u00a0<a href=\"https:\/\/laq.pl\/produkt\/zel-pod-prysznic-niezapominajka-krolowa-zycia-2\/\">\u017bel pod prysznic NIEZAPOMINAJKA KR\u00d3LOWA \u017bYCIA 100 ml<\/a><\/strong><\/p>\n<p>\ud83d\udcae<strong> 2 x <a href=\"https:\/\/laq.pl\/produkt\/zel-pod-prysznic-magnolia-zapach-klasy-i-sukcesu-2\/\">\u017bel pod prysznic MAGNOLIA ZAPACH KLASY I SUKCESU 100 ml<\/a><\/strong><\/p>\n","protected":false},"featured_media":48307,"template":"","meta":{"_acf_changed":false},"product_brand":[],"product_cat":[232,228,842],"product_tag":[385,839,313,314,309,906],"class_list":{"0":"post-48287","1":"product","2":"type-product","3":"status-publish","4":"has-post-thumbnail","6":"product_cat-damskie","7":"product_cat-zestawy-kosmetykow-dla-matki-zony-i-kochanki","8":"product_cat-zele-damskie","9":"product_tag-dla-niej","10":"product_tag-idealny-prezent","11":"product_tag-magnolia","12":"product_tag-niezapominajka","13":"product_tag-piwonia","14":"product_tag-szesciopak","17":"first","18":"instock","19":"taxable","20":"shipping-taxable","21":"purchasable","22":"product-type-simple"},"acf":[],"_links":{"self":[{"href":"https:\/\/laq.pl\/en\/wp-json\/wp\/v2\/product\/48287","targetHints":{"allow":["GET"]}}],"collection":[{"href":"https:\/\/laq.pl\/en\/wp-json\/wp\/v2\/product"}],"about":[{"href":"https:\/\/laq.pl\/en\/wp-json\/wp\/v2\/types\/product"}],"wp:featuredmedia":[{"embeddable":true,"href":"https:\/\/laq.pl\/en\/wp-json\/wp\/v2\/media\/48307"}],"wp:attachment":[{"href":"https:\/\/laq.pl\/en\/wp-json\/wp\/v2\/media?parent=48287"}],"wp:term":[{"taxonomy":"product_brand","embeddable":true,"href":"https:\/\/laq.pl\/en\/wp-json\/wp\/v2\/product_brand?post=48287"},{"taxonomy":"product_cat","embeddable":true,"href":"https:\/\/laq.pl\/en\/wp-json\/wp\/v2\/product_cat?post=48287"},{"taxonomy":"product_tag","embeddable":true,"href":"https:\/\/laq.pl\/en\/wp-json\/wp\/v2\/product_tag?post=48287"}],"curies":[{"name":"wp","href":"https:\/\/api.w.org\/{rel}","templated":true}]}}