{"id":48291,"date":"2026-01-26T11:56:16","date_gmt":"2026-01-26T10:56:16","guid":{"rendered":"https:\/\/laq.pl\/?post_type=product&#038;p=48291"},"modified":"2026-04-17T13:10:48","modified_gmt":"2026-04-17T11:10:48","slug":"zestaw-laq-piekna-i-bestia-box-dla-dwojga-6-x-100-ml","status":"publish","type":"product","link":"https:\/\/laq.pl\/en\/product\/zestaw-laq-piekna-i-bestia-box-dla-dwojga-6-x-100-ml\/","title":{"rendered":"Zestaw prezentowy LaQ dla par Pi\u0119kna i Bestia \u2013 Box dla Dwojga (6 x 100 ml)"},"content":{"rendered":"<h2 style=\"text-align: center;\"><strong>Bo przeciwie\u0144stwa przyci\u0105gaj\u0105 si\u0119 najlepiej&#8230; pod prysznicem<\/strong><\/h2>\n<p>&nbsp;<\/p>\n<p>\ud83c\udf38 <a href=\"https:\/\/laq.pl\/produkt\/zel-pod-prysznic-piwonia-zapach-subtelnej-dominacji-2\/\"><strong>\u017bel pod prysznic PIWONIA ZAPACH SUBTELNEJ DOMINACJI 100 ml<\/strong><\/a> &#8211; naturalny i wega\u0144ski \u017cel pod prysznic w wersji mini, z kultowej ju\u017c serii o sensualnym zapachu ekskluzywnych perfum z uwodzicielsk\u0105 nut\u0105 piwonii. Stworzony dla kobiet silnych i zdecydowanych, znaj\u0105cych swoj\u0105 warto\u015b\u0107 i potrafi\u0105cych wykorzysta\u0107 swoje atuty.<\/p>\n<p>\ud83d\udcae <a href=\"https:\/\/laq.pl\/produkt\/zel-pod-prysznic-magnolia-zapach-klasy-i-sukcesu-2\/\"><strong>\u017bel pod prysznic MAGNOLIA ZAPACH KLASY I SUKCESU 100 ml<\/strong><\/a> &#8211; naturalny i wega\u0144ski \u017cel pod prysznic o intryguj\u0105cym zapachu ekskluzywnych perfum ze zmys\u0142owymi nutami magnolii i r\u00f3\u017cowego pieprzu. Stworzono mnie dla kobiet pewnych siebie i charyzmatycznych. tych, kt\u00f3re za dnia intryguj\u0105 s\u0142odk\u0105 tajemnic\u0105, a nocami oczarowuj\u0105 nieokie\u0142znan\u0105 zmys\u0142owo\u015bci\u0105.<\/p>\n<p>\ud83c\udf3c <a href=\"https:\/\/laq.pl\/produkt\/zel-pod-prysznic-niezapominajka-krolowa-zycia-2\/\"><strong>\u017bel pod prysznic NIEZAPOMINAJKA KR\u00d3LOWA \u017bYCIA 100 ml<\/strong><\/a> &#8211; naturalny i wega\u0144ski \u017cel pod prysznic o subtelnym zapachu ekskluzywnych perfum ze zmys\u0142ow\u0105 nut\u0105 niezapominajki. Stworzono mnie dla kobiet przebojowych i kusz\u0105co powabnych, a tak\u017ce dla tych pozornie nie\u015bmia\u0142ych, kt\u00f3re lubi\u0105 zaskakiwa\u0107 i &#8211; gdy mo\u017cna &#8211; potrafi\u0105 te\u017c da\u0107 czadu.<\/p>\n<p>\ud83d\udc15 <a href=\"https:\/\/laq.pl\/produkt\/zel-pod-prysznic-8w1-zapach-seksu-i-biznesu-100-ml\/\"><strong>\u017bel pod prysznic 8 w 1 ZAPACH SEKSU I BIZNESU 100 ml<\/strong><\/a> &#8211; wega\u0144ski i niezwykle m\u0119ski \u017cel pod prysznic. pachn\u0119 dobrym seksem i udanym biznesem, a odwracaj\u0105c psa ogonem &#8211; udanym seksem i dobrym biznesem. Sam nie wiem, czym bardziej. dobry nos wyczuje te\u017c u mnie m\u0119skie perfumy z nut\u0105 kardamonu i czarnego pieprzu. kto\u015b kiedy\u015b powiedzia\u0142 o mnie &#8220;najlepszy&#8221; i jak dot\u0105d tego nie odszczeka\u0142.<\/p>\n<p>\ud83d\udc10 <a href=\"https:\/\/laq.pl\/produkt\/zel-pod-prysznic-8-w-1-koziol-z-klasa-2\/\"><strong>\u017bel pod prysznic Kozio\u0142 z Klas\u0105 100 ml<\/strong><\/a> &#8211; \u017cel pod prysznic dla m\u0119\u017cczyzn, naturalny, wega\u0144ski, a tak\u017ce genialnie i zdecydowanie kozacko pachn\u0105cy m\u0119skimi perfumami. \u017bel z wyci\u0105giem z chmielu. ale jednak nadal r\u00f3wnie\u017c po prostu \u017cel do mycia.<\/p>\n<p>\ud83d\udc06 <a href=\"https:\/\/laq.pl\/produkt\/zel-pod-prysznic-ryszard-z-bieszczad-100-ml-dark\/\"><strong>\u017bel pod prysznic Ryszard z Bieszczad 100 ml<\/strong><\/a> &#8211; naturalny i wega\u0144ski \u017cel pod prysznic dla m\u0119\u017cczyzn. Jako jedyny w bieszczadach zawieram wyci\u0105g z li\u015bci tytoniu szlachetnego. Poza tym jaram si\u0119 tym, \u017ce pachn\u0119 m\u0119skimi perfumami.<\/p>\n<p><strong>\ud83c\udf81 Zapakowany w kartonik sze\u015bciopak<\/strong><\/p>\n<p>&nbsp;<\/p>\n<h3><strong>KIM JESTEM?<\/strong><\/h3>\n<p>Oto ja, zestaw 6 naturalnych i wega\u0144skich, a przy tym miniaturowych \u017celi pod prysznic dla niej i dla niego. jak wida\u0107, znajdziesz we mnie \u017cele z naszych 3 linii dla kobiet i 3 dla m\u0119\u017cczyzn. Co wi\u0119cej, ka\u017cda z nich ma zapach ekskluzywnych perfum! Przede wszystkim \u015bwietnie sprawdz\u0119 si\u0119 wi\u0119c w roli prezentu! ponadto buteleczki maj\u0105 bardzo praktyczn\u0105 pojemno\u015b\u0107 (100 ml), dzi\u0119ki czemu idealnie sprawdz\u0105 si\u0119 w podr\u00f3\u017cy, na si\u0142owni czy na basenie.<\/p>\n<p>Je\u015bli chodzi o \u017cele damskie w szcz\u0119\u015bciopaku, to w \u017celu <strong>PIWONIA ZAPACH SUBTELNEJ DOMINACJI<\/strong> rozpoznasz uwodzicielsk\u0105 nut\u0119 piwonii, w \u017celu <strong>MAGNOLIA ZAPACH KLASY I SUKCESU<\/strong> wyczujesz intryguj\u0105ce nuty magnolii i r\u00f3\u017cowego pieprzu, z kolei \u017cel <strong>NIEZAPOMINAJKA KR\u00d3LOWA \u017bYCIA<\/strong> uwiedzie ci\u0119 subtelnym zapachem niezapominajki. W przypadku \u017celi m\u0119skich pierwsze skrzypce gra <strong>ZAPACH SEKSU I BIZNESU<\/strong>, wt\u00f3ruje mu odrobin\u0119 <strong>Kozio\u0142 z Klas\u0105<\/strong> pachn\u0105cy wieczorem przy browarku, a sztafet\u0119 zamyka <strong>Ryszard z Bieszczad<\/strong>, kt\u00f3ry jako jedyny z nich zna zapach g\u00f3rskiego szlaku.<\/p>\n<p>&nbsp;<\/p>\n<h3><strong>CO MOG\u0118 DLA CIEBIE ZROBI\u0106?<\/strong><\/h3>\n<p>Idziesz na parapet\u00f3wk\u0119, urodziny lub inn\u0105 imprez\u0119 do swoich znajomych? Szukasz pomys\u0142u na niezobowi\u0105zuj\u0105cy upominek dla kumpeli i kumpla? Koniecznie zabierz mnie ze sob\u0105, bowiem na prezent dla pary nadaj\u0119 si\u0119 idealnie! Cho\u0107by dlatego, \u017ce jestem zapakowany w efektowne pude\u0142ko prezentowe z okienkami i wygodnym uchwytem. Poza tym, z uwagi na r\u00f3\u017cnorodno\u015b\u0107 zapachow\u0105 i praktyczn\u0105 pojemno\u015b\u0107 butelek mog\u0119 \u015bmia\u0142o zapewni\u0107 ci\u0119, \u017ce szale\u0144stwo zmys\u0142\u00f3w i zadowolenie obdarowanych masz murowane!<\/p>\n<p>&nbsp;<\/p>\n<h3><strong>PYTASZ KOTKU, CO MAM W \u015aRODKU?<\/strong><\/h3>\n<p>\ud83c\udf38 <a href=\"https:\/\/laq.pl\/produkt\/zel-pod-prysznic-piwonia-zapach-subtelnej-dominacji-2\/\"><strong>\u017bel pod prysznic PIWONIA ZAPACH SUBTELNEJ DOMINACJI 100 ml<\/strong><\/a> &#8211; sk\u0142ad oparty jest na \u0142agodnych substancjach myj\u0105cych. Dodatkowo zawieram w sobie kompleks sk\u0142adnik\u00f3w nawil\u017caj\u0105cych, m.in. mocznik, witamin\u0119 b3, kwas mlekowy i inozytol.<\/p>\n<p>\ud83d\udcae <a href=\"https:\/\/laq.pl\/produkt\/zel-pod-prysznic-magnolia-zapach-klasy-i-sukcesu-2\/\"><strong>\u017bel pod prysznic MAGNOLIA ZAPACH KLASY I SUKCESU 100 ml<\/strong><\/a> &#8211; sk\u0142ad oparty jest na \u0142agodnych substancjach myj\u0105cych. Ponadto zawieram w sobie gliceryn\u0119 pochodzenia ro\u015blinnego oraz unikalny kompleks sk\u0142adnik\u00f3w nawil\u017caj\u0105cych, kwas hialuronowy i ekstrakty ro\u015blinne, kt\u00f3re nawil\u017c\u0105 i wzmocni\u0105 barier\u0119 ochronn\u0105 twojej sk\u00f3ry.<\/p>\n<p>\ud83c\udf3c<a href=\"https:\/\/laq.pl\/produkt\/zel-pod-prysznic-niezapominajka-krolowa-zycia-2\/\"><strong> \u017bel pod prysznic NIEZAPOMINAJKA KR\u00d3LOWA \u017bYCIA 100 ml<\/strong><\/a> &#8211; zawieram w sobie gliceryn\u0119 pochodzenia ro\u015blinnego oraz wspaniale \u0142agodz\u0105cy pantenol. Ponadto znajdziesz we mnie ekstrakt z niezapominajki i postbiotyk (wyci\u0105g z fermentacji bakterii lactobacillus), kt\u00f3ry zachowuje r\u00f3wnowag\u0119 mikrobiomu sk\u00f3ry i poprawia szczelno\u015b\u0107 jej bariery.<\/p>\n<p>\ud83d\udc15<a href=\"https:\/\/laq.pl\/produkt\/zel-pod-prysznic-8w1-zapach-seksu-i-biznesu-100-ml\/\"><strong> \u017bel pod prysznic 8 w 1 ZAPACH SEKSU I BIZNESU 100 ml<\/strong><\/a> &#8211; na zewn\u0105trz jestem twardy, zdecydowany i bezkompromisowy, jednak wewn\u0105trz skrywam prawdziw\u0105 natur\u0119, opart\u0105 na \u0142agodnych substancjach myj\u0105cych pochodzenia ro\u015blinnego. Zawieram gliceryn\u0119 (r\u00f3wnie\u017c pochodzenia ro\u015blinnego), ekstrakt z nasion kardamonu, mocznik oraz niacynamid.<\/p>\n<p>\ud83d\udc10 <a href=\"https:\/\/laq.pl\/produkt\/zel-pod-prysznic-8-w-1-koziol-z-klasa-2\/\"><strong>\u017bel pod prysznic Kozio\u0142 z Klas\u0105 100 ml<\/strong><\/a> &#8211; przede wszystkim patrz\u0105c trze\u017awym okiem na moj\u0105 receptur\u0119 od razu wida\u0107, \u017ce jest ona oparta na \u0142agodnych substancjach myj\u0105cych pochodzenia ro\u015blinnego. Ponadto zawieram gliceryn\u0119 (r\u00f3wnie\u017c pochodzenia ro\u015blinnego) oraz \u0142agodz\u0105cy ekstrakt z chmielu.<\/p>\n<p>\ud83d\udc06 <a href=\"https:\/\/laq.pl\/produkt\/zel-pod-prysznic-ryszard-z-bieszczad-100-ml-dark\/\"><strong>\u017bel pod prysznic Ryszard z Bieszczad 100 ml<\/strong><\/a> &#8211;\u00a0 zawieram w sobie nawil\u017caj\u0105c\u0105 gliceryn\u0119 pochodzenia ro\u015blinnego. mam dla ciebie r\u00f3wnie\u017c od\u017cywczy wyci\u0105g z li\u015bci tytoniu szlachetnego, a do tego nawil\u017caj\u0105cy mocznik oraz witamin\u0119 b3 (niacynamid).<\/p>\n<p>(dok\u0142adne sk\u0142ady INCI poszczeg\u00f3lnych produkt\u00f3w znajdziesz pod powy\u017cszymi linkami)<\/p>\n<p>&nbsp;<\/p>\n<h3><strong>POZNAJ MOJE NUTY ZAPACHOWE:<\/strong><\/h3>\n<p><strong>Piwonia &#8211; nuty zapachowe:<\/strong><\/p>\n<ul>\n<li><b>g\u0142owy:<\/b> pomara\u0144cza, nerola<\/li>\n<li><b>serca:<\/b> kwiat piwonii, kwiat pomara\u0144czy, ja\u015bmin, gardenia<\/li>\n<li><b>podstawy:<\/b> paczula, wanilia, fasola tonka<\/li>\n<\/ul>\n<p><strong>Magnolia &#8211; nuty zapachowe:<\/strong><\/p>\n<ul>\n<li><b>g\u0142owy:<\/b> pomara\u0144cza, cytryna, bergamotka<\/li>\n<li><b>serca:<\/b> r\u00f3\u017ca, konwalia, kwiat pomara\u0144czy, fio\u0142ek, paczula<\/li>\n<li><b>podstawy:<\/b> drzewo sanda\u0142owe, wanilia, karmel, fasola tonka, drzewo cedrowe<\/li>\n<\/ul>\n<p><strong>Niezapominajka &#8211; nuty zapachowe:<\/strong><\/p>\n<ul>\n<li><b>g\u0142owy:<\/b> mandarynka<\/li>\n<li><b>serca:<\/b> niezapominajka, brzoskwinia, go\u017adzik, ja\u015bmin, kwiat pomara\u0144czy<\/li>\n<li><b>podstawy:<\/b> wanilia, drzewo sanda\u0142owe, drzewo cedrowe, bursztyn<\/li>\n<\/ul>\n<p><strong>ZAPACH SEKSU I BIZNESU &#8211; nuty zapachowe:\u00a0<\/strong><\/p>\n<ul>\n<li><strong>g\u0142owy:<\/strong> cytryna, grejpfrut, nuty wodne<\/li>\n<li><strong>serca:<\/strong> jab\u0142ko, mi\u0119ta, r\u00f3\u017cowy pieprz, r\u00f3\u017ca<\/li>\n<li><strong>podstawy:<\/strong> drzewo cedrowe, drzewo sanda\u0142owe, suche drewno, fasola tonka, pi\u017cmo<\/li>\n<\/ul>\n<p><strong>Kozio\u0142 z Klas\u0105 &#8211; nuty zapachowe:\u00a0<\/strong><\/p>\n<ul>\n<li><strong>g\u0142owy:<\/strong> mi\u0119ta lodowa, bergamotka<\/li>\n<li><strong>serca:<\/strong> geranium, jab\u0142ko<\/li>\n<li><strong>podstawy:<\/strong> wanilia, drzewo sanda\u0142owe, cedr<\/li>\n<\/ul>\n<p><strong>Ryszard z Bieszczad &#8211; nuty zapachowe:\u00a0<\/strong><\/p>\n<ul>\n<li><strong>g\u0142owy:<\/strong> bergamotka, cytryna, sza\u0142wia, zio\u0142a<\/li>\n<li><strong>serca: <\/strong>nuty morskie, lawenda, ja\u015bmin, tymianek, irys<\/li>\n<li><strong>podstawy: <\/strong>drewno bursztynowe, paczula, wetyweria, fasola tonka<\/li>\n<\/ul>\n<p>&nbsp;<\/p>\n<h3><strong>A CO M\u00d3WI\u0104 NA MIE\u015aCIE?<\/strong><\/h3>\n<p><em>Sze\u015bciopak zawsze jest dobrym pomys\u0142em na prezent!<\/em><\/p>\n<p>&nbsp;<\/p>\n<p><img loading=\"lazy\" decoding=\"async\" class=\"alignnone wp-image-49200 size-medium\" src=\"https:\/\/laq.pl\/wp-content\/uploads\/2026\/02\/uniwersalny-300x177.jpg\" alt=\"piktogram znaku testowanie dermatologicznie oraz znak produktu wega\u0144skiego\" width=\"300\" height=\"177\" srcset=\"https:\/\/laq.pl\/wp-content\/uploads\/2026\/02\/uniwersalny-300x177.jpg 300w, https:\/\/laq.pl\/wp-content\/uploads\/2026\/02\/uniwersalny-726x429.jpg 726w, https:\/\/laq.pl\/wp-content\/uploads\/2026\/02\/uniwersalny.jpg 769w\" sizes=\"auto, (max-width: 300px) 100vw, 300px\" \/><\/p>\n","protected":false},"excerpt":{"rendered":"<p><b>szcz\u0119\u015bcie daj\u0105cy sze\u015bciopak:<\/b><\/p>\n<p>\ud83c\udf38 <a href=\"https:\/\/laq.pl\/produkt\/zel-pod-prysznic-piwonia-zapach-subtelnej-dominacji-2\/\"><strong>\u017cel pod prysznic PIWONIA ZAPACH SUBTELNEJ DOMINACJI 100 ml<\/strong><\/a><\/p>\n<p>\ud83d\udcae <a href=\"https:\/\/laq.pl\/produkt\/zel-pod-prysznic-magnolia-zapach-klasy-i-sukcesu-2\/\"><strong>\u017cel pod prysznic MAGNOLIA ZAPACH KLASY I SUKCESU 100 ml<\/strong><\/a><\/p>\n<p>\ud83c\udf3c <a href=\"https:\/\/laq.pl\/produkt\/zel-pod-prysznic-niezapominajka-krolowa-zycia-2\/\"><strong>\u017cel pod prysznic NIEZAPOMINAJKA KR\u00d3LOWA \u017bYCIA 100 ml<\/strong><\/a><\/p>\n<p>\ud83d\udc15 <a href=\"https:\/\/laq.pl\/produkt\/zel-pod-prysznic-8w1-zapach-seksu-i-biznesu-100-ml\/\"><strong>\u017cel pod prysznic 8 w 1 ZAPACH SEKSU I BIZNESU 100 ml<\/strong><\/a><\/p>\n<p>\ud83d\udc10 <a href=\"https:\/\/laq.pl\/produkt\/zel-pod-prysznic-8-w-1-koziol-z-klasa-2\/\"><strong>\u017cel pod prysznic Kozio\u0142 z Klas\u0105 100 ml<\/strong><\/a><\/p>\n<p>\ud83d\udc06 <a href=\"https:\/\/laq.pl\/produkt\/zel-pod-prysznic-ryszard-z-bieszczad-100-ml-dark\/\"><strong>\u017cel pod prysznic Ryszard z Bieszczad 100 ml<\/strong><\/a><\/p>\n","protected":false},"featured_media":48290,"template":"","meta":{"_acf_changed":false},"product_brand":[],"product_cat":[230,103],"product_tag":[388,839,290,313,314,309,287,906,893],"class_list":{"0":"post-48291","1":"product","2":"type-product","3":"status-publish","4":"has-post-thumbnail","6":"product_cat-dla-dwojga","7":"product_cat-zestawy-na-prezent","8":"product_tag-dla-dwojga","9":"product_tag-idealny-prezent","10":"product_tag-koziol-z-klasa","11":"product_tag-magnolia","12":"product_tag-niezapominajka","13":"product_tag-piwonia","14":"product_tag-ryszard-z-bieszczad","15":"product_tag-szesciopak","16":"product_tag-zapach-seksu-i-biznesu","19":"first","20":"instock","21":"taxable","22":"shipping-taxable","23":"purchasable","24":"product-type-simple"},"acf":[],"_links":{"self":[{"href":"https:\/\/laq.pl\/en\/wp-json\/wp\/v2\/product\/48291","targetHints":{"allow":["GET"]}}],"collection":[{"href":"https:\/\/laq.pl\/en\/wp-json\/wp\/v2\/product"}],"about":[{"href":"https:\/\/laq.pl\/en\/wp-json\/wp\/v2\/types\/product"}],"wp:featuredmedia":[{"embeddable":true,"href":"https:\/\/laq.pl\/en\/wp-json\/wp\/v2\/media\/48290"}],"wp:attachment":[{"href":"https:\/\/laq.pl\/en\/wp-json\/wp\/v2\/media?parent=48291"}],"wp:term":[{"taxonomy":"product_brand","embeddable":true,"href":"https:\/\/laq.pl\/en\/wp-json\/wp\/v2\/product_brand?post=48291"},{"taxonomy":"product_cat","embeddable":true,"href":"https:\/\/laq.pl\/en\/wp-json\/wp\/v2\/product_cat?post=48291"},{"taxonomy":"product_tag","embeddable":true,"href":"https:\/\/laq.pl\/en\/wp-json\/wp\/v2\/product_tag?post=48291"}],"curies":[{"name":"wp","href":"https:\/\/api.w.org\/{rel}","templated":true}]}}