{"id":49163,"date":"2026-02-11T08:51:24","date_gmt":"2026-02-11T07:51:24","guid":{"rendered":"https:\/\/laq.pl\/?post_type=product&#038;p=49163"},"modified":"2026-04-16T11:48:49","modified_gmt":"2026-04-16T09:48:49","slug":"zestaw-prezentowy-dla-mezczyzn-ich-troje-mocny-sklad-3-zele-pod-prysznic","status":"publish","type":"product","link":"https:\/\/laq.pl\/en\/product\/zestaw-prezentowy-dla-mezczyzn-ich-troje-mocny-sklad-3-zele-pod-prysznic\/","title":{"rendered":"Zestaw prezentowy dla m\u0119\u017cczyzn Ich Troje MOCNY SK\u0141AD \u2013 3 \u017cele pod prysznic"},"content":{"rendered":"<h2 style=\"text-align: center;\">M\u0119ski zestaw prezentowy Ich Troje \u2013 3 \u017cele pod prysznic z serii LaQ<\/h2>\n<p>&nbsp;<\/p>\n<p>\ud83e\udd85 <a href=\"https:\/\/laq.pl\/produkt\/zel-pod-prysznic-8-w-1-orla-pien\/\"><strong>\u017bel pod prysznic OR\u0141A PIE\u0143 500 ml<\/strong><\/a> &#8211; <span style=\"font-weight: 400;\">-si\u0142a natury w ka\u017cdej kropli- perfekcyjny dla kr\u00f3la przestrzeni i osiedla! \u017bel pod prysznic dla faceta, co zdobywa szczyty i rz\u0105dzi w terenie, a po prysznicu pachnie tak, \u017ce nawet wilki w lesie staj\u0105 na baczno\u015b\u0107!\u00a0<\/span><\/p>\n<p>\ud83e\udd81 <a href=\"https:\/\/laq.pl\/produkt\/zel-pod-prysznic-krol-kanapy-8-w-1-500-ml\/\"><strong> \u017bel pod prysznic KR\u00d3L KANAPY 500 ml<\/strong><\/a> &#8211;<span style=\"font-weight: 400;\">-\u017cel pod prysznic, kt\u00f3ry powoduje \u017ce nie musi rusza\u0107 si\u0119 z miejsca, by wzbudza\u0107 podziw. Pachnie tak, jakby\u015b w\u0142a\u015bnie wr\u00f3ci\u0142 z si\u0142owni, a nie z maratonu filmowego!\u00a0<\/span><\/p>\n<p>\ud83d\udc3b <a href=\"https:\/\/laq.pl\/produkt\/zel-pod-prysznic-8-w-1-byk-na-wypasie\/\"><strong>\u017bel pod prysznic BYK NA WYPASIE 500 ml<\/strong><\/a> &#8211;<span style=\"font-weight: 400;\">-p\u0142ynny konkret dla tych, kt\u00f3rzy zamiast liczy\u0107 kalorie, licz\u0105 kilogramy na sztandze i zerwane koszule.\u00a0<\/span><\/p>\n<p><strong>\ud83c\udf81 Zapakowany w kartonik z por\u0119czn\u0105 r\u0105czk\u0105<\/strong><\/p>\n<p>&nbsp;<\/p>\n<h3><strong>KIM JESTEM?<\/strong><\/h3>\n<p>Oto ja, zestaw 3 naturalnych i wega\u0144skich \u017celi pod prysznic. Jak wida\u0107, znajdziesz we mnie \u017cele z naszych 3 kompozycjach zapachowych dla m\u0119\u017cczyzn. Przede wszystkim genialnie sprawdz\u0119 si\u0119 wi\u0119c w roli prezentu dla prawdziwego faceta! Mocny Sk\u0142ad do zada\u0144 specjalnych. Myje cia\u0142o, od\u015bwie\u017ca instynkty i wybacza b\u0142\u0119dy. Od Byka po Kr\u00f3la, przez twarde l\u0105dowanie na pniu. Bierz i id\u017a pod prysznic, bo samo si\u0119 nie umyje. Je\u015bli jeszcze nie znasz naszych linii zapachowych, to wiedz, \u017ce w Zestawie Ich Troje pierwsze skrzypce gra <strong>OR\u0141A PIE\u0143<\/strong>, kt\u00f3ry jako jedyny z wie jak daleko zabierze ci\u0119 zapach czystego ptaka, wt\u00f3ruje mu <strong>KR\u00d3L KANAPY<\/strong> dla facet\u00f3w kt\u00f3rzy znaj\u0105 histori\u0119 Netflixa lepiej ni\u017c w\u0142asne drzewo genealogiczne. , a sztafet\u0119 zamyka <strong>BYK NA WYPASIE<\/strong> kt\u00f3ry ma tak\u0105 klat\u0119, \u017ce guziki w koszuli pe\u0142ni\u0105 funkcj\u0119 pocisk\u00f3w balistycznych.<\/p>\n<p>&nbsp;<\/p>\n<h3><strong>CO MOG\u0118 DLA CIEBIE ZROBI\u0106?<\/strong><\/h3>\n<p>Co jest lepsze na prezent ni\u017c p\u00f3\u0142 litra? P\u00f3\u0142tora litra! Szukasz prezentu dla faceta na urodziny? A mo\u017ce interesuje Ci\u0119 pomys\u0142 na niebanalny prezent dla taty lub kumpla na imieniny? Upominek na Dzie\u0144 Ch\u0142opaka, podarunek na \u015bwi\u0119ta? Jeste\u015b we w\u0142a\u015bciwym miejscu, bowiem na prezent dla m\u0119\u017cczyzny nadaj\u0119 si\u0119 idealnie! W szczeg\u00f3lno\u015bci dlatego, \u017ce jestem zapakowany w efektowne pude\u0142ko prezentowe z okienkami i wygodnym uchwytem. Poza tym, z uwagi na r\u00f3\u017cnorodno\u015b\u0107 zapachow\u0105 i zabawne etykiety mog\u0119 \u015bmia\u0142o zapewni\u0107 Ci\u0119, \u017ce szale\u0144stwo zmys\u0142\u00f3w i zadowolenie obdarowanego masz murowane!<\/p>\n<p>&nbsp;<\/p>\n<h3><strong>PYTASZ KOTKU, CO MAM W \u015aRODKU?<\/strong><\/h3>\n<p>\ud83e\udd85 <a href=\"https:\/\/laq.pl\/produkt\/zel-pod-prysznic-8-w-1-orla-pien\/\"><strong>\u017bel pod prysznic OR\u0141A PIE\u0143 500 ml<\/strong><\/a> &#8211; <strong><span style=\"font-weight: 400;\">Moje wn\u0119trze to kwintesencja natury! Nie musisz spogl\u0105da\u0107 z lotu ptaka, \u017ceby zobaczy\u0107 m\u00f3j \u015bwietny sk\u0142ad. Znajdziesz tu \u0142agodne substancje myj\u0105ce oraz ro\u015blinn\u0105 gliceryn\u0119, kt\u00f3ra odpowiada za nawil\u017canie. Obecno\u015b\u0107 pantenolu, niacyny i biotyny sprawia, \u017ce Twoje pierze b\u0119dzie zadbane i wypiel\u0119gnowane. I mo\u017cemy czepia\u0107 si\u0119 s\u0142\u00f3wek, ale mamy przekonanie, \u017ce to najlepszy \u017cel pod prysznic dla dorodnego ptaka!<\/span><\/strong><\/p>\n<p>\ud83e\udd81 <a href=\"https:\/\/laq.pl\/produkt\/zel-pod-prysznic-krol-kanapy-8-w-1-500-ml\/\"><strong> \u017bel pod prysznic KR\u00d3L KANAPY 500 ml<\/strong><\/a> &#8211; Znajdziesz tu \u0142agodne substancje myj\u0105ce, a tak\u017ce ro\u015blinn\u0105 gliceryn\u0119, kt\u00f3ra ma za zadanie nawil\u017ca\u0107 sk\u00f3r\u0119, nie tyko na kanapie. Ponadto rozpieszczam i piel\u0119gnuj\u0119 sk\u00f3r\u0119 sokiem z korzenia yaconu oraz pre- i postbiotykami. \u0141agodny, ale stanowczy. Skuteczny, ale delikatny! Taki kr\u00f3l zas\u0142uguje na reelekcj\u0119!<\/p>\n<p>\ud83d\udc02 <a href=\"https:\/\/laq.pl\/produkt\/zel-pod-prysznic-8-w-1-byk-na-wypasie\/\"><strong>\u017bel pod prysznic BYK NA WYPASIE 500 ml<\/strong><\/a> &#8211; Nieskromnie powiem, \u017ce m\u00f3j sk\u0142ad jest dla Twojej sk\u00f3ry jak porz\u0105dne bia\u0142eczko dla mi\u0119\u015bni. Zawieram \u0142agodne substancje myj\u0105ce oraz gliceryn\u0119 pochodzenia ro\u015blinnego, o dzia\u0142aniu nawil\u017caj\u0105cym. Znajdziesz tu te\u017c ekstrakt z nasion guarany, kofein\u0119, l-karnityn\u0119, kt\u00f3re daj\u0105 sk\u00f3rze kopa, a na Ciebie podzia\u0142aj\u0105 jak zastrzyk energii.<\/p>\n<p>(dok\u0142adne sk\u0142ady INCI poszczeg\u00f3lnych produkt\u00f3w znajdziesz pod powy\u017cszymi linkami)<\/p>\n<p>&nbsp;<\/p>\n<h3><strong>POZNAJ MOJE NUTY ZAPACHOWE:<\/strong><\/h3>\n<p><strong>OR\u0141A PIE\u0143 &#8211; nuty zapachowe:\u00a0<\/strong><\/p>\n<ul>\n<li><strong>g\u0142owy:<\/strong> cytrusy, rozmaryn, nuty korzenne<\/li>\n<li><strong>serca: <\/strong>migda\u0142, fasola Tonka<\/li>\n<li><strong>podstawy: <\/strong>nuty sk\u00f3ry, paczula, cedr<\/li>\n<\/ul>\n<p><strong>KR\u00d3L KANAPY &#8211; nuty zapachowe:\u00a0<\/strong><\/p>\n<ul>\n<li><strong>g\u0142owy:<\/strong> mi\u0119ta lodowa, bergamotka<\/li>\n<li><strong>serca:<\/strong> geranium, jab\u0142ko<\/li>\n<li><strong>podstawy:<\/strong> wanilia, drzewo sanda\u0142owe, cedr<\/li>\n<\/ul>\n<p><strong>BYK NA WYPASIE &#8211; nuty zapachowe:\u00a0<\/strong><\/p>\n<ul>\n<li><strong>g\u0142owy: <\/strong>ciep\u0142e, pudrowe, \u015bwie\u017ce, czyste<\/li>\n<li><strong>serca: <\/strong>pieprz, bazylia, heliotrop, zio\u0142owe, cyklamen<\/li>\n<li><strong>podstawy: <\/strong>pi\u017cmo, drzewo cedrowe, paczula, drzewne<\/li>\n<\/ul>\n<p>&nbsp;<\/p>\n<h3><strong>A CO M\u00d3WI\u0104 NA MIE\u015aCIE?<\/strong><\/h3>\n<p><em>P\u00f3\u0142tora litra szcz\u0119\u015bcia!<\/em><br \/>\n<em>Z pewno\u015bci\u0105 lepsze na prezent ni\u017c p\u00f3\u0142 litra!<\/em><\/p>\n<p>&nbsp;<\/p>\n<p><img loading=\"lazy\" decoding=\"async\" class=\"alignnone wp-image-49200 size-medium\" src=\"https:\/\/laq.pl\/wp-content\/uploads\/2026\/02\/uniwersalny-300x177.jpg\" alt=\"piktogram znaku testowanie dermatologicznie oraz znak produktu wega\u0144skiego\" width=\"300\" height=\"177\" srcset=\"https:\/\/laq.pl\/wp-content\/uploads\/2026\/02\/uniwersalny-300x177.jpg 300w, https:\/\/laq.pl\/wp-content\/uploads\/2026\/02\/uniwersalny-726x429.jpg 726w, https:\/\/laq.pl\/wp-content\/uploads\/2026\/02\/uniwersalny.jpg 769w\" sizes=\"auto, (max-width: 300px) 100vw, 300px\" \/><\/p>\n","protected":false},"excerpt":{"rendered":"<p><strong>Por\u0119czny kartonik z r\u0105czk\u0105, a w nim:<\/strong><\/p>\n<p>\ud83e\udd85 <a href=\"https:\/\/laq.pl\/produkt\/zel-pod-prysznic-8-w-1-orla-pien\/\"><strong>\u017bel pod prysznic OR\u0141A PIE\u0143 500 ml<\/strong><\/a><\/p>\n<p>\ud83e\udd81 <a href=\"https:\/\/laq.pl\/produkt\/zel-pod-prysznic-krol-kanapy-8-w-1-500-ml\/\"><strong>\u017bel pod prysznic KR\u00d3L KANAPY 500 ml<\/strong><\/a><\/p>\n<p>\ud83d\udc02 <a href=\"https:\/\/laq.pl\/produkt\/zel-pod-prysznic-8-w-1-byk-na-wypasie\/\"><strong>\u017bel pod prysznic BYK NA WYPASIE 500 ml<\/strong><\/a><\/p>\n","protected":false},"featured_media":49161,"template":"","meta":{"_acf_changed":false},"product_brand":[915],"product_cat":[229,858,841,103],"product_tag":[353],"class_list":{"0":"post-49163","1":"product","2":"type-product","3":"status-publish","4":"has-post-thumbnail","6":"product_brand-laq","7":"product_cat-dla-prawdziwego-mezczyzny","8":"product_cat-nowosci","9":"product_cat-zele-meskie","10":"product_cat-zestawy-na-prezent","11":"product_tag-czysciopak","14":"first","15":"instock","16":"taxable","17":"shipping-taxable","18":"purchasable","19":"product-type-simple"},"acf":[],"_links":{"self":[{"href":"https:\/\/laq.pl\/en\/wp-json\/wp\/v2\/product\/49163","targetHints":{"allow":["GET"]}}],"collection":[{"href":"https:\/\/laq.pl\/en\/wp-json\/wp\/v2\/product"}],"about":[{"href":"https:\/\/laq.pl\/en\/wp-json\/wp\/v2\/types\/product"}],"wp:featuredmedia":[{"embeddable":true,"href":"https:\/\/laq.pl\/en\/wp-json\/wp\/v2\/media\/49161"}],"wp:attachment":[{"href":"https:\/\/laq.pl\/en\/wp-json\/wp\/v2\/media?parent=49163"}],"wp:term":[{"taxonomy":"product_brand","embeddable":true,"href":"https:\/\/laq.pl\/en\/wp-json\/wp\/v2\/product_brand?post=49163"},{"taxonomy":"product_cat","embeddable":true,"href":"https:\/\/laq.pl\/en\/wp-json\/wp\/v2\/product_cat?post=49163"},{"taxonomy":"product_tag","embeddable":true,"href":"https:\/\/laq.pl\/en\/wp-json\/wp\/v2\/product_tag?post=49163"}],"curies":[{"name":"wp","href":"https:\/\/api.w.org\/{rel}","templated":true}]}}