{"id":49325,"date":"2026-02-13T11:15:26","date_gmt":"2026-02-13T10:15:26","guid":{"rendered":"https:\/\/laq.pl\/?post_type=product&#038;p=49325"},"modified":"2026-04-16T22:41:15","modified_gmt":"2026-04-16T20:41:15","slug":"zestaw-prezentowy-laq-dla-mezczyzn-alfa-pack-mix-6-zeli-pod-prysznic-6-x-100-ml","status":"publish","type":"product","link":"https:\/\/laq.pl\/en\/product\/zestaw-prezentowy-laq-dla-mezczyzn-alfa-pack-mix-6-zeli-pod-prysznic-6-x-100-ml\/","title":{"rendered":"Zestaw prezentowy LaQ dla m\u0119\u017cczyzn ALFA PACK \u2013 Mix 6 \u017celi pod prysznic (6 x 100 ml)"},"content":{"rendered":"<h2 style=\"text-align: center;\"><strong>Sze\u015b\u0107 powod\u00f3w, dla kt\u00f3rych Twoja k\u0105piel nigdy nie b\u0119dzie nudna \u2013 testuj, mieszaj, wybieraj!<\/strong><\/h2>\n<p>&nbsp;<\/p>\n<p>\ud83d\udc3b<strong> 1 x <a href=\"https:\/\/laq.pl\/produkt\/zel-pod-prysznic-8-w-1-zlota-raczka-2\/\">\u017bel pod prysznic Z\u0141OTA R\u0104CZKA 100 ml<\/a><\/strong> &#8211; <span style=\"font-weight: 400;\">\u017cel pod prysznic dla m\u0119\u017cczyzn. Naturalny i wega\u0144ski, dla faceta, co wkr\u0119ca \u015brubki i kobiety, a po prysznicu pachnie tak, \u017ce nawet zepsuty kran si\u0119 rumieni!\u00a0<\/span><\/p>\n<p>\ud83e\udd81<strong>1 x <a href=\"https:\/\/laq.pl\/produkt\/zel-pod-prysznic-8-w-1-szef-wszystkich-szefow\/\"><strong>\u017bel pod prysznic SZEF WSZYSTKICH SZEF\u00d3W 100 ml<\/strong><\/a> &#8211; <span style=\"font-weight: 400;\">naturalny i wega\u0144ski \u017cel pod prysznic dla m\u0119\u017cczyzn. B\u0119dzie tak jak chce szef wszystkich szef\u00f3w: czysto, \u015bwie\u017co, luksusowo i bez dyskusji.\u00a0<\/span><\/strong><\/p>\n<p>\ud83e\udd88 <strong>1 x <a href=\"https:\/\/laq.pl\/produkt\/zel-pod-prysznic-rekin-biznesu\/\">\u017bel pod prysznic 8 w 1 REKIN BIZNESU 100 ml<\/a><\/strong> &#8211; naturalny i wega\u0144ski \u017cel pod prysznic dla m\u0119\u017cczyzn. Ten \u017cel to cacuszko \u2013 grube ryby nie \u0142api\u0105 si\u0119 na byle przyn\u0119t\u0119. Mini butelka jest te\u017c idealna na podr\u00f3\u017c, si\u0142owni\u0119 czy basen, b\u0119dzie te\u017c super dodatkiem do prezentu!<\/p>\n<p>\ud83d\udc15 <strong>1 x <a href=\"https:\/\/laq.pl\/produkt\/zel-pod-prysznic-8w1-doberman-100-ml-dark\/\">\u017bel pod prysznic 8 w 1 ZAPACH SEKSU I BIZNESU 100 ml<\/a><\/strong> &#8211; wega\u0144ski i niezwykle m\u0119ski \u017cel pod prysznic. Pachn\u0119 dobrym seksem i udanym biznesem, a odwracaj\u0105c psa ogonem &#8211; udanym seksem i dobrym biznesem. Sam nie wiem, czym bardziej. Dobry nos wyczuje te\u017c u mnie m\u0119skie perfumy z nut\u0105 kardamonu i czarnego pieprzu. kto\u015b kiedy\u015b powiedzia\u0142 o mnie &#8220;najlepszy&#8221; i jak dot\u0105d tego nie odszczeka\u0142.<\/p>\n<p>\ud83d\udcb3 <strong>1 x <a href=\"https:\/\/laq.pl\/produkt\/zel-pod-prysznic-habibi-z-dubaju-2\/\">\u017bel pod prysznic 8 w 1 Habibi z Dubaju 100 ml<\/a><\/strong> &#8211; naturalny i wega\u0144ski m\u0119ski \u017cel pod prysznic, po\u017c\u0105dany jak wyp\u0142ata. Niewa\u017cne, czy pokry\u0142 ci\u0119 pustynny py\u0142, czy odczuwasz skutki s\u0142o\u0144ca nad radomiem \u2013 od\u015bwie\u017c\u0119 twoje cia\u0142o, w\u0142osy, a je\u015bli trzeba \u2013 nawet wielb\u0142\u0105da. Pachn\u0119 cytrusami, s\u0142odkimi przyprawami, cedrem i pi\u017cmem \u2013 kr\u00f3tko m\u00f3wi\u0105c: czu\u0107 pini\u0105dz.<\/p>\n<p>\ud83d\udc02 <strong>1 x <a href=\"https:\/\/laq.pl\/produkt\/zel-pod-prysznic-kawal-byka-dark-100-ml\/\">\u017bel pod prysznic 8 w 1 Kawa\u0142 Byka 100 ml<\/a><\/strong> &#8211; naturalny i wega\u0144ski \u017cel pod prysznic dla m\u0119\u017cczyzn, w szczeg\u00f3lno\u015bci dla niez\u0142ych byk\u00f3w. Dzi\u0119ki mojej formule nawet po najci\u0119\u017cszym dniu wr\u00f3cisz na aren\u0119 \u015bwie\u017cy, pachn\u0105cy i gotowy do dzia\u0142ania! To co, gotowy na bycze wyzwania?<\/p>\n<p><strong>\ud83c\udf81 Zapakowany w kartonik sze\u015bciopak z por\u0119czn\u0105 r\u0105czk\u0105<\/strong><\/p>\n<p>&nbsp;<\/p>\n<h3><\/h3>\n<h3><strong>KIM JESTEM?<\/strong><\/h3>\n<p>Oto ja, zestaw 6 naturalnych i wega\u0144skich \u017celi pod prysznic w wersji mini. Jak wida\u0107, znajdziesz we mnie \u017cele z naszych 6 linii zapachowych dla m\u0119\u017cczyzn, po jednej sztuce z ka\u017cdej z nich. Przede wszystkim genialnie sprawdz\u0119 si\u0119 wi\u0119c w roli prezentu dla prawdziwego faceta! Poza tym buteleczki maj\u0105 bardzo praktyczn\u0105 pojemno\u015b\u0107 (100 ml), dzi\u0119ki czemu b\u0119d\u0105 idealne na podr\u00f3\u017c, si\u0142owni\u0119 czy basen.<\/p>\n<p dir=\"ltr\" data-pm-slice=\"1 1 []\">Je\u015bli jeszcze nie odkry\u0142e\u015b naszych kultowych zapach\u00f3w, poznaj szcz\u0119\u015bciopak m\u0119ski! na scen\u0119 wkracza <strong>Habibi z Dubaju<\/strong>, kusz\u0105cy woni\u0105 luksusu i uwodzenia, wsparty przez <strong>Kawa\u0142 Byka<\/strong>, kt\u00f3ry pachnie si\u0142\u0105 i pewno\u015bci\u0105 siebie. <strong>Z\u0141OTA R\u0104CZKA<\/strong> fachowiec od klucza&#8230;francuskiego, a <strong>ZAPACH SEKSU I BIZNESU<\/strong> roztacza aur\u0119 w\u0142adzy i magnetyzmu. <strong>REKIN BIZNESU<\/strong> czaruje wiedz\u0105 kreatywnej ksi\u0119gowo\u015bci, a fina\u0142 nale\u017cy do <strong>SZEFA WSZYSTKICH SZEF\u00d3W<\/strong>, kt\u00f3ry pachnie w\u0142adz\u0105 absolutn\u0105.<\/p>\n<p>&nbsp;<\/p>\n<h3><strong>CO MOG\u0118 DLA CIEBIE ZROBI\u0106?<\/strong><\/h3>\n<p>Szukasz prezentu dla faceta na urodziny? A mo\u017ce interesuje ci\u0119 pomys\u0142 na niebanalny prezent dla kumpla na imieniny? Upominek na dzie\u0144 ch\u0142opaka, podarunek na \u015bwi\u0119ta? Jeste\u015b we w\u0142a\u015bciwym miejscu, bowiem na prezent dla m\u0119\u017cczyzny nadaj\u0119 si\u0119 idealnie! W szczeg\u00f3lno\u015bci dlatego, \u017ce jestem zapakowany w efektowne pude\u0142ko prezentowe z okienkami i wygodnym uchwytem. Poza tym, z uwagi na r\u00f3\u017cnorodno\u015b\u0107 zapachow\u0105 i praktyczn\u0105 pojemno\u015b\u0107 butelek mog\u0119 \u015bmia\u0142o zapewni\u0107 ci\u0119, \u017ce szale\u0144stwo zmys\u0142\u00f3w i zadowolenie obdarowanego masz murowane!<\/p>\n<p>&nbsp;<\/p>\n<h3><strong>PYTASZ KOTKU, CO MAM W \u015aRODKU?<\/strong><\/h3>\n<p>\ud83d\udc3b<strong> 1 x <a href=\"https:\/\/laq.pl\/produkt\/zel-pod-prysznic-8-w-1-zlota-raczka-2\/\">\u017bel pod prysznic Z\u0141OTA R\u0104CZKA 100 ml<\/a><\/strong> &#8211; m\u00f3j sk\u0142ad jest jak instrukcja obs\u0142ugi \u2013 nie musisz czyta\u0107, \u017ceby widzie\u0107, \u017ce jest dobrze! Ekstrakt z kory d\u0119bu szypu\u0142kowego pomaga wzmacnia\u0107 sk\u00f3r\u0119, dzia\u0142a tonizuj\u0105co i \u015bci\u0105gaj\u0105co. Ekstraktu z szyszek chmielu omawia\u0107 chyba nie trzeba \u2013 wiadomo, niczym zimny kufelek, ma w\u0142a\u015bciwo\u015bci \u0142agodz\u0105ce, koj\u0105ce i antybakteryjne. Ekstrakt z drzewa cedrowego od\u015bwie\u017ca sk\u00f3r\u0119 i nadaje jej drzewnego aromatu. Dzia\u0142a przy tym delikatnie przeciw\u0142ojotokowo. O nawil\u017cenie sk\u00f3ry dba gliceryna ro\u015blinna, a za oczyszczanie odpowiada substancja pochodz\u0105ca z oleju kokosowego. Elegancko i wega\u0144sko! Tak jak m\u00f3wili\u015bmy: b\u0119dzie pan zadowolony!<\/p>\n<p>\ud83e\udd81 <strong>1 x <a href=\"https:\/\/laq.pl\/produkt\/zel-pod-prysznic-8-w-1-szef-wszystkich-szefow\/\">\u017bel pod prysznic 8 w 1 SZEF WSZYSTKICH SZEF\u00d3W 100 ml<\/a><\/strong> &#8211; m\u00f3j sk\u0142ad to pasmo nieko\u0144cz\u0105cych si\u0119 sukces\u00f3w! Ekstrakt z szafranu dzia\u0142a przeciwutleniaj\u0105co i dodaje sk\u00f3rze blasku. Ekstrakt z kardamonu delikatnie rozgrzewa, od\u015bwie\u017ca i nadaje luksusowego, korzennego aromatu. Ekstrakt z li\u015bci tytoniu ma dzia\u0142anie antyoksydacyjne i pog\u0142\u0119bia aromat. Za oczyszczanie odpowiadaj\u0105 substancje pochodz\u0105ce z oleju kokosowego, a za nawil\u017canie \u2013 gliceryna ro\u015blinna.<\/p>\n<p>\ud83e\udd88 <strong>1 x <a href=\"https:\/\/laq.pl\/produkt\/zel-pod-prysznic-rekin-biznesu\/\">\u017bel pod prysznic 8 w 1 REKIN BIZNESU 100 ml<\/a><\/strong> &#8211; m\u00f3j sk\u0142ad to morze korzy\u015bci! Ekstrakt z czarnego pieprzu pobudza mikrokr\u0105\u017cenie i dzia\u0142a rozgrzewaj\u0105co. Ostry i gor\u0105cy? Ca\u0142y Ty (nie tylko w biznesie!). Ekstrakt z pio\u0142unu tonizuje i od\u015bwie\u017ca sk\u00f3r\u0119, a z \u017ce\u0144-szenia \u2013 rewitalizuje, dodaje jej energii i kondycjonuje. Gliceryna pochodzenia ro\u015blinnego wi\u0105\u017ce wod\u0119 w nask\u00f3rku i nie dopuszcza do jego przesuszania, podczas gdy za oczyszczanie odpowiadaj\u0105 substancje pochodz\u0105ce z oleju kokosowego. To nie jest \u017cel dla byle p\u0142otki, to must have dla grubych ryb.<\/p>\n<p>\ud83d\udc15<strong>1 x<\/strong> <a href=\"https:\/\/laq.pl\/produkt\/zel-pod-prysznic-8w1-doberman-100-ml-dark\/\"><strong> \u017bel pod prysznic 8 w 1 ZAPACH SEKSU I BIZNESU 100 ml<\/strong><\/a> &#8211; na zewn\u0105trz jestem twardy, zdecydowany i bezkompromisowy, jednak wewn\u0105trz skrywam prawdziw\u0105 natur\u0119, opart\u0105 na \u0142agodnych substancjach myj\u0105cych pochodzenia ro\u015blinnego. Zawieram gliceryn\u0119 (r\u00f3wnie\u017c pochodzenia ro\u015blinnego), ekstrakt z nasion kardamonu, mocznik oraz niacynamid.<\/p>\n<p>\ud83d\udcb3 <strong>1 x <a href=\"https:\/\/laq.pl\/produkt\/zel-pod-prysznic-habibi-z-dubaju-2\/\">\u017bel pod prysznic 8 w 1 Habibi z Dubaju 100 ml<\/a><\/strong> &#8211; jestem Habibi z Dubaju \u2013 to oczywiste, \u017ce mam bogate wn\u0119trze. Znajdziesz u mnie \u0142agodne substancje myj\u0105ce, pochodz\u0105ce z kokosa i kilka smaczk\u00f3w kondycjonuj\u0105cych twoj\u0105 drogocenn\u0105 sk\u00f3r\u0119. Po pierwsze gliceryna, kt\u00f3ra zmi\u0119kcza sk\u00f3r\u0119 i chroni j\u0105 przed przesuszeniem. Po drugie emolient, kt\u00f3ry eliminuje uczucie \u015bci\u0105gni\u0119cia sk\u00f3ry po myciu. Po trzecie, kompleks cukr\u00f3w nawil\u017caj\u0105cych aquaxyl, kt\u00f3ry wspiera barier\u0119 hydrolipidow\u0105 twojej sk\u00f3ry oraz sk\u0142adniki nawil\u017caj\u0105ce i zapewniaj\u0105ce jej mi\u0119kko\u015b\u0107. Jednak tym, co ka\u017cdy habibi lubi najbardziej, jest ekstrakt z pistacji, kt\u00f3ry ma dzia\u0142anie od\u017cywcze, przeciwutleniaj\u0105ce i ochronne.<\/p>\n<p>\ud83d\udc02 <strong>1 x <a href=\"https:\/\/laq.pl\/produkt\/zel-pod-prysznic-kawal-byka-dark-100-ml\/\">\u017bel pod prysznic 8 w 1 Kawa\u0142 Byka 100 ml<\/a><\/strong> -w moim sk\u0142adzie znajdziesz ekstrakty z korzenia \u017ce\u0144-szenia syberyjskiego, skrzypu polnego oraz \u0142opianu, kt\u00f3re wzmocni\u0105 i od\u017cywi\u0105 twoj\u0105 sk\u00f3r\u0119. Ponadto zawieram proteiny ro\u015blinne (z kukurydzy, pszenicy i soi), kt\u00f3re odbuduj\u0105 j\u0105 i nawil\u017c\u0105, natomiast gliceryna pochodzenia ro\u015blinnego zapewni jej mi\u0119kko\u015b\u0107 i g\u0142adko\u015b\u0107.<\/p>\n<p>(dok\u0142adne sk\u0142ady inci poszczeg\u00f3lnych produkt\u00f3w znajdziesz pod powy\u017cszymi linkami)<\/p>\n<p>&nbsp;<\/p>\n<h3><strong>POZNAJ MOJE NUTY ZAPACHOWE:<\/strong><\/h3>\n<p><strong>Z\u0141OTA R\u0104CZKA &#8211; nuty zapachowe:\u00a0<\/strong><\/p>\n<ul>\n<li><strong>g\u0142owy:<\/strong> mandarynka, grejpfrut, pomara\u0144cza, cytryna<\/li>\n<li><strong>serca:<\/strong> bergamotka, gorzki migda\u0142, fio\u0142ek<\/li>\n<li><strong>podstawy:<\/strong> galbanum, ambra, drzewo cedrowe<\/li>\n<\/ul>\n<p><strong>SZEF WSZYSTKICH SZEF\u00d3W &#8211; nuty zapachowe:\u00a0<\/strong><\/p>\n<ul>\n<li><strong>g\u0142owy:<\/strong> s\u0142odkie, czyste<\/li>\n<li><strong>serca: <\/strong>korzenne, przyprawowe, zielone, owocowe<\/li>\n<li><strong>podstawy: <\/strong>wanilia, drzewo cedrowe, paczula, fasola tonka<\/li>\n<\/ul>\n<p><strong>REKIN BIZNESU- nuty zapachowe:\u00a0<\/strong><\/p>\n<ul>\n<li><strong>g\u0142owy:<\/strong> lawenda, bergamotka, \u015bwie\u017ce, cytrusowe<\/li>\n<li><strong>serca:<\/strong> kwiatowe (fio\u0142ek, lilia), zielone<\/li>\n<li><strong>podstawy:<\/strong> pi\u017cmo, drzewo sanda\u0142owe, ambra, fasola Tonka<\/li>\n<\/ul>\n<p><strong>ZAPACH SEKSU I BIZNESU &#8211; nuty zapachowe:\u00a0<\/strong><\/p>\n<ul>\n<li><strong>g\u0142owy:<\/strong> cytryna, grejpfrut, nuty wodne<\/li>\n<li><strong>serca:<\/strong> jab\u0142ko, mi\u0119ta, r\u00f3\u017cowy pieprz, r\u00f3\u017ca<\/li>\n<li><strong>podstawy:<\/strong> drzewo cedrowe, drzewo sanda\u0142owe, suche drewno, fasola tonka, pi\u017cmo<\/li>\n<\/ul>\n<p><strong>Habibi z Dubaju &#8211; nuty zapachowe:\u00a0<\/strong><\/p>\n<ul>\n<li><strong>g\u0142owy:<\/strong> \u015bwie\u017ce cytrusy, owocowe, kremowe<\/li>\n<li><strong>serca:<\/strong> s\u0142odkie przyprawy, ja\u015bmin, r\u00f3\u017ca<\/li>\n<li><strong>podstawy:<\/strong> wanilia, fasola tonka, pi\u017cmo, mech d\u0119bowy, paczula, bursztyn, drzewo cedrowe<\/li>\n<\/ul>\n<p><strong>Kawa\u0142 Byka &#8211; nuty zapachowe:\u00a0<\/strong><\/p>\n<ul>\n<li><strong>g\u0142owy:<\/strong> czarny pieprz, drzewo cedrowe, piment, bergamotka<\/li>\n<li><strong>serca:<\/strong> lawenda, go\u017adzik, paczula, werbena<\/li>\n<li><strong>podstawy:<\/strong> drzewo cedrowe, drzewo gwajakowe, kadzid\u0142o, fasola tonka, ambra<\/li>\n<\/ul>\n<p>&nbsp;<\/p>\n<h3><strong>A CO M\u00d3WI\u0104 NA MIE\u015aCIE?<\/strong><\/h3>\n<p><em>Sze\u015bciopak zawsze jest dobrym pomys\u0142em na prezent!<\/em><\/p>\n<p>&nbsp;<\/p>\n<p><img loading=\"lazy\" decoding=\"async\" class=\"alignnone wp-image-49200 size-medium\" src=\"https:\/\/laq.pl\/wp-content\/uploads\/2026\/02\/uniwersalny-300x177.jpg\" alt=\"piktogram znaku testowanie dermatologicznie oraz znak produktu wega\u0144skiego\" width=\"300\" height=\"177\" srcset=\"https:\/\/laq.pl\/wp-content\/uploads\/2026\/02\/uniwersalny-300x177.jpg 300w, https:\/\/laq.pl\/wp-content\/uploads\/2026\/02\/uniwersalny-726x429.jpg 726w, https:\/\/laq.pl\/wp-content\/uploads\/2026\/02\/uniwersalny.jpg 769w\" sizes=\"auto, (max-width: 300px) 100vw, 300px\" \/><\/p>\n","protected":false},"excerpt":{"rendered":"<p><strong>Kartonik z por\u0119cznym uchwytem, a w nim:<\/strong><\/p>\n<p>\ud83d\udc3b <strong>1 x <a href=\"https:\/\/laq.pl\/produkt\/zel-pod-prysznic-8-w-1-zlota-raczka-2\/\">\u017bel pod prysznic 8 w 1 Z\u0141OTA R\u0104CZKA 100 ml<\/a><\/strong><\/p>\n<p>\ud83e\udd81 <strong>1 x <a href=\"https:\/\/laq.pl\/produkt\/zel-pod-prysznic-8-w-1-szef-wszystkich-szefow\/\">\u017bel pod prysznic 8 w 1 SZEF WSZYSTKICH SZEF\u00d3W 100 ml<\/a><\/strong><\/p>\n<p>\ud83e\udd88<strong> 1 x <a href=\"https:\/\/laq.pl\/produkt\/zel-pod-prysznic-rekin-biznesu\/\">\u017bel pod prysznic 8 w 1 REKIN BIZNESU 100 ml<\/a><\/strong><\/p>\n<p>\ud83d\udc15 <strong>1 x <a href=\"https:\/\/laq.pl\/produkt\/zel-pod-prysznic-8w1-doberman-100-ml-dark\/\">\u017bel pod prysznic 8 w 1 ZAPACH SEKSU I BIZNESU 100 ml<\/a><\/strong><\/p>\n<p>\ud83d\udcb3 <strong>1 x <a href=\"https:\/\/laq.pl\/produkt\/zel-pod-prysznic-habibi-z-dubaju-2\/\">\u017bel pod prysznic 8 w 1 Habibi z Dubaju 100 ml<\/a><\/strong><\/p>\n<p>\ud83d\udc02 <strong>1 x <a href=\"https:\/\/laq.pl\/produkt\/zel-pod-prysznic-kawal-byka-dark-100-ml\/\">\u017bel pod prysznic 8 w 1 Kawa\u0142 Byka 100 ml<\/a><\/strong><\/p>\n","protected":false},"featured_media":49327,"template":"","meta":{"_acf_changed":false},"product_brand":[],"product_cat":[229,103],"product_tag":[387,582,839,289,909,908,906,893,907],"class_list":{"0":"post-49325","1":"product","2":"type-product","3":"status-publish","4":"has-post-thumbnail","6":"product_cat-dla-prawdziwego-mezczyzny","7":"product_cat-zestawy-na-prezent","8":"product_tag-dla-niego","9":"product_tag-habibi","10":"product_tag-idealny-prezent","11":"product_tag-kawal-byka","12":"product_tag-rekin-biznesu","13":"product_tag-szef-wszystkich-szefow","14":"product_tag-szesciopak","15":"product_tag-zapach-seksu-i-biznesu","16":"product_tag-zlota-raczka","19":"first","20":"instock","21":"taxable","22":"shipping-taxable","23":"purchasable","24":"product-type-simple"},"acf":[],"_links":{"self":[{"href":"https:\/\/laq.pl\/en\/wp-json\/wp\/v2\/product\/49325","targetHints":{"allow":["GET"]}}],"collection":[{"href":"https:\/\/laq.pl\/en\/wp-json\/wp\/v2\/product"}],"about":[{"href":"https:\/\/laq.pl\/en\/wp-json\/wp\/v2\/types\/product"}],"wp:featuredmedia":[{"embeddable":true,"href":"https:\/\/laq.pl\/en\/wp-json\/wp\/v2\/media\/49327"}],"wp:attachment":[{"href":"https:\/\/laq.pl\/en\/wp-json\/wp\/v2\/media?parent=49325"}],"wp:term":[{"taxonomy":"product_brand","embeddable":true,"href":"https:\/\/laq.pl\/en\/wp-json\/wp\/v2\/product_brand?post=49325"},{"taxonomy":"product_cat","embeddable":true,"href":"https:\/\/laq.pl\/en\/wp-json\/wp\/v2\/product_cat?post=49325"},{"taxonomy":"product_tag","embeddable":true,"href":"https:\/\/laq.pl\/en\/wp-json\/wp\/v2\/product_tag?post=49325"}],"curies":[{"name":"wp","href":"https:\/\/api.w.org\/{rel}","templated":true}]}}