{"id":49457,"date":"2024-01-10T21:24:28","date_gmt":"2024-01-10T20:24:28","guid":{"rendered":"https:\/\/laq-stagging.lukaszbaraniak.net\/produkt\/usmiechniety-krolik-zielony\/"},"modified":"2024-01-10T21:24:28","modified_gmt":"2024-01-10T20:24:28","slug":"usmiechniety-krolik-zielony-2","status":"publish","type":"product","link":"https:\/\/laq.pl\/en\/product\/usmiechniety-krolik-zielony-2\/","title":{"rendered":"U\u015bmiechni\u0119ty kr\u00f3lik &#8211; zielony"},"content":{"rendered":"<p>Happy Soaps to linia r\u0119cznie robionych myde\u0142 glicerynowych wytwarzanych wed\u0142ug w\u0142asnej receptury i dost\u0119pnych w r\u00f3\u017cnych wzorach oraz wersjach kolorystyczno-zapachowych. Ich sk\u0142ad zosta\u0142 wzbogacony o szlachetne mas\u0142a shea, kakaowe i mango, kt\u00f3re piel\u0119gnuj\u0105 sk\u00f3r\u0119, zapobiegaj\u0105c jej przesuszaniu. Myd\u0142a nie zawieraj\u0105 SLS, SLES i PEG-\u00f3w, a obecne w nich kompozycje zapachowe pozbawione s\u0105 substancji znajduj\u0105cych si\u0119 na li\u015bcie potencjalnych alergen\u00f3w. Doskonale si\u0119 pieni\u0105 i \u0142agodnie oczyszczaj\u0105 nawet delikatn\u0105 i wra\u017cliw\u0105 sk\u00f3r\u0119, pozostawiaj\u0105c j\u0105 zadban\u0105 oraz pi\u0119knie pachn\u0105c\u0105. Mog\u0105 s\u0142u\u017cy\u0107 tak\u017ce jako dekoracja \u0142azienki lub oryginalnie wygl\u0105daj\u0105cy od\u015bwie\u017cacz do szaf i szuflad.<\/p>\n<p>&nbsp;<\/p>\n<p><span data-sheets-root=\"1\" data-sheets-value=\"{&quot;1&quot;:2,&quot;2&quot;:&quot;Ingredients: Aqua, Glycerin, Sorbitol, Sodium Stearate, Sodium Laurate, Propylene Glycol, Sodium Oleate, Sodium Myristate, Sodium Chloride, Glyceryl Laurate, Cocamidopropyl Betaine, Theobroma Cacao Seed Butter, Butyrospermum Parkii Butter, Mangifera Indica Seed Butter, Sodium Thiosulfate, Sodium Citrate, CI77891, Citric Acid, Tetrasodium Iminodisuccinate, Tetrasodium Etidronate, Parfum, [+\/- CI 16035, CI 17200, CI 42090, CI 19140, CI 15510, Charcoal Powder].&quot;}\" data-sheets-userformat=\"{&quot;2&quot;:15309,&quot;3&quot;:{&quot;1&quot;:0},&quot;5&quot;:{&quot;1&quot;:[{&quot;1&quot;:2,&quot;2&quot;:0,&quot;5&quot;:{&quot;1&quot;:2,&quot;2&quot;:11128974}},{&quot;1&quot;:0,&quot;2&quot;:0,&quot;3&quot;:3},{&quot;1&quot;:1,&quot;2&quot;:0,&quot;4&quot;:1}]},&quot;6&quot;:{&quot;1&quot;:[{&quot;1&quot;:2,&quot;2&quot;:0,&quot;5&quot;:{&quot;1&quot;:2,&quot;2&quot;:11128974}},{&quot;1&quot;:0,&quot;2&quot;:0,&quot;3&quot;:3},{&quot;1&quot;:1,&quot;2&quot;:0,&quot;4&quot;:1}]},&quot;9&quot;:0,&quot;10&quot;:1,&quot;11&quot;:4,&quot;12&quot;:0,&quot;14&quot;:{&quot;1&quot;:2,&quot;2&quot;:0},&quot;15&quot;:&quot;Calibri, sans-serif&quot;,&quot;16&quot;:11}\">Ingredients: Aqua, Glycerin, Sorbitol, Sodium Stearate, Sodium Laurate, Propylene Glycol, Sodium Oleate, Sodium Myristate, Sodium Chloride, Glyceryl Laurate, Cocamidopropyl Betaine, Theobroma Cacao Seed Butter, Butyrospermum Parkii Butter, Mangifera Indica Seed Butter, Sodium Thiosulfate, Sodium Citrate, CI77891, Citric Acid, Tetrasodium Iminodisuccinate, Tetrasodium Etidronate, Parfum, [+\/- CI 16035, CI 17200, CI 42090, CI 19140, CI 15510, Charcoal Powder].<\/span><\/p>\n","protected":false},"excerpt":{"rendered":"<p>Happy Soaps to linia r\u0119cznie robionych myde\u0142 glicerynowych wytwarzanych wed\u0142ug w\u0142asnej receptury i dost\u0119pnych w r\u00f3\u017cnych wzorach oraz wersjach kolorystyczno-zapachowych. Ich sk\u0142ad zosta\u0142 wzbogacony o szlachetne mas\u0142a shea, kakaowe i mango, kt\u00f3re piel\u0119gnuj\u0105 sk\u00f3r\u0119, zapobiegaj\u0105c jej przesuszaniu. Myd\u0142a nie zawieraj\u0105 SLS, SLES i PEG-\u00f3w, a obecne w nich kompozycje zapachowe pozbawione s\u0105 substancji znajduj\u0105cych si\u0119 na li\u015bcie potencjalnych alergen\u00f3w. Doskonale si\u0119 pieni\u0105 i \u0142agodnie oczyszczaj\u0105 nawet delikatn\u0105 i wra\u017cliw\u0105 sk\u00f3r\u0119, pozostawiaj\u0105c j\u0105 zadban\u0105 oraz pi\u0119knie pachn\u0105c\u0105. Mog\u0105 s\u0142u\u017cy\u0107 tak\u017ce jako dekoracja \u0142azienki lub oryginalnie wygl\u0105daj\u0105cy od\u015bwie\u017cacz do szaf i szuflad. &nbsp; Ingredients: Aqua, Glycerin, Sorbitol, Sodium Stearate, Sodium Laurate, Propylene Glycol, Sodium Oleate, Sodium Myristate, Sodium Chloride, Glyceryl Laurate, Cocamidopropyl Betaine, Theobroma Cacao Seed Butter, Butyrospermum Parkii Butter, Mangifera Indica Seed Butter, Sodium Thiosulfate, Sodium Citrate, CI77891, Citric Acid, Tetrasodium Iminodisuccinate, Tetrasodium Etidronate, Parfum, [+\/- CI 16035, CI 17200, CI 42090, CI 19140, CI 15510, Charcoal Powder].<\/p>\n","protected":false},"featured_media":0,"template":"","meta":{"_acf_changed":false},"product_brand":[],"product_cat":[],"product_tag":[],"class_list":{"0":"post-49457","1":"product","2":"type-product","3":"status-publish","6":"first","7":"instock","8":"taxable","9":"shipping-taxable","10":"product-type-simple"},"acf":[],"_links":{"self":[{"href":"https:\/\/laq.pl\/en\/wp-json\/wp\/v2\/product\/49457","targetHints":{"allow":["GET"]}}],"collection":[{"href":"https:\/\/laq.pl\/en\/wp-json\/wp\/v2\/product"}],"about":[{"href":"https:\/\/laq.pl\/en\/wp-json\/wp\/v2\/types\/product"}],"wp:attachment":[{"href":"https:\/\/laq.pl\/en\/wp-json\/wp\/v2\/media?parent=49457"}],"wp:term":[{"taxonomy":"product_brand","embeddable":true,"href":"https:\/\/laq.pl\/en\/wp-json\/wp\/v2\/product_brand?post=49457"},{"taxonomy":"product_cat","embeddable":true,"href":"https:\/\/laq.pl\/en\/wp-json\/wp\/v2\/product_cat?post=49457"},{"taxonomy":"product_tag","embeddable":true,"href":"https:\/\/laq.pl\/en\/wp-json\/wp\/v2\/product_tag?post=49457"}],"curies":[{"name":"wp","href":"https:\/\/api.w.org\/{rel}","templated":true}]}}