{"id":50346,"date":"2024-01-10T21:25:29","date_gmt":"2024-01-10T20:25:29","guid":{"rendered":"https:\/\/laq-stagging.lukaszbaraniak.net\/produkt\/rekawiczka-zielony\/"},"modified":"2024-01-10T21:25:29","modified_gmt":"2024-01-10T20:25:29","slug":"rekawiczka-zielony-2","status":"publish","type":"product","link":"https:\/\/laq.pl\/en\/product\/rekawiczka-zielony-2\/","title":{"rendered":"#R\u0119cznie robione myd\u0142o glicerynowe R\u0118KAWICA 90 g \u2013 bo wiadomo, \u017ce r\u0119ka r\u0119k\u0119 myje"},"content":{"rendered":"<p>&nbsp;<\/p>\n<h2 style=\"text-align: center;\"><strong>R\u0119czna robota, kt\u00f3ra zmyje z Ciebie brudy tego \u015bwiata\u00a0<\/strong><\/h2>\n<p>&nbsp;<\/p>\n<h3><strong>KIM JESTEM?<\/strong><\/h3>\n<p>Oto ja, r\u0119cznie robione wega\u0144skie myd\u0142o glicerynowe w kszta\u0142cie r\u0119kawiczki. Nie da si\u0119 ukry\u0107, \u017ce to w du\u017cej mierze dzi\u0119ki niemu doskonale nadaj\u0119 si\u0119 do mycia i b\u0119d\u0119 mi\u0142ym dodatkiem do ka\u017cdego prezentu.<\/p>\n<p>&nbsp;<\/p>\n<h3><strong>CO MOG\u0118 DLA CIEBIE ZROBI\u0106?<\/strong><\/h3>\n<p>\u015awietnie si\u0119 pieni\u0119 i \u0142agodnie oczyszczam nawet delikatn\u0105 i wra\u017cliw\u0105 sk\u00f3r\u0119. Je\u015bli tylko we\u017amiesz mnie w swoje wilgotne d\u0142onie, pozostawi\u0119 Twoj\u0105 sk\u00f3r\u0119 zadban\u0105 oraz pi\u0119knie pachn\u0105c\u0105.<\/p>\n<p>&nbsp;<\/p>\n<h3><strong>PYTASZ KOTKU, CO MAM W \u015aRODKU?<\/strong><\/h3>\n<p>W \u015brodku skrywam i\u015bcie \u0142agodne substancje myj\u0105ce. Znajdziesz we mnie r\u00f3wnie\u017c szlachetne mas\u0142a: shea, kakaowe i mango. To dzi\u0119ki nim piel\u0119gnuj\u0119 sk\u00f3r\u0119 i zapobiegam jej przesuszaniu (powa\u017cnie!).<\/p>\n<p><em><strong>Sk\u0142ad:<\/strong> Aqua, Glycerin, Sorbitol, Sodium Stearate, Sodium Laurate, Propylene Glycol, Sodium Oleate, Sodium Myristate, Sodium Chloride, Glyceryl Laurate, Cocamidopropyl Betaine, Theobroma Cacao Seed Butter, Butyrospermum Parkii Butter, Mangifera Indica Seed Butter, Sodium Thiosulfate, Sodium Citrate, CI77891, Citric Acid, Tetrasodium Iminodisuccinate, Tetrasodium Etidronate, Parfum, [+\/- CI 16035, CI 17200, CI 42090, CI 19140, CI 15510, Charcoal Powder]<\/em><\/p>\n<p>&nbsp;<\/p>\n<h3><strong>SPOS\u00d3B U\u017bYCIA MYD\u0141A GLICERYNOWEGO:<\/strong><\/h3>\n<p>Zalecam Ci do\u015b\u0107 znan\u0105 na \u015bwiecie metod\u0119 u\u017cytkowania myd\u0142a glicerynowego o tajemniczej nazwie ZSS: zmocz, spie\u0144, sp\u0142ucz. Innymi s\u0142owy: szuru-buru!<\/p>\n<p>&nbsp;<\/p>\n<h3><strong>A CO M\u00d3WI\u0104 NA MIE\u015aCIE?<\/strong><\/h3>\n<p><i>M\u00f3wi\u0105, \u017ce to jedyna r\u0119kawica, kt\u00f3r\u0105 rzuca si\u0119 z czyst\u0105 przyjemno\u015bci\u0105<\/i><\/p>\n","protected":false},"excerpt":{"rendered":"<p><strong>R\u0119cznie robione myd\u0142o glicerynowe<\/strong> &#8211; skutecznie myje i piel\u0119gnuje sk\u00f3r\u0119, a jego uroczy kszta\u0142t sprawia, \u017ce to idealny <strong>pomys\u0142 na drobny prezent<\/strong>.<\/p>\n","protected":false},"featured_media":0,"template":"","meta":{"_acf_changed":false},"product_brand":[],"product_cat":[],"product_tag":[],"class_list":{"0":"post-50346","1":"product","2":"type-product","3":"status-publish","6":"first","7":"instock","8":"taxable","9":"shipping-taxable","10":"product-type-simple"},"acf":[],"_links":{"self":[{"href":"https:\/\/laq.pl\/en\/wp-json\/wp\/v2\/product\/50346","targetHints":{"allow":["GET"]}}],"collection":[{"href":"https:\/\/laq.pl\/en\/wp-json\/wp\/v2\/product"}],"about":[{"href":"https:\/\/laq.pl\/en\/wp-json\/wp\/v2\/types\/product"}],"wp:attachment":[{"href":"https:\/\/laq.pl\/en\/wp-json\/wp\/v2\/media?parent=50346"}],"wp:term":[{"taxonomy":"product_brand","embeddable":true,"href":"https:\/\/laq.pl\/en\/wp-json\/wp\/v2\/product_brand?post=50346"},{"taxonomy":"product_cat","embeddable":true,"href":"https:\/\/laq.pl\/en\/wp-json\/wp\/v2\/product_cat?post=50346"},{"taxonomy":"product_tag","embeddable":true,"href":"https:\/\/laq.pl\/en\/wp-json\/wp\/v2\/product_tag?post=50346"}],"curies":[{"name":"wp","href":"https:\/\/api.w.org\/{rel}","templated":true}]}}