{"id":50347,"date":"2024-01-10T21:32:16","date_gmt":"2024-01-10T20:32:16","guid":{"rendered":"https:\/\/laq-stagging.lukaszbaraniak.net\/produkt\/dzikus-z-lasu-zel-pod-prysznic-8-w-1-300-ml\/"},"modified":"2024-01-10T21:32:16","modified_gmt":"2024-01-10T20:32:16","slug":"zel-pod-prysznic-8-w-1-dzikus-z-lasu-300-ml-2","status":"publish","type":"product","link":"https:\/\/laq.pl\/en\/product\/zel-pod-prysznic-8-w-1-dzikus-z-lasu-300-ml-2\/","title":{"rendered":"#\u017bel pod prysznic 8 w 1 DZIKUS Z LASU"},"content":{"rendered":"<h2 style=\"text-align: center;\"><strong>\u017bel pod prysznic 8 w 1 DZIKUS Z LASU 300 ml<\/strong><\/h2>\n<p>&nbsp;<\/p>\n<h3><strong>KIM JESTEM?<\/strong><\/h3>\n<p><span style=\"font-weight: 400;\">Oto ja, naturalny i wega\u0144ski \u017cel pod prysznic dla m\u0119\u017cczyzn. Myj\u0119 ekspresowo, pachn\u0119 ekskluzywnymi perfumami, zawieram ekstrakt z d\u0119bu i jestem ekstremalnie dziki. Si\u0119gaj\u0105 po mnie nie tylko eksperci, ekscentrycy i ekspaci, ale r\u00f3wnie\u017c ekstrawertycy i eksperymentatorzy.\u00a0<\/span><\/p>\n<p>&nbsp;<\/p>\n<h3><strong>CO MOG\u0118 DLA CIEBIE ZROBI\u0106?<\/strong><\/h3>\n<p><span style=\"font-weight: 400;\">Zadzia\u0142am ekspansywnie i wyeksmituj\u0119 z Twojego cia\u0142a wszelki brud i smr\u00f3d, tak \u017ceby\u015b ekstraczysty m\u00f3g\u0142 eksplorowa\u0107 \u015bwiat! Czy\u017c to nie ekscytuj\u0105ce?!<\/span><\/p>\n<p>&nbsp;<\/p>\n<h3><strong>PYTASZ KOTKU, CO MAM W \u015aRODKU?<\/strong><\/h3>\n<p><span style=\"font-weight: 400;\">Dobra, przyznaj\u0119, na zewn\u0105trz jestem ekstremalnie dzikim dzikiem, ale w \u015brodku tak naprawd\u0119 jestem \u0142agodny, niczym prosiaczek. Moja receptura bazuje bowiem na delikatnych substancjach myj\u0105cych. Ponadto zawieram w sobie nawil\u017caj\u0105c\u0105 gliceryn\u0119 pochodzenia ro\u015blinnego, a tak\u017ce koj\u0105cy ekstrakt z kory d\u0119bu bezszypu\u0142kowego. Jak widzisz, nie musisz przede mn\u0105 na drzewo pr\u0119dko zmyka\u0107!\u00a0<\/span><\/p>\n<p><em><strong>Sk\u0142ad:<\/strong> Aqua, Sodium Coco-Sulfate, Cocamidopropyl Betaine, Coco-Glucoside, Glycerin, Glyceryl Oleate, Quercus Petraea Bark Extract, Guar Hydroxypropyltrimonium Chloride, Sodium Benzoate, Potassium Sorbate, Sodium Chloride, Citric Acid, Parfum, Linalyl Acetate, Tetramethyl Acetyloctahydronaphthalenes.<\/em><\/p>\n<p>&nbsp;<\/p>\n<h3><strong>POZNAJ MOJE NUTY ZAPACHOWE:<\/strong><\/h3>\n<ul>\n<li><strong>g\u0142owy:<\/strong> bergamotka, czarna porzeczka, ananas, kwiat pomara\u0144czy<\/li>\n<li><strong>serca:<\/strong> paczula, ja\u015bmin, zio\u0142a<\/li>\n<li><strong>podstawy:<\/strong> mech d\u0119bowy, pi\u017cmo, bursztyn<\/li>\n<\/ul>\n<p>&nbsp;<\/p>\n<h3><strong>SPOS\u00d3B U\u017bYCIA M\u0118SKIEGO \u017bELU POD PRYSZNIC:<\/strong><\/h3>\n<p>Niewielk\u0105 ilo\u015b\u0107 \u017celu rozprowad\u017a na sk\u00f3rze do uzyskania piany, zr\u00f3b szuru-buru i sp\u0142ucz.<\/p>\n<p>&nbsp;<\/p>\n<h3><strong>A CO M\u00d3WI\u0104 NA MIE\u015aCIE?<\/strong><\/h3>\n<p><em>Nadaje si\u0119 tak\u017ce do golenia wszystkiego, co golisz, ale my niekoniecznie musimy o tym wiedzie\u0107.<\/em><br \/>\n<em>Co ciekawe \u2013 100% badanych m\u0119\u017cczyzn potwierdzi\u0142o, \u017ce po u\u017cyciu Ekstremalnie Dzikiego \u017belu nie maj\u0105 cellulitu.<\/em><br \/>\n<em>Brak negatywnych komentarzy.<\/em><br \/>\n<em>Ale szczerze, nawet gdyby si\u0119 pojawi\u0142y, to i tak zignorowaliby\u015bmy je, bo wszystkie loszki zgodnie twierdz\u0105, \u017ce \u017cel dziko pachnie.<\/em><br \/>\n<em>100% zadowolonych m\u0119\u017cczyzn*<\/em><\/p>\n<p><em>* Badanie przeprowadzone na celowo do tego wybranej grupie 2 m\u0119\u017cczyzn. Obydwaj o\u015bwiadczyli, \u017ce Ekstremalnie Dziki \u017bel myje.<\/em><\/p>\n<p>&nbsp;<\/p>\n<p><img loading=\"lazy\" decoding=\"async\" class=\"alignnone size-full wp-image-11144\" src=\"https:\/\/laq.pl\/wp-content\/uploads\/2024\/03\/weganski100.jpg\" alt=\"\" width=\"100\" height=\"100\" srcset=\"https:\/\/laq.pl\/wp-content\/uploads\/2024\/03\/weganski100.jpg 100w, https:\/\/laq.pl\/wp-content\/uploads\/2024\/03\/weganski100-50x50.jpg 50w\" sizes=\"auto, (max-width: 100px) 100vw, 100px\" \/> <img loading=\"lazy\" decoding=\"async\" class=\"alignnone size-full wp-image-11143\" src=\"https:\/\/laq.pl\/wp-content\/uploads\/2024\/03\/derma-100.jpg\" alt=\"\" width=\"100\" height=\"100\" srcset=\"https:\/\/laq.pl\/wp-content\/uploads\/2024\/03\/derma-100.jpg 100w, https:\/\/laq.pl\/wp-content\/uploads\/2024\/03\/derma-100-50x50.jpg 50w\" sizes=\"auto, (max-width: 100px) 100vw, 100px\" \/> <img loading=\"lazy\" decoding=\"async\" class=\"alignnone size-full wp-image-11140\" src=\"https:\/\/laq.pl\/wp-content\/uploads\/2024\/03\/97_100.jpg\" alt=\"\" width=\"100\" height=\"100\" srcset=\"https:\/\/laq.pl\/wp-content\/uploads\/2024\/03\/97_100.jpg 100w, https:\/\/laq.pl\/wp-content\/uploads\/2024\/03\/97_100-50x50.jpg 50w\" sizes=\"auto, (max-width: 100px) 100vw, 100px\" \/><\/p>\n","protected":false},"excerpt":{"rendered":"<p><span style=\"font-weight: 400;\"><strong>Ekspresowo myje<\/strong>, zawiera ekstrakt z d\u0119bu i <\/span><span style=\"font-weight: 400;\"><strong>pachnie ekskluzywnymi perfumami<\/strong>, a do tego <strong>jest ekstremalnie dziki.<\/strong> Idealny dla ekspert\u00f3w, ekscentryk\u00f3w i ekspat\u00f3w, ale r\u00f3wnie\u017c dla ekstrawertyk\u00f3w i eksperymentator\u00f3w.\u00a0<\/span><\/p>\n","protected":false},"featured_media":0,"template":"","meta":{"_acf_changed":false},"product_brand":[],"product_cat":[],"product_tag":[],"class_list":{"0":"post-50347","1":"product","2":"type-product","3":"status-publish","6":"first","7":"instock","8":"taxable","9":"shipping-taxable","10":"product-type-simple"},"acf":[],"_links":{"self":[{"href":"https:\/\/laq.pl\/en\/wp-json\/wp\/v2\/product\/50347","targetHints":{"allow":["GET"]}}],"collection":[{"href":"https:\/\/laq.pl\/en\/wp-json\/wp\/v2\/product"}],"about":[{"href":"https:\/\/laq.pl\/en\/wp-json\/wp\/v2\/types\/product"}],"wp:attachment":[{"href":"https:\/\/laq.pl\/en\/wp-json\/wp\/v2\/media?parent=50347"}],"wp:term":[{"taxonomy":"product_brand","embeddable":true,"href":"https:\/\/laq.pl\/en\/wp-json\/wp\/v2\/product_brand?post=50347"},{"taxonomy":"product_cat","embeddable":true,"href":"https:\/\/laq.pl\/en\/wp-json\/wp\/v2\/product_cat?post=50347"},{"taxonomy":"product_tag","embeddable":true,"href":"https:\/\/laq.pl\/en\/wp-json\/wp\/v2\/product_tag?post=50347"}],"curies":[{"name":"wp","href":"https:\/\/api.w.org\/{rel}","templated":true}]}}