{"id":50898,"date":"2024-01-10T22:03:53","date_gmt":"2024-01-10T21:03:53","guid":{"rendered":"https:\/\/laq.pl\/produkt\/shots-clean-pack-shower-gel-set-for-two-3-x-500-ml-natural-care\/"},"modified":"2024-01-10T22:03:53","modified_gmt":"2024-01-10T21:03:53","slug":"shots-clean-pack-shower-gel-set-for-two-3-x-500-ml-natural-care","status":"publish","type":"product","link":"https:\/\/laq.pl\/en\/product\/shots-clean-pack-shower-gel-set-for-two-3-x-500-ml-natural-care\/","title":{"rendered":"Shots! CLEAN-PACK Shower Gel Set For Two \u2013 3 x 500 ml Natural Care"},"content":{"rendered":"<h2 style=\"text-align: center;\"><strong>Three different stories, one shared goal: skin that\u2019s cleaner and more fragrant than ever before<\/strong><\/h2>\n<p>&nbsp;<\/p>\n<p>\ud83e\udd84 <a href=\"https:\/\/laq.pl\/en\/product\/shots-shower-gel-rozowy-w-ch-pinks-as-f-2\/\"><strong>Shots! Shower Gel R\u00d3\u017bOWY W CH! 500 ml (Pink As F***) <\/strong><\/a> &#8211; vegan and natural shower gel Shots! &#8211; so nice, pink. And &#8211; perhaps despite everything you see and read on its label &#8211; it smells great.<\/p>\n<p>\ud83d\ude98\ufe0f <a href=\"https:\/\/laq.pl\/en\/product\/shots-shower-gel-drift-dynamite\/\"><strong>Shots! Shower Gel PASSAT S\u0104SIADA 500 ml (The neighbor\u2019s Passat)<\/strong><\/a> &#8211; vegan and natural shower gel Shots! &#8211; so nice, rusty orange. And &#8211; perhaps despite everything you see and read on its label &#8211; it smells great.<\/p>\n<p>\ud83c\udf77 <a href=\"https:\/\/laq.pl\/en\/product\/shots-shower-gel-natural-hedonist\/\"><strong>Shots! Shower Gel B\u0141\u0118KIT PARY\u017bA 500 ml (Parisian Blue) <\/strong><\/a> &#8211; vegan and natural shower gel Shots! &#8211; so nice, denatured alcohol purple. And &#8211; perhaps despite everything you see and read on its label &#8211; it smells great.<\/p>\n<p><strong>\ud83c\udf81 Packed in a cardboard box with a handy handle<\/strong><\/p>\n<p>&nbsp;<\/p>\n<h3><strong>WHO AM I?<\/strong><\/h3>\n<p>Here I am, a set of three natural, vegan shower gels for him and her. Each one boasts the scent of an exclusive designer perfume, making me the ultimate gift! When it comes to the formula, every gel is based on gentle cleansing agents. Plus, you\u2019ll find hydrating glycerin and a powerful blend of plant extracts that effectively care for both masculine and feminine skin. On top of that, our bold names and one-of-a-kind labels are real eye-catchers. Long story short: these three gels combined are a whopping 1.5 liters of liquid happiness!     <\/p>\n<p>&nbsp;<\/p>\n<h3><strong>WHAT CAN I DO FOR YOU?<\/strong><\/h3>\n<p>What&#8217;s better as a gift than half a liter? One and a half liters! Heading to a housewarming party, a birthday, or just a night out with friends? Looking for a casual, no-fuss gift for your besties? You\u2019ve got to take me along\u2014I\u2019m the ultimate choice for a couple&#8217;s gift!<br \/>Why? For starters, I\u2019m packed in a striking gift box featuring display windows and a handy carrying handle. Plus, with my variety of unique scents and hilarious labels, I can guarantee a sensory explosion and absolute delight for everyone involved. Satisfaction guaranteed!    <\/p>\n<p>&nbsp;<\/p>\n<h3><strong>BABE, WONDERING WHAT\u2019S INSIDE?<\/strong><\/h3>\n<p>\ud83e\udd84<a href=\"https:\/\/laq.pl\/en\/product\/shots-shower-gel-rozowy-w-ch-pinks-as-f-2\/\"><strong> Shots! Shower Gel R\u00d3\u017bOWY W CH! 500 ml (Pink As F***) <\/strong><\/a> &#8211; The power of plant extracts: rosemary, sage, and common ivy leaves, plus chamomile, mountain arnica, calendula, and white dead-nettle flowers. In addition, the gel contains extracts from Scots pine needles, burdock root, watercress, nasturtium and lemon peel. As you can see, there is no shortage of things!<\/p>\n<p>\ud83d\ude98\ufe0f <strong><a href=\"https:\/\/laq.pl\/en\/product\/shots-shower-gel-drift-dynamite\/\">Shots! Shower Gel PASSAT S\u0104SIADA 500 ml (The neighbor&#8217;s Passat)<\/a>  &#8211;<\/strong> the power of plant extracts: from the leaves of rosemary, common sage and common ivy, and from the flowers of chamomile, mountain arnica, marigold and white deadnettle. In addition, the gel contains extracts from Scots pine needles, burdock root, watercress, nasturtium and lemon peel. As you can see, there is no shortage of things!<\/p>\n<p>\ud83c\udf77 <strong><a href=\"https:\/\/laq.pl\/en\/product\/shots-shower-gel-natural-hedonist\/\">Shots! Shower Gel B\u0141\u0118KIT PARY\u017bA 500 ml (Parisian Blue) <\/a>  &#8211;  <\/strong>the power of plant extracts: from the leaves of rosemary, common sage and common ivy, and from the flowers of chamomile, mountain arnica, marigold and white deadnettle. In addition, the gel contains extracts from Scots pine needles, burdock root, watercress, nasturtium and lemon peel. As you can see, there is no shortage of things!<\/p>\n<p>(The exact INCI ingredients for each product can be found under the links above.)<\/p>\n<p>&nbsp;<\/p>\n<h3><strong>CHECK OUT MY FRAGRANCE NOTES:<\/strong><\/h3>\n<p><strong>R\u00f3\u017cowy w ch! &#8211; fragrance notes:  <\/strong><\/p>\n<ul>\n<li><strong>Top notes:<\/strong> clean, slightly citrusy<\/li>\n<li><strong>Heart notes:<\/strong> herbs, spices<\/li>\n<li><strong>Base notes:<\/strong> cedarwood, vetiver, musk, patchouli, labdanum, leather<\/li>\n<\/ul>\n<p><strong>Passat S\u0105siada &#8211; fragrance notes: <\/strong><\/p>\n<ul>\n<li><strong>Top notes:<\/strong> leather, tobacco, cloves<\/li>\n<li><strong>Heart notes:<\/strong> lavender, notes of fresh air<\/li>\n<li><strong>Base :<\/strong> patchouli, cedar, sandalwood<\/li>\n<\/ul>\n<p><strong>B\u0142\u0119kit Pary\u017ca &#8211; fragrance notes: <\/strong><\/p>\n<ul>\n<li><strong>Top notes:<\/strong> lemon, rosemary, spicy notes<\/li>\n<li><strong>Heart notes:<\/strong> almond, tonka bean<\/li>\n<li><strong>Base notes: <\/strong>notes of leather, patchouli, cedar<\/li>\n<\/ul>\n<p>&nbsp;<\/p>\n<h3><strong>WHAT\u2019S THE WORD ON THE STREET?<\/strong><\/h3>\n<p><em>One and a half liters of happiness!<\/em><br \/>\n<em>Definitely a better gift than half a liter!<\/em><\/p>\n<p>&nbsp;<\/p>\n<p><img loading=\"lazy\" decoding=\"async\" class=\"alignnone wp-image-49197 size-medium\" style=\"font-size: 16px;\" src=\"https:\/\/laq.pl\/wp-content\/uploads\/2026\/02\/97-300x120.jpg\" alt=\"Pictograms for: dermatologically tested, vegan product, and 97 percent ingredients of natural origin\" width=\"300\" height=\"120\" srcset=\"https:\/\/laq.pl\/wp-content\/uploads\/2026\/02\/97-300x120.jpg 300w, https:\/\/laq.pl\/wp-content\/uploads\/2026\/02\/97-1024x410.jpg 1024w, https:\/\/laq.pl\/wp-content\/uploads\/2026\/02\/97-768x307.jpg 768w, https:\/\/laq.pl\/wp-content\/uploads\/2026\/02\/97-726x290.jpg 726w, https:\/\/laq.pl\/wp-content\/uploads\/2026\/02\/97.jpg 1135w\" sizes=\"auto, (max-width: 300px) 100vw, 300px\" \/><\/p>\n","protected":false},"excerpt":{"rendered":"<p><strong>A box with a handy handle, and inside:<\/strong><\/p>\n<p>\ud83e\udd84 <a href=\"https:\/\/laq.pl\/en\/product\/shots-shower-gel-rozowy-w-ch-pinks-as-f-2\/\"><strong>Shots! Shower Gel R\u00d3\u017bOWY W CH! 500 ml (Pink As F***) <\/strong><\/a><\/p>\n<p>\ud83d\ude98\ufe0f <a href=\"https:\/\/laq.pl\/en\/product\/shots-shower-gel-drift-dynamite\/\"><strong>Shots! Shower Gel PASSAT S\u0104SIADA 500 ml<\/strong><\/a><\/p>\n<p>\ud83c\udf77 <a href=\"https:\/\/laq.pl\/en\/product\/shots-shower-gel-natural-hedonist\/\"><strong>Shots! Shower Gel B\u0141\u0118KIT PARY\u017bA 500 ml (Parisian Blue) <\/strong><\/a><\/p>\n","protected":false},"featured_media":50899,"template":"","meta":{"_acf_changed":false},"product_brand":[],"product_cat":[756,749,730],"product_tag":[636,685,562],"class_list":{"0":"post-50898","1":"product","2":"type-product","3":"status-publish","4":"has-post-thumbnail","6":"product_cat-clean-packs","7":"product_cat-for-two","8":"product_cat-shots-en","9":"product_tag-for-two","10":"product_tag-shots-en","11":"product_tag-six-pack","14":"first","15":"instock","16":"taxable","17":"shipping-taxable","18":"purchasable","19":"product-type-simple"},"acf":[],"_links":{"self":[{"href":"https:\/\/laq.pl\/en\/wp-json\/wp\/v2\/product\/50898","targetHints":{"allow":["GET"]}}],"collection":[{"href":"https:\/\/laq.pl\/en\/wp-json\/wp\/v2\/product"}],"about":[{"href":"https:\/\/laq.pl\/en\/wp-json\/wp\/v2\/types\/product"}],"wp:featuredmedia":[{"embeddable":true,"href":"https:\/\/laq.pl\/en\/wp-json\/wp\/v2\/media\/50899"}],"wp:attachment":[{"href":"https:\/\/laq.pl\/en\/wp-json\/wp\/v2\/media?parent=50898"}],"wp:term":[{"taxonomy":"product_brand","embeddable":true,"href":"https:\/\/laq.pl\/en\/wp-json\/wp\/v2\/product_brand?post=50898"},{"taxonomy":"product_cat","embeddable":true,"href":"https:\/\/laq.pl\/en\/wp-json\/wp\/v2\/product_cat?post=50898"},{"taxonomy":"product_tag","embeddable":true,"href":"https:\/\/laq.pl\/en\/wp-json\/wp\/v2\/product_tag?post=50898"}],"curies":[{"name":"wp","href":"https:\/\/api.w.org\/{rel}","templated":true}]}}