{"id":51022,"date":"2026-01-12T10:54:25","date_gmt":"2026-01-12T09:54:25","guid":{"rendered":"https:\/\/laq.pl\/produkt\/shots-clean-pack-shower-gel-set-for-him-3-x-500-ml-natural-care-sticker-2\/"},"modified":"2026-01-12T10:54:25","modified_gmt":"2026-01-12T09:54:25","slug":"shots-clean-pack-shower-gel-set-for-him-3-x-500-ml-natural-care-sticker-2","status":"publish","type":"product","link":"https:\/\/laq.pl\/en\/product\/shots-clean-pack-shower-gel-set-for-him-3-x-500-ml-natural-care-sticker-2\/","title":{"rendered":"Shots! CLEAN-PACK Shower Gel Set FOR HIM \u2013 3 x 500 ml Natural Care + STICKER"},"content":{"rendered":"<h2 style=\"text-align: center;\"><strong>Three different stories, one shared goal: skin that\u2019s cleaner and more fragrant than ever before<\/strong><\/h2>\n<p>&nbsp;<\/p>\n<p>\ud83d\ude98\ufe0f <a href=\"https:\/\/laq.pl\/en\/product\/shots-shower-gel-drift-dynamite\/\"><strong>Shots! Shower Gel PASSAT S\u0104SIADA 500 ml (The neighbor&#8217;s Passat)<\/strong><\/a> &#8211; vegan and natural shower gel Shots! &#8211; so nice, rusty orange. And &#8211; perhaps despite everything you see and read on its label &#8211; it smells great.<\/p>\n<p>\ud83e\uddd1\u200d\ud83d\udd27 <a href=\"https:\/\/laq.pl\/en\/product\/shots-shower-gel-diy-guy\/\"><strong>Shots! Shower Gel SZWAGIER 500 ml<\/strong><\/a> &#8211; vegan and natural shower gel Shots! &#8211; so nice, green. And &#8211; perhaps despite everything you see and read on its label &#8211; it smells great.<\/p>\n<p>\ud83c\udf77 <a href=\"https:\/\/laq.pl\/en\/product\/shots-shower-gel-natural-hedonist\/\"><strong>Shots! Shower Gel B\u0141\u0118KIT PARY\u017bA 500 ml (Parisian Blue) <\/strong><\/a> &#8211; vegan and natural shower gel Shots! &#8211; so nice, denatured alcohol purple. And &#8211; perhaps despite everything you see and read on its label &#8211; it smells great.<\/p>\n<p><strong>\ud83c\udf81 Packed in a cardboard box with a handy handle<\/strong><\/p>\n<p>&nbsp;<\/p>\n<h3><strong>WHO AM I?<\/strong><\/h3>\n<p>Due to the fact that all 3 gels smell great like men&#8217;s perfume, they will be a great gift for a real man!  In terms of composition, the formula of each gel is based on mild cleansing substances. In addition, you will also find moisturizing plant-based glycerin and the power of plant extracts. Overall, there&#8217;s a lot of it, but you can be sure that there&#8217;s nothing lame!<\/p>\n<p>&nbsp;<\/p>\n<h3><strong>WHAT CAN I DO FOR YOU?<\/strong><\/h3>\n<p>What&#8217;s better as a gift than half a liter? One and a half liters! Looking for a birthday gift for a guy? Or maybe you&#8217;re interested in an idea for an original name day gift for a friend? A gift for Boy&#8217;s Day, a gift for the holidays? You&#8217;ve come to the right place, because it&#8217;s perfect as a gift for a man! Particularly because I am packed in an attractive gift box with windows and a comfortable handle. Moreover, due to the variety of scents and funny labels, I can confidently assure you that the senses will be mad and the recipient will be happy!<\/p>\n<p>&nbsp;<\/p>\n<h3><strong>BABE, WONDERING WHAT\u2019S INSIDE?<\/strong><\/h3>\n<p>\ud83d\ude98\ufe0f <strong><a href=\"https:\/\/laq.pl\/en\/product\/shots-shower-gel-drift-dynamite\/\">Shots! Shower Gel PASSAT S\u0104SIADA 500 ml (The neighbor&#8217;s Passat)<\/a>  &#8211;<\/strong> the power of plant extracts: from the leaves of rosemary, common sage and common ivy, and from the flowers of chamomile, mountain arnica, marigold and white deadnettle. In addition, the gel contains extracts from Scots pine needles, burdock root, watercress, nasturtium and lemon peel. As you can see, there is no shortage of things!<\/p>\n<p>\ud83e\uddd1\u200d\ud83d\udd27 <strong><a href=\"https:\/\/laq.pl\/en\/product\/shots-shower-gel-diy-guy\/\">Shots! Shower Gel SZWAGIER 500 ml<\/a>  &#8211;<\/strong> the power of plant extracts: from the leaves of rosemary, common sage and common ivy, and from the flowers of chamomile, mountain arnica, marigold and white deadnettle. In addition, the gel contains extracts from Scots pine needles, burdock root, watercress, nasturtium and lemon peel. As you can see, there is no shortage of things!<\/p>\n<p>\ud83c\udf77 <strong><a href=\"https:\/\/laq.pl\/en\/product\/shots-shower-gel-natural-hedonist\/\">Shots! Shower Gel B\u0141\u0118KIT PARY\u017bA 500 ml (Parisian Blue) <\/a>  &#8211;  <\/strong>the power of plant extracts: from the leaves of rosemary, common sage and common ivy, and from the flowers of chamomile, mountain arnica, marigold and white deadnettle. In addition, the gel contains extracts from Scots pine needles, burdock root, watercress, nasturtium and lemon peel. As you can see, there is no shortage of things!<\/p>\n<p>(The exact INCI ingredients for each product can be found under the links above.)<\/p>\n<p>&nbsp;<\/p>\n<h3><strong>CHECK OUT MY FRAGRANCE NOTES:<\/strong><\/h3>\n<p><strong>Passat S\u0105siada &#8211; fragrance notes: <\/strong><\/p>\n<ul>\n<li><strong>Top notes:<\/strong> leather, tobacco, cloves<\/li>\n<li><strong>Heart notes:<\/strong> lavender, notes of fresh air<\/li>\n<li><strong>Base :<\/strong> patchouli, cedar, sandalwood<\/li>\n<\/ul>\n<p><strong>Szwagier &#8211; fragrance notes: <\/strong><\/p>\n<ul>\n<li><strong>Top notes:<\/strong> bergamot, mandarin, cardamom, black pepper<\/li>\n<li><strong>Heart notes:<\/strong> lavender, apple, tonka bean<\/li>\n<li><strong>Base notes:<\/strong> oakmoss, sandalwood, cedar, amber<\/li>\n<\/ul>\n<p><strong>B\u0142\u0119kit Pary\u017ca &#8211; fragrance notes: <\/strong><\/p>\n<ul>\n<li><strong>Top notes:<\/strong> lemon, rosemary, spicy notes<\/li>\n<li><strong>Heart notes:<\/strong> almond, tonka bean<\/li>\n<li><strong>Base notes: <\/strong>notes of leather, patchouli, cedar<\/li>\n<\/ul>\n<p>&nbsp;<\/p>\n<h3><strong>WHAT\u2019S THE WORD ON THE STREET?<\/strong><\/h3>\n<p><em>One and a half liters of happiness!<\/em><br \/>\n<em>Definitely a better gift than half a liter!<\/em><\/p>\n<p>&nbsp;<\/p>\n<p><img loading=\"lazy\" decoding=\"async\" class=\"alignnone wp-image-49197 size-medium\" src=\"https:\/\/laq.pl\/wp-content\/uploads\/2026\/02\/97-300x120.jpg\" alt=\"Pictograms for: dermatologically tested, vegan product, and 97 percent ingredients of natural origin\" width=\"300\" height=\"120\" srcset=\"https:\/\/laq.pl\/wp-content\/uploads\/2026\/02\/97-300x120.jpg 300w, https:\/\/laq.pl\/wp-content\/uploads\/2026\/02\/97-1024x410.jpg 1024w, https:\/\/laq.pl\/wp-content\/uploads\/2026\/02\/97-768x307.jpg 768w, https:\/\/laq.pl\/wp-content\/uploads\/2026\/02\/97-726x290.jpg 726w, https:\/\/laq.pl\/wp-content\/uploads\/2026\/02\/97.jpg 1135w\" sizes=\"auto, (max-width: 300px) 100vw, 300px\" \/><\/p>\n","protected":false},"excerpt":{"rendered":"<p style=\"text-align: left;\"><strong>Kartonik z por\u0119czn\u0105 r\u0105czk\u0105 oraz naklejk\u0105, a w nim:<\/strong><\/p>\n<p>\ud83d\ude98\ufe0f <a href=\"https:\/\/laq.pl\/en\/product\/shots-shower-gel-drift-dynamite\/\"><strong>Shots! Shower Gel PASSAT S\u0104SIADA 500 ml (The neighbor&#8217;s Passat)<\/strong><\/a><\/p>\n<p>\ud83e\uddd1\u200d\ud83d\udd27 <a href=\"https:\/\/laq.pl\/en\/product\/shots-shower-gel-diy-guy\/\"><strong>Shots! Shower Gel SZWAGIER 500 ml<\/strong><\/a><\/p>\n<p>\ud83c\udf77 <a href=\"https:\/\/laq.pl\/en\/product\/shots-shower-gel-natural-hedonist\/\"><strong>Shots! Shower Gel B\u0141\u0118KIT PARY\u017bA 500 ml (Parisian Blue) <\/strong><\/a><\/p>\n","protected":false},"featured_media":51023,"template":"","meta":{"_acf_changed":false},"product_brand":[],"product_cat":[756,762,735,552,730],"product_tag":[685,562,919],"class_list":{"0":"post-51022","1":"product","2":"type-product","3":"status-publish","4":"has-post-thumbnail","6":"product_cat-clean-packs","7":"product_cat-for-a-real-man","8":"product_cat-gift-sets","9":"product_cat-mens","10":"product_cat-shots-en","11":"product_tag-shots-en","12":"product_tag-six-pack","13":"product_tag-the-perfect-gift","16":"first","17":"instock","18":"taxable","19":"shipping-taxable","20":"purchasable","21":"product-type-simple"},"acf":[],"_links":{"self":[{"href":"https:\/\/laq.pl\/en\/wp-json\/wp\/v2\/product\/51022","targetHints":{"allow":["GET"]}}],"collection":[{"href":"https:\/\/laq.pl\/en\/wp-json\/wp\/v2\/product"}],"about":[{"href":"https:\/\/laq.pl\/en\/wp-json\/wp\/v2\/types\/product"}],"wp:featuredmedia":[{"embeddable":true,"href":"https:\/\/laq.pl\/en\/wp-json\/wp\/v2\/media\/51023"}],"wp:attachment":[{"href":"https:\/\/laq.pl\/en\/wp-json\/wp\/v2\/media?parent=51022"}],"wp:term":[{"taxonomy":"product_brand","embeddable":true,"href":"https:\/\/laq.pl\/en\/wp-json\/wp\/v2\/product_brand?post=51022"},{"taxonomy":"product_cat","embeddable":true,"href":"https:\/\/laq.pl\/en\/wp-json\/wp\/v2\/product_cat?post=51022"},{"taxonomy":"product_tag","embeddable":true,"href":"https:\/\/laq.pl\/en\/wp-json\/wp\/v2\/product_tag?post=51022"}],"curies":[{"name":"wp","href":"https:\/\/api.w.org\/{rel}","templated":true}]}}