{"id":51123,"date":"2024-01-10T21:46:19","date_gmt":"2024-01-10T20:46:19","guid":{"rendered":"https:\/\/laq.pl\/produkt\/magnolia-shower-gel-5\/"},"modified":"2024-01-10T21:46:19","modified_gmt":"2024-01-10T20:46:19","slug":"magnolia-shower-gel-5","status":"publish","type":"product","link":"https:\/\/laq.pl\/en\/product\/magnolia-shower-gel-5\/","title":{"rendered":"MAGNOLIA shower gel"},"content":{"rendered":"<h2 style=\"text-align: center;\">MAGNOLIA and PINK PEPPER Shower Gel 500 ml<\/h2>\n<p>&nbsp;<\/p>\n<h3><strong>WHO AM I?<\/strong><\/h3>\n<p>Here I am, a natural and vegan shower gel with the intriguing scent of an exclusive perfume. I\u2019m a sensual blend of captivating magnolia and daring pink pepper, designed to turn your shower into a high-end fragrance experience. I was created for confident and charismatic women. For those who intrigue with a sweet mystery by day, and enchant with untamed sensuality by night. So, are you tired of workplace cliques? Can&#8217;t stand political <strong>nonsense<\/strong>? Don&#8217;t want to be anyone&#8217;s mas<strong>cot<\/strong> anymore? Wherever you are now, <strong>in the hollow<\/strong>, on the <strong>terracotta<\/strong> or by the <strong>cutlet<\/strong>, declare your <strong>boycott<\/strong>! Put on your favorite <strong>wedges<\/strong>, pin a <strong>rosette<\/strong> to your chest, draw the <strong>curtain<\/strong> and go out into the world!<\/p>\n<p>&nbsp;<\/p>\n<h3><strong>WHAT CAN I DO FOR YOU?<\/strong><\/h3>\n<p>Don&#8217;t waste your life being a well-behaved kitty! I&#8217;ll indulge your body and senses, wrapping you in sensual notes of magnolia and pink pepper. Their scent will enhance your femininity and allure, while giving you confidence and irresistible magnetism.<\/p>\n<p>After bathing with me as the main character, you can expect that:<\/p>\n<ul>\n<li>you&#8217;ll step out of the bathroom with the stride of a wild lioness.<\/li>\n<li>you&#8217;ll sharpen your senses, claws, and tongue.<\/li>\n<li>you&#8217;ll have spicy dreams (or maybe even a spicy reality).<\/li>\n<\/ul>\n<p>&nbsp;<\/p>\n<h3><strong>BABE, WONDERING WHAT\u2019S INSIDE?<\/strong><\/h3>\n<p>My ingredients are based on gentle cleansing agents. Ponadto zawieram w sobie gliceryn\u0119 pochodzenia ro\u015blinnego oraz unikalny kompleks sk\u0142adnik\u00f3w nawil\u017caj\u0105cych, kwas hialuronowy i ekstrakty ro\u015blinne, kt\u00f3re nawil\u017c\u0105 i wzmocni\u0105 barier\u0119 ochronn\u0105 Twojej sk\u00f3ry. Dodatkowo mam dla Ciebie tak\u017ce od\u017cywczy wyci\u0105g z nasion owsa, kwiat\u00f3w rumianku i korzenia prawo\u015blazu lekarskiego, a tak\u017ce nieoceniony ekstrakt z aloesu.  Your skin will surely appreciate the moisturizing extract of common flax as well.<\/p>\n<p><em><strong>Ingredients:<\/strong> Aqua, Sodium Coco-Sulfate, Coco-Glucoside, Cocamidopropyl Betaiane, Glycerin, Glyceryl Oleate, Magnolia Officinalis Flower Extract, Schinus Terebinthifolius Seed Oil, Hyaluronic Acid, Sodium Hyaluronate, Linum Usitatissimum Seed Extract, Avena Sativa Kernel Extract, Oryza Sativa Extract, Aloe Barbadensis Leaf Extract, Chamomilla Recutita Flower Extract, Althaea Officinalis Root Extract, Sodium Lactate, Sodium PCA, Glycine, Fructose, Urea, Niacinamide, Inositol, Lactic Acid, Sodium Chloride, Sodium Benzoate, Potassium Sorbate, Benzyl Alcohol, Dehydroacetic Acid, Citric Acid, Parfum, Limonene, Linalool.<\/em><\/p>\n<p>&nbsp;<\/p>\n<h3><strong>CHECK OUT MY FRAGRANCE NOTES:<\/strong><\/h3>\n<ul>\n<li>Top notes: orange, lemon, bergamot<\/li>\n<li>Heart notes: rose, lily of the valley, orange blossom, violet, patchouli<\/li>\n<li>Base notes: sandalwood, vanilla, caramel, tonka bean, cedarwood<\/li>\n<\/ul>\n<p>This isn\u2019t just any scent\u2014it\u2019s better than the finest catnip!<\/p>\n<p>&nbsp;<\/p>\n<h3><strong>HOW TO USE THE NATURAL SHOWER GEL:<\/strong><\/h3>\n<ul>\n<li><strong>Morning:<\/strong> apply a small amount of gel to your fur, lather, and rinse.<\/li>\n<li><strong>Evening:<\/strong> do the same, but in the bathtub with a glass of champagne.<\/li>\n<\/ul>\n<p>&nbsp;<\/p>\n<h3><strong>WHAT\u2019S THE WORD ON THE STREET?<\/strong><\/h3>\n<p><em>Sensual, <\/em><br \/>\n<em>Charismatic, <\/em><br \/>\n<em>Intriguing,<\/em><br \/>\n<em>Confident.<\/em><\/p>\n<p>&nbsp;<\/p>\n<p><img loading=\"lazy\" decoding=\"async\" class=\"alignnone wp-image-49197 size-medium\" src=\"https:\/\/laq.pl\/wp-content\/uploads\/2026\/02\/97-300x120.jpg\" alt=\"Pictograms for: dermatologically tested, vegan product, and 97 percent ingredients of natural origin\" width=\"300\" height=\"120\" srcset=\"https:\/\/laq.pl\/wp-content\/uploads\/2026\/02\/97-300x120.jpg 300w, https:\/\/laq.pl\/wp-content\/uploads\/2026\/02\/97-1024x410.jpg 1024w, https:\/\/laq.pl\/wp-content\/uploads\/2026\/02\/97-768x307.jpg 768w, https:\/\/laq.pl\/wp-content\/uploads\/2026\/02\/97-726x290.jpg 726w, https:\/\/laq.pl\/wp-content\/uploads\/2026\/02\/97.jpg 1135w\" sizes=\"auto, (max-width: 300px) 100vw, 300px\" \/><\/p>\n","protected":false},"excerpt":{"rendered":"<p>Perfect for cleansing a success-driven body, made <strong>for a confident and charismatic woman<\/strong> who intrigues with a sweet mystery by day and enchants with untamed sensuality by night.<\/p>\n","protected":false},"featured_media":51124,"template":"","meta":{"_acf_changed":false},"product_brand":[],"product_cat":[911,747,587,588,563],"product_tag":[638],"class_list":{"0":"post-51123","1":"product","2":"type-product","3":"status-publish","4":"has-post-thumbnail","6":"product_cat-womens-shower-gels","7":"product_cat-magnolia-en","8":"product_cat-shower-gels","9":"product_cat-500-ml","10":"product_cat-womens","11":"product_tag-magnolia-en","14":"first","15":"instock","16":"taxable","17":"shipping-taxable","18":"purchasable","19":"product-type-simple"},"acf":[],"_links":{"self":[{"href":"https:\/\/laq.pl\/en\/wp-json\/wp\/v2\/product\/51123","targetHints":{"allow":["GET"]}}],"collection":[{"href":"https:\/\/laq.pl\/en\/wp-json\/wp\/v2\/product"}],"about":[{"href":"https:\/\/laq.pl\/en\/wp-json\/wp\/v2\/types\/product"}],"wp:featuredmedia":[{"embeddable":true,"href":"https:\/\/laq.pl\/en\/wp-json\/wp\/v2\/media\/51124"}],"wp:attachment":[{"href":"https:\/\/laq.pl\/en\/wp-json\/wp\/v2\/media?parent=51123"}],"wp:term":[{"taxonomy":"product_brand","embeddable":true,"href":"https:\/\/laq.pl\/en\/wp-json\/wp\/v2\/product_brand?post=51123"},{"taxonomy":"product_cat","embeddable":true,"href":"https:\/\/laq.pl\/en\/wp-json\/wp\/v2\/product_cat?post=51123"},{"taxonomy":"product_tag","embeddable":true,"href":"https:\/\/laq.pl\/en\/wp-json\/wp\/v2\/product_tag?post=51123"}],"curies":[{"name":"wp","href":"https:\/\/api.w.org\/{rel}","templated":true}]}}