{"id":51435,"date":"2024-01-10T22:27:53","date_gmt":"2024-01-10T21:27:53","guid":{"rendered":"https:\/\/laq.pl\/produkt\/shower-gel-set-for-couples-full-steam-ahead-podchmielony-koziol-forget-me-not-for-her-and-for-him-by-laq-2-x-500-ml\/"},"modified":"2024-01-10T22:27:53","modified_gmt":"2024-01-10T21:27:53","slug":"shower-gel-set-for-couples-full-steam-ahead-podchmielony-koziol-forget-me-not-for-her-and-for-him-by-laq-2-x-500-ml","status":"publish","type":"product","link":"https:\/\/laq.pl\/en\/product\/shower-gel-set-for-couples-full-steam-ahead-podchmielony-koziol-forget-me-not-for-her-and-for-him-by-laq-2-x-500-ml\/","title":{"rendered":"Shower Gel Set for Couples Full Steam Ahead PODCHMIELONY KOZIO\u0141 &amp; FORGET-ME-NOT \u2013 For Her and For Him by LaQ (2 x 500 ml)"},"content":{"rendered":"<h2 style=\"text-align: center;\"><strong>Harmony of scents in the shower \u2013 the perfect gift for two<\/strong><\/h2>\n<p>&nbsp;<\/p>\n<p>\ud83d\udc10 <strong><a href=\"https:\/\/laq.pl\/en\/product\/goat-shower-gel-8-in-1\/\">PODCHMIELONY KOZIO\u0141 Shower gel 500 ml<\/a><\/strong> (Hoppy Goat) &#8211; \u017cel pod prysznic dla m\u0119\u017cczyzn, naturalny, wega\u0144ski, a tak\u017ce genialnie i zdecydowanie kozacko pachn\u0105cy m\u0119skimi perfumami. Gel with hop extract. But it is still just a cleansing gel.<\/p>\n<p>\ud83c\udf3c <strong><a href=\"https:\/\/laq.pl\/en\/product\/forget-me-not-shower-gel\/\">FORGET-ME-NOT Shower gel 500 ml <\/a><\/strong>\u2013 a natural and vegan shower gel with a subtle, exclusive perfume scent and a sensual hint of forget-me-not. I was created for bold and enticingly charming women, as well as for those who seem shy but love to surprise and\u2014when the time is right\u2014know how to rock out! <\/p>\n<p><strong>\ud83c\udf81 Packaged in a window box with a protective insert.<\/strong><\/p>\n<p>&nbsp;<\/p>\n<h3><strong>WHO AM I?<\/strong><\/h3>\n<p>Oto ja, zestaw naturalnych i wega\u0144skich \u017celi pod prysznic Pe\u0142n\u0105 Par\u0105, czyli dla niej i dla niego. \u017bel damski ma subtelny zapach ekskluzywnych perfum ze zmys\u0142ow\u0105 nut\u0105 niezapominajki. Zosta\u0142 stworzony dla kobiet przebojowych i kusz\u0105co powabnych, a tak\u017ce dla tych pozornie nie\u015bmia\u0142ych, kt\u00f3re lubi\u0105 zaskakiwa\u0107 i &#8211; gdy mo\u017cna &#8211; potrafi\u0105 te\u017c da\u0107 czadu. Natomiast \u017cel m\u0119ski genialnie pachnie m\u0119skimi perfumami i zawiera wyci\u0105g z chmielu. Og\u00f3lnie m\u00f3wi\u0105c, te dwa \u017cele razem to a\u017c litr szcz\u0119\u015bcia w p\u0142ynie!    <\/p>\n<p>&nbsp;<\/p>\n<h3><strong>WHAT CAN I DO FOR YOU?<\/strong><\/h3>\n<p>Heading to a housewarming, a birthday, or another party at a friend\u2019s place? Looking for a casual gift for your besties? Take me along, because I\u2019m the ultimate gift for any couple! Why? For starters, I come in a stylish gift box with a display window and a neat cardboard insert. I promise you: two glances at our labels, two sniffs of our scents, and total joy for the lucky pair is a dead cert!   <\/p>\n<p>&nbsp;<\/p>\n<h3><strong>BABE, WONDERING WHAT\u2019S INSIDE?<\/strong><\/h3>\n<p>\ud83d\udc10 <strong><a href=\"https:\/\/laq.pl\/en\/product\/goat-shower-gel-8-in-1\/\">Shower Gel PODCHMIELONY KOZIO\u0141 500 ml<\/a> <\/strong>&#8211; Above all, taking a sober look at my formula, you\u2019ll immediately see it\u2019s based on mild, plant-derived cleansing agents. Furthermore, I contain glycerin (also plant-derived) and soothing hop extract. <\/p>\n<p>\ud83c\udf3c <a href=\"https:\/\/laq.pl\/en\/product\/forget-me-not-shower-gel\/\"><strong>FORGET-ME-NOT Shower gel 500 ml<\/strong> <\/a>\u2013 I contain plant-derived glycerin and wonderfully soothing panthenol. Additionally, you will find forget-me-not extract and a postbiotic (Lactobacillus ferment) inside me, which maintains the balance of the skin&#8217;s microbiome and improves the integrity of its barrier. <\/p>\n<p>(The exact INCI ingredients for each product can be found under the links above.)<\/p>\n<p>&nbsp;<\/p>\n<h3><strong>CHECK OUT MY FRAGRANCE NOTES:<\/strong><\/h3>\n<p><strong>Forget-me-not shower gel fragrance notes:<\/strong><\/p>\n<ul>\n<li>Top notes: tangerine<\/li>\n<li>Heart notes: forget-me-not, peach, carnation, jasmine, orange blossom<\/li>\n<li>Base notes: vanilla, sandalwood, cedarwood, amber<\/li>\n<\/ul>\n<p><strong>Podchmielony Kozio\u0142 (Hoppy Goat) shower gel fragrance notes:<\/strong><\/p>\n<ul>\n<li><strong>Top notes:<\/strong> icy mint, bergamot<\/li>\n<li><strong>Heart notes:<\/strong> geranium, apple<\/li>\n<li><strong>Base notes:<\/strong> vanilla, sandalwood, cedar<\/li>\n<\/ul>\n<p>&nbsp;<\/p>\n<h3><strong>WHAT\u2019S THE WORD ON THE STREET?<\/strong><\/h3>\n<p><em>They say it\u2019s a perfect match. <\/em><br \/>\n<em>The perfect pair for every pair!<\/em><br \/>\n<em>For the perfect pair, and everyone in between.<\/em><\/p>\n<p>&nbsp;<\/p>\n<p><img loading=\"lazy\" decoding=\"async\" class=\"alignnone wp-image-49200 size-medium\" src=\"https:\/\/laq.pl\/wp-content\/uploads\/2026\/02\/uniwersalny-300x177.jpg\" alt=\"Dermatologically tested pictogram and a vegan product sign\" width=\"300\" height=\"177\" srcset=\"https:\/\/laq.pl\/wp-content\/uploads\/2026\/02\/uniwersalny-300x177.jpg 300w, https:\/\/laq.pl\/wp-content\/uploads\/2026\/02\/uniwersalny-726x429.jpg 726w, https:\/\/laq.pl\/wp-content\/uploads\/2026\/02\/uniwersalny.jpg 769w\" sizes=\"auto, (max-width: 300px) 100vw, 300px\" \/><\/p>\n","protected":false},"excerpt":{"rendered":"<p><b>A gift box with a custom insert, featuring:<\/b><\/p>\n<p>\ud83d\udc10 <strong><a href=\"https:\/\/laq.pl\/en\/product\/goat-shower-gel-8-in-1\/\">PODCHMIELONY KOZIO\u0141 Shower gel 500 ml<\/a><\/strong> (Hoppy Goat)<\/p>\n<p>\ud83c\udf3c <strong><a href=\"https:\/\/laq.pl\/en\/product\/forget-me-not-shower-gel\/\"><span style=\"font-weight: 400;\">FORGET-ME-NOT Shower gel 500 ml<\/span><\/a><\/strong> <\/p>\n","protected":false},"featured_media":33929,"template":"","meta":{"_acf_changed":false},"product_brand":[],"product_cat":[749,735],"product_tag":[645,618,619,708],"class_list":{"0":"post-51435","1":"product","2":"type-product","3":"status-publish","4":"has-post-thumbnail","6":"product_cat-for-two","7":"product_cat-gift-sets","8":"product_tag-forget-me-not","9":"product_tag-goat","10":"product_tag-goat-with-class","11":"product_tag-in-full-swing","14":"first","15":"instock","16":"taxable","17":"shipping-taxable","18":"purchasable","19":"product-type-simple"},"acf":[],"_links":{"self":[{"href":"https:\/\/laq.pl\/en\/wp-json\/wp\/v2\/product\/51435","targetHints":{"allow":["GET"]}}],"collection":[{"href":"https:\/\/laq.pl\/en\/wp-json\/wp\/v2\/product"}],"about":[{"href":"https:\/\/laq.pl\/en\/wp-json\/wp\/v2\/types\/product"}],"wp:featuredmedia":[{"embeddable":true,"href":"https:\/\/laq.pl\/en\/wp-json\/wp\/v2\/media\/33929"}],"wp:attachment":[{"href":"https:\/\/laq.pl\/en\/wp-json\/wp\/v2\/media?parent=51435"}],"wp:term":[{"taxonomy":"product_brand","embeddable":true,"href":"https:\/\/laq.pl\/en\/wp-json\/wp\/v2\/product_brand?post=51435"},{"taxonomy":"product_cat","embeddable":true,"href":"https:\/\/laq.pl\/en\/wp-json\/wp\/v2\/product_cat?post=51435"},{"taxonomy":"product_tag","embeddable":true,"href":"https:\/\/laq.pl\/en\/wp-json\/wp\/v2\/product_tag?post=51435"}],"curies":[{"name":"wp","href":"https:\/\/api.w.org\/{rel}","templated":true}]}}