{"id":51648,"date":"2024-01-10T21:31:25","date_gmt":"2024-01-10T20:31:25","guid":{"rendered":"https:\/\/laq.pl\/produkt\/koziol-herbal-anti-dandruff-shampoo-with-hops-and-botanical-extracts-300-ml\/"},"modified":"2024-01-10T21:31:25","modified_gmt":"2024-01-10T20:31:25","slug":"koziol-herbal-anti-dandruff-shampoo-with-hops-and-botanical-extracts-300-ml","status":"publish","type":"product","link":"https:\/\/laq.pl\/en\/product\/koziol-herbal-anti-dandruff-shampoo-with-hops-and-botanical-extracts-300-ml\/","title":{"rendered":"KOZIO\u0141 Herbal Anti-Dandruff Shampoo with Hops and Botanical Extracts 300 ml"},"content":{"rendered":"<h2 style=\"text-align: center;\"><strong>Hops and a 12-herb complex \u2013 natural anti-dandruff care<\/strong><\/h2>\n<p>&nbsp;<\/p>\n<h3><strong>WHO AM I?<\/strong><\/h3>\n<p><span style=\"font-weight: 400;\">Here I am, a natural and vegan anti-dandruff shampoo for men. I contain tea tree extract and a complex of twelve herbs. To top it off, I carry the scent of sophisticated, classy masculine perfume.   <\/span><\/p>\n<p>&nbsp;<\/p>\n<h3><strong>WHAT CAN I DO FOR YOU?<\/strong><\/h3>\n<p><span style=\"font-weight: 400;\">Simply put, I\u2019ll help you tackle dandruff and oily hair. I\u2019ll cleanse your hair gently yet effectively, leaving it soft, smooth, and regenerated. Furthermore, I\u2019ll stimulate hair growth, provide a healthy shine, and strengthen the roots.   <\/span><\/p>\n<p>&nbsp;<\/p>\n<h3 style=\"text-align: left;\"><strong>BABE, WONDERING WHAT\u2019S INSIDE?<\/strong><\/h3>\n<p><span style=\"font-weight: 400;\">Contrary to appearances, my recipe is based on gentle cleansing substances. On top of that, I contain tea tree extract, which perfectly cleanses the skin, regulates sebum production, and helps prevent hair loss. You\u2019ll also find a complex of 12 invaluable extracts in me, designed to help you effectively get rid of dandruff. These include extracts from rosemary, sage, and common ivy leaves; chamomile, mountain arnica, calendula, and nasturtium flowers; as well as white nettle, watercress, burdock root, Scots pine needles, and lemon peel. Oh, and let&#8217;s not forget the hops extract!   <\/span><\/p>\n<p><em><strong>Ingredients:<\/strong> Aqua, Sodium Coco-Sulfate, Coco-Glucoside, Cocamidopropyl Betaine, Glycerin, Glyceryl Oleate, Sodium Cocoyl Isethionate, Humulus Lupulus Extract, 4-Terpineol, Rosmarinus Officinalis Leaf Extract, Chamomilla Recutita Flower Extract, Arnica Montana Flower Extract, Lamium Album Extract, Salvia Officinalis Leaf Extract, Pinus Sylvestris Bud Extract, Nasturtium Officinale Extract, Arctium Majus Root Extract, Citrus Limon Peel Extract, Hedera Helix Leaf Extract, Calendula Officinalis Flower Extract, Tropaeolum Majus Flower Extract, Sodium Chloride, Sodium Benzoate, Potassium Sorbate, Citric Acid, Parfum, Linalool.<\/em><\/p>\n<p><span style=\"font-weight: 400;\"> <\/span><\/p>\n<h3><b>CHECK OUT MY FRAGRANCE NOTES:<\/b><\/h3>\n<ul>\n<li><strong>Top notes:<\/strong> icy mint, bergamot<\/li>\n<li><strong>Heart notes:<\/strong> geranium, apple<\/li>\n<li><strong>Base notes:<\/strong> vanilla, sandalwood, cedar<\/li>\n<\/ul>\n<p>&nbsp;<\/p>\n<h3><strong>HOW TO USE MEN&#8217;S HAIR SHAMPOO:<\/strong><\/h3>\n<p>Apply to your fur, massage in, and rinse off\u2014just not with your tongue.<\/p>\n<p>&nbsp;<\/p>\n<h3><strong>WHAT\u2019S THE WORD ON THE STREET?<\/strong><\/h3>\n<p><em>When, after meeting up with the guys over a pint of what real billies like best,<\/em><br \/>\n<em>zastanawiasz si\u0119, sk\u0105d wzi\u0105\u0142 si\u0119 bia\u0142y proszek na Twoich ramionach,<\/em><br \/>\n<em>it doesn\u2019t mean that the party was that good,<\/em><br \/>\n<em>It\u2019s probably time for an anti-dandruff shampoo with hops.<\/em><\/p>\n<p>&nbsp;<\/p>\n<p><img loading=\"lazy\" decoding=\"async\" class=\"alignnone wp-image-49197 size-medium\" src=\"https:\/\/laq.pl\/wp-content\/uploads\/2026\/02\/97-300x120.jpg\" alt=\"Pictograms for: dermatologically tested, vegan product, and 97 percent ingredients of natural origin\" width=\"300\" height=\"120\" srcset=\"https:\/\/laq.pl\/wp-content\/uploads\/2026\/02\/97-300x120.jpg 300w, https:\/\/laq.pl\/wp-content\/uploads\/2026\/02\/97-1024x410.jpg 1024w, https:\/\/laq.pl\/wp-content\/uploads\/2026\/02\/97-768x307.jpg 768w, https:\/\/laq.pl\/wp-content\/uploads\/2026\/02\/97-726x290.jpg 726w, https:\/\/laq.pl\/wp-content\/uploads\/2026\/02\/97.jpg 1135w\" sizes=\"auto, (max-width: 300px) 100vw, 300px\" \/><\/p>\n","protected":false},"excerpt":{"rendered":"<p>Natural and vegan <strong>anti-dandruff shampoo for men<\/strong>. Contains tea tree extract and a complex of twelve herbs.<\/p>\n","protected":false},"featured_media":51649,"template":"","meta":{"_acf_changed":false},"product_brand":[],"product_cat":[750,552,731,927],"product_tag":[618],"class_list":{"0":"post-51648","1":"product","2":"type-product","3":"status-publish","4":"has-post-thumbnail","6":"product_cat-goat","7":"product_cat-mens","8":"product_cat-shampoos","9":"product_cat-shampoos-men","10":"product_tag-goat","13":"first","14":"instock","15":"taxable","16":"shipping-taxable","17":"purchasable","18":"product-type-simple"},"acf":[],"_links":{"self":[{"href":"https:\/\/laq.pl\/en\/wp-json\/wp\/v2\/product\/51648","targetHints":{"allow":["GET"]}}],"collection":[{"href":"https:\/\/laq.pl\/en\/wp-json\/wp\/v2\/product"}],"about":[{"href":"https:\/\/laq.pl\/en\/wp-json\/wp\/v2\/types\/product"}],"wp:featuredmedia":[{"embeddable":true,"href":"https:\/\/laq.pl\/en\/wp-json\/wp\/v2\/media\/51649"}],"wp:attachment":[{"href":"https:\/\/laq.pl\/en\/wp-json\/wp\/v2\/media?parent=51648"}],"wp:term":[{"taxonomy":"product_brand","embeddable":true,"href":"https:\/\/laq.pl\/en\/wp-json\/wp\/v2\/product_brand?post=51648"},{"taxonomy":"product_cat","embeddable":true,"href":"https:\/\/laq.pl\/en\/wp-json\/wp\/v2\/product_cat?post=51648"},{"taxonomy":"product_tag","embeddable":true,"href":"https:\/\/laq.pl\/en\/wp-json\/wp\/v2\/product_tag?post=51648"}],"curies":[{"name":"wp","href":"https:\/\/api.w.org\/{rel}","templated":true}]}}