{"id":51650,"date":"2024-01-10T21:33:45","date_gmt":"2024-01-10T20:33:45","guid":{"rendered":"https:\/\/laq.pl\/produkt\/mens-grooming-set-lord-of-life-and-lather-dzikus-z-lasu-shower-gel-body-scrub-bar-soap-by-laq\/"},"modified":"2024-01-10T21:33:45","modified_gmt":"2024-01-10T20:33:45","slug":"mens-grooming-set-lord-of-life-and-lather-dzikus-z-lasu-shower-gel-body-scrub-bar-soap-by-laq","status":"publish","type":"product","link":"https:\/\/laq.pl\/en\/product\/mens-grooming-set-lord-of-life-and-lather-dzikus-z-lasu-shower-gel-body-scrub-bar-soap-by-laq\/","title":{"rendered":"Men&#8217;s Grooming Set Lord of Life and Lather DZIKUS Z LASU \u2013 Shower Gel + Body Scrub + Bar Soap by LaQ"},"content":{"rendered":"<h2 style=\"text-align: center;\"><strong>A practical gift for a guy who values straightforward solutions:<\/strong><\/h2>\n<p>&nbsp;<\/p>\n<p>\ud83d\udc17<strong><a href=\"https:\/\/laq.pl\/en\/product\/dzikus-z-lasu-8-in-1-shower-gel-wild-boar\/\"> DZIKUS Z LASU 8-in-1 Shower Gel 500 ml <\/a><\/strong>\u2013 natural and vegan shower gel for men I clean in a flash, smell like exclusive perfume, contain oak extract, and am extremely wild. Not only experts, eccentrics, and expats reach for me, but also extroverts and fearless experimenters.  <\/p>\n<p>\ud83d\udc17 <strong><a href=\"https:\/\/laq.pl\/en\/product\/wild-boar-body-wash-and-scrub\/\">DZIKUS Z LASU Cleansing Sugar Scrub 220 g <\/a><\/strong>&#8211; naturalny i wega\u0144ski cukrowy peeling myj\u0105cy, firmowany twarz\u0105 (czy raczej ryjem) Dzikusa z Lasu. Og\u00f3lnie rzecz bior\u0105c mam komfortow\u0105 w u\u017cytkowaniu konsystencj\u0119 lekkiego musu. Dodatkowo nie\u017ale si\u0119 pieni\u0119, dzi\u0119ki czemu jestem \u015bwietn\u0105 alternatyw\u0105 dla \u017celu pod prysznic.  <\/p>\n<p>\ud83d\udc17 <strong><a href=\"https:\/\/laq.pl\/en\/product\/dzikus-z-lasu-bar-soap-for-men-wild-boar\/\">DZIKUS Z LASU Bar soap for men 85 g <\/a><\/strong>\u2013 a glycerin soap for men in a practical and timeless bar form. Handmade with tenderness and love, accompanied by good music and a glass of&#8230; LED light. I will arrive eagerly at your door, dressed only in a fancy little box.   <\/p>\n<p><strong>\ud83c\udf81 Packed in a window gift box filled with wood wool<\/strong><\/p>\n<p>&nbsp;<\/p>\n<h3><strong>WHO AM I?<\/strong><\/h3>\n<p>Here I am, a vegan and natural cosmetic set for men, consisting of a shower gel, a cleansing scrub, and a bar of soap. The legendary Forest Savage features the original scent of a &#8220;fight for pinecones,&#8221; intertwined with exclusive masculine perfume. This series is perfect for the extreme boar, but also for the expert, the eccentric, and the expat, as well as the extrovert and the experimenter. The shower gel formula is based on gentle cleansing agents. It contains moisturizing glycerin as well as soothing sessile oak bark extract. Meanwhile, the sugar cleansing scrub will effectively cleanse your skin and remove dead skin cells. The bar soap, on the other hand, will wash you gently, even if your skin is delicate and sensitive.      <\/p>\n<p>&nbsp;<\/p>\n<h3><strong>WHAT CAN I DO FOR YOU?<\/strong><\/h3>\n<p>Looking for a birthday gift for a guy? Or maybe you&#8217;re interested in an idea for an original name day gift for a friend? A gift for Boy&#8217;s Day, a gift for the holidays? You&#8217;ve come to the right place, because it&#8217;s perfect as a gift for a man! Especially since I come packed in a tasteful gift box with a window and cozy wood wool. I guarantee that the wild joy and happiness of the recipient are absolutely guaranteed! <\/p>\n<p>&nbsp;<\/p>\n<h3><strong>BABE, WONDERING WHAT\u2019S INSIDE?<\/strong><\/h3>\n<p>\ud83d\udc17<strong><a href=\"https:\/\/laq.pl\/en\/product\/dzikus-z-lasu-8-in-1-shower-gel-wild-boar\/\">DZIKUS Z LASU 8-in-1 Shower Gel 500 ml<\/a><\/strong>  <span style=\"font-weight: 400;\">My recipe is based on delicate cleansing substances. Additionally, I contain moisturizing plant-based glycerin and soothing extract from sessile oak bark.  As you can see, there&#8217;s no need to scurry up a tree to escape me! <\/span><\/p>\n<p>\ud83d\udc17 <strong><a href=\"https:\/\/laq.pl\/en\/product\/wild-boar-body-wash-and-scrub\/\">DZIKUS Z LASU Cleansing Sugar Scrub 220 g <\/a><\/strong>&#8211; I contain wonderfully soothing allantoin and plant-derived glycerin with an intensely moisturizing effect. Additionally, I have a regenerating cocoa extract and an incredibly nourishing olive oil just for you.<\/p>\n<p>\ud83d\udc17 <strong><a href=\"https:\/\/laq.pl\/en\/product\/dzikus-z-lasu-bar-soap-for-men-wild-boar\/\">DZIKUS Z LASU Bar soap for men 85 g <\/a><\/strong>\u2013 shea, cocoa, and mango butters. How to pronounce &#8220;shea&#8221;? Nobody knows (though nobody will ever admit it). Cocoa butter is aaalmost chocolate, and if something contains chocolate, it must be good. As for mango \u2013 as the very &#8220;exotic&#8221; name itself suggests \u2013 it is very, very masculine.   <\/p>\n<p>(The exact INCI ingredients for each product can be found under the links above.)<\/p>\n<p>&nbsp;<\/p>\n<h3><strong>CHECK OUT MY FRAGRANCE NOTES:<\/strong><\/h3>\n<ul>\n<li><strong>Top notes:<\/strong> bergamot, blackcurrant, pineapple, orange blossom<\/li>\n<li><strong>Heart notes:<\/strong> patchouli, jasmine, herbs<\/li>\n<li><strong>Base notes: <\/strong>oakmoss, musk, amber<\/li>\n<\/ul>\n<p>&nbsp;<\/p>\n<h3><strong>WHAT\u2019S THE WORD ON THE STREET?<\/strong><\/h3>\n<p><em>It&#8217;s also suitable for shaving anything you shave, but we don&#8217;t necessarily need to know that.<\/em><br \/>\n<em>Interestingly, 100% of the men surveyed confirmed that they did not have cellulite after using the Extremely Wild Gel.<\/em><br \/>\n<em>No negative comments.<\/em><br \/>\n<em>But honestly, even if they did appear, we would ignore them anyway, because all the girls agree that the gel smells wild.<\/em><br \/>\n<em>100% satisfied men*<\/em><\/p>\n<p><em>* Test conducted on a purposefully selected group of 2 men. Both stated that Extremely Wild Gel cleanses. <\/em><\/p>\n<p>&nbsp;<\/p>\n<p><img loading=\"lazy\" decoding=\"async\" class=\"alignnone size-full wp-image-11144\" src=\"https:\/\/laq.pl\/wp-content\/uploads\/2024\/03\/weganski100.jpg\" alt=\"\" width=\"100\" height=\"100\" srcset=\"https:\/\/laq.pl\/wp-content\/uploads\/2024\/03\/weganski100.jpg 100w, https:\/\/laq.pl\/wp-content\/uploads\/2024\/03\/weganski100-50x50.jpg 50w\" sizes=\"auto, (max-width: 100px) 100vw, 100px\" \/> <img loading=\"lazy\" decoding=\"async\" class=\"alignnone size-full wp-image-11143\" src=\"https:\/\/laq.pl\/wp-content\/uploads\/2024\/03\/derma-100.jpg\" alt=\"\" width=\"100\" height=\"100\" srcset=\"https:\/\/laq.pl\/wp-content\/uploads\/2024\/03\/derma-100.jpg 100w, https:\/\/laq.pl\/wp-content\/uploads\/2024\/03\/derma-100-50x50.jpg 50w\" sizes=\"auto, (max-width: 100px) 100vw, 100px\" \/><\/p>\n","protected":false},"excerpt":{"rendered":"<p><strong>A gift box, featuring:<\/strong><\/p>\n<p>\ud83d\udc17 <strong><a href=\"https:\/\/laq.pl\/en\/product\/dzikus-z-lasu-8-in-1-shower-gel-wild-boar\/\">DZIKUS Z LASU 8-in-1 Shower Gel 500 ml ( Wild Boar)<\/a><\/strong><\/p>\n<p>\ud83d\udc17 <strong><a href=\"https:\/\/laq.pl\/en\/product\/wild-boar-body-wash-and-scrub\/\">DZIKUS Z LASU Cleansing Sugar Scrub 220 g (Wild Boar)<\/a><\/strong><\/p>\n<p>\ud83d\udc17 <strong><a href=\"https:\/\/laq.pl\/en\/product\/dzikus-z-lasu-bar-soap-for-men-wild-boar\/\">DZIKUS Z LASU Bar soap for men 85 g (Wild Boar)<\/a><\/strong><\/p>\n","protected":false},"featured_media":28074,"template":"","meta":{"_acf_changed":false},"product_brand":[],"product_cat":[762,735,552,549],"product_tag":[553],"class_list":{"0":"post-51650","1":"product","2":"type-product","3":"status-publish","4":"has-post-thumbnail","6":"product_cat-for-a-real-man","7":"product_cat-gift-sets","8":"product_cat-mens","9":"product_cat-wild-boar","10":"product_tag-wild-boar","13":"first","14":"instock","15":"taxable","16":"shipping-taxable","17":"purchasable","18":"product-type-simple"},"acf":[],"_links":{"self":[{"href":"https:\/\/laq.pl\/en\/wp-json\/wp\/v2\/product\/51650","targetHints":{"allow":["GET"]}}],"collection":[{"href":"https:\/\/laq.pl\/en\/wp-json\/wp\/v2\/product"}],"about":[{"href":"https:\/\/laq.pl\/en\/wp-json\/wp\/v2\/types\/product"}],"wp:featuredmedia":[{"embeddable":true,"href":"https:\/\/laq.pl\/en\/wp-json\/wp\/v2\/media\/28074"}],"wp:attachment":[{"href":"https:\/\/laq.pl\/en\/wp-json\/wp\/v2\/media?parent=51650"}],"wp:term":[{"taxonomy":"product_brand","embeddable":true,"href":"https:\/\/laq.pl\/en\/wp-json\/wp\/v2\/product_brand?post=51650"},{"taxonomy":"product_cat","embeddable":true,"href":"https:\/\/laq.pl\/en\/wp-json\/wp\/v2\/product_cat?post=51650"},{"taxonomy":"product_tag","embeddable":true,"href":"https:\/\/laq.pl\/en\/wp-json\/wp\/v2\/product_tag?post=51650"}],"curies":[{"name":"wp","href":"https:\/\/api.w.org\/{rel}","templated":true}]}}