{"id":51654,"date":"2024-01-10T21:34:24","date_gmt":"2024-01-10T20:34:24","guid":{"rendered":"https:\/\/laq.pl\/produkt\/stay-smooth-body-set-dzikus-z-lasu-cleansing-scrub-and-shower-gel-by-laq\/"},"modified":"2024-01-10T21:34:24","modified_gmt":"2024-01-10T20:34:24","slug":"stay-smooth-body-set-dzikus-z-lasu-cleansing-scrub-and-shower-gel-by-laq","status":"publish","type":"product","link":"https:\/\/laq.pl\/en\/product\/stay-smooth-body-set-dzikus-z-lasu-cleansing-scrub-and-shower-gel-by-laq\/","title":{"rendered":"Stay Smooth Body Set DZIKUS Z LASU \u2013 Cleansing Scrub and Shower Gel by LaQ"},"content":{"rendered":"<h2 style=\"text-align: center;\"><strong>A two-step smoothing ritual for a true Forest Savage:<\/strong><\/h2>\n<p>&nbsp;<\/p>\n<p>\ud83d\udc17<strong><a href=\"https:\/\/laq.pl\/product\/zel-pod-prysznic-8-w-1-dzikus-z-lasu-500-ml\/\"> DZIKUS Z LASU 8-in-1 Shower Gel 500 ml <\/a><\/strong>\u2013 natural and vegan shower gel for men I clean in a flash, smell like exclusive perfume, contain oak extract, and am extremely wild. Not only experts, eccentrics, and expats reach for me, but also extroverts and fearless experimenters.  <\/p>\n<p>\ud83d\udc17 <strong><a href=\"https:\/\/laq.pl\/en\/product\/wild-boar-body-wash-and-scrub\/\">DZIKUS Z LASU Cleansing Sugar Scrub 220 g <\/a><\/strong>&#8211; naturalny i wega\u0144ski cukrowy peeling myj\u0105cy, firmowany twarz\u0105 (czy raczej ryjem) Dzikusa z Lasu. Og\u00f3lnie rzecz bior\u0105c mam komfortow\u0105 w u\u017cytkowaniu konsystencj\u0119 lekkiego musu. Dodatkowo nie\u017ale si\u0119 pieni\u0119, dzi\u0119ki czemu jestem \u015bwietn\u0105 alternatyw\u0105 dla \u017celu pod prysznic.  <\/p>\n<p><strong>\ud83c\udf81 Packed in a window gift box filled with wood wool<\/strong><\/p>\n<p>&nbsp;<\/p>\n<h3><strong>WHO AM I?<\/strong><\/h3>\n<p>Here I am, a vegan and natural cosmetic set for men, consisting of a shower gel and a cleansing scrub. The legendary Forest Savage features the original scent of a &#8220;fight for pinecones,&#8221; intertwined with exclusive masculine perfume. This series is perfect for the extreme boar, but also for the expert, the eccentric, and the expat, as well as the extrovert and the experimenter. The shower gel formula is based on gentle cleansing agents. It contains moisturizing glycerin as well as soothing sessile oak bark extract. Meanwhile, the sugar cleansing scrub has a comfortable, easy-to-use light mousse texture. This cosmetic will effectively cleanse your skin and remove dead skin cells.      <\/p>\n<p>&nbsp;<\/p>\n<h3><strong>WHAT CAN I DO FOR YOU?<\/strong><\/h3>\n<p>Looking for a birthday gift for a guy? Or maybe you&#8217;re interested in an idea for an original name day gift for a friend? A gift for Boy&#8217;s Day, a gift for the holidays? You&#8217;ve come to the right place, because it&#8217;s perfect as a gift for a man! Especially since I come packed in a tasteful gift box with a window and cozy wood wool. I guarantee that the wild joy and happiness of the recipient are absolutely guaranteed! <\/p>\n<p>&nbsp;<\/p>\n<h3><strong>BABE, WONDERING WHAT\u2019S INSIDE?<\/strong><\/h3>\n<p>\ud83d\udc17<strong><a href=\"https:\/\/laq.pl\/product\/zel-pod-prysznic-8-w-1-dzikus-z-lasu-500-ml\/\">DZIKUS Z LASU 8-in-1 Shower Gel 500 ml<\/a><\/strong>  <span style=\"font-weight: 400;\">My recipe is based on delicate cleansing substances. Additionally, I contain moisturizing plant-based glycerin and soothing extract from sessile oak bark.  As you can see, there&#8217;s no need to scurry up a tree to escape me! <\/span><\/p>\n<p>\ud83d\udc17 <strong><a href=\"https:\/\/laq.pl\/en\/product\/wild-boar-body-wash-and-scrub\/\">DZIKUS Z LASU Cleansing Sugar Scrub 220 g <\/a><\/strong>&#8211; I contain wonderfully soothing allantoin and plant-derived glycerin with an intensely moisturizing effect. Additionally, I have a regenerating cocoa extract and an incredibly nourishing olive oil just for you.<\/p>\n<p>(The exact INCI ingredients for each product can be found under the links above.)<\/p>\n<p>&nbsp;<\/p>\n<h3><strong>CHECK OUT MY FRAGRANCE NOTES:<\/strong><\/h3>\n<ul>\n<li><strong>Top notes:<\/strong> bergamot, blackcurrant, pineapple, orange blossom<\/li>\n<li><strong>Heart notes:<\/strong> patchouli, jasmine, herbs<\/li>\n<li><strong>Base notes: <\/strong>oakmoss, musk, amber<\/li>\n<\/ul>\n<p>&nbsp;<\/p>\n<h3><strong>WHAT\u2019S THE WORD ON THE STREET?<\/strong><\/h3>\n<p><em>It&#8217;s also suitable for shaving anything you shave, but we don&#8217;t necessarily need to know that.<\/em><br \/>\n<em>Interestingly, 100% of the men surveyed confirmed that they did not have cellulite after using the Extremely Wild Gel.<\/em><br \/>\n<em>No negative comments.<\/em><br \/>\n<em>But honestly, even if they did appear, we would ignore them anyway, because all the girls agree that the gel smells wild.<\/em><br \/>\n<em>100% satisfied men*<\/em><\/p>\n<p><em>* Test conducted on a purposefully selected group of 2 men. Both stated that Extremely Wild Gel cleanses. <\/em><\/p>\n<p>&nbsp;<\/p>\n<p><img loading=\"lazy\" decoding=\"async\" class=\"alignnone wp-image-49200 size-medium\" src=\"https:\/\/laq.pl\/wp-content\/uploads\/2026\/02\/uniwersalny-300x177.jpg\" alt=\"Dermatologically tested pictogram and a vegan product sign\" width=\"300\" height=\"177\" srcset=\"https:\/\/laq.pl\/wp-content\/uploads\/2026\/02\/uniwersalny-300x177.jpg 300w, https:\/\/laq.pl\/wp-content\/uploads\/2026\/02\/uniwersalny-726x429.jpg 726w, https:\/\/laq.pl\/wp-content\/uploads\/2026\/02\/uniwersalny.jpg 769w\" sizes=\"auto, (max-width: 300px) 100vw, 300px\" \/><\/p>\n","protected":false},"excerpt":{"rendered":"<p><strong>A gift box, featuring:<\/strong><\/p>\n<p>\ud83d\udc17 <strong><a href=\"https:\/\/laq.pl\/product\/zel-pod-prysznic-8-w-1-dzikus-z-lasu-500-ml\/\">DZIKUS Z LASU 8-in-1 Shower Gel 500 ml (Wild Boar)<\/a><\/strong><\/p>\n<p>\ud83d\udc17 <strong><a href=\"https:\/\/laq.pl\/en\/product\/wild-boar-body-wash-and-scrub\/\">DZIKUS Z LASU Cleansing Sugar Scrub 220 g (Wild Boar)<\/a><\/strong><\/p>\n","protected":false},"featured_media":28076,"template":"","meta":{"_acf_changed":false},"product_brand":[],"product_cat":[762,735,552,549],"product_tag":[635,919,553],"class_list":{"0":"post-51654","1":"product","2":"type-product","3":"status-publish","4":"has-post-thumbnail","6":"product_cat-for-a-real-man","7":"product_cat-gift-sets","8":"product_cat-mens","9":"product_cat-wild-boar","10":"product_tag-for-him","11":"product_tag-the-perfect-gift","12":"product_tag-wild-boar","15":"first","16":"instock","17":"taxable","18":"shipping-taxable","19":"purchasable","20":"product-type-simple"},"acf":[],"_links":{"self":[{"href":"https:\/\/laq.pl\/en\/wp-json\/wp\/v2\/product\/51654","targetHints":{"allow":["GET"]}}],"collection":[{"href":"https:\/\/laq.pl\/en\/wp-json\/wp\/v2\/product"}],"about":[{"href":"https:\/\/laq.pl\/en\/wp-json\/wp\/v2\/types\/product"}],"wp:featuredmedia":[{"embeddable":true,"href":"https:\/\/laq.pl\/en\/wp-json\/wp\/v2\/media\/28076"}],"wp:attachment":[{"href":"https:\/\/laq.pl\/en\/wp-json\/wp\/v2\/media?parent=51654"}],"wp:term":[{"taxonomy":"product_brand","embeddable":true,"href":"https:\/\/laq.pl\/en\/wp-json\/wp\/v2\/product_brand?post=51654"},{"taxonomy":"product_cat","embeddable":true,"href":"https:\/\/laq.pl\/en\/wp-json\/wp\/v2\/product_cat?post=51654"},{"taxonomy":"product_tag","embeddable":true,"href":"https:\/\/laq.pl\/en\/wp-json\/wp\/v2\/product_tag?post=51654"}],"curies":[{"name":"wp","href":"https:\/\/api.w.org\/{rel}","templated":true}]}}