{"id":52147,"date":"2024-01-10T21:59:36","date_gmt":"2024-01-10T20:59:36","guid":{"rendered":"https:\/\/laq.pl\/produkt\/mens-full-package-koziol-laq-shower-gel-shampoo-beard-oil-soap-bar\/"},"modified":"2024-01-10T21:59:36","modified_gmt":"2024-01-10T20:59:36","slug":"mens-full-package-koziol-laq-shower-gel-shampoo-beard-oil-soap-bar","status":"publish","type":"product","link":"https:\/\/laq.pl\/en\/product\/mens-full-package-koziol-laq-shower-gel-shampoo-beard-oil-soap-bar\/","title":{"rendered":"Men\u2019s Full Package KOZIO\u0141 \u2013 LaQ Shower Gel + Shampoo + Beard Oil + Soap Bar"},"content":{"rendered":"<h2 style=\"text-align: center;\"><strong>Comprehensive men&#8217;s care in one set \u2013 everything you need<\/strong><\/h2>\n<p>&nbsp;<\/p>\n<p>\ud83d\udc10 <strong><a href=\"https:\/\/laq.pl\/en\/product\/goat-shower-gel-8-in-1\/\">PODCHMIELONY KOZIO\u0141 Shower gel 500 ml<\/a><\/strong> &#8211; <span style=\"font-weight: 400;\">shower gel for men, natural, vegan, and also brilliantly and definitely with a cool scent of men&#8217;s perfume. Gel with hop extract. But it is still just a cleansing gel. <\/span><\/p>\n<p>\ud83d\udc10 <strong><a href=\"https:\/\/laq.pl\/en\/product\/koziol-herbal-anti-dandruff-shampoo-with-hops-and-botanical-extracts-300-ml\/\">KOZIO\u0141 1-in-1 Men&#8217;s Shampoo 300 ml<\/a><\/strong> &#8211; <span style=\"font-weight: 400;\">a natural and vegan men&#8217;s shampoo with anti-dandruff properties. I contain tea tree extract and a complex of twelve herbs. On top of that, I smell like a high-class men&#8217;s cologne   <\/span><\/p>\n<p>\ud83d\udc10 <strong><a href=\"https:\/\/laq.pl\/produkt\/olejek-po-goleniu-i-do-brody-koziol-30-ml\/\">KOZIO\u0141 Aftershave &amp; Beard Oil 30 ml<\/a><\/strong> \u2013 A 100% natural, vegan beard oil specifically formulated to nourish both the facial skin and your beard. It features a highly pleasant formula and a captivating, premium masculine fragrance that is guaranteed to turn heads. <\/p>\n<p>\ud83d\udc10 <strong><a href=\"https:\/\/laq.pl\/en\/product\/goat-bar-soap-for-men\/\">KOZIO\u0141 Bar soap for men 85 g<\/a><\/strong> &#8211; glicerynowe myd\u0142o dla m\u0119\u017cczyzn w formie praktycznej i ponadczasowej kostki. Hand-made, with tenderness and love, with good music and a lamp&#8230; LED. I will come to you willingly dressed only in a fancy cardboard box. ONLY in a cardboard box. So, ready for adventure&#8230;?<\/p>\n<p><strong>\ud83c\udf81 Packed in a window gift box filled with wood wool<\/strong><\/p>\n<p>&nbsp;<\/p>\n<h3><strong>WHO AM I?<\/strong><\/h3>\n<p>Here I am, a vegan set of natural cosmetics for men, consisting of a shower gel, hair shampoo, aftershave and beard oil, and a bar of soap. Hailing from Pozna\u0144, Kozio\u0142 (Goat) boasts a unique scent of an evening over a brew, intertwined with exclusive masculine cologne. This series is perfect for those who like to show off every now and then. The shower gel&#8217;s formula is based on mild cleansing agents; it contains moisturizing glycerin as well as soothing hop extract. In turn, the anti-dandruff shampoo contains tea tree extract and a complex of twelve herbs. Thanks to these, it gently cleanses the hair while helping to deal with oiliness and dandruff. Meanwhile, the beard and aftershave oil will help you take care of your facial skin, moisturizing it and soothing irritation. The oil will also hydrate your beard hair, give it a healthy look, and make it easier to comb. Finally, the bar soap will gently cleanse your skin, even if it is delicate and sensitive.         <\/p>\n<p>&nbsp;<\/p>\n<h3><strong>WHAT CAN I DO FOR YOU?<\/strong><\/h3>\n<p>Looking for a birthday gift for a guy? Or maybe you&#8217;re interested in an idea for an original name day gift for a friend? A gift for Boy&#8217;s Day, a gift for the holidays? You&#8217;ve come to the right place, because it&#8217;s perfect as a gift for a man! Especially since I\u2019m packed in a stylish gift box with a window and comfy wood wool. I guarantee that the recipient\u2019s joy and wild leaps of excitement are in the bag! <\/p>\n<p>&nbsp;<\/p>\n<h3><strong>BABE, WONDERING WHAT\u2019S INSIDE?<\/strong><\/h3>\n<p>\ud83d\udc10 <strong><a href=\"https:\/\/laq.pl\/en\/product\/goat-shower-gel-8-in-1\/\">PODCHMIELONY KOZIO\u0141 Shower gel 500 ml-<\/a><\/strong> Above all, taking a sober look at my formula, you\u2019ll immediately see it\u2019s based on mild, plant-derived cleansing agents. Furthermore, I contain glycerin (also plant-derived) and soothing hop extract. <\/p>\n<p><strong>\ud83d\udc10 <a href=\"https:\/\/laq.pl\/en\/product\/koziol-herbal-anti-dandruff-shampoo-with-hops-and-botanical-extracts-300-ml\/\">KOZIO\u0141 1-in-1 Men&#8217;s Shampoo 300 ml <\/a><\/strong>&#8211; <span style=\"font-weight: 400;\">I contain tea tree extract, which perfectly cleanses the skin, regulates sebum production, and helps prevent hair loss. Additionally, you will find within me a complex of 12 invaluable extracts that will help you effectively get rid of dandruff. <\/span><\/p>\n<p><strong>\ud83d\udc10<\/strong> <strong><a href=\"https:\/\/laq.pl\/produkt\/olejek-po-goleniu-i-do-brody-koziol-30-ml\/\">KOZIO\u0141 Aftershave &amp; Beard Oil 30 ml<\/a><\/strong> &#8211; amazing oils: watermelon seed, grapeseed, sweet almond, and raspberry seed. Did I mention the hemp seed oil? Let&#8217;s not forget the olive oil, either! I&#8217;m also packed with vitamin E, panthenol, and allantoin. As you can tell, calling me &#8220;rich on the inside&#8221; is putting it mildly!    <\/p>\n<p>\ud83d\udc10 <strong><a href=\"https:\/\/laq.pl\/en\/product\/goat-bar-soap-for-men\/\">KOZIO\u0141 Bar soap for men 85 g<\/a><\/strong> &#8211; precious butters, namely shea, cocoa, and mango. No one knows how to pronounce &#8220;shea&#8221; (though no one will admit it anyway). Cocoa is almost chocolate, and if something has chocolate, it has to be good. Mango, on the other hand, as its very foreign name suggests, is very, very masculine.<\/p>\n<p>(The exact INCI ingredients for each product can be found under the links above.)<\/p>\n<p>&nbsp;<\/p>\n<h3><strong>CHECK OUT MY FRAGRANCE NOTES:<\/strong><\/h3>\n<ul>\n<li><strong>Top notes:<\/strong> icy mint, bergamot<\/li>\n<li><strong>Heart notes:<\/strong> geranium, apple<\/li>\n<li><strong>Base notes:<\/strong> vanilla, sandalwood, cedar<\/li>\n<\/ul>\n<p>&nbsp;<\/p>\n<h3><strong>WHAT\u2019S THE WORD ON THE STREET?<\/strong><\/h3>\n<p><em>The Goat sat on the Internet,<\/em><br \/>\n<em>what did he order? You know very well! <\/em><br \/>\n<em>LaQ gel for your sweet face<\/em><br \/>\n<em>and even the goats and sheep are catching the scent.<\/em><br \/>\n<em>And the little goat won&#8217;t say no<\/em><br \/>\n<em>his pretty face steals the show!<\/em><\/p>\n<p>&nbsp;<\/p>\n<p><img loading=\"lazy\" decoding=\"async\" class=\"alignnone size-full wp-image-11144\" src=\"https:\/\/laq.pl\/wp-content\/uploads\/2024\/03\/weganski100.jpg\" alt=\"\" width=\"100\" height=\"100\" srcset=\"https:\/\/laq.pl\/wp-content\/uploads\/2024\/03\/weganski100.jpg 100w, https:\/\/laq.pl\/wp-content\/uploads\/2024\/03\/weganski100-50x50.jpg 50w\" sizes=\"auto, (max-width: 100px) 100vw, 100px\" \/> <img loading=\"lazy\" decoding=\"async\" class=\"alignnone size-full wp-image-11143\" src=\"https:\/\/laq.pl\/wp-content\/uploads\/2024\/03\/derma-100.jpg\" alt=\"\" width=\"100\" height=\"100\" srcset=\"https:\/\/laq.pl\/wp-content\/uploads\/2024\/03\/derma-100.jpg 100w, https:\/\/laq.pl\/wp-content\/uploads\/2024\/03\/derma-100-50x50.jpg 50w\" sizes=\"auto, (max-width: 100px) 100vw, 100px\" \/><\/p>\n","protected":false},"excerpt":{"rendered":"<p><strong>A gift box containing:<\/strong><\/p>\n<p><strong>\ud83d\udc10 <a href=\"https:\/\/laq.pl\/en\/product\/goat-shower-gel-8-in-1\/\">PODCHMIELONY KOZIO\u0141 Shower gel 500 ml (Hoppy Goat)<\/a><\/strong><\/p>\n<p><strong>\ud83d\udc10 <a href=\"https:\/\/laq.pl\/en\/product\/koziol-herbal-anti-dandruff-shampoo-with-hops-and-botanical-extracts-300-ml\/\">KOZIO\u0141 1-in-1 Men&#8217;s Shampoo 300 ml (Goat)<\/a><\/strong><\/p>\n<p><strong>\ud83d\udc10 <a href=\"https:\/\/laq.pl\/produkt\/olejek-po-goleniu-i-do-brody-koziol-30-ml\/\">KOZIO\u0141 Aftershave &amp; Beard Oil 30 ml (Goat)<\/a><\/strong><\/p>\n<p><strong>\ud83d\udc10 <a href=\"https:\/\/laq.pl\/en\/product\/goat-bar-soap-for-men\/\">KOZIO\u0141 Bar soap for men 85 g<\/a> (Goat)<\/strong><\/p>\n","protected":false},"featured_media":52148,"template":"","meta":{"_acf_changed":false},"product_brand":[],"product_cat":[762,735,750,552],"product_tag":[618,686],"class_list":{"0":"post-52147","1":"product","2":"type-product","3":"status-publish","4":"has-post-thumbnail","6":"product_cat-for-a-real-man","7":"product_cat-gift-sets","8":"product_cat-goat","9":"product_cat-mens","10":"product_tag-goat","11":"product_tag-hoppy-goat","14":"first","15":"instock","16":"sale","17":"taxable","18":"shipping-taxable","19":"purchasable","20":"product-type-simple"},"acf":[],"_links":{"self":[{"href":"https:\/\/laq.pl\/en\/wp-json\/wp\/v2\/product\/52147","targetHints":{"allow":["GET"]}}],"collection":[{"href":"https:\/\/laq.pl\/en\/wp-json\/wp\/v2\/product"}],"about":[{"href":"https:\/\/laq.pl\/en\/wp-json\/wp\/v2\/types\/product"}],"wp:featuredmedia":[{"embeddable":true,"href":"https:\/\/laq.pl\/en\/wp-json\/wp\/v2\/media\/52148"}],"wp:attachment":[{"href":"https:\/\/laq.pl\/en\/wp-json\/wp\/v2\/media?parent=52147"}],"wp:term":[{"taxonomy":"product_brand","embeddable":true,"href":"https:\/\/laq.pl\/en\/wp-json\/wp\/v2\/product_brand?post=52147"},{"taxonomy":"product_cat","embeddable":true,"href":"https:\/\/laq.pl\/en\/wp-json\/wp\/v2\/product_cat?post=52147"},{"taxonomy":"product_tag","embeddable":true,"href":"https:\/\/laq.pl\/en\/wp-json\/wp\/v2\/product_tag?post=52147"}],"curies":[{"name":"wp","href":"https:\/\/api.w.org\/{rel}","templated":true}]}}