{"id":52230,"date":"2024-01-10T21:57:56","date_gmt":"2024-01-10T20:57:56","guid":{"rendered":"https:\/\/laq.pl\/produkt\/beard-grooming-set-silky-fur-zapach-seksu-i-biznesu-shower-gel-shampoo-beard-oil-by-laq\/"},"modified":"2024-01-10T21:57:56","modified_gmt":"2024-01-10T20:57:56","slug":"beard-grooming-set-silky-fur-zapach-seksu-i-biznesu-shower-gel-shampoo-beard-oil-by-laq","status":"publish","type":"product","link":"https:\/\/laq.pl\/en\/product\/beard-grooming-set-silky-fur-zapach-seksu-i-biznesu-shower-gel-shampoo-beard-oil-by-laq\/","title":{"rendered":"Beard Grooming Set Silky Fur ZAPACH SEKSU I BIZNESU \u2013 Shower Gel, Shampoo + Beard Oil by LaQ"},"content":{"rendered":"<h2 style=\"text-align: center;\"><strong>Make your beard stop scratching and start attracting \u2013 without the fuss<\/strong><\/h2>\n<p>&nbsp;<\/p>\n<p>\ud83d\udc15<strong><a href=\"https:\/\/laq.pl\/produkt\/zel-pod-prysznic-8w1-SEKS%20I%20BIZNES-500-ml\/\">ZAPACH SEKSU I BIZNESU 8 in 1 Shower gel 500 ml<\/a><\/strong> &#8211; a vegan and exceptionally masculine shower gel. I smell like good sex and successful business, or\u2014to flip it around\u2014successful sex and good business. I\u2019m not even sure which one more. A keen nose will also detect masculine cologne with hints of cardamom and black pepper. Someone once called me &#8220;the best,&#8221; and so far, they haven&#8217;t taken it back.    <\/p>\n<p>\ud83d\udc15 <strong><a href=\"https:\/\/laq.pl\/produkt\/szampon-dla-facetow-1-w-1-SEKS%20I%20BIZNES-300-ml\/\">ZAPACH SEKSU I BIZNESU Men&#8217;s Shampoo 1-in-1 300 ml<\/a><\/strong> &#8211; natural and vegan men&#8217;s hair shampoo with an energizing effect. Contains extracts of black pepper, lemon, mint, rosemary and green tea. On top of that, I smell like sex, business, and men&#8217;s perfume.<\/p>\n<p>\ud83d\udc15 <strong><a href=\"https:\/\/laq.pl\/produkt\/olejek-po-goleniu-i-do-brody-SEKS%20I%20BIZNES-30-ml\/\">ZAPACH SEKSU I BIZNESU Soothing Beard &amp; Aftershave Oil 30 ml <\/a><\/strong>&#8211; a natural and vegan beard oil, created specifically for the care of facial skin and the facial hair covering it. I have a pleasant-to-use formula and a captivating masculine cologne scent that&#8217;s irresistible to women (and not only them!) <\/p>\n<p><strong>\ud83c\udf81 Packed in a window gift box filled with wood wool<\/strong><\/p>\n<p>&nbsp;<\/p>\n<h3><strong>WHO AM I?<\/strong><\/h3>\n<p>Here I am, a vegan set of natural cosmetics for men, consisting of a shower gel, hair shampoo, and an aftershave and beard oil. Someone once called SEX &amp; BUSINESS &#8220;the best,&#8221; and they haven&#8217;t taken it back yet. A keen nose will detect masculine cologne with notes of cardamom and black pepper. This series is perfect for those who enjoy good sex and a successful business, as well as successful sex and a good business. The shower gel&#8217;s formula is based on mild cleansing agents. You\u2019ll find moisturizing glycerin in it, as well as cardamom seed extract, urea, and niacinamide. In turn, the energizing shampoo contains extracts of black pepper, lemon, mint, rosemary, and green tea. Thanks to these, it cleanses hair gently yet effectively, preventing it from getting greasy.        Natomiast olej do brody i po goleniu pomo\u017ce Ci zadba\u0107 o sk\u00f3r\u0119 twarzy, nawil\u017caj\u0105c j\u0105 i \u0142agodz\u0105c ewentualne podra\u017cnienia. Olejek nawil\u017cy te\u017c w\u0142osy Twojej brody, nada im zdrowy i l\u015bni\u0105cy wygl\u0105d oraz u\u0142atwi ich rozczesywanie. <\/p>\n<p>&nbsp;<\/p>\n<h3><strong>WHAT CAN I DO FOR YOU?<\/strong><\/h3>\n<p>Looking for a birthday gift for a guy? Or maybe you&#8217;re interested in an idea for an original name day gift for a friend? A gift for Boy&#8217;s Day, a gift for the holidays? You&#8217;ve come to the right place, because it&#8217;s perfect as a gift for a man! Especially since I\u2019m packed in a stylish gift box with a window and comfy wood wool. I guarantee that the recipient\u2019s joy and wild leaps of excitement are in the bag! <\/p>\n<p>&nbsp;<\/p>\n<h3><strong>BABE, WONDERING WHAT\u2019S INSIDE?<\/strong><\/h3>\n<p>\ud83d\udc15<a href=\"https:\/\/laq.pl\/produkt\/zel-pod-prysznic-8w1-SEKS%20I%20BIZNES-500-ml\/\"><strong> ZAPACH SEKSU I BIZNESU 8 in 1 Shower gel 500 ml<\/strong><\/a> &#8211; On the outside, I\u2019m tough, decisive, and uncompromising, but on the inside, I hide my true nature\u2014one based on mild, plant-derived cleansing agents. I contain glycerin (also plant-based), cardamom seed extract, urea, and niacinamide. <\/p>\n<p>\ud83d\udc15 <strong><a href=\"https:\/\/laq.pl\/produkt\/szampon-dla-facetow-1-w-1-SEKS%20I%20BIZNES-300-ml\/\">ZAPACH SEKSU I BIZNESU 1-in-1 Men\u2019s Shampoo 300 ml<\/a><\/strong> &#8211; I contain rosemary leaf extract and black pepper seed extract. Additionally, you will find cucumber fruit extract in me, which inhibits hair loss and accelerates its growth. I also have for you extracts of green tea, peppermint leaves and lemon, which cleanse perfectly and give a pleasant refreshing effect.<\/p>\n<p><strong>\ud83d\udc15 <a href=\"https:\/\/laq.pl\/produkt\/olejek-po-goleniu-i-do-brody-SEKS%20I%20BIZNES-30-ml\/\">ZAPACH SEKSU I BIZNESU Soothing Beard &amp; Aftershave Oil 30 ml<\/a><\/strong> &#8211; Zawieram w sobie genialne oleje: z pestek arbuza, z pestek winogron oraz ze s\u0142odkich migda\u0142\u00f3w i z nasion malin. Czy wspomina\u0142em o oleju z nasion konopi siewnych? Nie zapominajmy te\u017c o oliwie z oliwek! Je\u015bli my\u015blisz, \u017ce to koniec dobroczynnych substancji, kt\u00f3re dla Ciebie skrywam, to si\u0119 grubo mylisz.   <\/p>\n<p>(The exact INCI ingredients for each product can be found under the links above.)<\/p>\n<p>&nbsp;<\/p>\n<h3><strong>CHECK OUT MY FRAGRANCE NOTES:<\/strong><\/h3>\n<ul>\n<li><strong>Top Notes:<\/strong> lemon, grapefruit, aquatic notes<\/li>\n<li><strong>Heart Notes:<\/strong> apple, mint, pink pepper, rose<\/li>\n<li><strong>Base notes:<\/strong> cedarwood, sandalwood, dry wood, tonka bean, musk<\/li>\n<\/ul>\n<p>&nbsp;<\/p>\n<h3><strong>WHAT\u2019S THE WORD ON THE STREET?<\/strong><\/h3>\n<p><em>Tried making money or had a wild night, and now you smell like a wet dog?<\/em><br \/>\n<em>Is that really the scent of sex and business?!<\/em><br \/>\n<em>Gentlemen&#8230; No!<br \/>\nThat needs to be washed off!<br \/>\nSEX &amp; BUSINESS is class in itself!<\/em><br \/>\n<em>It will leave you with the incredible scent of money already earned and satisfy your woman a hundred times more!<\/em><br \/>\n<em>It will help untamed individuals remove the feeling of shame when they are caught chasing other female dogs, and most importantly, it will even wash away the stain of honor and erase any puppy misdeeds from their memory.<\/em><\/p>\n<p>&nbsp;<\/p>\n<p><img loading=\"lazy\" decoding=\"async\" class=\"alignnone wp-image-49200 size-medium\" src=\"https:\/\/laq.pl\/wp-content\/uploads\/2026\/02\/uniwersalny-300x177.jpg\" alt=\"Dermatologically tested pictogram and a vegan product sign\" width=\"300\" height=\"177\" srcset=\"https:\/\/laq.pl\/wp-content\/uploads\/2026\/02\/uniwersalny-300x177.jpg 300w, https:\/\/laq.pl\/wp-content\/uploads\/2026\/02\/uniwersalny-726x429.jpg 726w, https:\/\/laq.pl\/wp-content\/uploads\/2026\/02\/uniwersalny.jpg 769w\" sizes=\"auto, (max-width: 300px) 100vw, 300px\" \/><\/p>\n","protected":false},"excerpt":{"rendered":"<p><strong>A gift box, and inside:<\/strong><\/p>\n<p>\ud83d\udc15 <strong><a href=\"https:\/\/laq.pl\/en\/product\/doberman-8in1-shower-gel-3\/\">ZAPACH SEKSU I BIZNESU 8 in 1 Shower gel 500 ml<\/a><\/strong> (Sex and Business Scent)<\/p>\n<p>\ud83d\udc15 <strong><a href=\"https:\/\/laq.pl\/en\/product\/doberman-shampoo-for-men-1-in-1-4\/\">ZAPACH SEKSU I BIZNESU 1-in-1 Men\u2019s Shampoo 300 ml<\/a> (Sex and Business Scent)<\/strong><\/p>\n<p>\ud83d\udc15 <strong><a href=\"https:\/\/laq.pl\/produkt\/olejek-po-goleniu-i-do-brody-ZAPACH%20SEKSU%20I%20BIZNESU-30-ml\/\">ZAPACH SEKSU I BIZNESU Soothing Beard &amp; Aftershave Oil 30 ml<\/a><\/strong> (Sex and Business Scent)<\/p>\n","protected":false},"featured_media":52231,"template":"","meta":{"_acf_changed":false},"product_brand":[],"product_cat":[728,735,762,552],"product_tag":[635,919,957],"class_list":{"0":"post-52230","1":"product","2":"type-product","3":"status-publish","4":"has-post-thumbnail","6":"product_cat-doberman-en","7":"product_cat-gift-sets","8":"product_cat-for-a-real-man","9":"product_cat-mens","10":"product_tag-for-him","11":"product_tag-the-perfect-gift","12":"product_tag-zapach-seksu-i-biznesu","15":"first","16":"instock","17":"taxable","18":"shipping-taxable","19":"purchasable","20":"product-type-simple"},"acf":[],"_links":{"self":[{"href":"https:\/\/laq.pl\/en\/wp-json\/wp\/v2\/product\/52230","targetHints":{"allow":["GET"]}}],"collection":[{"href":"https:\/\/laq.pl\/en\/wp-json\/wp\/v2\/product"}],"about":[{"href":"https:\/\/laq.pl\/en\/wp-json\/wp\/v2\/types\/product"}],"wp:featuredmedia":[{"embeddable":true,"href":"https:\/\/laq.pl\/en\/wp-json\/wp\/v2\/media\/52231"}],"wp:attachment":[{"href":"https:\/\/laq.pl\/en\/wp-json\/wp\/v2\/media?parent=52230"}],"wp:term":[{"taxonomy":"product_brand","embeddable":true,"href":"https:\/\/laq.pl\/en\/wp-json\/wp\/v2\/product_brand?post=52230"},{"taxonomy":"product_cat","embeddable":true,"href":"https:\/\/laq.pl\/en\/wp-json\/wp\/v2\/product_cat?post=52230"},{"taxonomy":"product_tag","embeddable":true,"href":"https:\/\/laq.pl\/en\/wp-json\/wp\/v2\/product_tag?post=52230"}],"curies":[{"name":"wp","href":"https:\/\/api.w.org\/{rel}","templated":true}]}}