{"id":52515,"date":"2026-04-09T14:05:56","date_gmt":"2026-04-09T12:05:56","guid":{"rendered":"https:\/\/laq.pl\/?post_type=product&#038;p=52515"},"modified":"2026-04-10T11:02:29","modified_gmt":"2026-04-10T09:02:29","slug":"kula-do-kapieli-wisnioweczka","status":"publish","type":"product","link":"https:\/\/laq.pl\/en\/product\/kula-do-kapieli-wisnioweczka\/","title":{"rendered":"Kula do k\u0105pieli WI\u015aNI\u00d3WECZKA"},"content":{"rendered":"<h2 style=\"text-align: center;\"><strong>Kula do k\u0105pieli WI\u015aNI\u00d3WECZKA 135 g<\/strong><\/h2>\n<p>&nbsp;<\/p>\n<h3><strong>KIM JESTEM?<\/strong><\/h3>\n<p>Oto ja, r\u0119cznie wykonana musuj\u0105ca kula do k\u0105pieli. Jak sama nazwa wskazuje, wrzucona do wanny \u015bwietnie musuj\u0119, a poniewa\u017c powsta\u0142am w laboratorium LaQ, dodatkowo mam genialny zapach. Ja akurat pachn\u0119 \u015bwie\u017co i owocowo &#8211; soczyst\u0105 wi\u015bni\u0105, ale poznaj te\u017c moje pozosta\u0142e musuj\u0105ce siostry, wszystkie jeste\u015bmy bombowe i cool!<\/p>\n<p>&nbsp;<\/p>\n<h3><strong>CO MOG\u0118 DLA CIEBIE ZROBI\u0106?<\/strong><\/h3>\n<p>Z ogromn\u0105 przyjemno\u015bci\u0105 do\u0142\u0105cz\u0119 do Ciebie podczas wieczornej k\u0105pieli, pomagaj\u0105c Ci si\u0119 zrelaksowa\u0107 i rozpieszczaj\u0105c Twoje cia\u0142o i zmys\u0142y przyjemnym aromatem \u015bwie\u017cych owoc\u00f3w. Wskocz zatem ze mn\u0105 do wanny, a wype\u0142ni\u0119 j\u0105 uroczymi b\u0105belkami, a do tego zabarwi\u0119 wod\u0119 na pi\u0119kny kolor. Co wi\u0119cej, pr\u00f3cz tradycyjnych igraszek w wannie mo\u017cesz stosowa\u0107 mnie r\u00f3wnie\u017c w domowej piel\u0119gnacji st\u00f3p i d\u0142oni.<\/p>\n<p>&nbsp;<\/p>\n<h3><strong>PYTASZ KOTKU, CO MAM W \u015aRODKU?<\/strong><\/h3>\n<p>Moja receptura zosta\u0142a wzbogacona mas\u0142em shea, olejem ze s\u0142odkich migda\u0142\u00f3w i witamin\u0105 E, kt\u00f3re pomog\u0105 Ci utrzyma\u0107 jedwabist\u0105 g\u0142adko\u015b\u0107 sk\u00f3ry, jednocze\u015bnie j\u0105 nawil\u017caj\u0105c.<\/p>\n<p><em><strong>Sk\u0142ad:<\/strong> Sodium Bicarbonate, Citric Acid, Zea Mays Starch, Polysorbate 80, Cocos Nucifera Oil, Glycerin, Helianthus Annuus Seed Oil, Butyrospermum Parkii Butter, Prunus Amygdalus Dulcis Oil, Tocopherol, Aqua, Parfum, Benzaldehyde, CI 16255, CI 16035.<\/em><\/p>\n<p>&nbsp;<\/p>\n<h3><strong>POZNAJ MOJE NUTY ZAPACHOWE:<\/strong><\/h3>\n<ul>\n<li><b>g\u0142owy:<\/b> wi\u015bnia, mandarynka<\/li>\n<li><b>serca:<\/b> wi\u015bnia, brzoskwinia<\/li>\n<li><b>podstawy:<\/b> wanilia,\u00a0pi\u017cmo<\/li>\n<\/ul>\n<p>&nbsp;<\/p>\n<h3><strong>SPOS\u00d3B U\u017bYCIA MUSUJ\u0104CEJ KULI DO K\u0104PIELI:<\/strong><\/h3>\n<p>Wyci\u0105gnij mnie z folii ochronnej, a nast\u0119pnie wrzu\u0107 do wanny wype\u0142nionej ciep\u0142\u0105 wod\u0105.<\/p>\n<p>&nbsp;<\/p>\n<h3><strong>A CO M\u00d3WI\u0104 NA MIE\u015aCIE?<\/strong><\/h3>\n<p><em>Przyjemno\u015b\u0107!<\/em><br \/>\n<em>Podczas mycia r\u0105k, pod prysznicem, w wannie.<\/em><br \/>\n<em>Wsz\u0119dzie gdzie chcesz!<\/em><\/p>\n<p>&nbsp;<\/p>\n<p><img loading=\"lazy\" decoding=\"async\" class=\"alignnone wp-image-49200 size-medium\" src=\"https:\/\/laq.pl\/wp-content\/uploads\/2026\/02\/uniwersalny-300x177.jpg\" alt=\"piktogram znaku testowanie dermatologicznie oraz znak produktu wega\u0144skiego\" width=\"300\" height=\"177\" srcset=\"https:\/\/laq.pl\/wp-content\/uploads\/2026\/02\/uniwersalny-300x177.jpg 300w, https:\/\/laq.pl\/wp-content\/uploads\/2026\/02\/uniwersalny-726x429.jpg 726w, https:\/\/laq.pl\/wp-content\/uploads\/2026\/02\/uniwersalny.jpg 769w\" sizes=\"auto, (max-width: 300px) 100vw, 300px\" \/><\/p>\n","protected":false},"excerpt":{"rendered":"<section class=\"section\">\n<div class=\"item item-12\">\n<section class=\"text-item\">Wrzucona do wanny <strong>\u015bwietnie musuje<\/strong>, wype\u0142nia j\u0105 licznymi b\u0105belkami,<strong>\u00a0mo\u017ce by\u0107 stosowana r\u00f3wnie\u017c w domowej piel\u0119gnacji st\u00f3p i d\u0142oni.<\/strong><\/section>\n<\/div>\n<\/section>\n","protected":false},"featured_media":52514,"template":"","meta":{"_acf_changed":false},"product_brand":[],"product_cat":[232,850,119,99],"product_tag":[330],"class_list":{"0":"post-52515","1":"product","2":"type-product","3":"status-publish","4":"has-post-thumbnail","6":"product_cat-damskie","7":"product_cat-kule-do-kapieli-damskie","8":"product_cat-kule-kapielowe","9":"product_cat-owocowa","10":"product_tag-kula-kapielowa","13":"first","14":"instock","15":"taxable","16":"shipping-taxable","17":"purchasable","18":"product-type-simple"},"acf":[],"_links":{"self":[{"href":"https:\/\/laq.pl\/en\/wp-json\/wp\/v2\/product\/52515","targetHints":{"allow":["GET"]}}],"collection":[{"href":"https:\/\/laq.pl\/en\/wp-json\/wp\/v2\/product"}],"about":[{"href":"https:\/\/laq.pl\/en\/wp-json\/wp\/v2\/types\/product"}],"wp:featuredmedia":[{"embeddable":true,"href":"https:\/\/laq.pl\/en\/wp-json\/wp\/v2\/media\/52514"}],"wp:attachment":[{"href":"https:\/\/laq.pl\/en\/wp-json\/wp\/v2\/media?parent=52515"}],"wp:term":[{"taxonomy":"product_brand","embeddable":true,"href":"https:\/\/laq.pl\/en\/wp-json\/wp\/v2\/product_brand?post=52515"},{"taxonomy":"product_cat","embeddable":true,"href":"https:\/\/laq.pl\/en\/wp-json\/wp\/v2\/product_cat?post=52515"},{"taxonomy":"product_tag","embeddable":true,"href":"https:\/\/laq.pl\/en\/wp-json\/wp\/v2\/product_tag?post=52515"}],"curies":[{"name":"wp","href":"https:\/\/api.w.org\/{rel}","templated":true}]}}