{"id":52625,"date":"2026-04-13T12:03:11","date_gmt":"2026-04-13T10:03:11","guid":{"rendered":"https:\/\/laq.pl\/?post_type=product&#038;p=52625"},"modified":"2026-04-23T17:25:26","modified_gmt":"2026-04-23T15:25:26","slug":"zestaw-damski-princess-krem-do-rak-i-paznokci-300ml-serum-princess-30ml-wisnioweczka-kula-kapielowa-135g-zloty-sianko-naklejka","status":"publish","type":"product","link":"https:\/\/laq.pl\/en\/product\/zestaw-damski-princess-krem-do-rak-i-paznokci-300ml-serum-princess-30ml-wisnioweczka-kula-kapielowa-135g-zloty-sianko-naklejka\/","title":{"rendered":"LaQ Zestaw Prezentowy dla Mamy: Krem do r\u0105k, Serum Princess i Kula do k\u0105pieli + NAKLEJKA"},"content":{"rendered":"<h2 style=\"text-align: center;\"><strong>Prezent dla Mamy, kt\u00f3ra zas\u0142uguje na koron\u0119 (i \u015bwi\u0119ty spok\u00f3j)<\/strong><\/h2>\n<p>&nbsp;<\/p>\n<p>\ud83d\udc51 <a href=\"https:\/\/laq.pl\/produkt\/krem-do-rak-i-paznokci-princess-300-ml\/\"><strong>Krem do r\u0105k i paznokci PRINCESS 300 ml<\/strong><\/a> &#8211; lekki krem nawil\u017caj\u0105cy do r\u0105k i paznokci. Jestem idealny do codziennej piel\u0119gnacji ka\u017cdego rodzaju sk\u00f3ry. Mam s\u0142odki, pudrowy zapach.<\/p>\n<p>\ud83d\udc96 <a href=\"https:\/\/laq.pl\/produkt\/serum-princess-booster-nawilzajaco-rozswietlajacy-blur-effect-30-ml\/\"><strong>Roz\u015bwietlaj\u0105ce serum z kalamin\u0105 i Witamin\u0105 C PRINCESS 30 ml<\/strong><\/a> &#8211; Jestem boosterem o dzia\u0142aniu nawil\u017caj\u0105cym i roz\u015bwietlaj\u0105cym. Mam przyjemnie kremow\u0105, lekk\u0105 formu\u0142\u0119. Pachn\u0119 lekko s\u0142odko i nieco pudrowo.<\/p>\n<p>\ud83c\udf52 <a href=\"https:\/\/laq.pl\/produkt\/kula-do-kapieli-wisnioweczka\/\"><strong>Kula do k\u0105pieli WI\u015aNI\u00d3WECZKA 135 g<\/strong><\/a> &#8211; Wrzucona do wanny \u015bwietnie musuje, wype\u0142nia j\u0105 licznymi b\u0105belkami, mo\u017ce by\u0107 stosowana r\u00f3wnie\u017c w domowej piel\u0119gnacji st\u00f3p i d\u0142oni.<\/p>\n<p><strong>\ud83c\udf81 Zapakowany w kartonik z okienkiem wype\u0142niony siankiem<\/strong><\/p>\n<p>&nbsp;<\/p>\n<h3><strong>KIM JESTEM?<\/strong><\/h3>\n<p>Oto zestaw idealny dla kobiety, kt\u00f3ra twardo st\u0105pa po ziemi, ale g\u0142ow\u0119 trzyma w chmurach (najlepiej tych z aromatycznej piany). Je\u015bli Twoja Mama to prawdziwa Kr\u00f3lowa \u017bycia, kt\u00f3ra zas\u0142uguje na koron\u0119, ale chwilowo zadowoli si\u0119 bosk\u0105 cer\u0105 i chwil\u0105 \u015bwi\u0119tego spokoju w wannie \u2013 ten zestaw powsta\u0142 z my\u015bl\u0105 o niej. Po\u0142\u0105czyli\u015bmy kr\u00f3lewsk\u0105 piel\u0119gnacj\u0119 linii Princess z odrobin\u0105 szale\u0144stwa, kt\u00f3re serwuje nasza Wi\u015bni\u00f3weczka.<\/p>\n<p>&nbsp;<\/p>\n<h3><strong>CO MOG\u0118 DLA CIEBIE ZROBI\u0106?<\/strong><\/h3>\n<p>Zadbamy o ni\u0105 od st\u00f3p (a konkretnie od d\u0142oni) a\u017c po same ko\u0144c\u00f3wki rz\u0119s! Nasz duet Princess sprawi, \u017ce jej sk\u00f3ra b\u0119dzie promienna i g\u0142adka niczym po najlepszym filtrze z Instagrama, a Kula Wi\u015bni\u00f3weczka zamieni zwyk\u0142\u0105 \u0142azienk\u0119 w elitarne SPA, w kt\u00f3rym jedynym obowi\u0105zkiem jest relaks.<\/p>\n<p>&nbsp;<\/p>\n<h3><strong>PYTASZ KOTKU, CO MAM W \u015aRODKU?<\/strong><\/h3>\n<p>\ud83d\udc51 <a href=\"https:\/\/laq.pl\/produkt\/krem-do-rak-i-paznokci-princess-300-ml\/\"><strong>Krem do r\u0105k i paznokci PRINCESS 300 ml<\/strong><\/a> &#8211; Prawdziwy gigant w kategorii nawil\u017cenia. Nie tylko pachnie jak marzenie, ale dzi\u0119ki koenzymowi Q10 i witaminie E sprawia, \u017ce d\u0142onie wygl\u0105daj\u0105 na m\u0142odsze, ni\u017c wskazuje na to PESEL. Szybko si\u0119 wch\u0142ania, wi\u0119c Mama od razu mo\u017ce wr\u00f3ci\u0107 do rz\u0105dzenia \u015bwiatem.<\/p>\n<p>\ud83d\udc96 <a href=\"https:\/\/laq.pl\/produkt\/serum-princess-booster-nawilzajaco-rozswietlajacy-blur-effect-30-ml\/\"><strong>Roz\u015bwietlaj\u0105ce serum z kalamin\u0105 i Witamin\u0105 C PRINCESS 30 ml<\/strong><\/a> &#8211; Nasz magiczny &#8220;blur&#8221; w butelce. To serum to energetyczny koktajl z witamin\u0105 C, niacynamidem i kwasem hialuronowym. Roz\u015bwietla, nawil\u017ca i sprawia, \u017ce cera wygl\u0105da na wypocz\u0119t\u0105, nawet je\u015bli noc by\u0142a kr\u00f3tka. Idealne pod makija\u017c lub solo, by l\u015bni\u0107 naturalnym blaskiem.<\/p>\n<p>\ud83c\udf52 <a href=\"https:\/\/laq.pl\/produkt\/kula-do-kapieli-wisnioweczka\/\"><strong>Kula do k\u0105pieli WI\u015aNI\u00d3WECZKA 135 g<\/strong><\/a> &#8211; Wrzucona do wanny musuje jak szalona, barwi wod\u0119 i uwalnia ob\u0142\u0119dny zapach soczystej wi\u015bni. Dzi\u0119ki mas\u0142u shea i olejowi ze s\u0142odkich migda\u0142\u00f3w, po wyj\u015bciu z wanny sk\u00f3ra b\u0119dzie tak mi\u0119kka, \u017ce balsam stanie si\u0119 zb\u0119dny.<\/p>\n<p>(dok\u0142adne sk\u0142ady INCI poszczeg\u00f3lnych produkt\u00f3w znajdziesz pod powy\u017cszymi linkami)<\/p>\n<p>&nbsp;<\/p>\n<h3><strong>POZNAJ NASZE NUTY ZAPACHOWE:<\/strong><\/h3>\n<ul>\n<li style=\"list-style-type: none;\">\n<ul>\n<li><strong>Linia Princess:<\/strong> S\u0142odko, pudrowo i elegancko. Poczujesz tu nuty mandarynki, truskawki i wanilii, doprawione bia\u0142ym pi\u017cmem.<\/li>\n<li><b>Wi\u015bni\u00f3weczka: <\/b>Jak najlepsze domowe przetwory \u2013 intensywn\u0105, dojrza\u0142\u0105 wi\u015bni\u0105 z nutk\u0105 marcepanu.<\/li>\n<\/ul>\n<\/li>\n<\/ul>\n<h3><strong>SPOS\u00d3B U\u017bYCIA:<\/strong><\/h3>\n<p><em>1. Serum wklep w twarz, udaj\u0105c, \u017ce jeste\u015b w luksusowym gabinecie kosmetycznym.\u00a0<\/em><br \/>\n<em>2. Kremem wysmaruj d\u0142onie po ka\u017cdym myciu (albo wtedy, gdy chcesz poczu\u0107 ten boski zapach).\u00a0<\/em><br \/>\n<em>3. Wi\u015bni\u00f3weczk\u0119 wrzu\u0107 do ciep\u0142ej wody, zamknij drzwi na klucz i powiedz wszystkim, \u017ce teraz jeste\u015b &#8220;niedost\u0119pna dla \u015bwiata&#8221;.\u00a0<\/em><\/p>\n<p><img loading=\"lazy\" decoding=\"async\" class=\"alignnone wp-image-49200 size-medium\" src=\"https:\/\/laq.pl\/wp-content\/uploads\/2026\/02\/uniwersalny-300x177.jpg\" alt=\"piktogram znaku testowanie dermatologicznie oraz znak produktu wega\u0144skiego\" width=\"300\" height=\"177\" srcset=\"https:\/\/laq.pl\/wp-content\/uploads\/2026\/02\/uniwersalny-300x177.jpg 300w, https:\/\/laq.pl\/wp-content\/uploads\/2026\/02\/uniwersalny-726x429.jpg 726w, https:\/\/laq.pl\/wp-content\/uploads\/2026\/02\/uniwersalny.jpg 769w\" sizes=\"auto, (max-width: 300px) 100vw, 300px\" \/><\/p>\n","protected":false},"excerpt":{"rendered":"<p><strong>Kartonik z okienkiem, a w nim:<\/strong><\/p>\n<p>\ud83d\udc51 <a href=\"https:\/\/laq.pl\/produkt\/krem-do-rak-i-paznokci-princess-300-ml\/\"><strong>Krem do r\u0105k i paznokci PRINCESS 300 ml<\/strong><\/a><\/p>\n<p>\ud83d\udc96 <a href=\"https:\/\/laq.pl\/produkt\/serum-princess-booster-nawilzajaco-rozswietlajacy-blur-effect-30-ml\/\"><strong>Roz\u015bwietlaj\u0105ce serum z kalamin\u0105 i Witamin\u0105 C PRINCESS 30 ml<\/strong><\/a><\/p>\n<p>\ud83c\udf52 <a href=\"https:\/\/laq.pl\/produkt\/kula-do-kapieli-wisnioweczka\/\"><strong>Kula do k\u0105pieli WI\u015aNI\u00d3WECZKA 135 g<\/strong><\/a><\/p>\n","protected":false},"featured_media":52840,"template":"","meta":{"_acf_changed":false},"product_brand":[],"product_cat":[232,228,103],"product_tag":[385,990],"class_list":{"0":"post-52625","1":"product","2":"type-product","3":"status-publish","4":"has-post-thumbnail","6":"product_cat-damskie","7":"product_cat-zestawy-kosmetykow-dla-matki-zony-i-kochanki","8":"product_cat-zestawy-na-prezent","9":"product_tag-dla-niej","10":"product_tag-dzien-matki","13":"first","14":"instock","15":"taxable","16":"shipping-taxable","17":"purchasable","18":"product-type-simple"},"acf":[],"_links":{"self":[{"href":"https:\/\/laq.pl\/en\/wp-json\/wp\/v2\/product\/52625","targetHints":{"allow":["GET"]}}],"collection":[{"href":"https:\/\/laq.pl\/en\/wp-json\/wp\/v2\/product"}],"about":[{"href":"https:\/\/laq.pl\/en\/wp-json\/wp\/v2\/types\/product"}],"wp:featuredmedia":[{"embeddable":true,"href":"https:\/\/laq.pl\/en\/wp-json\/wp\/v2\/media\/52840"}],"wp:attachment":[{"href":"https:\/\/laq.pl\/en\/wp-json\/wp\/v2\/media?parent=52625"}],"wp:term":[{"taxonomy":"product_brand","embeddable":true,"href":"https:\/\/laq.pl\/en\/wp-json\/wp\/v2\/product_brand?post=52625"},{"taxonomy":"product_cat","embeddable":true,"href":"https:\/\/laq.pl\/en\/wp-json\/wp\/v2\/product_cat?post=52625"},{"taxonomy":"product_tag","embeddable":true,"href":"https:\/\/laq.pl\/en\/wp-json\/wp\/v2\/product_tag?post=52625"}],"curies":[{"name":"wp","href":"https:\/\/api.w.org\/{rel}","templated":true}]}}