{"id":52626,"date":"2026-04-13T12:03:14","date_gmt":"2026-04-13T10:03:14","guid":{"rendered":"https:\/\/laq.pl\/?post_type=product&#038;p=52626"},"modified":"2026-04-23T21:09:23","modified_gmt":"2026-04-23T19:09:23","slug":"zestaw-damski-krem-do-rak-i-paznokci-300ml-serum-princess-30ml-piwonia-odzywczy-mus-do-twarzy-40g-zloty-sianko-naklejka","status":"publish","type":"product","link":"https:\/\/laq.pl\/en\/product\/zestaw-damski-krem-do-rak-i-paznokci-300ml-serum-princess-30ml-piwonia-odzywczy-mus-do-twarzy-40g-zloty-sianko-naklejka\/","title":{"rendered":"LaQ Zestaw Prezentowy dla Mamy: Krem do r\u0105k, Serum Princess i Mus do mycia twarzy + NAKLEJKA"},"content":{"rendered":"<h2 style=\"text-align: center;\"><strong>Prezent dla Mamy, kt\u00f3ra zas\u0142uguje na koron\u0119 (i \u015bwi\u0119ty spok\u00f3j)<\/strong><\/h2>\n<p>&nbsp;<\/p>\n<p>\ud83d\udc51 <a href=\"https:\/\/laq.pl\/produkt\/krem-do-rak-i-paznokci-princess-300-ml\/\"><strong>Krem do r\u0105k i paznokci PRINCESS 300 ml<\/strong><\/a> &#8211; lekki krem nawil\u017caj\u0105cy do r\u0105k i paznokci. Jestem idealny do codziennej piel\u0119gnacji ka\u017cdego rodzaju sk\u00f3ry. Mam s\u0142odki, pudrowy zapach.<\/p>\n<p>\ud83d\udc96 <a href=\"https:\/\/laq.pl\/produkt\/serum-princess-booster-nawilzajaco-rozswietlajacy-blur-effect-30-ml\/\"><strong>Roz\u015bwietlaj\u0105ce serum z kalamin\u0105 i Witamin\u0105 C PRINCESS 30 ml<\/strong><\/a> &#8211; Jestem boosterem o dzia\u0142aniu nawil\u017caj\u0105cym i roz\u015bwietlaj\u0105cym. Mam przyjemnie kremow\u0105, lekk\u0105 formu\u0142\u0119. Pachn\u0119 lekko s\u0142odko i nieco pudrowo.<\/p>\n<p>\ud83d\udcae <a href=\"https:\/\/laq.pl\/produkt\/mus-do-mycia-twarzy-piwonia-odzywczy-40-g\/\"><strong>Mus do mycia twarzy PIWONIA 40 g<\/strong><\/a> &#8211; O dzia\u0142aniu od\u017cywczym. Zakochasz si\u0119 w jego lekkiej jak chmurka konsystencji \u2013 to dzi\u0119ki niej kosmetyk jest niezwykle przyjemny w stosowaniu, a jednocze\u015bnie superwydajny.<\/p>\n<p><strong>\ud83c\udf81 Zapakowany w kartonik z okienkiem wype\u0142niony siankiem<\/strong><\/p>\n<p>&nbsp;<\/p>\n<h3><strong>KIM JESTEM?<\/strong><\/h3>\n<p>Zestaw dla Domowej Bogini, kt\u00f3ra zamiast korony woli \u015bwi\u0119ty spok\u00f3j i cer\u0119 godn\u0105 filtra na Instagramie. Po\u0142\u0105czyli\u015bmy kr\u00f3lewsk\u0105 lini\u0119 Princess z puszystym Musem Piwonia, by stworzy\u0107 luksus bez zad\u0119cia dla najwa\u017cniejszej kobiety w Twoim \u017cyciu. Idealny dla Mamy, kt\u00f3ra trzyma pion w codziennym chaosie, a g\u0142ow\u0119 lubi trzyma\u0107 w chmurach z puszystej piany.<\/p>\n<p>&nbsp;<\/p>\n<h3><strong>CO MOG\u0118 DLA CIEBIE ZROBI\u0106?<\/strong><\/h3>\n<p>Zadbamy o Twoj\u0105 Mam\u0119 lepiej ni\u017c ona o Twoje obiady! Ten zestaw to kr\u00f3lewski pakiet ratunkowy: duet Princess przywr\u00f3ci jej cerze blask (nawet po nieprzespanej nocy), a puszysty Mus Piwonia zmyje trudy bycia szefow\u0105 domowego ogniska. Efekt? D\u0142onie mi\u0119kkie jak kocyk i chwila \u015bwi\u0119tego spokoju w oparach luksusowego aromatu. Podaruj jej relaks \u2013 zas\u0142u\u017cy\u0142a na to bardziej ni\u017c ktokolwiek inny!<\/p>\n<p>&nbsp;<\/p>\n<h3><strong>PYTASZ KOTKU, CO MAM W \u015aRODKU?<\/strong><\/h3>\n<p>\ud83d\udc51 <a href=\"https:\/\/laq.pl\/produkt\/krem-do-rak-i-paznokci-princess-300-ml\/\"><strong>Krem do r\u0105k i paznokci PRINCESS 300 ml<\/strong><\/a> &#8211; Prawdziwy gigant w kategorii nawil\u017cenia. Nie tylko pachnie jak marzenie, ale dzi\u0119ki koenzymowi Q10 i witaminie E sprawia, \u017ce d\u0142onie wygl\u0105daj\u0105 na m\u0142odsze, ni\u017c wskazuje na to PESEL. Szybko si\u0119 wch\u0142ania, wi\u0119c Mama od razu mo\u017ce wr\u00f3ci\u0107 do rz\u0105dzenia \u015bwiatem.<\/p>\n<p>\ud83d\udc96 <a href=\"https:\/\/laq.pl\/produkt\/serum-princess-booster-nawilzajaco-rozswietlajacy-blur-effect-30-ml\/\"><strong>Roz\u015bwietlaj\u0105ce serum z kalamin\u0105 i Witamin\u0105 C PRINCESS 30 ml<\/strong><\/a> &#8211; Nasz magiczny &#8220;blur&#8221; w butelce. To serum to energetyczny koktajl z witamin\u0105 C, niacynamidem i kwasem hialuronowym. Roz\u015bwietla, nawil\u017ca i sprawia, \u017ce cera wygl\u0105da na wypocz\u0119t\u0105, nawet je\u015bli noc by\u0142a kr\u00f3tka. Idealne pod makija\u017c lub solo, by l\u015bni\u0107 naturalnym blaskiem.<\/p>\n<p>\ud83d\udcae <a href=\"https:\/\/laq.pl\/produkt\/mus-do-mycia-twarzy-piwonia-odzywczy-40-g\/\"><strong>Mus do mycia twarzy PIWONIA 40 g<\/strong><\/a> &#8211; Zawieram w sobie mocznik oraz gliceryn\u0119 pochodzenia ro\u015blinnego, kt\u00f3re wykazuj\u0105 dzia\u0142anie intensywnie nawil\u017caj\u0105ce. Do tego mam dla Ciebie \u015bwietnie kondycjonuj\u0105cy ekstrakt z piwonii oraz rewelacyjnie od\u017cywczy olej z pestek malin. Tym wszystkim dobrociom towarzysz\u0105 starannie dobrane \u0142agodne substancje myj\u0105ce.<\/p>\n<p>(dok\u0142adne sk\u0142ady INCI poszczeg\u00f3lnych produkt\u00f3w znajdziesz pod powy\u017cszymi linkami)<\/p>\n<p>&nbsp;<\/p>\n<h3><strong>POZNAJ NASZE NUTY ZAPACHOWE:<\/strong><\/h3>\n<p><strong>Linia Princess:<\/strong> S\u0142odko, pudrowo i elegancko. Poczujesz tu nuty mandarynki, truskawki i wanilii, doprawione bia\u0142ym pi\u017cmem.<\/p>\n<p><b>Mus Piwonia: <\/b><\/p>\n<ul>\n<li style=\"list-style-type: none;\">\n<ul>\n<li style=\"text-align: left;\"><strong>g\u0142owy<\/strong>: pomara\u0144cza, nerola<\/li>\n<li style=\"text-align: left;\"><strong>serca<\/strong>: kwiat piwonii, kwiat pomara\u0144czy, ja\u015bmin, gardenia<\/li>\n<li style=\"text-align: left;\"><strong>podstawy<\/strong>: paczula, wanilia, fasola tonka<\/li>\n<\/ul>\n<\/li>\n<\/ul>\n<h3><strong>SPOS\u00d3B U\u017bYCIA:<\/strong><\/h3>\n<p><em>1. Serum wklep w twarz, udaj\u0105c, \u017ce jeste\u015b w luksusowym gabinecie kosmetycznym.\u00a0<\/em><br \/>\n<em>2. Kremem wysmaruj d\u0142onie po ka\u017cdym myciu (albo wtedy, gdy chcesz poczu\u0107 ten boski zapach).\u00a0<\/em><br \/>\n<em>3. Musem Piwonia wymasuj bu\u017ak\u0119, zmywaj\u0105c z niej trudy ca\u0142ego dnia i pachn\u0105c przy tym jak najdro\u017csza kwiaciarnia w mie\u015bcie \u2013 bez wychodzenia z w\u0142asnej \u0142azienki.\u00a0<\/em><\/p>\n<p><img loading=\"lazy\" decoding=\"async\" class=\"alignnone wp-image-49200 size-medium\" src=\"https:\/\/laq.pl\/wp-content\/uploads\/2026\/02\/uniwersalny-300x177.jpg\" alt=\"piktogram znaku testowanie dermatologicznie oraz znak produktu wega\u0144skiego\" width=\"300\" height=\"177\" srcset=\"https:\/\/laq.pl\/wp-content\/uploads\/2026\/02\/uniwersalny-300x177.jpg 300w, https:\/\/laq.pl\/wp-content\/uploads\/2026\/02\/uniwersalny-726x429.jpg 726w, https:\/\/laq.pl\/wp-content\/uploads\/2026\/02\/uniwersalny.jpg 769w\" sizes=\"auto, (max-width: 300px) 100vw, 300px\" \/><\/p>\n","protected":false},"excerpt":{"rendered":"<p><strong>Kartonik z okienkiem, a w nim:<\/strong><\/p>\n<p>\ud83d\udc51 <a href=\"https:\/\/laq.pl\/produkt\/krem-do-rak-i-paznokci-princess-300-ml\/\"><strong>Krem do r\u0105k i paznokci PRINCESS 300 ml<\/strong><\/a><\/p>\n<p>\ud83d\udc96 <a href=\"https:\/\/laq.pl\/produkt\/serum-princess-booster-nawilzajaco-rozswietlajacy-blur-effect-30-ml\/\"><strong>Roz\u015bwietlaj\u0105ce serum z kalamin\u0105 i Witamin\u0105 C PRINCESS 30 ml<\/strong><\/a><\/p>\n<p>\ud83d\udcae <a href=\"https:\/\/laq.pl\/produkt\/mus-do-mycia-twarzy-piwonia-odzywczy-40-g\/\"><strong>Mus do mycia twarzy PIWONIA od\u017cywczy 40 g<\/strong><\/a><\/p>\n","protected":false},"featured_media":52842,"template":"","meta":{"_acf_changed":false},"product_brand":[],"product_cat":[232,228,103],"product_tag":[385,990],"class_list":{"0":"post-52626","1":"product","2":"type-product","3":"status-publish","4":"has-post-thumbnail","6":"product_cat-damskie","7":"product_cat-zestawy-kosmetykow-dla-matki-zony-i-kochanki","8":"product_cat-zestawy-na-prezent","9":"product_tag-dla-niej","10":"product_tag-dzien-matki","13":"first","14":"instock","15":"taxable","16":"shipping-taxable","17":"purchasable","18":"product-type-simple"},"acf":[],"_links":{"self":[{"href":"https:\/\/laq.pl\/en\/wp-json\/wp\/v2\/product\/52626","targetHints":{"allow":["GET"]}}],"collection":[{"href":"https:\/\/laq.pl\/en\/wp-json\/wp\/v2\/product"}],"about":[{"href":"https:\/\/laq.pl\/en\/wp-json\/wp\/v2\/types\/product"}],"wp:featuredmedia":[{"embeddable":true,"href":"https:\/\/laq.pl\/en\/wp-json\/wp\/v2\/media\/52842"}],"wp:attachment":[{"href":"https:\/\/laq.pl\/en\/wp-json\/wp\/v2\/media?parent=52626"}],"wp:term":[{"taxonomy":"product_brand","embeddable":true,"href":"https:\/\/laq.pl\/en\/wp-json\/wp\/v2\/product_brand?post=52626"},{"taxonomy":"product_cat","embeddable":true,"href":"https:\/\/laq.pl\/en\/wp-json\/wp\/v2\/product_cat?post=52626"},{"taxonomy":"product_tag","embeddable":true,"href":"https:\/\/laq.pl\/en\/wp-json\/wp\/v2\/product_tag?post=52626"}],"curies":[{"name":"wp","href":"https:\/\/api.w.org\/{rel}","templated":true}]}}