{"id":52628,"date":"2026-04-13T12:03:16","date_gmt":"2026-04-13T10:03:16","guid":{"rendered":"https:\/\/laq.pl\/?post_type=product&#038;p=52628"},"modified":"2026-04-24T09:15:39","modified_gmt":"2026-04-24T07:15:39","slug":"zestaw-damski-krem-do-rak-i-paznokci-300ml-serum-royal-30ml-marakuja-nawilzajacy-mus-do-twarzy-40g-zloty-sianko-naklejka","status":"publish","type":"product","link":"https:\/\/laq.pl\/en\/product\/zestaw-damski-krem-do-rak-i-paznokci-300ml-serum-royal-30ml-marakuja-nawilzajacy-mus-do-twarzy-40g-zloty-sianko-naklejka\/","title":{"rendered":"LaQ Zestaw Prezentowy dla Mamy: Krem do r\u0105k, Serum Royal i Mus do mycia twarzy + NAKLEJKA"},"content":{"rendered":"<h2 style=\"text-align: center;\"><strong>Prezent dla Mamy, kt\u00f3ra zas\u0142uguje na koron\u0119 (i \u015bwi\u0119ty spok\u00f3j)<\/strong><\/h2>\n<p>&nbsp;<\/p>\n<p>\ud83d\udc51 <a href=\"https:\/\/laq.pl\/produkt\/krem-do-rak-i-paznokci-royal-300-ml\/\"><strong>Krem do r\u0105k i paznokci ROYAL 300 ml<\/strong><\/a> &#8211; Bogaty krem od\u017cywczy do r\u0105k i paznokci. Idealny, je\u015bli sk\u00f3ra Twoich d\u0142oni jest szczeg\u00f3lnie wymagaj\u0105ca, sucha i zniszczona. Pachnie luksusowymi perfumami.<\/p>\n<p>\ud83e\ude75 <a href=\"https:\/\/laq.pl\/produkt\/serum-royal-aktywne-odzywczo-przeciwzmarszczkowe-be-glamorous-30-ml\/\"><strong>Serum przeciwzmarszczkowe z kwasem GABA i Witamin\u0105 C ROYAL 30 ml<\/strong><\/a>&#8211; Jestem aktywnym serum o dzia\u0142aniu od\u017cywczym i przeciwzmarszczkowym. Mam przyjemnie kremow\u0105, lekk\u0105 formu\u0142\u0119. Delikatnie pachn\u0119 eleganckimi kobiecymi perfumami.<\/p>\n<p>\ud83d\udec1 <a href=\"https:\/\/laq.pl\/produkt\/mus-do-mycia-twarzy-marakuja-nawilzajacy-40-g\/\"><strong>Mus do mycia twarzy MARAKUJA 40 g<\/strong><\/a> &#8211; Naturalny i wega\u0144ski mus do mycia twarzy o dzia\u0142aniu nawil\u017caj\u0105cym. Ten mus pachnie przyjemnie owocowo \u2013 rozpoznasz w nim marakuj\u0119. Pokochasz jego lekk\u0105 jak chmurka konsystencj\u0119!<\/p>\n<p><strong>\ud83c\udf81 Zapakowany w kartonik z okienkiem wype\u0142niony siankiem<\/strong><\/p>\n<p>&nbsp;<\/p>\n<h3><strong>KIM JESTEM?<\/strong><\/h3>\n<p>Oto zestaw idealny dla kobiety, kt\u00f3ra twardo st\u0105pa po ziemi, ale g\u0142ow\u0119 trzyma w chmurach (najlepiej tych z aromatycznej piany). Je\u015bli Twoja Mama to prawdziwa Kr\u00f3lowa \u017bycia, kt\u00f3ra zas\u0142uguje na koron\u0119, ale chwilowo zadowoli si\u0119 bosk\u0105 cer\u0105 i chwil\u0105 \u015bwi\u0119tego spokoju w wannie \u2013 ten zestaw powsta\u0142 z my\u015bl\u0105 o niej. Po\u0142\u0105czyli\u015bmy kr\u00f3lewsk\u0105 piel\u0119gnacj\u0119 linii Royal z odrobin\u0105 relaksu, kt\u00f3re serwuje nasza Marakuja-ra!<\/p>\n<p>&nbsp;<\/p>\n<h3><strong>CO MOG\u0118 DLA CIEBIE ZROBI\u0106?<\/strong><\/h3>\n<p>Zadbamy o Twoj\u0105 Mam\u0119 lepiej ni\u017c ona o Twoje obiady! Ten zestaw to kr\u00f3lewski pakiet ratunkowy: duet Royal przywr\u00f3ci jej sk\u00f3rze blask (nawet po nieprzespanej nocy), a puszysty Mus Marakuja zmyje trudy bycia szefow\u0105 domowego ogniska. Efekt? D\u0142onie mi\u0119kkie jak kocyk i chwila \u015bwi\u0119tego spokoju w oparach luksusowego aromatu. Podaruj jej relaks \u2013 zas\u0142u\u017cy\u0142a na to bardziej ni\u017c ktokolwiek inny!<\/p>\n<p>&nbsp;<\/p>\n<h3><strong>PYTASZ KOTKU, CO MAM W \u015aRODKU?<\/strong><\/h3>\n<p>\ud83d\udc51 <a href=\"https:\/\/laq.pl\/produkt\/krem-do-rak-i-paznokci-royal-300-ml\/\"><strong>Krem do r\u0105k i paznokci ROYAL 300 ml<\/strong><\/a> &#8211; Zawiera dzia\u0142aj\u0105cy silnie od\u017cywczo kompleks sk\u0142adnik\u00f3w aktywnych: kwas gamma-aminomas\u0142owy, mas\u0142o shea, olej z pestek malin, olej ze s\u0142onecznika oraz witaminy C i E. Szybko si\u0119 wch\u0142ania, wi\u0119c Mama od razu mo\u017ce wr\u00f3ci\u0107 do rz\u0105dzenia \u015bwiatem.<\/p>\n<p>\ud83e\ude75 <a href=\"https:\/\/laq.pl\/produkt\/serum-royal-aktywne-odzywczo-przeciwzmarszczkowe-be-glamorous-30-ml\/\"><strong>Serum przeciwzmarszczkowe z kwasem GABA i Witamin\u0105 C ROYAL 30 ml<\/strong><\/a> &#8211; Moja formu\u0142a to ekstremalnie bogaty koktajl 9 cennych olej\u00f3w, witamin (C, E, B3) oraz skwalanu i niacynamidu. Nawil\u017cam, regeneruj\u0119 i dzia\u0142am przeciwstarzeniowo, dbaj\u0105c o barier\u0119 ochronn\u0105 Twojej sk\u00f3ry i jej zdrowy blask. Dzi\u0119ki ekstraktom z piwonii i magnolii b\u0142yskawicznie koj\u0119 podra\u017cnienia, zostawiaj\u0105c buzi\u0119 mi\u0119kk\u0105 i dopieszczon\u0105. Kr\u00f3tko m\u00f3wi\u0105c: mam w sobie wszystko, co najlepsze, by Twoja cera czu\u0142a si\u0119 po prostu kr\u00f3lewsko!<\/p>\n<p>\ud83d\udc8e <a href=\"https:\/\/laq.pl\/produkt\/mus-do-mycia-twarzy-marakuja-nawilzajacy-40-g\/\"><strong>Mus do mycia twarzy MARAKUJA 40 g<\/strong><\/a> &#8211;\u00a0 zawieram w sobie sk\u0142adniki, kt\u00f3rych zadaniem jest intensywne nawil\u017canie sk\u00f3ry. S\u0105 to kwas hialuronowy oraz gliceryna pochodzenia ro\u015blinnego. Do tego mam dla Ciebie \u0142agodz\u0105cy pantenol, a tak\u017ce od\u017cywcze mas\u0142o shea. Tym wszystkim dobrociom towarzysz\u0105 starannie dobrane \u0142agodne substancje myj\u0105ce.<\/p>\n<p>(dok\u0142adne sk\u0142ady INCI poszczeg\u00f3lnych produkt\u00f3w znajdziesz pod powy\u017cszymi linkami)<\/p>\n<p>&nbsp;<\/p>\n<h3><strong>POZNAJ NASZE NUTY ZAPACHOWE:<\/strong><\/h3>\n<p><strong>Linia Royal:<\/strong><\/p>\n<ul>\n<li><strong>g\u0142owy: <\/strong>kremowe, pudrowe, czyste<\/li>\n<li><strong>serca:<\/strong> heliotrop, bergamotka, gardenia, ja\u015bmin, fio\u0142ek, nuty zielone, nuty zio\u0142owe<\/li>\n<li><strong>podstawy: <\/strong>pi\u017cmo, paczula, wanilia, drzewo sanda\u0142owe<\/li>\n<\/ul>\n<p><b>Mus do mycia twarzy &#8211; Marakuja:<\/b><\/p>\n<ul>\n<li><strong>g\u0142owy:<\/strong> grejpfrut<\/li>\n<li><strong>serca:<\/strong> marakuja, truskawka<\/li>\n<li><strong>podstawy:<\/strong> wanilia<\/li>\n<\/ul>\n<h3><strong>SPOS\u00d3B U\u017bYCIA:<\/strong><\/h3>\n<p><em>1. Serum wklep w twarz, udaj\u0105c, \u017ce jeste\u015b w luksusowym gabinecie kosmetycznym.\u00a0<\/em><br \/>\n<em>2. Kremem wysmaruj d\u0142onie po ka\u017cdym myciu (albo wtedy, gdy chcesz poczu\u0107 ten boski zapach).\u00a0<\/em><br \/>\n<em>3. Musem Marakuja wymasuj bu\u017ak\u0119, zmywaj\u0105c z niej trudy ca\u0142ego dnia i pachn\u0105c przy tym jak najdro\u017csza kwiaciarnia w mie\u015bcie \u2013 bez wychodzenia z w\u0142asnej \u0142azienki. \u00a0<\/em><\/p>\n<p><img loading=\"lazy\" decoding=\"async\" class=\"alignnone wp-image-49200 size-medium\" src=\"https:\/\/laq.pl\/wp-content\/uploads\/2026\/02\/uniwersalny-300x177.jpg\" alt=\"piktogram znaku testowanie dermatologicznie oraz znak produktu wega\u0144skiego\" width=\"300\" height=\"177\" srcset=\"https:\/\/laq.pl\/wp-content\/uploads\/2026\/02\/uniwersalny-300x177.jpg 300w, https:\/\/laq.pl\/wp-content\/uploads\/2026\/02\/uniwersalny-726x429.jpg 726w, https:\/\/laq.pl\/wp-content\/uploads\/2026\/02\/uniwersalny.jpg 769w\" sizes=\"auto, (max-width: 300px) 100vw, 300px\" \/><\/p>\n","protected":false},"excerpt":{"rendered":"<p><strong>Kartonik z okienkiem, a w nim:<\/strong><\/p>\n<p>\ud83d\udc51 <a href=\"https:\/\/laq.pl\/produkt\/krem-do-rak-i-paznokci-royal-300-ml\/\"><strong>Krem do r\u0105k i paznokci ROYAL 300 ml<\/strong><\/a><\/p>\n<p>\ud83e\ude75 <a href=\"https:\/\/laq.pl\/produkt\/serum-royal-aktywne-odzywczo-przeciwzmarszczkowe-be-glamorous-30-ml\/\"><strong>Serum przeciwzmarszczkowe z kwasem GABA i Witamin\u0105 C ROYAL 30 ml<\/strong><\/a><\/p>\n<p>\ud83d\udc8e <a href=\"https:\/\/laq.pl\/produkt\/mus-do-mycia-twarzy-marakuja-nawilzajacy-40-g\/\"><strong>Mus do mycia twarzy MARAKUJA nawil\u017caj\u0105cy 40 g<\/strong><\/a><\/p>\n","protected":false},"featured_media":52845,"template":"","meta":{"_acf_changed":false},"product_brand":[],"product_cat":[232,228,103],"product_tag":[385,990],"class_list":{"0":"post-52628","1":"product","2":"type-product","3":"status-publish","4":"has-post-thumbnail","6":"product_cat-damskie","7":"product_cat-zestawy-kosmetykow-dla-matki-zony-i-kochanki","8":"product_cat-zestawy-na-prezent","9":"product_tag-dla-niej","10":"product_tag-dzien-matki","13":"first","14":"instock","15":"taxable","16":"shipping-taxable","17":"purchasable","18":"product-type-simple"},"acf":[],"_links":{"self":[{"href":"https:\/\/laq.pl\/en\/wp-json\/wp\/v2\/product\/52628","targetHints":{"allow":["GET"]}}],"collection":[{"href":"https:\/\/laq.pl\/en\/wp-json\/wp\/v2\/product"}],"about":[{"href":"https:\/\/laq.pl\/en\/wp-json\/wp\/v2\/types\/product"}],"wp:featuredmedia":[{"embeddable":true,"href":"https:\/\/laq.pl\/en\/wp-json\/wp\/v2\/media\/52845"}],"wp:attachment":[{"href":"https:\/\/laq.pl\/en\/wp-json\/wp\/v2\/media?parent=52628"}],"wp:term":[{"taxonomy":"product_brand","embeddable":true,"href":"https:\/\/laq.pl\/en\/wp-json\/wp\/v2\/product_brand?post=52628"},{"taxonomy":"product_cat","embeddable":true,"href":"https:\/\/laq.pl\/en\/wp-json\/wp\/v2\/product_cat?post=52628"},{"taxonomy":"product_tag","embeddable":true,"href":"https:\/\/laq.pl\/en\/wp-json\/wp\/v2\/product_tag?post=52628"}],"curies":[{"name":"wp","href":"https:\/\/api.w.org\/{rel}","templated":true}]}}