{"id":52630,"date":"2026-04-13T12:03:18","date_gmt":"2026-04-13T10:03:18","guid":{"rendered":"https:\/\/laq.pl\/?post_type=product&#038;p=52630"},"modified":"2026-04-27T13:03:17","modified_gmt":"2026-04-27T11:03:17","slug":"zestaw-damski-vitamin-bomb-krem-do-rak-i-paznokci-300ml-serum-vitamin-bomb-30ml-marakuja-ra-kula-kapielowa-135g-kiwi-mi-daj-kula-kapielowa-135g-zloty-sianko-naklejka","status":"publish","type":"product","link":"https:\/\/laq.pl\/en\/product\/zestaw-damski-vitamin-bomb-krem-do-rak-i-paznokci-300ml-serum-vitamin-bomb-30ml-marakuja-ra-kula-kapielowa-135g-kiwi-mi-daj-kula-kapielowa-135g-zloty-sianko-naklejka\/","title":{"rendered":"LaQ Zestaw Prezentowy dla Mamy: Krem do r\u0105k, Serum Vitamin Bomb i 2 x Kula do k\u0105pieli + NAKLEJKA"},"content":{"rendered":"<h2 style=\"text-align: center;\"><strong>Prezent dla Mamy, kt\u00f3ra zas\u0142uguje na koron\u0119 (i \u015bwi\u0119ty spok\u00f3j)<\/strong><\/h2>\n<p>&nbsp;<\/p>\n<p>\ud83d\udc51 <a href=\"https:\/\/laq.pl\/produkt\/krem-do-rak-i-paznokci-vitamin-bomb-300-ml\/\"><strong>Krem do r\u0105k i paznokci VITAMIN BOMB 300 ml<\/strong><\/a> &#8211; Witaminowy krem od\u017cywczy do r\u0105k i paznokci. B\u0119dzie dla Ciebie idealny, je\u015bli sk\u00f3ra Twoich d\u0142oni i paznokcie wymagaj\u0105 odbudowy i wzmocnienia.<\/p>\n<p>\ud83e\udde1 <a href=\"https:\/\/laq.pl\/produkt\/serum-vitamin-bomb-aktywne-odzywczo-rewitalizujace-stay-strong-30-ml\/\"><strong>Multiwitaminowe serum od\u017cywcze z Niacynamidem i Witamin\u0105 C VITAMIN BOMB 30 ml<\/strong><\/a>&#8211; JJestem aktywnym serum o dzia\u0142aniu od\u017cywczym i rewitalizuj\u0105cym. Mam przyjemnie kremow\u0105, lekk\u0105 formu\u0142\u0119. Pachn\u0119 niezwykle \u015bwie\u017co \u2013 owocami tropikalnymi.<\/p>\n<p>\ud83d\udec1 <a href=\"https:\/\/laq.pl\/produkt\/kula-do-kapieli-marakuja-ra\/\"><strong>Kula do k\u0105pieli MARAKUJA-RA! 135 g<\/strong><\/a> &#8211; Wrzucona do wanny \u015bwietnie musuje, wype\u0142nia j\u0105 licznymi b\u0105belkami, mo\u017ce by\u0107 stosowana r\u00f3wnie\u017c w domowej piel\u0119gnacji st\u00f3p i d\u0142oni.<\/p>\n<p>\ud83d\udec1 <a href=\"https:\/\/laq.pl\/produkt\/kula-do-kapieli-kiwi-mi-daj\/\"><strong>Kula do k\u0105pieli KIWI MI DAJ 135 g<\/strong><\/a> &#8211; Wrzucona do wanny \u015bwietnie musuje, wype\u0142nia j\u0105 licznymi b\u0105belkami, mo\u017ce by\u0107 stosowana r\u00f3wnie\u017c w domowej piel\u0119gnacji st\u00f3p i d\u0142oni.<\/p>\n<p><strong>\ud83c\udf81 Zapakowany w kartonik z okienkiem wype\u0142niony siankiem<\/strong><\/p>\n<p>&nbsp;<\/p>\n<h3><strong>KIM JESTEM?<\/strong><\/h3>\n<p>Oto zestaw idealny dla kobiety, kt\u00f3ra twardo st\u0105pa po ziemi, ale g\u0142ow\u0119 trzyma w chmurach (najlepiej tych z aromatycznej piany). Je\u015bli Twoja Mama to prawdziwa Kr\u00f3lowa \u017bycia, kt\u00f3ra zas\u0142uguje na koron\u0119, ale chwilowo zadowoli si\u0119 bosk\u0105 cer\u0105 i chwil\u0105 \u015bwi\u0119tego spokoju w wannie \u2013 ten zestaw powsta\u0142 z my\u015bl\u0105 o niej. Po\u0142\u0105czyli\u015bmy witaminow\u0105 piel\u0119gnacj\u0119 linii Vitamin Bomb z odrobin\u0105 relaksu, kt\u00f3ry serwuj\u0105 nasze kule k\u0105pielowe Marakuja-ra oraz Kiwi mi daj.<\/p>\n<p>&nbsp;<\/p>\n<h3><strong>CO MOG\u0118 DLA CIEBIE ZROBI\u0106?<\/strong><\/h3>\n<p>Zadbamy o ni\u0105 kompleksowo \u2013 od d\u0142oni a\u017c po sam czubek nosa! Nasze witaminowe combo <b data-path-to-node=\"2\" data-index-in-node=\"83\">Vitamin Bomb<\/b> sprawi, \u017ce sk\u00f3ra Mamy rozb\u0142y\u015bnie blaskiem godnym czerwonego dywanu, a dwie aromatyczne kule k\u0105pielowe zamieni\u0105 zwyk\u0142\u0105 \u0142azienk\u0119 w elitarne SPA. Jedyny obowi\u0105zek? Totalny relaks w oparach boskiego zapachu i podw\u00f3jnej dawce b\u0105belk\u00f3w!<\/p>\n<p>&nbsp;<\/p>\n<h3><strong>PYTASZ KOTKU, CO MAM W \u015aRODKU?<\/strong><\/h3>\n<p>\ud83d\udc51 <a href=\"https:\/\/laq.pl\/produkt\/krem-do-rak-i-paznokci-vitamin-bomb-300-ml\/\"><strong>Krem do r\u0105k i paznokci VITAMIN BOMB 300 ml<\/strong><\/a> &#8211; Zawieram dzia\u0142aj\u0105cy silnie regeneruj\u0105co kompleks aminokwas\u00f3w i witamin: B3, B5, B6, C oraz E.<\/p>\n<p>\ud83e\udde1 <a href=\"https:\/\/laq.pl\/produkt\/serum-vitamin-bomb-aktywne-odzywczo-rewitalizujace-stay-strong-30-ml\/\"><strong>Multiwitaminowe serum od\u017cywcze z Niacynamidem i Witamin\u0105 C VITAMIN BOMB 30 ml<\/strong><\/a> &#8211; Jestem witaminow\u0105 bomb\u0105, kt\u00f3ra nie bierze je\u0144c\u00f3w! Dzi\u0119ki pot\u0119\u017cnej dawce niacynamidu (wit. B3), witamin C i E oraz kompleksowi 11 aminokwas\u00f3w, gwarantuj\u0119 ekstremalne nawil\u017cenie, regeneracj\u0119 i rozja\u015bnienie przebarwie\u0144. Naturalne oleje (jojoba, z pestek arbuza i winogron) oraz koj\u0105cy pantenol sprawi\u0105, \u017ce Twoja cera b\u0119dzie mi\u0119kka, ukojona i pe\u0142na blasku.<\/p>\n<p>\ud83d\udec1 <a href=\"https:\/\/laq.pl\/produkt\/kula-do-kapieli-marakuja-ra\/\"><strong>Kula do k\u0105pieli MARAKUJA-RA! 135 g<\/strong><\/a> &#8211; Wrzucona do wanny musuje jak szalona, barwi wod\u0119 i uwalnia ob\u0142\u0119dny zapach soczystej wi\u015bni. Dzi\u0119ki mas\u0142u shea i olejowi ze s\u0142odkich migda\u0142\u00f3w, po wyj\u015bciu z wanny sk\u00f3ra b\u0119dzie tak mi\u0119kka, \u017ce balsam stanie si\u0119 zb\u0119dny.<\/p>\n<p>\ud83d\udec1 <a href=\"https:\/\/laq.pl\/produkt\/kula-do-kapieli-kiwi-mi-daj\/\"><strong>Kula do k\u0105pieli KIWI MI DAJ 135 g<\/strong><\/a> &#8211; Wrzucona do wanny musuje jak szalona, barwi wod\u0119 i uwalnia ob\u0142\u0119dny zapach soczystej wi\u015bni. Dzi\u0119ki mas\u0142u shea i olejowi ze s\u0142odkich migda\u0142\u00f3w, po wyj\u015bciu z wanny sk\u00f3ra b\u0119dzie tak mi\u0119kka, \u017ce balsam stanie si\u0119 zb\u0119dny.<\/p>\n<p>(dok\u0142adne sk\u0142ady INCI poszczeg\u00f3lnych produkt\u00f3w znajdziesz pod powy\u017cszymi linkami)<\/p>\n<p>&nbsp;<\/p>\n<h3><strong>POZNAJ NASZE NUTY ZAPACHOWE:<\/strong><\/h3>\n<p><strong>Linia Vitamin Bomb:<\/strong><\/p>\n<ul>\n<li><strong>g\u0142owy: <\/strong>cytrusy, jab\u0142ko, mi\u0119ta, imbir<\/li>\n<li><strong>serca:<\/strong> marakuja, ananas, r\u00f3\u017ca<\/li>\n<li><strong>podstawy: <\/strong>d\u017cem truskawkowy, karmel, wanilia<\/li>\n<\/ul>\n<p><b>Marakuja-ra!:<\/b><\/p>\n<ul>\n<li><strong>g\u0142owy:<\/strong> grejpfrut<\/li>\n<li><strong>serca:<\/strong> marakuja, truskawka<\/li>\n<li><strong>podstawy:<\/strong> wanilia<\/li>\n<\/ul>\n<p><b>Kiwi mi daj:<\/b><\/p>\n<ul>\n<li><strong>g\u0142owy:<\/strong> czarne winogrona, nuty zielone<\/li>\n<li><strong>serca:<\/strong> czarne winogrono, czarna porzeczka, mandarynka, kiwi, owoce tropikalne<\/li>\n<li><strong>podstawy:<\/strong> czarna porzeczka, mandarynka<\/li>\n<\/ul>\n<h3><strong>SPOS\u00d3B U\u017bYCIA:<\/strong><\/h3>\n<p><em>1. Serum wklep w twarz, udaj\u0105c, \u017ce jeste\u015b w luksusowym gabinecie kosmetycznym.\u00a0<\/em><br \/>\n<em>2. Kremem wysmaruj d\u0142onie po ka\u017cdym myciu (albo wtedy, gdy chcesz poczu\u0107 ten boski zapach).\u00a0<\/em><br \/>\n<em>3. Kul\u0119 k\u0105pielow\u0105 wrzu\u0107 do ciep\u0142ej wody, zamknij drzwi na klucz i powiedz wszystkim, \u017ce teraz jeste\u015b &#8220;niedost\u0119pna dla \u015bwiata&#8221;.\u00a0<\/em><\/p>\n<p><img loading=\"lazy\" decoding=\"async\" class=\"alignnone wp-image-49200 size-medium\" src=\"https:\/\/laq.pl\/wp-content\/uploads\/2026\/02\/uniwersalny-300x177.jpg\" alt=\"piktogram znaku testowanie dermatologicznie oraz znak produktu wega\u0144skiego\" width=\"300\" height=\"177\" srcset=\"https:\/\/laq.pl\/wp-content\/uploads\/2026\/02\/uniwersalny-300x177.jpg 300w, https:\/\/laq.pl\/wp-content\/uploads\/2026\/02\/uniwersalny-726x429.jpg 726w, https:\/\/laq.pl\/wp-content\/uploads\/2026\/02\/uniwersalny.jpg 769w\" sizes=\"auto, (max-width: 300px) 100vw, 300px\" \/><\/p>\n","protected":false},"excerpt":{"rendered":"<p><strong>Kartonik z okienkiem, a w nim:<\/strong><\/p>\n<p>\ud83d\udc51 <a href=\"https:\/\/laq.pl\/produkt\/krem-do-rak-i-paznokci-vitamin-bomb-300-ml\/\"><strong>Krem do r\u0105k i paznokci VITAMIN BOMB 300 ml<\/strong><\/a><\/p>\n<p>\ud83e\udde1 <a href=\"https:\/\/laq.pl\/produkt\/serum-vitamin-bomb-aktywne-odzywczo-rewitalizujace-stay-strong-30-ml\/\"><strong>Multiwitaminowe serum od\u017cywcze z Niacynamidem i Witamin\u0105 C VITAMIN BOMB 30 ml<\/strong><\/a><\/p>\n<p>\ud83d\udec1 <a href=\"https:\/\/laq.pl\/produkt\/kula-do-kapieli-marakuja-ra\/\"><strong>Kula do k\u0105pieli MARAKUJA-RA! 135 g<\/strong><\/a><\/p>\n<p>\ud83d\udec1 <a href=\"https:\/\/laq.pl\/produkt\/kula-do-kapieli-kiwi-mi-daj\/\"><strong>Kula do k\u0105pieli KIWI MI DAJ 135 g<\/strong><\/a><\/p>\n","protected":false},"featured_media":52850,"template":"","meta":{"_acf_changed":false},"product_brand":[],"product_cat":[232,228,103],"product_tag":[385,990],"class_list":{"0":"post-52630","1":"product","2":"type-product","3":"status-publish","4":"has-post-thumbnail","6":"product_cat-damskie","7":"product_cat-zestawy-kosmetykow-dla-matki-zony-i-kochanki","8":"product_cat-zestawy-na-prezent","9":"product_tag-dla-niej","10":"product_tag-dzien-matki","13":"first","14":"instock","15":"taxable","16":"shipping-taxable","17":"purchasable","18":"product-type-simple"},"acf":[],"_links":{"self":[{"href":"https:\/\/laq.pl\/en\/wp-json\/wp\/v2\/product\/52630","targetHints":{"allow":["GET"]}}],"collection":[{"href":"https:\/\/laq.pl\/en\/wp-json\/wp\/v2\/product"}],"about":[{"href":"https:\/\/laq.pl\/en\/wp-json\/wp\/v2\/types\/product"}],"wp:featuredmedia":[{"embeddable":true,"href":"https:\/\/laq.pl\/en\/wp-json\/wp\/v2\/media\/52850"}],"wp:attachment":[{"href":"https:\/\/laq.pl\/en\/wp-json\/wp\/v2\/media?parent=52630"}],"wp:term":[{"taxonomy":"product_brand","embeddable":true,"href":"https:\/\/laq.pl\/en\/wp-json\/wp\/v2\/product_brand?post=52630"},{"taxonomy":"product_cat","embeddable":true,"href":"https:\/\/laq.pl\/en\/wp-json\/wp\/v2\/product_cat?post=52630"},{"taxonomy":"product_tag","embeddable":true,"href":"https:\/\/laq.pl\/en\/wp-json\/wp\/v2\/product_tag?post=52630"}],"curies":[{"name":"wp","href":"https:\/\/api.w.org\/{rel}","templated":true}]}}