{"id":53123,"date":"2026-01-26T11:55:56","date_gmt":"2026-01-26T10:55:56","guid":{"rendered":"https:\/\/laq.pl\/produkt\/laq-gift-set-for-women-forget-me-not-mix-of-6-shower-gels-6-x-100-ml\/"},"modified":"2026-01-26T11:55:56","modified_gmt":"2026-01-26T10:55:56","slug":"laq-gift-set-for-women-forget-me-not-mix-of-6-shower-gels-6-x-100-ml","status":"publish","type":"product","link":"https:\/\/laq.pl\/en\/product\/laq-gift-set-for-women-forget-me-not-mix-of-6-shower-gels-6-x-100-ml\/","title":{"rendered":"LaQ gift set for women Forget-Me-Not &#8211; Mix of 6 shower gels (6 x 100 ml)."},"content":{"rendered":"<h2 style=\"text-align: center;\"><strong>Sze\u015b\u0107 powod\u00f3w, dla kt\u00f3rych Twoja k\u0105piel nigdy nie b\u0119dzie nudna \u2013 testuj, mieszaj, wybieraj!<\/strong><\/h2>\n<p>&nbsp;<\/p>\n<p>\ud83c\udf38<strong> 2 x <a href=\"https:\/\/laq.pl\/en\/product\/peony-subtle-dominance-scent-shower-gel\/\">Shower Gel PIWONIA Scent of SUBTLE DOMINATION 100 ml<\/a><\/strong> &#8211; natural and vegan shower gel with a sensual fragrance of exclusive perfume with a seductive note of peony. I was created for strong and determined women who know their worth and know how to use their strengths.<\/p>\n<p>\ud83c\udf3c2<strong>x For<\/strong> get-Me-Not<strong> <a href=\"https:\/\/laq.pl\/en\/product\/forget-me-not-queen-of-life-shower-gel\/\">Shower Gel 100 ml<\/a><\/strong> &#8211; natural and vegan shower gel with a subtle fragrance of exclusive perfume with a sensual note of forget-me-not. I was created for bold, tantalizingly alluring women, as well as those seemingly shy souls who love to surprise\u2014and know exactly how to rock the house when the time is right.<\/p>\n<p>\ud83d\udcae2<strong>x <a href=\"https:\/\/laq.pl\/en\/product\/magnolia-the-scent-of-class-and-success-shower-gel\/\">MAGNOLIA SHOWER GEL Scent of CLASS AND SUCCESS 100 ml<\/a><\/strong> &#8211; natural and vegan shower gel with a sensual fragrance of exclusive perfume with a seductive note of peony. I was created for strong and determined women who know their worth and know how to use their strengths.<\/p>\n<p><strong>\ud83c\udf81 Packaged in a six-pack carton<\/strong><\/p>\n<p>&nbsp;<\/p>\n<h3><strong>WHO AM I?<\/strong><\/h3>\n<p>Here I am, a set of 6 natural and vegan shower gels in a mini version. As you can see, you will find in me gels from our 3 fragrance lines for women, 2 pieces from each of them. So, first of all, they will work great as a gift! In addition, the bottles have a very practical capacity (100 ml). This will make them ideal for travel, the gym or the pool.    <\/p>\n<p>In the Happiness Pack you will find a gel <strong>Forget-Me-Not Queen of Life that<\/strong>has a subtle scent of exclusive perfume with a sensual note&#8230;. Forget-Me-Not applause. It was created for feisty and enticingly alluring women, as well as for those seemingly shy, who like to surprise and &#8211; when they can &#8211; can also give a hoot. On the other hand, the <strong>PIAVONIA Scent of SUBTLE DOMINATION<\/strong> line has a sensual fragrance of exclusive perfumes with sensual notes of peony. It was created for strong and determined women. Those who know their value and are able to use their strengths. In turn, the <strong>MAGNOLIA Scent of CLASS AND SUCCESS<\/strong>series <strong>has<\/strong>a sensual fragrance of exclusive perfumes with elegant notes of magnolia and pink pepper. It was created for the woman who exudes class and success. Those who are confident and charismatic.        <\/p>\n<p>&nbsp;<\/p>\n<h3><strong>WHAT CAN I DO FOR YOU?<\/strong><\/h3>\n<p>Are you looking for a birthday gift for a woman? Or perhaps you&#8217;re interested in a unique gift idea for a girl&#8217;s name day? A Women&#8217;s Day gift, or a Christmas present?   You are in the right place, because for a gift for a woman I am perfect! Particularly because I am packed in an attractive gift box with windows and a comfortable handle. Plus, with the variety of scents and the practical bottle size, I can confidently guarantee a sensory explosion and total delight for the lucky lady!<\/p>\n<p>&nbsp;<\/p>\n<h3><strong>BABE, WONDERING WHAT\u2019S INSIDE?<\/strong><\/h3>\n<p>\ud83c\udf38<strong> <a href=\"https:\/\/laq.pl\/en\/product\/peony-shower-gel-3\/\">Shower gel PIWONIA Scent of SUBTLE DOMINATION 100 ml.<\/a><\/strong> &#8211; The ingredients are based on mild cleansing substances. In addition, it contains plant-derived glycerin and a unique complex of moisturizing ingredients, hyaluronic acid and plant extracts that will hydrate and strengthen the protective barrier of your skin. <\/p>\n<p>\ud83c\udf3c<strong><a href=\"https:\/\/laq.pl\/en\/product\/forget-me-not-queen-of-life-shower-gel\/\"> Forget-Me-Not Queen of Life shower gel 100ml<\/a><\/strong> &#8211; I contain plant-derived glycerin and wonderfully soothing panthenol. In addition, you&#8217;ll find Forget-Me-Not extract and Postbiotic (Lactobacillus fermentation extract) in me. It is he who maintains the balance of the skin microbiome and improves the tightness of its barrier.  <\/p>\n<p>\ud83d\udcae<strong><a href=\"https:\/\/laq.pl\/en\/product\/magnolia-the-scent-of-class-and-success-shower-gel\/\"> MAGNOLIA shower gel Scent of CLASS AND SUCCESS 100 ml.<\/a><\/strong> &#8211; The ingredients are based on mild washing substances. In addition, I contain plant-derived glycerin and a unique complex of moisturizing ingredients, hyaluronic acid and plant extracts, which will moisturize and strengthen the protective barrier of your skin. <\/p>\n<p>(The exact INCI ingredients for each product can be found under the links above.)<\/p>\n<p>&nbsp;<\/p>\n<h3><strong>CHECK OUT MY FRAGRANCE NOTES:<\/strong><\/h3>\n<p><strong>Peony &#8211; fragrance notes:<\/strong><\/p>\n<ul>\n<li><b>Top notes:<\/b> orange, neroli<\/li>\n<li><b>Heart notes:<\/b> peony flower, orange blossom, jasmine, gardenia<\/li>\n<li><b>Base notes:<\/b> patchouli, vanilla, tonka bean<\/li>\n<\/ul>\n<p><strong>Forget-me-not &#8211; fragrance notes:<\/strong><\/p>\n<ul>\n<li>Top notes: tangerine<\/li>\n<li>Heart notes: forget-me-not, peach, carnation, jasmine, orange blossom<\/li>\n<li>Base notes: vanilla, sandalwood, cedarwood, amber<\/li>\n<\/ul>\n<p><strong>Magnolia &#8211; fragrance notes:<\/strong><\/p>\n<ul>\n<li>Top notes: orange, lemon, bergamot<\/li>\n<li>Heart notes: rose, lily of the valley, orange blossom, violet, patchouli<\/li>\n<li>Base notes: sandalwood, vanilla, caramel, tonka bean, cedarwood<\/li>\n<\/ul>\n<h3><strong>WHAT\u2019S THE WORD ON THE STREET?<\/strong><\/h3>\n<p><em>Sze\u015bciopak zawsze jest dobrym pomys\u0142em na prezent!<\/em><\/p>\n<p>&nbsp;<\/p>\n<p><img loading=\"lazy\" decoding=\"async\" class=\"alignnone wp-image-49200 size-medium\" src=\"https:\/\/laq.pl\/wp-content\/uploads\/2026\/02\/uniwersalny-300x177.jpg\" alt=\"Dermatologically tested pictogram and a vegan product sign\" width=\"300\" height=\"177\" srcset=\"https:\/\/laq.pl\/wp-content\/uploads\/2026\/02\/uniwersalny-300x177.jpg 300w, https:\/\/laq.pl\/wp-content\/uploads\/2026\/02\/uniwersalny-726x429.jpg 726w, https:\/\/laq.pl\/wp-content\/uploads\/2026\/02\/uniwersalny.jpg 769w\" sizes=\"auto, (max-width: 300px) 100vw, 300px\" \/><\/p>\n","protected":false},"excerpt":{"rendered":"<p><strong>A cardboard box with a handy handle, and in it:<\/strong><\/p>\n<p>\ud83c\udf382<strong>x <a href=\"https:\/\/laq.pl\/en\/product\/peony-subtle-dominance-scent-shower-gel\/\">Shower Gel PIWONIA Scent of SUBTLE DOMINATION 100 ml<\/a><\/strong><\/p>\n<p>\ud83c\udf3c2<strong>x <a href=\"https:\/\/laq.pl\/en\/product\/forget-me-not-queen-of-life-shower-gel\/\">Shower Gel Forget-Me-Not Queen of Life 100 ml<\/a><\/strong><\/p>\n<p>\ud83d\udcae<strong> 2 x <a href=\"https:\/\/laq.pl\/en\/product\/magnolia-the-scent-of-class-and-success-shower-gel\/\">Shower Gel MAGNOLIA Scent of CLASS AND SUCCESS 100 ml<\/a><\/strong><\/p>\n","protected":false},"featured_media":53125,"template":"","meta":{"_acf_changed":false},"product_brand":[],"product_cat":[752,911,563],"product_tag":[701,645,638,589,992,919],"class_list":{"0":"post-53123","1":"product","2":"type-product","3":"status-publish","4":"has-post-thumbnail","6":"product_cat-cosmetics-sets-for-mother-wife-and-lover","7":"product_cat-womens-shower-gels","8":"product_cat-womens","9":"product_tag-for-her","10":"product_tag-forget-me-not","11":"product_tag-magnolia-en","12":"product_tag-peony","13":"product_tag-six-pack-2","14":"product_tag-the-perfect-gift","17":"first","18":"instock","19":"taxable","20":"shipping-taxable","21":"purchasable","22":"product-type-simple"},"acf":[],"_links":{"self":[{"href":"https:\/\/laq.pl\/en\/wp-json\/wp\/v2\/product\/53123","targetHints":{"allow":["GET"]}}],"collection":[{"href":"https:\/\/laq.pl\/en\/wp-json\/wp\/v2\/product"}],"about":[{"href":"https:\/\/laq.pl\/en\/wp-json\/wp\/v2\/types\/product"}],"wp:featuredmedia":[{"embeddable":true,"href":"https:\/\/laq.pl\/en\/wp-json\/wp\/v2\/media\/53125"}],"wp:attachment":[{"href":"https:\/\/laq.pl\/en\/wp-json\/wp\/v2\/media?parent=53123"}],"wp:term":[{"taxonomy":"product_brand","embeddable":true,"href":"https:\/\/laq.pl\/en\/wp-json\/wp\/v2\/product_brand?post=53123"},{"taxonomy":"product_cat","embeddable":true,"href":"https:\/\/laq.pl\/en\/wp-json\/wp\/v2\/product_cat?post=53123"},{"taxonomy":"product_tag","embeddable":true,"href":"https:\/\/laq.pl\/en\/wp-json\/wp\/v2\/product_tag?post=53123"}],"curies":[{"name":"wp","href":"https:\/\/api.w.org\/{rel}","templated":true}]}}