{"id":53128,"date":"2026-04-22T10:00:59","date_gmt":"2026-04-22T08:00:59","guid":{"rendered":"https:\/\/laq.pl\/produkt\/laq-gift-set-for-men-forest-president-mix-of-6-shower-gels-6-x-100-ml\/"},"modified":"2026-04-22T10:00:59","modified_gmt":"2026-04-22T08:00:59","slug":"laq-gift-set-for-men-forest-president-mix-of-6-shower-gels-6-x-100-ml","status":"publish","type":"product","link":"https:\/\/laq.pl\/en\/product\/laq-gift-set-for-men-forest-president-mix-of-6-shower-gels-6-x-100-ml\/","title":{"rendered":"LaQ gift set for men FOREST PRESIDENT &#8211; Mix of 6 shower gels (6 x 100 ml)"},"content":{"rendered":"<h2 style=\"text-align: center;\"><strong>Sze\u015b\u0107 powod\u00f3w, dla kt\u00f3rych Twoja k\u0105piel nigdy nie b\u0119dzie nudna \u2013 testuj, mieszaj, wybieraj!<\/strong><\/h2>\n<p>&nbsp;<\/p>\n<p>\ud83d\udc15 2 x <a href=\"https:\/\/laq.pl\/en\/product\/doberman-8in1-shower-gel-2\/\"><strong>Shower gel 8 in 1 ZAPACH SEX AND BUSINESS 100 ml<\/strong><\/a> &#8211; A vegan and extremely masculine shower gel. I smell good sex and successful business, and turning the tail of the dog &#8211; successful sex and good business. I myself don&#8217;t know which more. A good nose will also sense a masculine perfume from me with a hint of cardamom and black pepper. Someone once said &#8220;the best&#8221; about me and so far hasn&#8217;t brushed it off.    <\/p>\n<p>\ud83d\udc06 2 x <a href=\"https:\/\/laq.pl\/en\/product\/ryszard-8-in-1-shower-gel\/\"><strong><strong>Richard of the Bieszczady ( Mountain Rick ) shower gel 100 ml<\/strong><\/strong><\/a> &#8211;  <span style=\"font-weight: 400;\">a natural and vegan shower gel for men. It is the only one in the Mountains that contains tobacco leaf extract. Besides, I&#8217;m excited that I smell like men&#8217;s perfume. <\/span><\/p>\n<p>\ud83d\udc17 2 x <a href=\"https:\/\/laq.pl\/en\/product\/wild-boar-shower-gel\/\"><strong>Shower gel 8 in 1 Wild Boar of the Forest 100 ml ( Wild Boar ).<\/strong><\/a> &#8211; A natural and vegan shower gel for men. I clean in a flash, smell like exclusive perfume, contain oak extract, and am extremely wild. Not only experts, eccentrics, and expats reach for me, but also extroverts and fearless experimenters.<\/p>\n<p><strong>\ud83c\udf81 Packed in a cardboard six-pack with a handy handle<\/strong><\/p>\n<p>&nbsp;<\/p>\n<h3><strong>WHO AM I?<\/strong><\/h3>\n<p>Here I am, a set of 6 natural and vegan shower gels in a mini version. As you can see, you will find in me gels from our 3 fragrance lines for men, 2 pieces from each of them. So, first of all, they will work brilliantly as a gift for a real guy! Besides, the bottles have a very practical capacity (100 ml), so they will be perfect for travel, the gym or the pool.   <\/p>\n<p>If you&#8217;re not yet familiar with our fragrance lines, know that in the men&#8217;s happy-pack the first fiddle is played by <strong>ZAPACH SEX AND BUSINESS<\/strong>, he is accompanied by a little bit of <strong>Richard of the Bieszczady<\/strong> ( Mountain Rick ) smelling of a mountain trail, and the relay is closed by <strong>Wild Boar of the Forest<\/strong>, who knows how to attract gilts.<\/p>\n<p>&nbsp;<\/p>\n<h3><strong>WHAT CAN I DO FOR YOU?<\/strong><\/h3>\n<p>Looking for a birthday gift for a guy? Or maybe you are interested in an idea for an original gift for a buddy for his name day? A gift for a boyfriend&#8217;s day, a gift for Christmas? you are in the right place, because for a gift for a man I am perfect!   Particularly because I am packed in an attractive gift box with windows and a comfortable handle. Besides, due to the variety of fragrances and the practical capacity of the bottles, I can confidently assure you that the madness of the senses and the satisfaction of the recipient you have a brick!<\/p>\n<p>&nbsp;<\/p>\n<h3><strong>BABE, WONDERING WHAT\u2019S INSIDE?<\/strong><\/h3>\n<p>\ud83d\udc152 x <a href=\"https:\/\/laq.pl\/en\/product\/doberman-8in1-shower-gel-2\/\"><strong> Shower gel 8 in 1 ZAPACH SEX AND BUSINESS 100 ml<\/strong><\/a> &#8211; On the outside I am tough, determined and uncompromising, but on the inside I hide my true nature, based on mild washing substances of plant origin. I contain glycerin (also of plant origin), cardamom seed extract, urea and niacinamide. <\/p>\n<p>\ud83d\udc062 x <a href=\"https:\/\/laq.pl\/en\/product\/ryszard-8-in-1-shower-gel\/\"><strong>Richard of the Bieszczady ( Mountain Rick ) shower gel 100 ml<\/strong><\/a> &#8211;  <span style=\"font-weight: 400;\">I contain moisturizing glycerin of plant origin. I also have for you a nourishing extract of noble tobacco leaves, plus moisturizing urea and vitamin b3 (niacinamide).   <\/span><\/p>\n<p>\ud83d\udc17 2 x <a href=\"https:\/\/laq.pl\/en\/product\/wild-boar-shower-gel\/\"><strong>Shower gel 8 in 1 Wild Boar of the Forest 100 ml ( Wild Boar ).<\/strong><\/a> &#8211; I admit, on the outside I am an extreme wild boar, but on the inside I am actually gentle, like a piglet. This is because my formula is based on gentle washing substances.  Additionally, I contain moisturizing plant-based glycerin and soothing extract from sessile oak bark. As you can see, you don&#8217;t have to before me to the tree fast!<\/p>\n<p>(The exact INCI ingredients for each product can be found under the links above.)<\/p>\n<p>&nbsp;<\/p>\n<h3><strong>CHECK OUT MY FRAGRANCE NOTES:<\/strong><\/h3>\n<p><strong>ZAPACH SEX AND BUSINESS &#8211; fragrance notes:  <\/strong><\/p>\n<ul>\n<li><strong>Top Notes:<\/strong> lemon, grapefruit, aquatic notes<\/li>\n<li><strong>Heart Notes:<\/strong> apple, mint, pink pepper, rose<\/li>\n<li><strong>Base notes:<\/strong> cedarwood, sandalwood, dry wood, tonka bean, musk<\/li>\n<\/ul>\n<p><strong>Richard of the Bieszczady &#8211; fragrance notes:  <\/strong><\/p>\n<ul>\n<li><strong>Top notes:<\/strong>Bergamot, lemon, sage, herbs<\/li>\n<li><strong>Heart notes:<\/strong> marine notes, lavender, jasmine, thyme, iris<\/li>\n<li><strong>Base notes:<\/strong> amber wood, patchouli, vetiver, tonka bean<\/li>\n<\/ul>\n<p><strong>Wild Boar of the Forest &#8211; fragrance notes:  <\/strong><\/p>\n<ul>\n<li><strong>Head Notes:<\/strong> bergamot, blackcurrant, pineapple, orange blossom.<\/li>\n<li><strong>Heart Notes:<\/strong> patchouli, jasmine, herbs.<\/li>\n<li><strong>Base notes:<\/strong> oak moss, musk, amber.<\/li>\n<\/ul>\n<p>&nbsp;<\/p>\n<h3><strong>WHAT\u2019S THE WORD ON THE STREET?<\/strong><\/h3>\n<p><em>Sze\u015bciopak zawsze jest dobrym pomys\u0142em na prezent!<\/em><\/p>\n<p>&nbsp;<\/p>\n<p><img loading=\"lazy\" decoding=\"async\" class=\"alignnone wp-image-49200 size-medium\" src=\"https:\/\/laq.pl\/wp-content\/uploads\/2026\/02\/uniwersalny-300x177.jpg\" alt=\"Dermatologically tested pictogram and a vegan product sign\" width=\"300\" height=\"177\" srcset=\"https:\/\/laq.pl\/wp-content\/uploads\/2026\/02\/uniwersalny-300x177.jpg 300w, https:\/\/laq.pl\/wp-content\/uploads\/2026\/02\/uniwersalny-726x429.jpg 726w, https:\/\/laq.pl\/wp-content\/uploads\/2026\/02\/uniwersalny.jpg 769w\" sizes=\"auto, (max-width: 300px) 100vw, 300px\" \/><\/p>\n","protected":false},"excerpt":{"rendered":"<p><strong>A cardboard box with a handy handle, and in it:<\/strong><\/p>\n<p>\ud83d\udc15 2 x <a href=\"https:\/\/laq.pl\/en\/product\/doberman-8in1-shower-gel-2\/\"><strong>Shower gel 8 in 1 ZAPACH SEX AND BUSINESS 100 ml<\/strong><\/a><\/p>\n<p>\ud83d\udc06 2 x <a href=\"https:\/\/laq.pl\/en\/product\/ryszard-8-in-1-shower-gel\/\"><strong>Shower gel 8 in 1 Richard of Bieszczady ( Mountain Rick ) 100 ml<\/strong><\/a><\/p>\n<p>\ud83d\udc17 2 x <a href=\"https:\/\/laq.pl\/en\/product\/wild-boar-shower-gel\/\"><strong>Shower Gel 8 in 1 Wild Boar from the Forest 100 ml<\/strong><\/a><\/p>\n","protected":false},"featured_media":53129,"template":"","meta":{"_acf_changed":false},"product_brand":[],"product_cat":[762,735],"product_tag":[],"class_list":{"0":"post-53128","1":"product","2":"type-product","3":"status-publish","4":"has-post-thumbnail","6":"product_cat-for-a-real-man","7":"product_cat-gift-sets","10":"first","11":"instock","12":"taxable","13":"shipping-taxable","14":"purchasable","15":"product-type-simple"},"acf":[],"_links":{"self":[{"href":"https:\/\/laq.pl\/en\/wp-json\/wp\/v2\/product\/53128","targetHints":{"allow":["GET"]}}],"collection":[{"href":"https:\/\/laq.pl\/en\/wp-json\/wp\/v2\/product"}],"about":[{"href":"https:\/\/laq.pl\/en\/wp-json\/wp\/v2\/types\/product"}],"wp:featuredmedia":[{"embeddable":true,"href":"https:\/\/laq.pl\/en\/wp-json\/wp\/v2\/media\/53129"}],"wp:attachment":[{"href":"https:\/\/laq.pl\/en\/wp-json\/wp\/v2\/media?parent=53128"}],"wp:term":[{"taxonomy":"product_brand","embeddable":true,"href":"https:\/\/laq.pl\/en\/wp-json\/wp\/v2\/product_brand?post=53128"},{"taxonomy":"product_cat","embeddable":true,"href":"https:\/\/laq.pl\/en\/wp-json\/wp\/v2\/product_cat?post=53128"},{"taxonomy":"product_tag","embeddable":true,"href":"https:\/\/laq.pl\/en\/wp-json\/wp\/v2\/product_tag?post=53128"}],"curies":[{"name":"wp","href":"https:\/\/api.w.org\/{rel}","templated":true}]}}