{"id":53132,"date":"2026-02-13T11:15:26","date_gmt":"2026-02-13T10:15:26","guid":{"rendered":"https:\/\/laq.pl\/produkt\/laq-gift-set-for-men-alfa-pack-mix-of-6-shower-gels-6-x-100-ml\/"},"modified":"2026-02-13T11:15:26","modified_gmt":"2026-02-13T10:15:26","slug":"laq-gift-set-for-men-alfa-pack-mix-of-6-shower-gels-6-x-100-ml","status":"publish","type":"product","link":"https:\/\/laq.pl\/en\/product\/laq-gift-set-for-men-alfa-pack-mix-of-6-shower-gels-6-x-100-ml\/","title":{"rendered":"LaQ gift set for men ALFA PACK &#8211; Mix of 6 shower gels (6 x 100 ml)"},"content":{"rendered":"<h2 style=\"text-align: center;\"><strong>Sze\u015b\u0107 powod\u00f3w, dla kt\u00f3rych Twoja k\u0105piel nigdy nie b\u0119dzie nudna \u2013 testuj, mieszaj, wybieraj!<\/strong><\/h2>\n<p>&nbsp;<\/p>\n<p>\ud83d\udc3b<strong> 1 x <a href=\"https:\/\/laq.pl\/en\/product\/zlota-raczka-handyman-8-in-1-shower-gel-for-men\/\">GOLDEN HAND shower gel 100 ml<\/a><\/strong> -.  <span style=\"font-weight: 400;\">shower gel for men. Natural and vegan, for the guy who screws screws and women, and smells so good after a shower that even a broken faucet blushes!   <\/span><\/p>\n<p>\ud83e\udd81<strong>1 x <a href=\"https:\/\/laq.pl\/product\/zel-pod-prysznic-8-w-1-szef-wszystkich-szefow\/\"><strong>ALL SZEF shower gel 100 ml.<\/strong><\/a> &#8211;  <span style=\"font-weight: 400;\">a natural and vegan shower gel for men. It will be as the boss of all bosses wants: clean, fresh, luxurious and without discussion.  <\/span><\/strong><\/p>\n<p>\ud83e\udd88 <strong>1 x <a href=\"https:\/\/laq.pl\/product\/zel-pod-prysznic-rekin-biznesu\/\">Business REKIN 8-in-1 Shower Gel 100 ml<\/a><\/strong> &#8211; natural and vegan shower gel for men. This gel is a cinch &#8211; fat fish do not catch on any bait.  The mini bottle is also perfect for travel, the gym or the pool, and will also make a great addition to a gift!<\/p>\n<p>\ud83d\udc15 <strong>1 x <a href=\"https:\/\/laq.pl\/produkt\/zel-pod-prysznic-8w1-doberman-100-ml-dark\/\">Shower Gel 8 in 1 ZAPACH SEX AND BUSINESS 100 ml<\/a><\/strong> &#8211; vegan and extremely masculine shower gel. I smell good sex and successful business, and turning the tail of the dog &#8211; successful sex and good business. I myself don&#8217;t know which more. A good nose can also smell a masculine perfume with a hint of cardamom and black pepper. someone once said &#8220;the best&#8221; about me, and so far he hasn&#8217;t brushed it off.    <\/p>\n<p>\ud83d\udcb3 <strong>1 x <a href=\"https:\/\/laq.pl\/en\/product\/habibi-from-dubai-shower-gel-2\/\">Habibi 8-in-1 Shower Gel from Dubai 100 ml<\/a><\/strong> &#8211; natural and vegan men&#8217;s shower gel, coveted like a paycheck. It doesn&#8217;t matter if you&#8217;re covered in desert dust or feeling the effects of the sun over the radom &#8211; I&#8217;ll refresh your body, hair, and if necessary &#8211; even your camel. I smell of citrus, sweet spices, cedar and musk &#8211; in short: smell the pine.  <\/p>\n<p>\ud83d\udc02 <strong>1 x <a href=\"https:\/\/laq.pl\/en\/product\/big-bull-8-in-1-shower-gel\/\">Shower Gel 8 in 1 Piece of Bull 100 ml<\/a><\/strong> &#8211; natural and vegan shower gel for men, especially for not bad bulls. Thanks to my formula, even after the toughest day you will return to the arena fresh, fragrant and ready for action! So what, ready for a bullish challenge?  <\/p>\n<p><strong>\ud83c\udf81 Packed in a cardboard six-pack with a handy handle<\/strong><\/p>\n<p>&nbsp;<\/p>\n<h3><\/h3>\n<h3><strong>WHO AM I?<\/strong><\/h3>\n<p>Here I am, a set of 6 natural and vegan shower gels in a mini version. As you can see, you will find in me gels from our 6 fragrance lines for men, one piece from each of them. So, first of all, they will work brilliantly as a gift for a real guy! Besides, the bottles have a very practical capacity (100 ml), so they will be perfect for travel, the gym or the pool.   <\/p>\n<p dir=\"ltr\" data-pm-slice=\"1 1 []\">If you haven&#8217;t yet discovered our iconic fragrances, get to know the lucky men&#8217;s pack! <strong>Habibi from Dubai<\/strong> enters the scene, tempting with the scent of luxury and seduction, backed by <strong>Bull&#8217;s Piece<\/strong>, which smells of strength and confidence. <strong>GOLDEN HAND<\/strong> expert on the key&#8230;French, and <strong>ZAPACH SEX AND BUSINESS<\/strong> spreads an aura of power and magnetism. <strong>THE REKIN OF BUSINESS<\/strong> enchants with the knowledge of creative accounting, and the finale belongs to the CHIEF <strong>OF ALL CHIEFS<\/strong>, who smells of absolute power.<\/p>\n<p>&nbsp;<\/p>\n<h3><strong>WHAT CAN I DO FOR YOU?<\/strong><\/h3>\n<p>Looking for a birthday gift for a guy? Or maybe you are interested in ideas for an original gift for your buddy for his name day? A gift for boyfriend&#8217;s day, a gift for the holidays?  You&#8217;ve come to the right place, because it&#8217;s perfect as a gift for a man! Particularly because I am packed in an attractive gift box with windows and a comfortable handle. Besides, due to the variety of fragrances and the practical capacity of the bottles, I can confidently assure you that the madness of the senses and the satisfaction of the recipient you have a brick!<\/p>\n<p>&nbsp;<\/p>\n<h3><strong>BABE, WONDERING WHAT\u2019S INSIDE?<\/strong><\/h3>\n<p>\ud83d\udc3b<strong> 1 x <a href=\"https:\/\/laq.pl\/en\/product\/zlota-raczka-handyman-8-in-1-shower-gel-for-men\/\">GOLDEN HAND Shower Gel 100 ml<\/a><\/strong> &#8211; my ingredients are like an instruction manual &#8211; you don&#8217;t need to read to see that it&#8217;s good! Hickory oak bark extract helps strengthen the skin, has a toning and astringent effect. Hops cone extract probably doesn&#8217;t need to be discussed &#8211; it&#8217;s known, like a cold pint, to have soothing, calming and antibacterial properties. Cedarwood extract refreshes the skin and gives it a woody aroma. At the same time, it has a gentle anti-seborrheic effect. Vegetable glycerin takes care of skin hydration, while a substance derived from coconut oil is responsible for cleansing. Elegant and vegan! Like we said: you&#8217;ll be happy!       <\/p>\n<p>\ud83e\udd81 <strong>1 x <a href=\"https:\/\/laq.pl\/product\/zel-pod-prysznic-8-w-1-szef-wszystkich-szefow\/\">8-in-1 SHOWER GEL ALL Saffron 100 ml<\/a><\/strong> &#8211; my ingredients are a streak of endless success! Saffron extract has an antioxidant effect and adds radiance to the skin. Cardamom extract gently warms, refreshes and gives a luxurious, spicy aroma. Tobacco leaf extract has an antioxidant effect and deepens the aroma. Substances derived from coconut oil are responsible for cleansing, while vegetable glycerin is responsible for moisturizing.    <\/p>\n<p>\ud83e\udd88 <strong>1 x <a href=\"https:\/\/laq.pl\/product\/zel-pod-prysznic-rekin-biznesu\/\">Business REKIN 8-in-1 Shower Gel 100 ml<\/a><\/strong> &#8211; my ingredients are a sea of benefits! Black pepper extract stimulates microcirculation and has a warming effect. Spicy and hot? All you (not just in business!). Wormwood extract tones and refreshes the skin, while ginseng extract revitalizes, energizes and conditions the skin. Glycerin of vegetable origin binds water in the epidermis and prevents it from drying out, while substances derived from coconut oil are responsible for cleansing. This isn&#8217;t a gel for just any minnow, it&#8217;s a must have for fat fish.      <\/p>\n<p>\ud83d\udc151<strong>x<\/strong> <a href=\"https:\/\/laq.pl\/produkt\/zel-pod-prysznic-8w1-doberman-100-ml-dark\/\"><strong> Shower gel 8 in 1 ZAPACH SEX AND BUSINESS 100 ml<\/strong><\/a> &#8211; On the outside I am tough, determined and uncompromising, but on the inside I hide my true nature, based on mild washing substances of plant origin. I contain glycerin (also of plant origin), cardamom seed extract, urea and niacinamide. <\/p>\n<p>\ud83d\udcb3 <strong>1 x <a href=\"https:\/\/laq.pl\/en\/product\/habibi-from-dubai-shower-gel-2\/\">Habibi of Dubai 8-in-1 Shower Gel 100 ml<\/a><\/strong> &#8211; I am Habibi of Dubai &#8211; it&#8217;s obvious that I have a rich interior. You&#8217;ll find mild cleansers derived from coconut and a few goodies to condition your precious skin. First, glycerin, which softens the skin and protects it from dryness. Second, an emollient that eliminates the feeling of skin tightness after washing. Third, a complex of hydrating sugars aquaxyl, which supports your skin&#8217;s hydrolipid barrier, as well as moisturizing and softening ingredients. But what every habibi likes best is pistachio extract, which has nourishing, antioxidant and protective properties.     <\/p>\n<p>\ud83d\udc02 <strong>1 x <a href=\"https:\/\/laq.pl\/en\/product\/big-bull-8-in-1-shower-gel\/\">Shower Gel 8 in 1 Bull&#8217;s Piece 100 ml<\/a><\/strong> &#8211; in my ingredients you will find extracts of Siberian ginseng root, field horsetail and burdock, which will strengthen and nourish your skin. In addition, I contain plant proteins (from corn, wheat and soy) that will rebuild and moisturize it, while vegetable glycerin will keep it soft and smooth. <\/p>\n<p>(Detailed INCI lists for each product can be found at the links above)<\/p>\n<p>&nbsp;<\/p>\n<h3><strong>CHECK OUT MY FRAGRANCE NOTES:<\/strong><\/h3>\n<p><strong>GOLDEN HAND &#8211; fragrance notes:  <\/strong><\/p>\n<ul>\n<li><strong>Top notes:<\/strong> tangerine, grapefruit, orange, lemon<\/li>\n<li><strong>Heart notes:<\/strong> bergamot, bitter almond, violet<\/li>\n<li><strong>Base notes:<\/strong> galbanum, amber, cedarwood<\/li>\n<\/ul>\n<p><strong>THE HEAD OF ALL HEADS &#8211; fragrance notes:  <\/strong><\/p>\n<ul>\n<li><strong>Top notes:<\/strong> sweet, clean<\/li>\n<li><strong>Heart notes: <\/strong>spicy, spice, green, fruity<\/li>\n<li><strong>Base notes: <\/strong>vanilla, cedarwood, patchouli, tonka bean<\/li>\n<\/ul>\n<p><strong>BUSINESS REKIN- fragrance notes:  <\/strong><\/p>\n<ul>\n<li><strong>Top notes:<\/strong> lavender, bergamot, fresh, citrus<\/li>\n<li><strong>Heart notes:<\/strong> floral (violet, lily), green<\/li>\n<li><strong>Base notes:<\/strong> musk, sandalwood, ambergris, Tonka bean<\/li>\n<\/ul>\n<p><strong>ZAPACH SEX AND BUSINESS &#8211; fragrance notes:  <\/strong><\/p>\n<ul>\n<li><strong>Top Notes:<\/strong> lemon, grapefruit, aquatic notes<\/li>\n<li><strong>Heart Notes:<\/strong> apple, mint, pink pepper, rose<\/li>\n<li><strong>Base notes:<\/strong> cedarwood, sandalwood, dry wood, tonka bean, musk<\/li>\n<\/ul>\n<p><strong>Habibi of Dubai fragrance notes:  <\/strong><\/p>\n<ul>\n<li><strong>Top notes:<\/strong> fresh citrus, fruity, creamy<\/li>\n<li><strong>Heart notes:<\/strong> sweet spices, jasmine, rose<\/li>\n<li><strong>Base notes:<\/strong> vanilla, tonka bean, musk, oakmoss, patchouli, amber, cedarwood<\/li>\n<\/ul>\n<p><strong>Piece of Bull &#8211; fragrance notes:  <\/strong><\/p>\n<ul>\n<li><strong>Top notes:<\/strong> black pepper, cedarwood, pimento, bergamot<\/li>\n<li><strong>Heart notes:<\/strong> lavender, clove, patchouli, verbena<\/li>\n<li><strong>Base notes:<\/strong> cedarwood, guaiac wood, frankincense, tonka bean, ambergris<\/li>\n<\/ul>\n<p>&nbsp;<\/p>\n<h3><strong>WHAT\u2019S THE WORD ON THE STREET?<\/strong><\/h3>\n<p><em>Sze\u015bciopak zawsze jest dobrym pomys\u0142em na prezent!<\/em><\/p>\n<p>&nbsp;<\/p>\n<p><img loading=\"lazy\" decoding=\"async\" class=\"alignnone wp-image-49200 size-medium\" src=\"https:\/\/laq.pl\/wp-content\/uploads\/2026\/02\/uniwersalny-300x177.jpg\" alt=\"Dermatologically tested pictogram and a vegan product sign\" width=\"300\" height=\"177\" srcset=\"https:\/\/laq.pl\/wp-content\/uploads\/2026\/02\/uniwersalny-300x177.jpg 300w, https:\/\/laq.pl\/wp-content\/uploads\/2026\/02\/uniwersalny-726x429.jpg 726w, https:\/\/laq.pl\/wp-content\/uploads\/2026\/02\/uniwersalny.jpg 769w\" sizes=\"auto, (max-width: 300px) 100vw, 300px\" \/><\/p>\n","protected":false},"excerpt":{"rendered":"<p><strong>A cardboard box with a handy handle, and in it:<\/strong><\/p>\n<p>\ud83d\udc3b <strong>1 x <a href=\"https:\/\/laq.pl\/en\/product\/zlota-raczka-handyman-8-in-1-shower-gel-for-men\/\">8-in-1 GOLDEN HAND shower gel 100 ml<\/a><\/strong><\/p>\n<p>\ud83e\udd81 <strong>1 x <a href=\"https:\/\/laq.pl\/product\/zel-pod-prysznic-8-w-1-szef-wszystkich-szefow\/\">Shower Gel 8-in-1 SZEF ALL SZEF 100 ml.<\/a><\/strong><\/p>\n<p>\ud83e\udd88<strong> 1 x <a href=\"https:\/\/laq.pl\/product\/zel-pod-prysznic-rekin-biznesu\/\">Business REKIN 8-in-1 Shower Gel 100 ml<\/a><\/strong><\/p>\n<p>\ud83d\udc15 <strong>1 x <a href=\"https:\/\/laq.pl\/produkt\/zel-pod-prysznic-8w1-doberman-100-ml-dark\/\">Shower Gel 8 in 1 ZAPACH SEX AND BUSINESS 100 ml<\/a><\/strong><\/p>\n<p>\ud83d\udcb3 <strong>1 x <a href=\"https:\/\/laq.pl\/en\/product\/habibi-from-dubai-shower-gel-2\/\">Habibi Dubai 8-in-1 Shower Gel 100 ml<\/a><\/strong><\/p>\n<p>\ud83d\udc02 <strong>1 x <a href=\"https:\/\/laq.pl\/en\/product\/big-bull-8-in-1-shower-gel\/\">Shower Gel 8 in 1 Piece of Bull 100 ml<\/a><\/strong><\/p>\n","protected":false},"featured_media":53133,"template":"","meta":{"_acf_changed":false},"product_brand":[],"product_cat":[762,735],"product_tag":[642,996,976,635,615,995,992,919,957],"class_list":{"0":"post-53132","1":"product","2":"type-product","3":"status-publish","4":"has-post-thumbnail","6":"product_cat-for-a-real-man","7":"product_cat-gift-sets","8":"product_tag-big-bull","9":"product_tag-boss-of-all-bosses","10":"product_tag-business-shark","11":"product_tag-for-him","12":"product_tag-habibi-en","13":"product_tag-handyman","14":"product_tag-six-pack-2","15":"product_tag-the-perfect-gift","16":"product_tag-zapach-seksu-i-biznesu","19":"first","20":"instock","21":"taxable","22":"shipping-taxable","23":"purchasable","24":"product-type-simple"},"acf":[],"_links":{"self":[{"href":"https:\/\/laq.pl\/en\/wp-json\/wp\/v2\/product\/53132","targetHints":{"allow":["GET"]}}],"collection":[{"href":"https:\/\/laq.pl\/en\/wp-json\/wp\/v2\/product"}],"about":[{"href":"https:\/\/laq.pl\/en\/wp-json\/wp\/v2\/types\/product"}],"wp:featuredmedia":[{"embeddable":true,"href":"https:\/\/laq.pl\/en\/wp-json\/wp\/v2\/media\/53133"}],"wp:attachment":[{"href":"https:\/\/laq.pl\/en\/wp-json\/wp\/v2\/media?parent=53132"}],"wp:term":[{"taxonomy":"product_brand","embeddable":true,"href":"https:\/\/laq.pl\/en\/wp-json\/wp\/v2\/product_brand?post=53132"},{"taxonomy":"product_cat","embeddable":true,"href":"https:\/\/laq.pl\/en\/wp-json\/wp\/v2\/product_cat?post=53132"},{"taxonomy":"product_tag","embeddable":true,"href":"https:\/\/laq.pl\/en\/wp-json\/wp\/v2\/product_tag?post=53132"}],"curies":[{"name":"wp","href":"https:\/\/api.w.org\/{rel}","templated":true}]}}