{"id":9127,"date":"2024-01-10T21:41:47","date_gmt":"2024-01-10T20:41:47","guid":{"rendered":"https:\/\/laq-stagging.lukaszbaraniak.net\/produkt\/zestaw-guma-balonowa-zel-300ml-3-kol-pianka-100g-zolta-pianka-50ml-niebieska-pianka-50ml-sianko\/"},"modified":"2025-07-14T08:30:15","modified_gmt":"2025-07-14T06:30:15","slug":"zestaw-bul-bul-guma-balonowa","status":"publish","type":"product","link":"https:\/\/laq.pl\/en\/product\/zestaw-bul-bul-guma-balonowa\/","title":{"rendered":"Zestaw Bul-Bul GUMA BALONOWA"},"content":{"rendered":"<h2 style=\"text-align: center;\"><strong>Zestaw Bul-Bul GUMA BALONOWA<\/strong><\/h2>\n<p>&nbsp;<\/p>\n<p>\ud83e\udee7 <a href=\"https:\/\/laq.pl\/produkt\/zel-pod-prysznic-guma-balonowa-300-ml\/\"><strong>\u017bel pod prysznic GUMA BALONOWA 300 ml<\/strong><\/a> &#8211; naturalny i wega\u0144ski \u017cel dla dzieci, przeznaczony do mycia cia\u0142a, w\u0142os\u00f3w i r\u0105k. Mam przyjemn\u0105 w u\u017cyciu konsystencj\u0119, a na dodatek odlotowo pachn\u0119 gumow\u0105 balonow\u0105. Zamie\u0144 k\u0105piel w relaksuj\u0105c\u0105 i pachn\u0105c\u0105 zabaw\u0119!<\/p>\n<p>\ud83e\udee7 <a href=\"https:\/\/laq.pl\/produkt\/pianka-myjaca-dla-dzieci-3-kolorowa\/\"><strong>Pianka myj\u0105ca TRZY KOLORY 100 g<\/strong><\/a> &#8211; pachn\u0105ca 3-kolorowa pianka do k\u0105pieli dla dzieci. Mam konsystencj\u0119 niebia\u0144sko lekkiej chmurki, a na dodatek odlotowo pachn\u0119 gumow\u0105 balonow\u0105! To du\u017co, jednak nie wszystko! U\u017cyta w wi\u0119kszej ilo\u015bci zabarwi\u0119 wod\u0119 na niebieski\/\u017c\u00f3\u0142ty\/r\u00f3\u017cowy kolor, zamieniaj\u0105c k\u0105piel w relaksuj\u0105c\u0105 i pachn\u0105c\u0105 zabaw\u0119.<\/p>\n<p>\ud83e\udee7 <a href=\"https:\/\/laq.pl\/produkt\/pianka-do-mycia-lapek-zolta-50-ml\/\"><strong>Pianka do mycia \u0142apek \u017b\u00d3\u0141TA 50 ml<\/strong><\/a> &#8211; pachn\u0105ca \u017c\u00f3\u0142ta pianka do k\u0105pieli dla dzieci. Mam konsystencj\u0119 niebia\u0144sko lekkiej chmurki, a na dodatek odlotowo pachn\u0119 gumow\u0105 balonow\u0105! To du\u017co, jednak nie wszystko! U\u017cyta w wi\u0119kszej ilo\u015bci zabarwi\u0119 wod\u0119 na \u017c\u00f3\u0142ty kolor, zamieniaj\u0105c k\u0105piel w relaksuj\u0105c\u0105 i pachn\u0105c\u0105 zabaw\u0119.<\/p>\n<p>\ud83e\udee7 <a href=\"https:\/\/laq.pl\/produkt\/pianka-do-mycia-lapek-niebieska-50-ml\/\"><strong>Pianka do mycia \u0142apek NIEBIESKA 50 ml<\/strong><\/a> &#8211; pachn\u0105ca niebieska pianka do k\u0105pieli dla dzieci. Mam konsystencj\u0119 niebia\u0144sko lekkiej chmurki, a na dodatek odlotowo pachn\u0119 gumow\u0105 balonow\u0105! To du\u017co, jednak nie wszystko! U\u017cyta w wi\u0119kszej ilo\u015bci zabarwi\u0119 wod\u0119 na niebieski kolor, zamieniaj\u0105c k\u0105piel w relaksuj\u0105c\u0105 i pachn\u0105c\u0105 zabaw\u0119.<\/p>\n<p><strong>\ud83c\udf81 Zapakowany w kartonik z okienkiem wype\u0142niony siankiem<\/strong><\/p>\n<p>&nbsp;<\/p>\n<h3><strong>KIM JESTEM?<\/strong><\/h3>\n<p>Oto ja, czyli wega\u0144ski zestaw kosmetyk\u00f3w naturalnych dla dziecka, sk\u0142adaj\u0105cy si\u0119 z \u017celu do mycia, 3-kolorowej pianki do mycia oraz dw\u00f3ch mniejszych pianek do mycia (\u017c\u00f3\u0142tej i niebieskiej). Seria ta ma odlotow<span style=\"font-weight: 400;\">y zapach gumy balonowej. Stworzyli\u015bmy j\u0105<\/span> specjalnie dla dzieci, z my\u015bl\u0105 o ich delikatnej sk\u00f3rze i mi\u0142o\u015bci do kolor\u00f3w. \u017bel przeznaczony jest do mycia cia\u0142a, w\u0142os\u00f3w i r\u0105k. Jego receptura bazuje na \u0142agodnych substancjach myj\u0105cych, zawiera r\u00f3wnie\u017c kompleks sk\u0142adnik\u00f3w nawil\u017caj\u0105co-od\u017cywczych. Natomiast w niebia\u0144sko lekkich piankach do k\u0105pieli znajdziesz m.in. nawil\u017caj\u0105cy ekstrakt z ry\u017cu, mas\u0142o shea i olej ze s\u0142odkich migda\u0142\u00f3w. Wi\u0119kszy pojemnik zawiera a\u017c trzy kolory pianki: niebiesk\u0105, \u017c\u00f3\u0142t\u0105 i r\u00f3\u017cow\u0105. Mniejsze pojemniczki to pojedyncze kolory (\u017c\u00f3\u0142ty i niebieski).\u00a0Wszystkie pianki nie tylko bajkowo wygl\u0105daj\u0105, ale te\u017c barwi\u0105 wod\u0119 na pi\u0119kne kolory!\u00a0 Z tymi produktami ka\u017cd\u0105 k\u0105piel zamienisz w relaksuj\u0105c\u0105 i pachn\u0105c\u0105 zabaw\u0119!<\/p>\n<p>&nbsp;<\/p>\n<h3><strong>CO MOG\u0118 DLA CIEBIE ZROBI\u0106?<\/strong><\/h3>\n<p>Szukasz prezentu dla dziecka na urodziny? A mo\u017ce interesuje Ci\u0119 pomys\u0142 na niebanalny prezent dla dziecka na imieniny? Upominek na Dzie\u0144 Dziecka, podarunek na \u015bwi\u0119ta? Jeste\u015b wi\u0119c we w\u0142a\u015bciwym miejscu, bowiem na prezent dla malucha nadaj\u0119 si\u0119 idealnie! W szczeg\u00f3lno\u015bci dlatego, \u017ce jestem zapakowany w gustowne pude\u0142ko prezentowe z okienkiem i uroczym siankiem. Zapewniam Ci\u0119, \u017ce rado\u015b\u0107 obdarowanego malca murowana!<\/p>\n<p>&nbsp;<\/p>\n<h3><strong>PYTASZ KOTKU, CO MAM W \u015aRODKU?<\/strong><\/h3>\n<p>\ud83e\udee7 <a href=\"https:\/\/laq.pl\/produkt\/zel-pod-prysznic-guma-balonowa-300-ml\/\"><strong>\u017bel pod prysznic GUMA BALONOWA 300 ml<\/strong><\/a> &#8211; mocznik, witamin\u0119 B3 (niacynamid), kwas mlekowy, inozytol. Jest on odpowiednikiem naturalnego czynnika nawil\u017caj\u0105cego (NMF) i wzmacnia barier\u0119 ochronn\u0105 sk\u00f3ry. Sk\u00f3ra maluszka doceni z pewno\u015bci\u0105 r\u00f3wnie\u017c nawil\u017caj\u0105cy i od\u017cywczy ekstrakt z ry\u017cu siewnego.<\/p>\n<p>\ud83e\udee7 <a href=\"https:\/\/laq.pl\/produkt\/pianka-myjaca-dla-dzieci-3-kolorowa\/\"><strong>Pianka myj\u0105ca TRZY KOLORY 100 g<\/strong><\/a> &#8211; nawil\u017caj\u0105cy ekstrakt z ry\u017cu, mas\u0142o shea i olej ze s\u0142odkich migda\u0142\u00f3w. Dodatek kompleksu sk\u0142adnik\u00f3w nawil\u017caj\u0105co-\u0142agodz\u0105cych, m.in. alantoiny, pantenolu, balsamu Copaiba i oliwy z oliwek, dba o barier\u0119 ochronn\u0105 sk\u00f3ry, pozostawiaj\u0105c j\u0105 doskonale nawil\u017con\u0105 i od\u017cywion\u0105.<\/p>\n<p>\ud83e\udee7<a href=\"https:\/\/laq.pl\/produkt\/pianka-do-mycia-lapek-zolta-50-ml\/\"><strong> Pianka do mycia \u0142apek\u00a0 \u017b\u00d3\u0141TA 50 ml<\/strong><\/a> &#8211; ekstrakt z ry\u017cu, mas\u0142o shea i olej ze s\u0142odkich migda\u0142\u00f3w. Dodatek kompleksu sk\u0142adnik\u00f3w nawil\u017caj\u0105co-\u0142agodz\u0105cych, m.in. alantoiny, pantenolu, balsamu Copaiba i oliwy z oliwek, dba o barier\u0119 ochronn\u0105 sk\u00f3ry, pozostawiaj\u0105c j\u0105 doskonale nawil\u017con\u0105 i od\u017cywion\u0105.<\/p>\n<p>\ud83e\udee7 <a href=\"https:\/\/laq.pl\/produkt\/pianka-do-mycia-lapek-niebieska-50-ml\/\"><strong>Pianka do mycia \u0142apek NIEBIESKA 50 ml<\/strong><\/a> &#8211; ekstrakt z ry\u017cu, mas\u0142o shea i olej ze s\u0142odkich migda\u0142\u00f3w. Dodatek kompleksu sk\u0142adnik\u00f3w nawil\u017caj\u0105co-\u0142agodz\u0105cych, m.in. alantoiny, pantenolu, balsamu Copaiba i oliwy z oliwek, dba o barier\u0119 ochronn\u0105 sk\u00f3ry, pozostawiaj\u0105c j\u0105 doskonale nawil\u017con\u0105 i od\u017cywion\u0105.<\/p>\n<p>(dok\u0142adne sk\u0142ady INCI poszczeg\u00f3lnych produkt\u00f3w znajdziesz pod powy\u017cszymi linkami)<\/p>\n<p>&nbsp;<\/p>\n<h3><strong>POZNAJ MOJE NUTY ZAPACHOWE:<\/strong><\/h3>\n<ul>\n<li><b>g\u0142owy:<\/b> owocowe, delikatnie cytrusowe<\/li>\n<li><b>serca:<\/b> wata cukrowa, cynamon<\/li>\n<li><b>podstawy:<\/b> wanilia, karmel, gourmand<\/li>\n<\/ul>\n<p>&nbsp;<\/p>\n<h3><strong>A CO M\u00d3WI\u0104 NA MIE\u015aCIE?<\/strong><\/h3>\n<p><em>B\u0105belkowa k\u0105piel kochana przez bombelki,\u00a0<\/em><br \/>\n<em>W kolorowej wodzie o s\u0142odkim zapachu.<\/em><br \/>\n<em>Lekka jak chmurka pianka &#8211; i ka\u017cdy maluch pokocha mycie \u0142apek<\/em><\/p>\n<p>&nbsp;<\/p>\n<p><img loading=\"lazy\" decoding=\"async\" class=\"alignnone size-full wp-image-11144\" src=\"https:\/\/laq.pl\/wp-content\/uploads\/2024\/03\/weganski100.jpg\" alt=\"\" width=\"100\" height=\"100\" srcset=\"https:\/\/laq.pl\/wp-content\/uploads\/2024\/03\/weganski100.jpg 100w, https:\/\/laq.pl\/wp-content\/uploads\/2024\/03\/weganski100-50x50.jpg 50w\" sizes=\"auto, (max-width: 100px) 100vw, 100px\" \/> <img loading=\"lazy\" decoding=\"async\" class=\"alignnone size-full wp-image-11143\" src=\"https:\/\/laq.pl\/wp-content\/uploads\/2024\/03\/derma-100.jpg\" alt=\"\" width=\"100\" height=\"100\" srcset=\"https:\/\/laq.pl\/wp-content\/uploads\/2024\/03\/derma-100.jpg 100w, https:\/\/laq.pl\/wp-content\/uploads\/2024\/03\/derma-100-50x50.jpg 50w\" sizes=\"auto, (max-width: 100px) 100vw, 100px\" \/><\/p>\n","protected":false},"excerpt":{"rendered":"<p><strong>Kartonik prezentowy, a w nim:<\/strong><\/p>\n<p>\ud83e\udee7 <a href=\"https:\/\/laq.pl\/produkt\/zel-pod-prysznic-guma-balonowa-300-ml\/\"><strong>\u017bel pod prysznic GUMA BALONOWA 300 ml<\/strong><\/a><\/p>\n<p>\ud83e\udee7 <a href=\"https:\/\/laq.pl\/produkt\/pianka-myjaca-dla-dzieci-3-kolorowa\/\"><strong>Pianka myj\u0105ca TRZY KOLORY 100 g<\/strong><\/a><\/p>\n<p>\ud83e\udee7 <a href=\"https:\/\/laq.pl\/produkt\/pianka-do-mycia-lapek-zolta-50-ml\/\"><strong>Pianka do mycia \u0142apek \u017b\u00d3\u0141TA 50 ml<\/strong><\/a><\/p>\n<p>\ud83e\udee7 <a href=\"https:\/\/laq.pl\/produkt\/pianka-do-mycia-lapek-niebieska-50-ml\/\"><strong>Pianka do mycia \u0142apek NIEBIESKA 50 ml<\/strong><\/a><\/p>\n","protected":false},"featured_media":19191,"template":"","meta":{"_acf_changed":false},"product_brand":[],"product_cat":[103,231,234],"product_tag":[338],"class_list":{"0":"post-9127","1":"product","2":"type-product","3":"status-publish","4":"has-post-thumbnail","6":"product_cat-zestawy-na-prezent","7":"product_cat-zestawy-kosmetykow-dla-dzieci-i-mlodziezy","8":"product_cat-dla-dzieci","9":"product_tag-guma-balonowa","12":"first","13":"outofstock","14":"taxable","15":"shipping-taxable","16":"purchasable","17":"product-type-simple"},"acf":[],"_links":{"self":[{"href":"https:\/\/laq.pl\/en\/wp-json\/wp\/v2\/product\/9127","targetHints":{"allow":["GET"]}}],"collection":[{"href":"https:\/\/laq.pl\/en\/wp-json\/wp\/v2\/product"}],"about":[{"href":"https:\/\/laq.pl\/en\/wp-json\/wp\/v2\/types\/product"}],"wp:featuredmedia":[{"embeddable":true,"href":"https:\/\/laq.pl\/en\/wp-json\/wp\/v2\/media\/19191"}],"wp:attachment":[{"href":"https:\/\/laq.pl\/en\/wp-json\/wp\/v2\/media?parent=9127"}],"wp:term":[{"taxonomy":"product_brand","embeddable":true,"href":"https:\/\/laq.pl\/en\/wp-json\/wp\/v2\/product_brand?post=9127"},{"taxonomy":"product_cat","embeddable":true,"href":"https:\/\/laq.pl\/en\/wp-json\/wp\/v2\/product_cat?post=9127"},{"taxonomy":"product_tag","embeddable":true,"href":"https:\/\/laq.pl\/en\/wp-json\/wp\/v2\/product_tag?post=9127"}],"curies":[{"name":"wp","href":"https:\/\/api.w.org\/{rel}","templated":true}]}}