{"id":9394,"date":"2024-01-10T21:58:54","date_gmt":"2024-01-10T20:58:54","guid":{"rendered":"https:\/\/laq-stagging.lukaszbaraniak.net\/produkt\/zestaw-koziol-z-klasa-zel-500ml-maselko-do-twarzy-50ml-kostka-85g-sianko\/"},"modified":"2026-04-13T09:25:28","modified_gmt":"2026-04-13T07:25:28","slug":"zestaw-gladki-pysk-koziol-z-klasa","status":"publish","type":"product","link":"https:\/\/laq.pl\/en\/product\/zestaw-gladki-pysk-koziol-z-klasa\/","title":{"rendered":"Zestaw dla m\u0119\u017cczyzn G\u0142adki Pysk KOZIO\u0141 \u2013 Mas\u0142o do twarzy + \u017bel pod prysznic + Myd\u0142o LaQ"},"content":{"rendered":"<h2 style=\"text-align: center;\"><strong>Zadbaj o sw\u00f3j pysk tak, jak na to zas\u0142uguje \u2013 bez chemii i bez \u015bciemy<\/strong><\/h2>\n<p>&nbsp;<\/p>\n<p><strong>\ud83d\udc10 <a href=\"https:\/\/laq.pl\/produkt\/koziol-z-klasa-zel-pod-prysznic-8-w-1-500-ml\/\">\u017bel pod prysznic KOZIO\u0141 Z K(L)AS\u0104 500 ml<\/a><\/strong> &#8211; <span style=\"font-weight: 400;\">\u017cel pod prysznic dla m\u0119\u017cczyzn, naturalny, wega\u0144ski, a tak\u017ce genialnie i zdecydowanie kozacko pachn\u0105cy m\u0119skimi perfumami. \u017bel z wyci\u0105giem z chmielu. Ale jednak nadal r\u00f3wnie\u017c po prostu \u017cel do mycia.\u00a0<\/span><\/p>\n<p><strong>\ud83d\udc10 <a href=\"https:\/\/laq.pl\/produkt\/maslo-do-twarzy-koziol-50-ml\/\">Mas\u0142o do twarzy KOZIO\u0141 50 ml<\/a><\/strong> &#8211; naturalne i wega\u0144skie mas\u0142o do twarzy, stworzone specjalnie do piel\u0119gnacji sk\u00f3ry m\u0119skiego oblicza. Mam bogat\u0105, od\u017cywcz\u0105 formu\u0142\u0119 i zniewalaj\u0105cy kobiety (i nie tylko!) zapach m\u0119skich perfum.<\/p>\n<p><strong>\ud83d\udc10 <a href=\"https:\/\/laq.pl\/produkt\/mydlo-dla-facetow-w-kostce-koziol-85-g\/\">Myd\u0142o dla facet\u00f3w w kostce KOZIO\u0141 85 g<\/a><\/strong> &#8211; glicerynowe myd\u0142o dla m\u0119\u017cczyzn w formie praktycznej i ponadczasowej kostki. R\u0119cznie robione, z czu\u0142o\u015bci\u0105 i mi\u0142o\u015bci\u0105, przy dobrej muzyce i z lampk\u0105&#8230; LED. Przyb\u0119d\u0119 do Ciebie ochoczo odziany jedynie w fiku\u015bny kartonik. TYLKO w kartonik. To jak, gotowy na przygod\u0119&#8230;?<\/p>\n<p><strong>\ud83c\udf81 Zapakowany w kartonik z okienkiem wype\u0142niony siankiem<\/strong><\/p>\n<p>&nbsp;<\/p>\n<h3><strong>KIM JESTEM?<\/strong><\/h3>\n<p>Oto ja, czyli wega\u0144ski zestaw kosmetyk\u00f3w naturalnych dla m\u0119\u017cczyzny, sk\u0142adaj\u0105cy si\u0119 z \u017celu pod prysznic, mas\u0142a do twarzy oraz myd\u0142a w kostce. Pochodz\u0105cy z Poznania Kozio\u0142 ma oryginalny zapach wieczoru przy browarku, kt\u00f3ry przenika si\u0119 z ekskluzywnymi m\u0119skimi perfumami. Seria ta jest idealna dla tych, kt\u00f3rzy lubi\u0105 sobie czasem pokozaczy\u0107. Receptura \u017celu pod prysznic bazuje na delikatnych substancjach myj\u0105cych. Zawiera on nawil\u017caj\u0105c\u0105 gliceryn\u0119, a tak\u017ce \u0142agodz\u0105cy ekstrakt z chmielu. Z kolei wielozadaniowe mas\u0142o do twarzy o niezwykle od\u017cywczej formule kryje w sobie bogactwo regeneruj\u0105cych sk\u0142adnik\u00f3w, mi\u0119dzy innymi mas\u0142o shea i witamin\u0119 E. Myd\u0142o w kostce natomiast umyje Ci\u0119 \u0142agodnie, nawet je\u015bli Twoja sk\u00f3ra jest delikatna i wra\u017cliwa.<\/p>\n<p>&nbsp;<\/p>\n<h3><strong>CO MOG\u0118 DLA CIEBIE ZROBI\u0106?<\/strong><\/h3>\n<p>Szukasz prezentu dla faceta na urodziny? A mo\u017ce interesuje Ci\u0119 pomys\u0142 na niebanalny prezent dla kumpla na imieniny? Upominek na Dzie\u0144 Ch\u0142opaka, podarunek na \u015bwi\u0119ta? Jeste\u015b we w\u0142a\u015bciwym miejscu, bowiem na prezent dla m\u0119\u017cczyzny nadaj\u0119 si\u0119 idealnie! W szczeg\u00f3lno\u015bci dlatego, \u017ce jestem zapakowany w gustowne pude\u0142ko prezentowe z okienkiem i wygodnym siankiem. Zapewniam Ci\u0119, \u017ce rado\u015b\u0107 i dzikie skoki obdarowanego murowane!<\/p>\n<p>&nbsp;<\/p>\n<h3><strong>PYTASZ KOTKU, CO MAM W \u015aRODKU?<\/strong><\/h3>\n<p>\ud83d\udc10 <a href=\"https:\/\/laq.pl\/produkt\/koziol-z-klasa-zel-pod-prysznic-8-w-1-500-ml\/\"><strong>\u017bel pod prysznic KOZIO\u0141 Z K(L)AS\u0104 500 ml<\/strong><\/a> &#8211; Przede wszystkim patrz\u0105c trze\u017awym okiem na moj\u0105 receptur\u0119 od razu wida\u0107, \u017ce jest ona oparta na \u0142agodnych substancjach myj\u0105cych pochodzenia ro\u015blinnego. Ponadto zawieram gliceryn\u0119 (r\u00f3wnie\u017c pochodzenia ro\u015blinnego) oraz \u0142agodz\u0105cy ekstrakt z chmielu.<\/p>\n<p><strong>\ud83d\udc10 <a href=\"https:\/\/laq.pl\/produkt\/maslo-do-twarzy-koziol-50-ml\/\">Mas\u0142o do twarzy KOZIO\u0141 50 ml<\/a><\/strong> &#8211; mas\u0142o shea i witamin\u0119 E. Dodatkowo znajdziesz we mnie r\u00f3wnie\u017c oleje: konopny, z pestek malin i z pestek arbuza, kt\u00f3re znane s\u0105 ze swojego dobroczynnego dzia\u0142ania. Poza tym zawieram tak\u017ce dodatek kompleksu nawil\u017caj\u0105cego, zawieraj\u0105cego m.in. alantoin\u0119, pantenol, balsam Copaiba i oliw\u0119 z oliwek.<\/p>\n<p><strong>\ud83d\udc10 <a href=\"https:\/\/laq.pl\/produkt\/mydlo-dla-facetow-w-kostce-koziol-85-g\/\">Myd\u0142o dla facet\u00f3w w kostce KOZIO\u0141 85 g<\/a> &#8211; <\/strong>szlachetne mas\u0142a, a mianowicie shea, kakaowe i mango. Jak wymawia si\u0119 &#8220;shea&#8221;, tego nie wie nikt (cho\u0107 i tak nikt si\u0119 nie przyzna). Kakaowe to praaawie czekolada, a jak co\u015b jest z czekolad\u0105, to musi by\u0107 dobre. Z kolei mango &#8211; jak sama jak\u017ce zagraniczna nazwa wskazuje &#8211; jest bardzo, ale to bardzo m\u0119skie.<\/p>\n<p>(dok\u0142adne sk\u0142ady INCI poszczeg\u00f3lnych produkt\u00f3w znajdziesz pod powy\u017cszymi linkami)<\/p>\n<p>&nbsp;<\/p>\n<h3><strong>POZNAJ MOJE NUTY ZAPACHOWE:<\/strong><\/h3>\n<ul>\n<li><strong>g\u0142owy:<\/strong> mi\u0119ta lodowa, bergamotka<\/li>\n<li><strong>serca:<\/strong> geranium, jab\u0142ko<\/li>\n<li><strong>podstawy:<\/strong> wanilia, drzewo sanda\u0142owe, cedr<\/li>\n<\/ul>\n<p>&nbsp;<\/p>\n<h3><strong>A CO M\u00d3WI\u0104 NA MIE\u015aCIE?<\/strong><\/h3>\n<p><em>Zasiad\u0142 Kozio\u0142 w Internecie,<\/em><br \/>\n<em>co zam\u00f3wi\u0142? Dobrze wiecie!<\/em><br \/>\n<em>Z LaQ \u017celik do mordeczki<\/em><br \/>\n<em>w\u0119sz\u0105 kozy i owieczki.<\/em><br \/>\n<em>A Kozio\u0142ek nie wybrzydza,<\/em><br \/>\n<em>mord\u0105 pi\u0119kn\u0105 a\u017c zawstydza!<\/em><\/p>\n<p>&nbsp;<\/p>\n<p><img loading=\"lazy\" decoding=\"async\" class=\"alignnone size-full wp-image-11144\" src=\"https:\/\/laq.pl\/wp-content\/uploads\/2024\/03\/weganski100.jpg\" alt=\"\" width=\"100\" height=\"100\" srcset=\"https:\/\/laq.pl\/wp-content\/uploads\/2024\/03\/weganski100.jpg 100w, https:\/\/laq.pl\/wp-content\/uploads\/2024\/03\/weganski100-50x50.jpg 50w\" sizes=\"auto, (max-width: 100px) 100vw, 100px\" \/> <img loading=\"lazy\" decoding=\"async\" class=\"alignnone size-full wp-image-11143\" src=\"https:\/\/laq.pl\/wp-content\/uploads\/2024\/03\/derma-100.jpg\" alt=\"\" width=\"100\" height=\"100\" srcset=\"https:\/\/laq.pl\/wp-content\/uploads\/2024\/03\/derma-100.jpg 100w, https:\/\/laq.pl\/wp-content\/uploads\/2024\/03\/derma-100-50x50.jpg 50w\" sizes=\"auto, (max-width: 100px) 100vw, 100px\" \/><\/p>\n","protected":false},"excerpt":{"rendered":"<p><strong>Kartonik prezentowy, a w nim:<\/strong><\/p>\n<p><strong>\ud83d\udc10 <a href=\"https:\/\/laq.pl\/produkt\/koziol-z-klasa-zel-pod-prysznic-8-w-1-500-ml\/\">\u017bel pod prysznic KOZIO\u0141 Z K(L)AS\u0104 500 ml<\/a><\/strong><\/p>\n<p><strong>\ud83d\udc10 <a href=\"https:\/\/laq.pl\/produkt\/maslo-do-twarzy-koziol-50-ml\/\">Mas\u0142o do twarzy KOZIO\u0141 50 ml<\/a><\/strong><\/p>\n<p><strong>\ud83d\udc10 <a href=\"https:\/\/laq.pl\/produkt\/mydlo-dla-facetow-w-kostce-koziol-85-g\/\">Myd\u0142o dla facet\u00f3w w kostce KOZIO\u0141 85 g<\/a><\/strong><\/p>\n","protected":false},"featured_media":13058,"template":"","meta":{"_acf_changed":false},"product_brand":[],"product_cat":[229,94,233,103],"product_tag":[291,290],"class_list":{"0":"post-9394","1":"product","2":"type-product","3":"status-publish","4":"has-post-thumbnail","6":"product_cat-dla-prawdziwego-mezczyzny","7":"product_cat-koziol","8":"product_cat-meskie","9":"product_cat-zestawy-na-prezent","10":"product_tag-koziol","11":"product_tag-koziol-z-klasa","14":"first","15":"outofstock","16":"sale","17":"taxable","18":"shipping-taxable","19":"purchasable","20":"product-type-simple"},"acf":[],"_links":{"self":[{"href":"https:\/\/laq.pl\/en\/wp-json\/wp\/v2\/product\/9394","targetHints":{"allow":["GET"]}}],"collection":[{"href":"https:\/\/laq.pl\/en\/wp-json\/wp\/v2\/product"}],"about":[{"href":"https:\/\/laq.pl\/en\/wp-json\/wp\/v2\/types\/product"}],"wp:featuredmedia":[{"embeddable":true,"href":"https:\/\/laq.pl\/en\/wp-json\/wp\/v2\/media\/13058"}],"wp:attachment":[{"href":"https:\/\/laq.pl\/en\/wp-json\/wp\/v2\/media?parent=9394"}],"wp:term":[{"taxonomy":"product_brand","embeddable":true,"href":"https:\/\/laq.pl\/en\/wp-json\/wp\/v2\/product_brand?post=9394"},{"taxonomy":"product_cat","embeddable":true,"href":"https:\/\/laq.pl\/en\/wp-json\/wp\/v2\/product_cat?post=9394"},{"taxonomy":"product_tag","embeddable":true,"href":"https:\/\/laq.pl\/en\/wp-json\/wp\/v2\/product_tag?post=9394"}],"curies":[{"name":"wp","href":"https:\/\/api.w.org\/{rel}","templated":true}]}}