{"id":9825,"date":"2024-01-10T22:31:22","date_gmt":"2024-01-10T21:31:22","guid":{"rendered":"https:\/\/laq-stagging.lukaszbaraniak.net\/produkt\/eng-hoppy-goat-shower-gel-500-ml\/"},"modified":"2026-04-21T14:13:05","modified_gmt":"2026-04-21T12:13:05","slug":"eng-hoppy-goat-shower-gel-500-ml","status":"publish","type":"product","link":"https:\/\/laq.pl\/en\/product\/eng-hoppy-goat-shower-gel-500-ml\/","title":{"rendered":"HOPPY GOAT Shower gel"},"content":{"rendered":"<h2 style=\"text-align: center;\"><strong>\u017bel pod prysznic 8 w 1 HOPPY GOAT 500 ml<\/strong><\/h2>\n<p>&nbsp;<\/p>\n<h3><strong>KIM JESTEM?<\/strong><\/h3>\n<p><span style=\"font-weight: 400;\">Oto ja, \u017cel pod prysznic dla m\u0119\u017cczyzn, naturalny, wega\u0144ski, a tak\u017ce genialnie i zdecydowanie kozacko pachn\u0105cy m\u0119skimi perfumami. \u017bel z wyci\u0105giem z chmielu. Ale jednak nadal r\u00f3wnie\u017c po prostu \u017cel do mycia.\u00a0<\/span><\/p>\n<p>&nbsp;<\/p>\n<h3><strong>CO MOG\u0118 DLA CIEBIE ZROBI\u0106?<\/strong><\/h3>\n<p><span style=\"font-weight: 400;\">Prawd\u0119 m\u00f3wi\u0105c, umyj\u0119 Ci wszystko, co sobie tylko zamarzysz. Chcesz umy\u0107 cia\u0142o? Bardzo prosz\u0119. Pragniesz umy\u0107 w\u0142osy? Ale\u017c nie kr\u0119puj si\u0119. Sam\u0105 twarz, tylko r\u0119ce albo wy\u0142\u0105cznie stopy? Tak, jestem dobrym wyborem! <\/span><span style=\"font-weight: 400;\">Je\u015bli jeszcze si\u0119 zastanawiasz, to tak &#8211; umyjesz mn\u0105 r\u00f3wnie\u017c jajka i pozosta\u0142e elementy hydrauliki. W sumie mo\u017cesz wyszorowa\u0107 mn\u0105 r\u00f3wnie\u017c swojego psa (o ile wyrazi zgod\u0119), a nawet ukochane auto lub motor. Motocykl zreszt\u0105 te\u017c.\u00a0<\/span><\/p>\n<p>&nbsp;<\/p>\n<h3><strong>PYTASZ KOTKU, CO MAM W \u015aRODKU?<\/strong><\/h3>\n<p>Przede wszystkim patrz\u0105c trze\u017awym okiem na moj\u0105 receptur\u0119 od razu wida\u0107, \u017ce jest ona oparta na \u0142agodnych substancjach myj\u0105cych pochodzenia ro\u015blinnego. Ponadto zawieram gliceryn\u0119 (r\u00f3wnie\u017c pochodzenia ro\u015blinnego) oraz \u0142agodz\u0105cy ekstrakt z chmielu.<\/p>\n<p><em><strong>Sk\u0142ad:<\/strong> Aqua, Glycerin, Cocamidopropyl Betaine, Sodium Lauroyl Methyl Isethionate, Sodium Methyl Oleoyl Taurate, Lauryl Glucoside, Coco-Glucoside, Humulus Lupulus Extract, Guar Hydroxypropyltrimonium Chloride, Citric Acid, Sodium Benzoate, Potassium Sorbate, Sodium Chloride, Parfum, Linalool.<\/em><\/p>\n<p>&nbsp;<\/p>\n<h3><strong>POZNAJ MOJE NUTY ZAPACHOWE:<\/strong><\/h3>\n<ul>\n<li><strong>g\u0142owy:<\/strong> mi\u0119ta lodowa, bergamotka<\/li>\n<li><strong>serca:<\/strong> geranium, jab\u0142ko<\/li>\n<li><strong>podstawy:<\/strong> wanilia, drzewo sanda\u0142owe, cedr<\/li>\n<\/ul>\n<p>&nbsp;<\/p>\n<h3><strong>SPOS\u00d3B U\u017bYCIA M\u0118SKIEGO \u017bELU POD PRYSZNIC:<\/strong><\/h3>\n<p>Na\u0142\u00f3\u017c na sier\u015b\u0107, wmasuj i zmyj, byle nie j\u0119zykiem.<\/p>\n<p>&nbsp;<\/p>\n<h3><strong>A CO M\u00d3WI\u0104 NA MIE\u015aCIE?<\/strong><\/h3>\n<p><em>Zasiad\u0142 Kozio\u0142 w Internecie,<\/em><br \/>\n<em>co zam\u00f3wi\u0142? Dobrze wiecie!<\/em><br \/>\n<em>Z LaQ \u017celik do mordeczki<\/em><br \/>\n<em>w\u0119sz\u0105 kozy i owieczki.<\/em><br \/>\n<em>A Kozio\u0142ek nie wybrzydza,<\/em><br \/>\n<em>mord\u0105 pi\u0119kn\u0105 a\u017c zawstydza!<\/em><\/p>\n<p>&nbsp;<\/p>\n<p><img loading=\"lazy\" decoding=\"async\" class=\"alignnone size-full wp-image-11144\" src=\"https:\/\/laq.pl\/wp-content\/uploads\/2024\/03\/weganski100.jpg\" alt=\"\" width=\"100\" height=\"100\" srcset=\"https:\/\/laq.pl\/wp-content\/uploads\/2024\/03\/weganski100.jpg 100w, https:\/\/laq.pl\/wp-content\/uploads\/2024\/03\/weganski100-50x50.jpg 50w\" sizes=\"auto, (max-width: 100px) 100vw, 100px\" \/> <img loading=\"lazy\" decoding=\"async\" class=\"alignnone size-full wp-image-11143\" src=\"https:\/\/laq.pl\/wp-content\/uploads\/2024\/03\/derma-100.jpg\" alt=\"\" width=\"100\" height=\"100\" srcset=\"https:\/\/laq.pl\/wp-content\/uploads\/2024\/03\/derma-100.jpg 100w, https:\/\/laq.pl\/wp-content\/uploads\/2024\/03\/derma-100-50x50.jpg 50w\" sizes=\"auto, (max-width: 100px) 100vw, 100px\" \/> <img loading=\"lazy\" decoding=\"async\" class=\"alignnone wp-image-25425 size-full\" src=\"https:\/\/laq.pl\/wp-content\/uploads\/2025\/02\/procent-nat-skladnikow2.png\" alt=\"okr\u0105gl czarny znaczek z napisem 95 % sk\u0142adnik\u00f3w naturalnego pochodzenia naturalnego\" width=\"100\" height=\"100\" srcset=\"https:\/\/laq.pl\/wp-content\/uploads\/2025\/02\/procent-nat-skladnikow2.png 100w, https:\/\/laq.pl\/wp-content\/uploads\/2025\/02\/procent-nat-skladnikow2-50x50.png 50w\" sizes=\"auto, (max-width: 100px) 100vw, 100px\" \/><\/p>\n","protected":false},"excerpt":{"rendered":"<p><strong>Kozacko pachn\u0105cy m\u0119skimi perfumami.<\/strong> \u017bel z wyci\u0105giem z chmielu. Ale jednak nadal r\u00f3wnie\u017c po prostu \u017cel do mycia.<strong> Hello! Etykieta m\u00f3wi po angielsku.<\/strong><\/p>\n","protected":false},"featured_media":26558,"template":"","meta":{"_acf_changed":false},"product_brand":[],"product_cat":[874,773,774],"product_tag":[383,291,293],"class_list":{"0":"post-9825","1":"product","2":"type-product","3":"status-publish","4":"has-post-thumbnail","6":"product_cat-mens-body","7":"product_cat-english-line","8":"product_cat-mens-2","9":"product_tag-english-label","10":"product_tag-koziol","11":"product_tag-podchmielony-koziol","14":"first","15":"instock","16":"taxable","17":"shipping-taxable","18":"purchasable","19":"product-type-simple"},"acf":[],"_links":{"self":[{"href":"https:\/\/laq.pl\/en\/wp-json\/wp\/v2\/product\/9825","targetHints":{"allow":["GET"]}}],"collection":[{"href":"https:\/\/laq.pl\/en\/wp-json\/wp\/v2\/product"}],"about":[{"href":"https:\/\/laq.pl\/en\/wp-json\/wp\/v2\/types\/product"}],"wp:featuredmedia":[{"embeddable":true,"href":"https:\/\/laq.pl\/en\/wp-json\/wp\/v2\/media\/26558"}],"wp:attachment":[{"href":"https:\/\/laq.pl\/en\/wp-json\/wp\/v2\/media?parent=9825"}],"wp:term":[{"taxonomy":"product_brand","embeddable":true,"href":"https:\/\/laq.pl\/en\/wp-json\/wp\/v2\/product_brand?post=9825"},{"taxonomy":"product_cat","embeddable":true,"href":"https:\/\/laq.pl\/en\/wp-json\/wp\/v2\/product_cat?post=9825"},{"taxonomy":"product_tag","embeddable":true,"href":"https:\/\/laq.pl\/en\/wp-json\/wp\/v2\/product_tag?post=9825"}],"curies":[{"name":"wp","href":"https:\/\/api.w.org\/{rel}","templated":true}]}}