{"id":9944,"date":"2024-01-10T22:36:36","date_gmt":"2024-01-10T21:36:36","guid":{"rendered":"https:\/\/laq-stagging.lukaszbaraniak.net\/produkt\/vitamin-bomb-zel-do-mycia-ciala\/"},"modified":"2025-04-22T21:55:21","modified_gmt":"2025-04-22T19:55:21","slug":"vitamin-bomb-zel-do-mycia-ciala","status":"publish","type":"product","link":"https:\/\/laq.pl\/en\/product\/vitamin-bomb-zel-do-mycia-ciala\/","title":{"rendered":"\u017bel do mycia VITAMIN BOMB"},"content":{"rendered":"<h2 style=\"text-align: center;\"><strong>\u017bel do mycia VITAMIN BOMB 500 ml<\/strong><\/h2>\n<h3><strong>KIM JESTEM?<\/strong><\/h3>\n<p>Jestem naturalnym i wega\u0144skim \u017celem pod prysznic. Zawieram 96% sk\u0142adnik\u00f3w pochodzenia naturalnego i mam neutralne dla sk\u00f3ry pH.<\/p>\n<p>&nbsp;<\/p>\n<h3><strong>CO MOG\u0118 DLA CIEBIE ZROBI\u0106?<\/strong><\/h3>\n<p>Delikatnie oczyszcz\u0119 i wypiel\u0119gnuj\u0119 Twoj\u0105 sk\u00f3r\u0119, niezale\u017cnie od jej rodzaju (r\u00f3wnie\u017c, je\u015bli jest wra\u017cliwa). Zadbam o naturaln\u0105 barier\u0119 ochronn\u0105 Twojej sk\u00f3ry, nie wysuszaj\u0105c jej.<\/p>\n<p>&nbsp;<\/p>\n<h3><strong>PYTASZ KOTKU, CO MAM W \u015aRODKU?<\/strong><\/h3>\n<p>Moja receptura bazuje na delikatnych substancjach myj\u0105cych. Znajdziesz we mnie\u00a0 kompleks 5 witamin: B3, B5, B6, C oraz E. Zawieram te\u017c a\u017c 11 aminokwas\u00f3w: arginin\u0119, kwas asparaginowy, glicyn\u0119, alanin\u0119, seryn\u0119, walin\u0119, prolin\u0119, treonin\u0119, izoleucyn\u0119, histydyn\u0119 i fenyloalanin\u0119. Mam dla Ciebie r\u00f3wnie\u017c pantenol, kt\u00f3ry zapobiegnie powstawaniu uczucia przesuszenia.<\/p>\n<p><em><strong>Sk\u0142ad:<\/strong> Aqua, Glycerin, Sodium Coco-Sulfate, Coco-Glucoside, Cocamidopropyl Betaine, Niacinamide, Calcium Pantothenate, Sodium Ascorbyl Phosphate, Tocopheryl Acetate, Pyridoxine HCl, Sodium PCA, Sodium Lactate, Arginine, Aspartic Acid, PCA, Glycine, Alanine, Serine, Valine, Proline, Threonine, Isoleucine, Histidine, Phenylalanine, Panthenol, Maltodextrin, Sodium Starch Octenylsuccinate, Silica, Glyceryl Oleate, Citric Acid, Sodium Gluconate, Sodium Chloride, Sodium Benzoate, Potassium Sorbate, Parfum, Hexyl Cinnamal, Limonene.<\/em><\/p>\n<p>&nbsp;<\/p>\n<h3><strong>POZNAJ MOJE NUTY ZAPACHOWE:<\/strong><\/h3>\n<ul>\n<li><b>g\u0142owy:<\/b> cytrusy, jab\u0142ko, mi\u0119ta, imbir <\/li>\n<li><b>serca:<\/b> marakuja, ananas, r\u00f3\u017ca<\/li>\n<li><b>podstawy:<\/b> d\u017cem truskawkowy, karmel, wanilia<\/li>\n<\/ul>\n<h3><strong>SPOS\u00d3B U\u017bYCIA:<\/strong><\/h3>\n<p>Niewielk\u0105 ilo\u015b\u0107 produktu nanie\u015b\u0107 na zwil\u017con\u0105 sk\u00f3r\u0119, masowa\u0107 kolistymi ruchami do momentu uzyskania piany, a nast\u0119pnie dok\u0142adnie sp\u0142uka\u0107 wod\u0105.<\/p>\n<p><img loading=\"lazy\" decoding=\"async\" class=\"alignnone size-full wp-image-11144\" src=\"https:\/\/laq.pl\/wp-content\/uploads\/2024\/03\/weganski100.jpg\" alt=\"\" width=\"100\" height=\"100\" srcset=\"https:\/\/laq.pl\/wp-content\/uploads\/2024\/03\/weganski100.jpg 100w, https:\/\/laq.pl\/wp-content\/uploads\/2024\/03\/weganski100-50x50.jpg 50w\" sizes=\"auto, (max-width: 100px) 100vw, 100px\" \/> <img loading=\"lazy\" decoding=\"async\" class=\"alignnone size-full wp-image-11143\" src=\"https:\/\/laq.pl\/wp-content\/uploads\/2024\/03\/derma-100.jpg\" alt=\"\" width=\"100\" height=\"100\" srcset=\"https:\/\/laq.pl\/wp-content\/uploads\/2024\/03\/derma-100.jpg 100w, https:\/\/laq.pl\/wp-content\/uploads\/2024\/03\/derma-100-50x50.jpg 50w\" sizes=\"auto, (max-width: 100px) 100vw, 100px\" \/> <img loading=\"lazy\" decoding=\"async\" class=\"alignnone size-full wp-image-11139\" src=\"https:\/\/laq.pl\/wp-content\/uploads\/2024\/03\/96_100.jpg\" alt=\"\" width=\"100\" height=\"100\" srcset=\"https:\/\/laq.pl\/wp-content\/uploads\/2024\/03\/96_100.jpg 100w, https:\/\/laq.pl\/wp-content\/uploads\/2024\/03\/96_100-50x50.jpg 50w\" sizes=\"auto, (max-width: 100px) 100vw, 100px\" \/><\/p>\n","protected":false},"excerpt":{"rendered":"<p>Naturalny i wega\u0144ski <strong>\u017cele pod prysznic<\/strong>. Zawiera 96% sk\u0142adnik\u00f3w pochodzenia naturalnego i ma neutralne dla sk\u00f3ry pH.<\/p>\n<p>&nbsp;<\/p>\n","protected":false},"featured_media":13099,"template":"","meta":{"_acf_changed":false},"product_brand":[],"product_cat":[416],"product_tag":[],"class_list":{"0":"post-9944","1":"product","2":"type-product","3":"status-publish","4":"has-post-thumbnail","6":"product_cat-bez-kategorii","9":"first","10":"outofstock","11":"taxable","12":"shipping-taxable","13":"purchasable","14":"product-type-simple"},"acf":[],"_links":{"self":[{"href":"https:\/\/laq.pl\/en\/wp-json\/wp\/v2\/product\/9944","targetHints":{"allow":["GET"]}}],"collection":[{"href":"https:\/\/laq.pl\/en\/wp-json\/wp\/v2\/product"}],"about":[{"href":"https:\/\/laq.pl\/en\/wp-json\/wp\/v2\/types\/product"}],"wp:featuredmedia":[{"embeddable":true,"href":"https:\/\/laq.pl\/en\/wp-json\/wp\/v2\/media\/13099"}],"wp:attachment":[{"href":"https:\/\/laq.pl\/en\/wp-json\/wp\/v2\/media?parent=9944"}],"wp:term":[{"taxonomy":"product_brand","embeddable":true,"href":"https:\/\/laq.pl\/en\/wp-json\/wp\/v2\/product_brand?post=9944"},{"taxonomy":"product_cat","embeddable":true,"href":"https:\/\/laq.pl\/en\/wp-json\/wp\/v2\/product_cat?post=9944"},{"taxonomy":"product_tag","embeddable":true,"href":"https:\/\/laq.pl\/en\/wp-json\/wp\/v2\/product_tag?post=9944"}],"curies":[{"name":"wp","href":"https:\/\/api.w.org\/{rel}","templated":true}]}}