{"id":9945,"date":"2024-01-10T22:36:37","date_gmt":"2024-01-10T21:36:37","guid":{"rendered":"https:\/\/laq-stagging.lukaszbaraniak.net\/produkt\/vitamin-bomb-balsam-do-ciala\/"},"modified":"2025-04-22T21:55:21","modified_gmt":"2025-04-22T19:55:21","slug":"vitamin-bomb-balsam-do-ciala","status":"publish","type":"product","link":"https:\/\/laq.pl\/en\/product\/vitamin-bomb-balsam-do-ciala\/","title":{"rendered":"Balsam do cia\u0142a VITAMIN BOMB"},"content":{"rendered":"<h2 style=\"text-align: center;\">Balsam do cia\u0142a VITAMIN BOMB 300 ml<\/h2>\n<p>&nbsp;<\/p>\n<h3><strong>KIM JESTEM?<\/strong><\/h3>\n<p>Jestem naturalnym i wega\u0144skim balsamem do piel\u0119gnacji cia\u0142a. Szybko si\u0119 wch\u0142aniam i nie pozostawiam na sk\u00f3rze t\u0142ustej warstwy. Zawieram 96% sk\u0142adnik\u00f3w pochodzenia naturalnego.<\/p>\n<p>&nbsp;<\/p>\n<h3><strong>CO MOG\u0118 DLA CIEBIE ZROBI\u0106?<\/strong><\/h3>\n<p>Zregeneruj\u0119 i od\u017cywi\u0119 Twoj\u0105 sk\u00f3r\u0119, r\u00f3wnie\u017c je\u015bli jest sucha i sk\u0142onna do podra\u017cnie\u0144. Ukoj\u0119 j\u0105 i wzmocni\u0119 jej barier\u0119 hydrolipidow\u0105. Zapewni\u0119 Ci uczucie intensywnego nawil\u017cenia oraz zmniejsz\u0119 uczucie sw\u0119dzenia.<\/p>\n<p>&nbsp;<\/p>\n<h3><strong>PYTASZ KOTKU, CO MAM W \u015aRODKU?<\/strong><\/h3>\n<p>Mam dla Ciebie multum warto\u015bciowych sk\u0142adnik\u00f3w, kt\u00f3re skutecznie zadbaj\u0105 o Twoj\u0105 sk\u00f3r\u0119. W\u015br\u00f3d nich prym wiedzie kompleks 5 od\u017cywczych witamin: B3, B5, B6, C i E. Pantenol zapewni Twojej sk\u00f3rze intensywne nawil\u017cenie, natomiast mas\u0142o shea oraz olej s\u0142onecznikowy zapobiegn\u0105 utracie wody. Znajdziesz we mnie r\u00f3wnie\u017c a\u017c 11 nawil\u017caj\u0105cych i regeneruj\u0105cych aminokwas\u00f3w (arginin\u0119, kwas asparaginowy, glicyn\u0119, alanin\u0119, seryn\u0119, walin\u0119, prolin\u0119, treonin\u0119, izoleucyn\u0119, histydyn\u0119 i fenyloalanin\u0119). Mam energetyczny i s\u0142oneczny zapach, przywo\u0142uj\u0105cy na my\u015bl egzotyczne podr\u00f3\u017ce. Sercem kompozycji s\u0105 orze\u017awiaj\u0105ce nuty marakui, przeplataj\u0105ce si\u0119 z soczystymi aromatami ananasa, jab\u0142ka i cytrus\u00f3w.<\/p>\n<p><em><strong>Sk\u0142ad:<\/strong> Aqua, Butyrospermum Parkii Butter, Glycerin, Helianthus Annuus Seed Oil, Cetearyl Alcohol, Polyglyceryl-3 Methylglucose Distearate, Glyceryl Stearate, Isoamyl Laurate, Panthenol, Niacinamide, Calcium Pantothenate, Sodium Ascorbyl Phosphate, Tocopheryl Acetate, Pyridoxine HCl, Sodium PCA, Sodium Lactate, Arginine, Aspartic Acid, PCA, Glycine, Alanine, Serine, Valine, Proline, Threonine, Isoleucine, Histidine, Phenylalanine, Maltodextrin, Sodium Starch Octenylsuccinate, Silica, Sodium Gluconate, Xanthan Gum, Phenoxyethanol, Ethylhexylglycerin, Citric Acid, Parfum, Benzyl Benzoate, Citral, Hexyl Cinnamal, Limonene.<\/em><\/p>\n<p>&nbsp;<\/p>\n<h3><strong>POZNAJ MOJE NUTY ZAPACHOWE:<\/strong><\/h3>\n<ul>\n<li><b>g\u0142owy:<\/b> cytrusy, jab\u0142ko, mi\u0119ta, imbir <\/li>\n<li><b>serca:<\/b> marakuja, ananas, r\u00f3\u017ca<\/li>\n<li><b>podstawy:<\/b> d\u017cem truskawkowy, karmel, wanilia<\/li>\n<\/ul>\n<p>&nbsp;<\/p>\n<h3><strong>SPOS\u00d3B U\u017bYCIA:<\/strong><\/h3>\n<p>Na\u0142\u00f3\u017c na sk\u00f3r\u0119 i wmasuj okr\u0119\u017cnymi ruchami, a\u017c do wch\u0142oni\u0119cia.<\/p>\n<p><img loading=\"lazy\" decoding=\"async\" class=\"alignnone size-full wp-image-11144\" src=\"https:\/\/laq.pl\/wp-content\/uploads\/2024\/03\/weganski100.jpg\" alt=\"\" width=\"100\" height=\"100\" srcset=\"https:\/\/laq.pl\/wp-content\/uploads\/2024\/03\/weganski100.jpg 100w, https:\/\/laq.pl\/wp-content\/uploads\/2024\/03\/weganski100-50x50.jpg 50w\" sizes=\"auto, (max-width: 100px) 100vw, 100px\" \/> <img loading=\"lazy\" decoding=\"async\" class=\"alignnone size-full wp-image-11143\" src=\"https:\/\/laq.pl\/wp-content\/uploads\/2024\/03\/derma-100.jpg\" alt=\"\" width=\"100\" height=\"100\" srcset=\"https:\/\/laq.pl\/wp-content\/uploads\/2024\/03\/derma-100.jpg 100w, https:\/\/laq.pl\/wp-content\/uploads\/2024\/03\/derma-100-50x50.jpg 50w\" sizes=\"auto, (max-width: 100px) 100vw, 100px\" \/> <img loading=\"lazy\" decoding=\"async\" class=\"alignnone size-full wp-image-11139\" src=\"https:\/\/laq.pl\/wp-content\/uploads\/2024\/03\/96_100.jpg\" alt=\"\" width=\"100\" height=\"100\" srcset=\"https:\/\/laq.pl\/wp-content\/uploads\/2024\/03\/96_100.jpg 100w, https:\/\/laq.pl\/wp-content\/uploads\/2024\/03\/96_100-50x50.jpg 50w\" sizes=\"auto, (max-width: 100px) 100vw, 100px\" \/><\/p>\n","protected":false},"excerpt":{"rendered":"<p>Naturalny i wega\u0144ski <strong>balsam do piel\u0119gnacji cia\u0142a.<\/strong> Szybko si\u0119 wch\u0142ania i nie pozostawia na sk\u00f3rze t\u0142ustej warstwy. Zawiera 96% sk\u0142adnik\u00f3w pochodzenia naturalnego.<\/p>\n","protected":false},"featured_media":13102,"template":"","meta":{"_acf_changed":false},"product_brand":[],"product_cat":[416],"product_tag":[],"class_list":{"0":"post-9945","1":"product","2":"type-product","3":"status-publish","4":"has-post-thumbnail","6":"product_cat-bez-kategorii","9":"first","10":"outofstock","11":"taxable","12":"shipping-taxable","13":"purchasable","14":"product-type-simple"},"acf":[],"_links":{"self":[{"href":"https:\/\/laq.pl\/en\/wp-json\/wp\/v2\/product\/9945","targetHints":{"allow":["GET"]}}],"collection":[{"href":"https:\/\/laq.pl\/en\/wp-json\/wp\/v2\/product"}],"about":[{"href":"https:\/\/laq.pl\/en\/wp-json\/wp\/v2\/types\/product"}],"wp:featuredmedia":[{"embeddable":true,"href":"https:\/\/laq.pl\/en\/wp-json\/wp\/v2\/media\/13102"}],"wp:attachment":[{"href":"https:\/\/laq.pl\/en\/wp-json\/wp\/v2\/media?parent=9945"}],"wp:term":[{"taxonomy":"product_brand","embeddable":true,"href":"https:\/\/laq.pl\/en\/wp-json\/wp\/v2\/product_brand?post=9945"},{"taxonomy":"product_cat","embeddable":true,"href":"https:\/\/laq.pl\/en\/wp-json\/wp\/v2\/product_cat?post=9945"},{"taxonomy":"product_tag","embeddable":true,"href":"https:\/\/laq.pl\/en\/wp-json\/wp\/v2\/product_tag?post=9945"}],"curies":[{"name":"wp","href":"https:\/\/api.w.org\/{rel}","templated":true}]}}