{"id":9946,"date":"2024-01-10T22:36:39","date_gmt":"2024-01-10T21:36:39","guid":{"rendered":"https:\/\/laq-stagging.lukaszbaraniak.net\/produkt\/vitamin-bomb-krem-odmladzajacy-dzien-noc-kazdy-rodzaj-cery\/"},"modified":"2025-04-22T21:55:21","modified_gmt":"2025-04-22T19:55:21","slug":"vitamin-bomb-krem-odmladzajacy-dzien-noc-kazdy-rodzaj-cery","status":"publish","type":"product","link":"https:\/\/laq.pl\/en\/product\/vitamin-bomb-krem-odmladzajacy-dzien-noc-kazdy-rodzaj-cery\/","title":{"rendered":"Krem do twarzy VITAMIN BOMB"},"content":{"rendered":"<h2 style=\"text-align: center;\"><strong>Krem odm\u0142adzaj\u0105cy dzie\u0144\/noc ka\u017cdy rodzaj cery VITAMIN BOMB 50 ml<\/strong><\/h2>\n<p>&nbsp;<\/p>\n<h3><strong>KIM JESTEM?<\/strong><\/h3>\n<p>Jestem naturalnym i wega\u0144skim kremem o dzia\u0142aniu odm\u0142adzaj\u0105cym, przeznaczonym do piel\u0119gnacji ka\u017cdego rodzaju cery. Mo\u017cesz stosowa\u0107 mnie zar\u00f3wno na dzie\u0144, jak i na noc. Dzi\u0119ki lekkiej konsystencji szybko si\u0119 wch\u0142aniam i nie pozostawiam uczucia t\u0142usto\u015bci. Zawieram 98% sk\u0142adnik\u00f3w pochodzenia naturalnego.<\/p>\n<p>&nbsp;<\/p>\n<h3><strong>CO MOG\u0118 DLA CIEBIE ZROBI\u0106?<\/strong><\/h3>\n<p>Zapewni\u0119 Ci uczucie przyjemnie od\u017cywionej i nawil\u017conej sk\u00f3ry d\u0142oni, r\u00f3wnie\u017c je\u015bli jest sucha i odwodniona. Widocznie j\u0105 zrewitalizuj\u0119 i pozostawi\u0119 g\u0142adk\u0105 i mi\u0119kk\u0105 w dotyku. A na dodatek wzmocni\u0119 Twoje paznokcie!<\/p>\n<p>&nbsp;<\/p>\n<h3><strong>PYTASZ KOTKU, CO MAM W \u015aRODKU?<\/strong><\/h3>\n<p>Zawieram w sobie kompleks 5 od\u017cywczych witamin: B3, B5, B6, C oraz E. Znajdziesz we mnie r\u00f3wnie\u017c a\u017c 11 nawil\u017caj\u0105cych i regeneruj\u0105cych aminokwas\u00f3w (arginin\u0119, kwas asparaginowy, glicyn\u0119, alanin\u0119, seryn\u0119, walin\u0119, prolin\u0119, treonin\u0119, izoleucyn\u0119, histydyn\u0119 i fenyloalanin\u0119). Pr\u00f3cz tego oferuj\u0119 Ci nieoceniony pantenol, kt\u00f3ry genialnie nawil\u017ca sk\u00f3r\u0119.<\/p>\n<p><em><strong>Sk\u0142ad:<\/strong> Aqua, Helianthus Annuus Seed Oil, Isopropyl Myristate, Glycerin, Polyglyceryl-6 Stearate, Glyceryl Stearate, Cetearyl Alcohol, Sodium PCA, Sodium Lactate, Arginine, Aspartic Acid, PCA, Glycine, Alanine, Serine, Valine, Proline,Threonine, Isoleucine, Histidine, Phenylalanine, Sodium Hyaluronate, Hyaluronic Acid, Niacinamide, Calcium Pantothenate, Sodium Ascorbyl Phosphate, Tocopheryl Acetate, Pyridoxine HCl, Maltodextrin, Sodium Starch Octenylsuccinate, Silica, Daucus Carota Sativa Root Extract, Daucus Carota Sativa Seed Oil, Beta-Carotene,Tocopherol, Phenoxyethanol, Ethylhexylglycerin, Polyglyceryl-6 Behenate, Xanthan Gum, Sodium Gluconate, Citric Acid, Benzyl Alcohol, Dehydroacetic Acid, Parfum, Benzyl Benzoate, Citral, Hexyl Cinnamal, Limonene.<\/em><\/p>\n<p>&nbsp;<\/p>\n<h3><strong>POZNAJ MOJE NUTY ZAPACHOWE:<\/strong><\/h3>\n<ul>\n<li><b>g\u0142owy:<\/b> cytrusy, jab\u0142ko, mi\u0119ta, imbir <\/li>\n<li><b>serca:<\/b> marakuja, ananas, r\u00f3\u017ca<\/li>\n<li><b>podstawy:<\/b> d\u017cem truskawkowy, karmel, wanilia<\/li>\n<\/ul>\n<p>&nbsp;<\/p>\n<h3><strong>SPOS\u00d3B U\u017bYCIA:<\/strong><\/h3>\n<p>Na\u0142\u00f3\u017c na sk\u00f3r\u0119 i wmasuj okr\u0119\u017cnymi ruchami, a\u017c do wch\u0142oni\u0119cia.<\/p>\n<p>&nbsp;<\/p>\n<p><img loading=\"lazy\" decoding=\"async\" class=\"alignnone size-full wp-image-11144\" src=\"https:\/\/laq.pl\/wp-content\/uploads\/2024\/03\/weganski100.jpg\" alt=\"\" width=\"100\" height=\"100\" srcset=\"https:\/\/laq.pl\/wp-content\/uploads\/2024\/03\/weganski100.jpg 100w, https:\/\/laq.pl\/wp-content\/uploads\/2024\/03\/weganski100-50x50.jpg 50w\" sizes=\"auto, (max-width: 100px) 100vw, 100px\" \/> <img loading=\"lazy\" decoding=\"async\" class=\"alignnone size-full wp-image-11143\" src=\"https:\/\/laq.pl\/wp-content\/uploads\/2024\/03\/derma-100.jpg\" alt=\"\" width=\"100\" height=\"100\" srcset=\"https:\/\/laq.pl\/wp-content\/uploads\/2024\/03\/derma-100.jpg 100w, https:\/\/laq.pl\/wp-content\/uploads\/2024\/03\/derma-100-50x50.jpg 50w\" sizes=\"auto, (max-width: 100px) 100vw, 100px\" \/> <img loading=\"lazy\" decoding=\"async\" class=\"alignnone size-full wp-image-11140\" src=\"https:\/\/laq.pl\/wp-content\/uploads\/2024\/03\/98_100.jpg\" alt=\"\" width=\"100\" height=\"100\" \/><\/p>\n","protected":false},"excerpt":{"rendered":"<p>Naturalny i wega\u0144ski <strong>krem o dzia\u0142aniu odm\u0142adzaj\u0105cym, przeznaczony do piel\u0119gnacji ka\u017cdego rodzaju cery<\/strong>. Mo\u017cesz stosowa\u0107 go zar\u00f3wno na dzie\u0144, jak i na noc.<\/p>\n","protected":false},"featured_media":13103,"template":"","meta":{"_acf_changed":false},"product_brand":[],"product_cat":[416],"product_tag":[],"class_list":{"0":"post-9946","1":"product","2":"type-product","3":"status-publish","4":"has-post-thumbnail","6":"product_cat-bez-kategorii","9":"first","10":"outofstock","11":"taxable","12":"shipping-taxable","13":"purchasable","14":"product-type-simple"},"acf":[],"_links":{"self":[{"href":"https:\/\/laq.pl\/en\/wp-json\/wp\/v2\/product\/9946","targetHints":{"allow":["GET"]}}],"collection":[{"href":"https:\/\/laq.pl\/en\/wp-json\/wp\/v2\/product"}],"about":[{"href":"https:\/\/laq.pl\/en\/wp-json\/wp\/v2\/types\/product"}],"wp:featuredmedia":[{"embeddable":true,"href":"https:\/\/laq.pl\/en\/wp-json\/wp\/v2\/media\/13103"}],"wp:attachment":[{"href":"https:\/\/laq.pl\/en\/wp-json\/wp\/v2\/media?parent=9946"}],"wp:term":[{"taxonomy":"product_brand","embeddable":true,"href":"https:\/\/laq.pl\/en\/wp-json\/wp\/v2\/product_brand?post=9946"},{"taxonomy":"product_cat","embeddable":true,"href":"https:\/\/laq.pl\/en\/wp-json\/wp\/v2\/product_cat?post=9946"},{"taxonomy":"product_tag","embeddable":true,"href":"https:\/\/laq.pl\/en\/wp-json\/wp\/v2\/product_tag?post=9946"}],"curies":[{"name":"wp","href":"https:\/\/api.w.org\/{rel}","templated":true}]}}