{"id":9948,"date":"2024-01-10T22:36:41","date_gmt":"2024-01-10T21:36:41","guid":{"rendered":"https:\/\/laq-stagging.lukaszbaraniak.net\/produkt\/vitamin-bomb-szampon-wzmacniajacy-przeciw-wypadaniu-wlosow\/"},"modified":"2025-04-22T21:55:21","modified_gmt":"2025-04-22T19:55:21","slug":"vitamin-bomb-szampon-wzmacniajacy-przeciw-wypadaniu-wlosow","status":"publish","type":"product","link":"https:\/\/laq.pl\/en\/product\/vitamin-bomb-szampon-wzmacniajacy-przeciw-wypadaniu-wlosow\/","title":{"rendered":"Szampon wzmacniaj\u0105cy VITAMIN BOMB"},"content":{"rendered":"<h2 style=\"text-align: center;\"><strong>Szampon wzmacniaj\u0105cy przeciw wypadaniu w\u0142os\u00f3w VITAMIN BOMB 300 ml<\/strong><\/h2>\n<p>&nbsp;<\/p>\n<h3><strong>KIM JESTEM?<\/strong><\/h3>\n<p>Jestem naturalnym i wega\u0144skim szamponem do w\u0142os\u00f3w o dzia\u0142aniu wzmacniaj\u0105cym i ograniczaj\u0105cym ich wypadanie. Zawieram 97% sk\u0142adnik\u00f3w pochodzenia naturalnego.<\/p>\n<p>&nbsp;<\/p>\n<h3><strong>CO MOG\u0118 DLA CIEBIE ZROBI\u0106?<\/strong><\/h3>\n<p>Delikatnie oczyszcz\u0119 Twoje w\u0142osy, a przy tym odczuwalnie je wzmocni\u0119 i od\u017cywi\u0119. Zauwa\u017calnie zredukuj\u0119 ich wypadanie, a tak\u017ce skutecznie pobudz\u0119 je do wzrostu. Do tego ukoj\u0119 wra\u017cliw\u0105 sk\u00f3r\u0119 Twojej g\u0142owy.<\/p>\n<p>&nbsp;<\/p>\n<h3><strong>PYTASZ KOTKU, CO MAM W \u015aRODKU?<\/strong><\/h3>\n<p>Jestem bogaty w nawil\u017caj\u0105ce, od\u017cywcze i regeneruj\u0105ce sk\u0142adniki. Znajdziesz we mnie nieoceniony kompleks 5 witamin (B3, B5, B6, C oraz E) oraz a\u017c 11 cennych aminokwas\u00f3w (arginina, kwas asparaginowy, glicyna, alanina, seryna, walina, prolina, treonina, izoleucyna, histydyna i fenyloalanina). Do tego mam dla Ciebie postbiotyk, kt\u00f3ry ukoi wra\u017cliw\u0105 sk\u00f3r\u0119 Twojej g\u0142owy.<\/p>\n<p><em><strong>Sk\u0142ad:<\/strong> Aqua, Sodium Coco-Sulfate, Coco-Glucoside, Glycerin, Cocamidopropyl Betaine, Sodium Cocoyl Isethionate, Niacinamide, Calcium Pantothenate, Sodium Ascorbyl Phosphate, Tocopheryl Acetate, Pyridoxine HCl, Sodium PCA, Sodium Lactate, Arginine, Aspartic Acid, PCA, Glycine, Alanine, Serine, Valine, Proline, Threonine, Isoleucine, Histidine, Phenylalanine, Bacillus Ferment Filtrate Extract, Maltodextrin, Sodium Starch Octenylsuccinate, Silica, Glyceryl Oleate, Sodium Chloride, Sodium Gluconate, Citric Acid, Sodium Benzoate, Potassium Sorbate, Parfum, Hexyl Cinnamal, Limonene.<\/em><\/p>\n<p>&nbsp;<\/p>\n<h3><strong>POZNAJ MOJE NUTY ZAPACHOWE:<\/strong><\/h3>\n<ul>\n<li><b>g\u0142owy:<\/b> cytrusy, jab\u0142ko, mi\u0119ta, imbir <\/li>\n<li><b>serca:<\/b> marakuja, ananas, r\u00f3\u017ca<\/li>\n<li><b>podstawy:<\/b> d\u017cem truskawkowy, karmel, wanilia<\/li>\n<\/ul>\n<p>&nbsp;<\/p>\n<h3><strong>SPOS\u00d3B U\u017bYCIA:<\/strong><\/h3>\n<p>Niewielk\u0105 ilo\u015b\u0107 produktu nanie\u015b\u0107 na zwil\u017con\u0105 sk\u00f3r\u0119, masowa\u0107 kolistymi ruchami do momentu uzyskania piany, a nast\u0119pnie dok\u0142adnie sp\u0142uka\u0107 wod\u0105.<\/p>\n<p>&nbsp;<\/p>\n<p><img loading=\"lazy\" decoding=\"async\" class=\"alignnone size-full wp-image-11144\" src=\"https:\/\/laq.pl\/wp-content\/uploads\/2024\/03\/weganski100.jpg\" alt=\"\" width=\"100\" height=\"100\" srcset=\"https:\/\/laq.pl\/wp-content\/uploads\/2024\/03\/weganski100.jpg 100w, https:\/\/laq.pl\/wp-content\/uploads\/2024\/03\/weganski100-50x50.jpg 50w\" sizes=\"auto, (max-width: 100px) 100vw, 100px\" \/> <img loading=\"lazy\" decoding=\"async\" class=\"alignnone size-full wp-image-11143\" src=\"https:\/\/laq.pl\/wp-content\/uploads\/2024\/03\/derma-100.jpg\" alt=\"\" width=\"100\" height=\"100\" srcset=\"https:\/\/laq.pl\/wp-content\/uploads\/2024\/03\/derma-100.jpg 100w, https:\/\/laq.pl\/wp-content\/uploads\/2024\/03\/derma-100-50x50.jpg 50w\" sizes=\"auto, (max-width: 100px) 100vw, 100px\" \/><img loading=\"lazy\" decoding=\"async\" class=\"alignnone size-full wp-image-11140\" src=\"https:\/\/laq.pl\/wp-content\/uploads\/2024\/03\/97_100.jpg\" alt=\"\" width=\"100\" height=\"100\" srcset=\"https:\/\/laq.pl\/wp-content\/uploads\/2024\/03\/97_100.jpg 100w, https:\/\/laq.pl\/wp-content\/uploads\/2024\/03\/97_100-50x50.jpg 50w\" sizes=\"auto, (max-width: 100px) 100vw, 100px\" \/><\/p>\n","protected":false},"excerpt":{"rendered":"<p>Naturalny i wega\u0144ski <strong>szamponem do w\u0142os\u00f3w o dzia\u0142aniu wzmacniaj\u0105cym i ograniczaj\u0105cym ich wypadanie.<\/strong> Zawiera 97% sk\u0142adnik\u00f3w pochodzenia naturalnego.<\/p>\n","protected":false},"featured_media":13106,"template":"","meta":{"_acf_changed":false},"product_brand":[],"product_cat":[416],"product_tag":[],"class_list":{"0":"post-9948","1":"product","2":"type-product","3":"status-publish","4":"has-post-thumbnail","6":"product_cat-bez-kategorii","9":"first","10":"outofstock","11":"taxable","12":"shipping-taxable","13":"purchasable","14":"product-type-simple"},"acf":[],"_links":{"self":[{"href":"https:\/\/laq.pl\/en\/wp-json\/wp\/v2\/product\/9948","targetHints":{"allow":["GET"]}}],"collection":[{"href":"https:\/\/laq.pl\/en\/wp-json\/wp\/v2\/product"}],"about":[{"href":"https:\/\/laq.pl\/en\/wp-json\/wp\/v2\/types\/product"}],"wp:featuredmedia":[{"embeddable":true,"href":"https:\/\/laq.pl\/en\/wp-json\/wp\/v2\/media\/13106"}],"wp:attachment":[{"href":"https:\/\/laq.pl\/en\/wp-json\/wp\/v2\/media?parent=9948"}],"wp:term":[{"taxonomy":"product_brand","embeddable":true,"href":"https:\/\/laq.pl\/en\/wp-json\/wp\/v2\/product_brand?post=9948"},{"taxonomy":"product_cat","embeddable":true,"href":"https:\/\/laq.pl\/en\/wp-json\/wp\/v2\/product_cat?post=9948"},{"taxonomy":"product_tag","embeddable":true,"href":"https:\/\/laq.pl\/en\/wp-json\/wp\/v2\/product_tag?post=9948"}],"curies":[{"name":"wp","href":"https:\/\/api.w.org\/{rel}","templated":true}]}}