{"id":9949,"date":"2024-01-10T22:36:43","date_gmt":"2024-01-10T21:36:43","guid":{"rendered":"https:\/\/laq-stagging.lukaszbaraniak.net\/produkt\/vitamin-bomb-odzywka-regenerujaca-do-wlosow\/"},"modified":"2025-04-22T21:55:21","modified_gmt":"2025-04-22T19:55:21","slug":"vitamin-bomb-odzywka-regenerujaca-do-wlosow","status":"publish","type":"product","link":"https:\/\/laq.pl\/en\/product\/vitamin-bomb-odzywka-regenerujaca-do-wlosow\/","title":{"rendered":"Od\u017cywka do w\u0142os\u00f3w VITAMIN BOMB"},"content":{"rendered":"<h2 style=\"text-align: center;\"><strong>Od\u017cywka regeneruj\u0105ca do w\u0142os\u00f3w VITAMIN BOMB 200 ml<\/strong><\/h2>\n<p>&nbsp;<\/p>\n<h3><strong>KIM JESTEM?<\/strong><\/h3>\n<p>Jestem naturaln\u0105 i wega\u0144sk\u0105 od\u017cywk\u0105 do w\u0142os\u00f3w PEH (proteinowo-emolientowo-humektantow\u0105), o dzia\u0142aniu regeneruj\u0105cym. Zawieram 97% sk\u0142adnik\u00f3w pochodzenia naturalnego.<\/p>\n<p>&nbsp;<\/p>\n<h3><strong>CO MOG\u0118 DLA CIEBIE ZROBI\u0106?<\/strong><\/h3>\n<p>Zregeneruj\u0119 i od\u017cywi\u0119 Twoje w\u0142osy, szczeg\u00f3lnie je\u015bli s\u0105 suche i \u0142amliwe. Zmniejsz\u0119 ich krucho\u015b\u0107 i \u0142amliwo\u015b\u0107, a tak\u017ce odczuwalnie je nawil\u017c\u0119, nie obci\u0105\u017caj\u0105c ich. Nadam Twojej fryzurze wyj\u0105tkow\u0105 elastyczno\u015b\u0107 i spr\u0119\u017cysto\u015b\u0107.<\/p>\n<p>&nbsp;<\/p>\n<h3><strong>PYTASZ KOTKU, CO MAM W \u015aRODKU?<\/strong><\/h3>\n<p>Jestem od\u017cywk\u0105 PEH, czyli zawieram w sobie i proteiny, i emolienty, i humektanty. Humektanty zapewni\u0105 przyjemny efekt nawil\u017cenia &#8211; tu mam dla Ciebie gliceryn\u0119, mleczan sodu i niacynamid. Zadaniem emolient\u00f3w jest intensywne od\u017cywianie w\u0142os\u00f3w &#8211; to zrobi dla Ciebie np. olej ze s\u0142odkich migda\u0142\u00f3w, mas\u0142o shea i olej rycynowy. Z kolei a\u017c 11 cennych aminokwas\u00f3w (arginina, kwas asparaginowy, glicyna, alanina, seryna, walina, prolina, treonina, izoleucyna, histydyna, fenyloalanina) zapewni Twoim w\u0142osom od\u017cywienie i regeneracj\u0119. Nie zapominajmy te\u017c o kompleksie 5 witamin (B3, B5, B6, C oraz E)!\u00a0.<\/p>\n<p><em><strong>Sk\u0142ad:<\/strong> Aqua, Cetearyl Alcohol, Butyrospermum Parkii Butter, Prunus Amygdalus Dulcis Oil, Behentrimonium Chloride, Glycerin, Niacinamide, Calcium Pantothenate, Sodium Ascorbyl Phosphate,Tocopheryl Acetate, Pyridoxine HCl, Sodium PCA, Sodium Lactate, Arginine, Aspartic Acid, PCA, Glycine, Alanine, Serine, Valine, Proline, Threonine, Isoleucine, Histidine, Phenylalanine, Ricinus Communis Seed Oil, Cetrimonium Chloride, Maltodextrin, Sodium Starch Octenylsuccinate, Silica, Isopropyl Alcohol, Guar Hydroxypropyltrimonium Chloride, Citric Acid, Xanthan Gum, Sodium Gluconate, Potassium Sorbate, Sodium Benzoate, Parfum, Hexyl Cinnamal, Limonene.\u00a0<\/em><\/p>\n<p>&nbsp;<\/p>\n<h3><strong>POZNAJ MOJE NUTY ZAPACHOWE:<\/strong><\/h3>\n<ul>\n<li><b>g\u0142owy:<\/b> cytrusy, jab\u0142ko, mi\u0119ta, imbir <\/li>\n<li><b>serca:<\/b> marakuja, ananas, r\u00f3\u017ca<\/li>\n<li><b>podstawy:<\/b> d\u017cem truskawkowy, karmel, wanilia<\/li>\n<\/ul>\n<p>&nbsp;<\/p>\n<h3><strong>SPOS\u00d3B U\u017bYCIA:<\/strong><\/h3>\n<p>Wmasuj od\u017cywk\u0119 w umyte i wilgotne w\u0142osy, pozostaw na 3-5 minut, a nast\u0119pnie sp\u0142ucz ch\u0142odn\u0105 wod\u0105. Zabieg powtarzaj co 3-5 dni.<\/p>\n<p>&nbsp;<\/p>\n<p><img loading=\"lazy\" decoding=\"async\" class=\"alignnone size-full wp-image-11144\" src=\"https:\/\/laq.pl\/wp-content\/uploads\/2024\/03\/weganski100.jpg\" alt=\"\" width=\"100\" height=\"100\" srcset=\"https:\/\/laq.pl\/wp-content\/uploads\/2024\/03\/weganski100.jpg 100w, https:\/\/laq.pl\/wp-content\/uploads\/2024\/03\/weganski100-50x50.jpg 50w\" sizes=\"auto, (max-width: 100px) 100vw, 100px\" \/> <img loading=\"lazy\" decoding=\"async\" class=\"alignnone size-full wp-image-11143\" src=\"https:\/\/laq.pl\/wp-content\/uploads\/2024\/03\/derma-100.jpg\" alt=\"\" width=\"100\" height=\"100\" srcset=\"https:\/\/laq.pl\/wp-content\/uploads\/2024\/03\/derma-100.jpg 100w, https:\/\/laq.pl\/wp-content\/uploads\/2024\/03\/derma-100-50x50.jpg 50w\" sizes=\"auto, (max-width: 100px) 100vw, 100px\" \/><img loading=\"lazy\" decoding=\"async\" class=\"alignnone size-full wp-image-11140\" src=\"https:\/\/laq.pl\/wp-content\/uploads\/2024\/03\/97_100.jpg\" alt=\"\" width=\"100\" height=\"100\" srcset=\"https:\/\/laq.pl\/wp-content\/uploads\/2024\/03\/97_100.jpg 100w, https:\/\/laq.pl\/wp-content\/uploads\/2024\/03\/97_100-50x50.jpg 50w\" sizes=\"auto, (max-width: 100px) 100vw, 100px\" \/><\/p>\n","protected":false},"excerpt":{"rendered":"<p>Naturalna i wega\u0144ska od\u017cywka do w\u0142os\u00f3w PEH (proteinowo-emolientowo-humektantow\u0105), o dzia\u0142aniu regeneruj\u0105cym. Zawiera 97% sk\u0142adnik\u00f3w pochodzenia naturalnego.<\/p>\n","protected":false},"featured_media":13107,"template":"","meta":{"_acf_changed":false},"product_brand":[],"product_cat":[416],"product_tag":[],"class_list":{"0":"post-9949","1":"product","2":"type-product","3":"status-publish","4":"has-post-thumbnail","6":"product_cat-bez-kategorii","9":"first","10":"outofstock","11":"taxable","12":"shipping-taxable","13":"purchasable","14":"product-type-simple"},"acf":[],"_links":{"self":[{"href":"https:\/\/laq.pl\/en\/wp-json\/wp\/v2\/product\/9949","targetHints":{"allow":["GET"]}}],"collection":[{"href":"https:\/\/laq.pl\/en\/wp-json\/wp\/v2\/product"}],"about":[{"href":"https:\/\/laq.pl\/en\/wp-json\/wp\/v2\/types\/product"}],"wp:featuredmedia":[{"embeddable":true,"href":"https:\/\/laq.pl\/en\/wp-json\/wp\/v2\/media\/13107"}],"wp:attachment":[{"href":"https:\/\/laq.pl\/en\/wp-json\/wp\/v2\/media?parent=9949"}],"wp:term":[{"taxonomy":"product_brand","embeddable":true,"href":"https:\/\/laq.pl\/en\/wp-json\/wp\/v2\/product_brand?post=9949"},{"taxonomy":"product_cat","embeddable":true,"href":"https:\/\/laq.pl\/en\/wp-json\/wp\/v2\/product_cat?post=9949"},{"taxonomy":"product_tag","embeddable":true,"href":"https:\/\/laq.pl\/en\/wp-json\/wp\/v2\/product_tag?post=9949"}],"curies":[{"name":"wp","href":"https:\/\/api.w.org\/{rel}","templated":true}]}}