{"id":9950,"date":"2024-01-10T22:36:44","date_gmt":"2024-01-10T21:36:44","guid":{"rendered":"https:\/\/laq-stagging.lukaszbaraniak.net\/produkt\/vitamin-bomb-mgielka-regenerujaca-do-wlosow-i-skory-glowy\/"},"modified":"2024-07-18T01:38:08","modified_gmt":"2024-07-17T23:38:08","slug":"vitamin-bomb-mgielka-regenerujaca-do-wlosow-i-skory-glowy","status":"publish","type":"product","link":"https:\/\/laq.pl\/en\/product\/vitamin-bomb-mgielka-regenerujaca-do-wlosow-i-skory-glowy\/","title":{"rendered":"Mgie\u0142ka do w\u0142os\u00f3w VITAMIN BOMB"},"content":{"rendered":"<h2 style=\"text-align: center\"><strong>Mgie\u0142ka regeneruj\u0105ca do w\u0142os\u00f3w i sk\u00f3ry g\u0142owy VITAMIN BOMB 300 ml<\/strong><\/h2>\n<p>&nbsp;<\/p>\n<h3><strong>KIM JESTEM?<\/strong><\/h3>\n<p>Jestem naturaln\u0105 i wega\u0144sk\u0105 mgie\u0142k\u0105 regeneruj\u0105c\u0105 do w\u0142os\u00f3w i sk\u00f3ry g\u0142owy. Zawieram 97% sk\u0142adnik\u00f3w pochodzenia naturalnego.<\/p>\n<p>&nbsp;<\/p>\n<h3><strong>CO MOG\u0118 DLA CIEBIE ZROBI\u0106?<\/strong><\/h3>\n<p>Zauwa\u017calnie zredukuj\u0119 wypadanie Twoich w\u0142os\u00f3w i pobudz\u0119 je do wzrostu. Nadam im mi\u0119kko\u015b\u0107 i elastyczno\u015b\u0107, a do tego u\u0142atwi\u0119 Ci ich rozczesywanie. Je\u015bli masz w\u0142osy farbowane, pomog\u0119 Ci w ochronie ich koloru.<\/p>\n<p>&nbsp;<\/p>\n<h3><strong>PYTASZ KOTKU, CO MAM W \u015aRODKU?<\/strong><\/h3>\n<p>Mam dla Ciebie od\u017cywczy kompleks 5 witamin (B3, B5, B6, C oraz E) oraz a\u017c 11 cennych aminokwas\u00f3w (arginin\u0119, kwas asparaginowy, glicyn\u0119, alanin\u0119, seryn\u0119, walin\u0119, prolin\u0119, treonin\u0119, izoleucyn\u0119, histydyn\u0119 i fenyloalanin\u0119). Ich zadaniem jest nawil\u017cenie i regeneracja Twoich w\u0142os\u00f3w. Do tego znajdziesz we mnie ekstrakt ze skrzypu, kt\u00f3ry wzmacnia i regeneruje w\u0142osy oraz postbiotyk, kt\u00f3ry ukoi wra\u017cliw\u0105 sk\u00f3r\u0119 Twojej g\u0142owy.\u00a0 Mam energetyczny i s\u0142oneczny zapach, przywo\u0142uj\u0105cy na my\u015bl egzotyczne podr\u00f3\u017ce. Sercem kompozycji s\u0105 orze\u017awiaj\u0105ce nuty marakui, przeplataj\u0105ce si\u0119 z soczystymi aromatami ananasa, jab\u0142ka i cytrus\u00f3w.<\/p>\n<p><em><strong>Sk\u0142ad:<\/strong> Aqua, Equisetum Arvense Leaf Extract, Panthenol, Bacillus Ferment Filtrate Extract, Arctium Lappa Root Extract , Galium Aparine Extract , Eleutherococcus Senticosus Root Extract, Polyglyceryl-3 PCA, Niacinamide , Calcium Pantothenate, Sodium Ascorbyl Phosphate, Tocopheryl Acetate, Pyridoxine H Cl, Sodium PCA , Sodium Lactate , Arginine , Aspartic Acid , PCA , Glycine , Alanine, Serine, Valine, Proline, Threonine , Isoleucine , Histidine , Phenylalanine , Maltodextrin, Sodium Starch Octenylsuccinate, Silica,Glycerin, Sodium Gluconate, Citric Acid, Sodium Benzoate, Potassium Sorbate, Parfum, Hexyl Cinnamal, Limonene.<\/em><\/p>\n<p>&nbsp;<\/p>\n<h3><strong>POZNAJ MOJE NUTY ZAPACHOWE:<\/strong><\/h3>\n<ul>\n<li><b>g\u0142owy:<\/b> cytrusy, jab\u0142ko, mi\u0119ta, imbir <\/li>\n<li><b>serca:<\/b> marakuja, ananas, r\u00f3\u017ca<\/li>\n<li><b>podstawy:<\/b> d\u017cem truskawkowy, karmel, wanilia<\/li>\n<\/ul>\n<p>&nbsp;<\/p>\n<h3><strong>SPOS\u00d3B U\u017bYCIA:<\/strong><\/h3>\n<p>Po umyciu w\u0142os\u00f3w szamponem, spryskaj wilgotne w\u0142osy i sk\u00f3r\u0119 g\u0142owy. Nie sp\u0142ukuj.<\/p>\n<p>&nbsp;<\/p>\n<p><img loading=\"lazy\" decoding=\"async\" class=\"alignnone size-full wp-image-11144\" src=\"https:\/\/laq.pl\/wp-content\/uploads\/2024\/03\/weganski100.jpg\" alt=\"\" width=\"100\" height=\"100\" srcset=\"https:\/\/laq.pl\/wp-content\/uploads\/2024\/03\/weganski100.jpg 100w, https:\/\/laq.pl\/wp-content\/uploads\/2024\/03\/weganski100-50x50.jpg 50w\" sizes=\"auto, (max-width: 100px) 100vw, 100px\" \/> <img loading=\"lazy\" decoding=\"async\" class=\"alignnone size-full wp-image-11143\" src=\"https:\/\/laq.pl\/wp-content\/uploads\/2024\/03\/derma-100.jpg\" alt=\"\" width=\"100\" height=\"100\" srcset=\"https:\/\/laq.pl\/wp-content\/uploads\/2024\/03\/derma-100.jpg 100w, https:\/\/laq.pl\/wp-content\/uploads\/2024\/03\/derma-100-50x50.jpg 50w\" sizes=\"auto, (max-width: 100px) 100vw, 100px\" \/><img loading=\"lazy\" decoding=\"async\" class=\"alignnone size-full wp-image-11140\" src=\"https:\/\/laq.pl\/wp-content\/uploads\/2024\/03\/97_100.jpg\" alt=\"\" width=\"100\" height=\"100\" srcset=\"https:\/\/laq.pl\/wp-content\/uploads\/2024\/03\/97_100.jpg 100w, https:\/\/laq.pl\/wp-content\/uploads\/2024\/03\/97_100-50x50.jpg 50w\" sizes=\"auto, (max-width: 100px) 100vw, 100px\" \/><\/p>\n","protected":false},"excerpt":{"rendered":"<p>Naturalna i wega\u0144ska mgie\u0142ka regeneruj\u0105ca do w\u0142os\u00f3w i sk\u00f3ry g\u0142owy. Zawiera 97% sk\u0142adnik\u00f3w pochodzenia naturalnego.<\/p>\n","protected":false},"featured_media":13108,"template":"","meta":{"_acf_changed":false},"product_brand":[],"product_cat":[416],"product_tag":[],"class_list":{"0":"post-9950","1":"product","2":"type-product","3":"status-publish","4":"has-post-thumbnail","6":"product_cat-bez-kategorii","9":"first","10":"outofstock","11":"taxable","12":"shipping-taxable","13":"purchasable","14":"product-type-simple"},"acf":[],"_links":{"self":[{"href":"https:\/\/laq.pl\/en\/wp-json\/wp\/v2\/product\/9950","targetHints":{"allow":["GET"]}}],"collection":[{"href":"https:\/\/laq.pl\/en\/wp-json\/wp\/v2\/product"}],"about":[{"href":"https:\/\/laq.pl\/en\/wp-json\/wp\/v2\/types\/product"}],"wp:featuredmedia":[{"embeddable":true,"href":"https:\/\/laq.pl\/en\/wp-json\/wp\/v2\/media\/13108"}],"wp:attachment":[{"href":"https:\/\/laq.pl\/en\/wp-json\/wp\/v2\/media?parent=9950"}],"wp:term":[{"taxonomy":"product_brand","embeddable":true,"href":"https:\/\/laq.pl\/en\/wp-json\/wp\/v2\/product_brand?post=9950"},{"taxonomy":"product_cat","embeddable":true,"href":"https:\/\/laq.pl\/en\/wp-json\/wp\/v2\/product_cat?post=9950"},{"taxonomy":"product_tag","embeddable":true,"href":"https:\/\/laq.pl\/en\/wp-json\/wp\/v2\/product_tag?post=9950"}],"curies":[{"name":"wp","href":"https:\/\/api.w.org\/{rel}","templated":true}]}}