{"id":9951,"date":"2024-01-10T22:36:46","date_gmt":"2024-01-10T21:36:46","guid":{"rendered":"https:\/\/laq-stagging.lukaszbaraniak.net\/produkt\/vitamin-bomb-szampon-w-kostce\/"},"modified":"2024-07-18T01:38:10","modified_gmt":"2024-07-17T23:38:10","slug":"vitamin-bomb-szampon-w-kostce","status":"publish","type":"product","link":"https:\/\/laq.pl\/en\/product\/vitamin-bomb-szampon-w-kostce\/","title":{"rendered":"Szampon w kostce VITAMIN BOMB"},"content":{"rendered":"<h2 style=\"text-align: center\"><strong>Szampon w kostce VITAMIN BOMB 70 g<\/strong><\/h2>\n<p>&nbsp;<\/p>\n<h3><strong>KIM JESTEM?<\/strong><\/h3>\n<p>Jestem naturalnym i wega\u0144skim szamponem przeznaczonym do r\u00f3\u017cnego typu w\u0142os\u00f3w. Mam posta\u0107 wygodnej w u\u017cytkowaniu kostki, dzi\u0119ki czemu pomagam w ograniczaniu zu\u017cycia wody.<\/p>\n<p>&nbsp;<\/p>\n<h3><strong>CO MOG\u0118 DLA CIEBIE ZROBI\u0106?<\/strong><\/h3>\n<p>Skutecznie usun\u0119 z Twoich w\u0142os\u00f3w zanieczyszczenia i pozosta\u0142o\u015bci produkt\u00f3w do stylizacji, a przy tym delikatnie oczyszcz\u0119 sk\u00f3r\u0119 Twojej g\u0142owy.<\/p>\n<p>&nbsp;<\/p>\n<h3><strong>PYTASZ KOTKU, CO MAM W \u015aRODKU?<\/strong><\/h3>\n<p>Znajdziesz we mnie\u00a0 kompleks 5 witamin (B3, B5, B6, C oraz E). Mam dla Ciebie r\u00f3wnie\u017c a\u017c 11 cennych aminokwas\u00f3w: arginin\u0119, kwas asparaginowy, glicyn\u0119, alanin\u0119, seryn\u0119, walin\u0119, prolin\u0119, treonin\u0119, izoleucyn\u0119, histydyn\u0119 i fenyloalanin\u0119.<\/p>\n<p><em><strong>Sk\u0142ad:<\/strong> Sodium Cocoyl Isethionate, Glyceryl Stearate, Sodium Coco-Sulfate, Propylene Glycol, Aqua, Glycerin, Niacinamide, Calcium Pantothenate, Sodium Ascorbyl Phosphate, Tocopheryl Acetate, Pyridoxine HCl, Maltodextrin, Sodium Starch Octenylsuccinate, Silica, Sodium PCA, Sodium Lactate, Arginine, Asparc Acid, PCA, Glycine, Alanine, Serine, Valine, Proline, Threonine, Isoleucine, Hisdine, Phenylalanine, Cetearyl Alcohol, Sodium Gluconate, Citric Acid, Sodium Benzoate, Potassium Sorbate, Parfum, Hexyl Cinnamal, Limonene.<\/em><\/p>\n<p>&nbsp;<\/p>\n<h3><strong>POZNAJ MOJE NUTY ZAPACHOWE:<\/strong><\/h3>\n<ul>\n<li><b>g\u0142owy:<\/b> cytrusy, jab\u0142ko, mi\u0119ta, imbir <\/li>\n<li><b>serca:<\/b> marakuja, ananas, r\u00f3\u017ca<\/li>\n<li><b>podstawy:<\/b> d\u017cem truskawkowy, karmel, wanilia<\/li>\n<\/ul>\n<p>&nbsp;<\/p>\n<h3><strong>SPOS\u00d3B U\u017bYCIA:<\/strong><\/h3>\n<p>Op\u0142ucz kostk\u0119 szamponu wod\u0105, a nast\u0119pnie spie\u0144 j\u0105 w d\u0142oniach. Powsta\u0142\u0105 pian\u0119 na\u0142\u00f3\u017c na zwil\u017con\u0105 sk\u00f3r\u0119 g\u0142owy i w\u0142osy. Wykonaj masa\u017c g\u0142owy i sp\u0142ucz szampon letni\u0105 wod\u0105. Po u\u017cyciu pozostaw kostk\u0119 do wyschni\u0119cia.<\/p>\n<p>&nbsp;<\/p>\n<p>&nbsp;<\/p>\n<p><img loading=\"lazy\" decoding=\"async\" class=\"alignnone size-full wp-image-11144\" src=\"https:\/\/laq.pl\/wp-content\/uploads\/2024\/03\/weganski100.jpg\" alt=\"\" width=\"100\" height=\"100\" srcset=\"https:\/\/laq.pl\/wp-content\/uploads\/2024\/03\/weganski100.jpg 100w, https:\/\/laq.pl\/wp-content\/uploads\/2024\/03\/weganski100-50x50.jpg 50w\" sizes=\"auto, (max-width: 100px) 100vw, 100px\" \/> <img loading=\"lazy\" decoding=\"async\" class=\"alignnone size-full wp-image-11143\" src=\"https:\/\/laq.pl\/wp-content\/uploads\/2024\/03\/derma-100.jpg\" alt=\"\" width=\"100\" height=\"100\" srcset=\"https:\/\/laq.pl\/wp-content\/uploads\/2024\/03\/derma-100.jpg 100w, https:\/\/laq.pl\/wp-content\/uploads\/2024\/03\/derma-100-50x50.jpg 50w\" sizes=\"auto, (max-width: 100px) 100vw, 100px\" \/><\/p>\n","protected":false},"excerpt":{"rendered":"<p>Naturalny i wega\u0144ski szampon przeznaczony do r\u00f3\u017cnego typu w\u0142os\u00f3w. Ma posta\u0107 wygodnej w u\u017cytkowaniu kostki, dzi\u0119ki czemu pomaga w ograniczaniu zu\u017cycia wody.<\/p>\n","protected":false},"featured_media":13109,"template":"","meta":{"_acf_changed":false},"product_brand":[],"product_cat":[416],"product_tag":[],"class_list":{"0":"post-9951","1":"product","2":"type-product","3":"status-publish","4":"has-post-thumbnail","6":"product_cat-bez-kategorii","9":"first","10":"outofstock","11":"taxable","12":"shipping-taxable","13":"purchasable","14":"product-type-simple"},"acf":[],"_links":{"self":[{"href":"https:\/\/laq.pl\/en\/wp-json\/wp\/v2\/product\/9951","targetHints":{"allow":["GET"]}}],"collection":[{"href":"https:\/\/laq.pl\/en\/wp-json\/wp\/v2\/product"}],"about":[{"href":"https:\/\/laq.pl\/en\/wp-json\/wp\/v2\/types\/product"}],"wp:featuredmedia":[{"embeddable":true,"href":"https:\/\/laq.pl\/en\/wp-json\/wp\/v2\/media\/13109"}],"wp:attachment":[{"href":"https:\/\/laq.pl\/en\/wp-json\/wp\/v2\/media?parent=9951"}],"wp:term":[{"taxonomy":"product_brand","embeddable":true,"href":"https:\/\/laq.pl\/en\/wp-json\/wp\/v2\/product_brand?post=9951"},{"taxonomy":"product_cat","embeddable":true,"href":"https:\/\/laq.pl\/en\/wp-json\/wp\/v2\/product_cat?post=9951"},{"taxonomy":"product_tag","embeddable":true,"href":"https:\/\/laq.pl\/en\/wp-json\/wp\/v2\/product_tag?post=9951"}],"curies":[{"name":"wp","href":"https:\/\/api.w.org\/{rel}","templated":true}]}}